{"id":5997,"date":"2023-01-24T13:08:40","date_gmt":"2023-01-24T12:08:40","guid":{"rendered":"https:\/\/agora.xtec.cat\/ceipacastells\/?page_id=5997"},"modified":"2023-09-14T17:42:35","modified_gmt":"2023-09-14T15:42:35","slug":"tock-app","status":"publish","type":"page","link":"https:\/\/agora.xtec.cat\/ceipacastells\/serveis\/serveis-digitals\/tock-app\/","title":{"rendered":"Tok app"},"content":{"rendered":"<header class=\"entry-header\">\n<h1 class=\"entry-title\">Informaci\u00f3 Tokapp<\/h1>\n<\/header>\n<div class=\"entry-content\">\n<p>FAM\u00cdLIES,<\/p>\n<p>RECORDEU QUE \u00c9S IMPRESCINDIBLE DESCARREGAR L\u2019APLICACI\u00d3 M\u00d2BIL\u00a0<strong>TOKAPP<\/strong>\u00a0PER REBRE LES INFORMACIONS QUE US ENVIEM DES DE L\u2019ESCOLA.<\/p>\n<p>Si encara no la teniu, us l\u2019heu de descarregar al\u00a0<a href=\"https:\/\/play.google.com\/store\/apps\/details?id=com.MultiExpo.tokappschool\">PLAY STORE<\/a>\u00a0(Android) o\u00a0<a href=\"https:\/\/apps.apple.com\/es\/app\/tokapp-school\/id731900359\">APP STORE<\/a>\u00a0(IOS).<\/p>\n<p>QUAN LA TINGUEU DESCARREGADA, SEGUIU AQUESTS PASSOS:<\/p>\n<p><a href=\"https:\/\/agora.xtec.cat\/ceipacastells\/wp-content\/uploads\/usu1708\/2021\/02\/VALIDA.jpg\"><img loading=\"lazy\" decoding=\"async\" class=\"alignnone wp-image-3818\" src=\"https:\/\/agora.xtec.cat\/ceipacastells\/wp-content\/uploads\/usu1708\/2021\/02\/VALIDA.jpg\" sizes=\"auto, (max-width: 989px) 100vw, 989px\" srcset=\"https:\/\/agora.xtec.cat\/ceipacastells\/wp-content\/uploads\/usu1708\/2021\/02\/VALIDA.jpg 744w, https:\/\/agora.xtec.cat\/ceipacastells\/wp-content\/uploads\/usu1708\/2021\/02\/VALIDA-300x181.jpg 300w\" alt=\"\" width=\"989\" height=\"597\" \/><\/a><\/p>\n<p><a href=\"https:\/\/agora.xtec.cat\/ceipacastells\/wp-content\/uploads\/usu1708\/2021\/02\/USUARI.jpg\"><img loading=\"lazy\" decoding=\"async\" class=\"alignnone wp-image-3817\" src=\"https:\/\/agora.xtec.cat\/ceipacastells\/wp-content\/uploads\/usu1708\/2021\/02\/USUARI.jpg\" sizes=\"auto, (max-width: 810px) 100vw, 810px\" srcset=\"https:\/\/agora.xtec.cat\/ceipacastells\/wp-content\/uploads\/usu1708\/2021\/02\/USUARI.jpg 763w, https:\/\/agora.xtec.cat\/ceipacastells\/wp-content\/uploads\/usu1708\/2021\/02\/USUARI-300x280.jpg 300w\" alt=\"\" width=\"810\" height=\"756\" \/><\/a><\/p>\n<p>&nbsp;<\/p>\n<p>&nbsp;<\/p>\n<h3>** SI TENIU PROBLEMES DE NOTIFICACIONS DE TOKAPP (no se sent, no arriben b\u00e9, etc) SEGURAMENT \u00c9S PROBLEMA DE CONFIGURACI\u00d3 DEL M\u00d2BIL. EN\u00a0<a href=\"https:\/\/tokapp.com\/blog\/categoria\/ayuda\/para-usuarios-padres-alumnos-alumnas\/problemas-con-las-notificaciones\/\" target=\"_blank\" rel=\"noopener noreferrer\">AQUEST ENLLA\u00c7<\/a>, SELECCIONEU LA MARCA DE M\u00d2BIL I SEGUIU LES INSTRUCCIONS PER ASSEGURAR QUE REBEU CORRECTAMENT LES NOTIFICACIONS**<\/h3>\n<h2><strong>Si tot i aix\u00ed teniu problemes amb l\u2019aplicaci\u00f3, truqueu al 886.08.09.96 (servei al client gratu\u00eft de Tokapp)<\/strong><\/h2>\n<\/div>\n","protected":false},"excerpt":{"rendered":"<p>Informaci\u00f3 Tokapp FAM\u00cdLIES, RECORDEU QUE \u00c9S IMPRESCINDIBLE DESCARREGAR L\u2019APLICACI\u00d3 M\u00d2BIL\u00a0TOKAPP\u00a0PER REBRE LES INFORMACIONS QUE US ENVIEM DES DE L\u2019ESCOLA. Si encara no la teniu, us l\u2019heu de descarregar al\u00a0PLAY STORE\u00a0(Android) o\u00a0APP STORE\u00a0(IOS). QUAN LA TINGUEU DESCARREGADA, SEGUIU AQUESTS PASSOS: &nbsp; &nbsp; ** SI TENIU PROBLEMES DE NOTIFICACIONS DE TOKAPP (no se sent, no arriben b\u00e9, [&hellip;]<\/p>\n","protected":false},"author":1,"featured_media":0,"parent":71,"menu_order":0,"comment_status":"closed","ping_status":"closed","template":"","meta":{"_bbp_topic_count":0,"_bbp_reply_count":0,"_bbp_total_topic_count":0,"_bbp_total_reply_count":0,"_bbp_voice_count":0,"_bbp_anonymous_reply_count":0,"_bbp_topic_count_hidden":0,"_bbp_reply_count_hidden":0,"_bbp_forum_subforum_count":0,"site-sidebar-layout":"default","site-content-layout":"","ast-site-content-layout":"","site-content-style":"default","site-sidebar-style":"default","ast-global-header-display":"","ast-banner-title-visibility":"","ast-main-header-display":"","ast-hfb-above-header-display":"","ast-hfb-below-header-display":"","ast-hfb-mobile-header-display":"","site-post-title":"","ast-breadcrumbs-content":"","ast-featured-img":"","footer-sml-layout":"","theme-transparent-header-meta":"","adv-header-id-meta":"","stick-header-meta":"","header-above-stick-meta":"","header-main-stick-meta":"","header-below-stick-meta":"","astra-migrate-meta-layouts":"default","ast-page-background-enabled":"default","ast-page-background-meta":{"desktop":{"background-color":"var(--ast-global-color-4)","background-image":"","background-repeat":"repeat","background-position":"center center","background-size":"auto","background-attachment":"scroll","background-type":"","background-media":"","overlay-type":"","overlay-color":"","overlay-opacity":"","overlay-gradient":""},"tablet":{"background-color":"","background-image":"","background-repeat":"repeat","background-position":"center center","background-size":"auto","background-attachment":"scroll","background-type":"","background-media":"","overlay-type":"","overlay-color":"","overlay-opacity":"","overlay-gradient":""},"mobile":{"background-color":"","background-image":"","background-repeat":"repeat","background-position":"center center","background-size":"auto","background-attachment":"scroll","background-type":"","background-media":"","overlay-type":"","overlay-color":"","overlay-opacity":"","overlay-gradient":""}},"ast-content-background-meta":{"desktop":{"background-color":"var(--ast-global-color-5)","background-image":"","background-repeat":"repeat","background-position":"center center","background-size":"auto","background-attachment":"scroll","background-type":"","background-media":"","overlay-type":"","overlay-color":"","overlay-opacity":"","overlay-gradient":""},"tablet":{"background-color":"var(--ast-global-color-5)","background-image":"","background-repeat":"repeat","background-position":"center center","background-size":"auto","background-attachment":"scroll","background-type":"","background-media":"","overlay-type":"","overlay-color":"","overlay-opacity":"","overlay-gradient":""},"mobile":{"background-color":"var(--ast-global-color-5)","background-image":"","background-repeat":"repeat","background-position":"center center","background-size":"auto","background-attachment":"scroll","background-type":"","background-media":"","overlay-type":"","overlay-color":"","overlay-opacity":"","overlay-gradient":""}},"footnotes":""},"class_list":["post-5997","page","type-page","status-publish","hentry"],"post_mailing_queue_ids":[],"_links":{"self":[{"href":"https:\/\/agora.xtec.cat\/ceipacastells\/wp-json\/wp\/v2\/pages\/5997","targetHints":{"allow":["GET"]}}],"collection":[{"href":"https:\/\/agora.xtec.cat\/ceipacastells\/wp-json\/wp\/v2\/pages"}],"about":[{"href":"https:\/\/agora.xtec.cat\/ceipacastells\/wp-json\/wp\/v2\/types\/page"}],"author":[{"embeddable":true,"href":"https:\/\/agora.xtec.cat\/ceipacastells\/wp-json\/wp\/v2\/users\/1"}],"replies":[{"embeddable":true,"href":"https:\/\/agora.xtec.cat\/ceipacastells\/wp-json\/wp\/v2\/comments?post=5997"}],"version-history":[{"count":2,"href":"https:\/\/agora.xtec.cat\/ceipacastells\/wp-json\/wp\/v2\/pages\/5997\/revisions"}],"predecessor-version":[{"id":6477,"href":"https:\/\/agora.xtec.cat\/ceipacastells\/wp-json\/wp\/v2\/pages\/5997\/revisions\/6477"}],"up":[{"embeddable":true,"href":"https:\/\/agora.xtec.cat\/ceipacastells\/wp-json\/wp\/v2\/pages\/71"}],"wp:attachment":[{"href":"https:\/\/agora.xtec.cat\/ceipacastells\/wp-json\/wp\/v2\/media?parent=5997"}],"curies":[{"name":"wp","href":"https:\/\/api.w.org\/{rel}","templated":true}]}}