{"id":36,"date":"2014-09-18T12:33:11","date_gmt":"2014-09-18T11:33:11","guid":{"rendered":"http:\/\/agora.xtec.cat\/ceipacastells\/?page_id=36"},"modified":"2021-10-02T19:54:34","modified_gmt":"2021-10-02T17:54:34","slug":"material-escolar","status":"publish","type":"page","link":"https:\/\/agora.xtec.cat\/ceipacastells\/lescola\/material-escolar\/","title":{"rendered":"Material escolar"},"content":{"rendered":"<p>Cada curs escolar les fam\u00edlies aporten una quantitat de diners acordada en el consell escolar. Aquesta quota est\u00e0 destinada a pagar el <strong>material escolar<\/strong> que utilitzen els alumnes a classe i a sufragar les despeses derivades de les <strong>sortides curriculars<\/strong> que fem a les diferents classes. A continuaci\u00f3 us fem un llistat APROXIMAT de tot all\u00f2 que s\u2019adquireix amb aquesta quota en les diferents comunitats:<\/p>\n<p>&nbsp;<\/p>\n<ul>\n<li><strong><u>MATERIAL CLASSE<\/u>: <\/strong>agenda ADDITIO, fotoc\u00f2pies en blanc i negre i en color, t\u00f2ners de les fotocopiadores (una part), planxes goma eva, papers de colors, llapis de fusta STAEDTLER, llapis de colors de fusta STAEDTLER, maquinetes STAEDTLER , llapis aquarel\u00b7lable, bol\u00edgrafs (blau i verd), PILOT, gomes d\u2019esborrar STAEDTLER, retoladors STAEDTLER prims i gruixuts, retoladors permanents EDDING, ceres dures PLASTIDECOR, t\u00e8mperes MANLEY- GIOTTO- JOVI-PLAY COLOR, paper de dibuix A4 i A3 GUARRO, plastilines JOVI, etiquetes adhesives APLI, barres adhesives PRITT, folres llibres , cola blanca PRITT, velcro gran, gomets de v\u00e0ries mides i formes APLI, aquarel\u00b7les JOVI, paper de seda, paper cresp\u00f3, paper xarol, pl\u00e0stics per plastificar, pinzells de mides diferents, pissarres Vileda petites, fils, retoladors pissarra blanca, xinxetes, portarotlles, grapadores, grapes, fulls pauta, fulls ratlles, fulls blancs A4 i A3, fulls recanvi de colors, pl\u00e0stics separadors, carpetes de dues anelles, carpetes amb separadors, bosses transparents, portafolis GRAFOPLAS, carpeta solapes, tisores, tisores creatives, tisores d\u2019esquerrans, punxons, felpes, llibretes ESCOLOFI, sobres, piles, clips, paper d\u2019embalar de diferents colors, safates, compassos STAEDTLER,\u00a0 regles, cartabons, escaires, transportadors, maquillatge, cartolines de diferents colors GUARRO, cartr\u00f3 ondulat, paper cel\u00b7lofana, lla\u00e7os, escorapipes, filferro, cordes, blu-tack, llanes, pompons, plomes, ulls de pl\u00e0stic, purpurines, purpurines colables, decoracions, pals de fusta, pals de pintxo, barn\u00eds MANLEY, ceres, barres de silicona, cintes assortides, fil de pescar, cordills, tampons, perforadores, cintes adhesives doble cara, fang JOVI, fang blanc JOVI, estris de modelatge, motllos, adaptadors de llapis, Poscas de diferents gruixos, t\u00e8mpera Playcolor, rodets de goma per pintar, safates, pots i paletes per pintar, regals de Ti\u00f3 fins a 2n, regals de Nadal i de Reis per les classes, calculadores, jocs, puzles, llibres d\u2019aula i de biblioteca d\u2019escola, llibres en angl\u00e8s pels projectes TRAVELLING BAG.<\/li>\n<\/ul>\n<p>&nbsp;<\/p>\n<ul>\n<li><strong><u>SORTIDES:<\/u>\u00a0 <\/strong>monitors, entrada a l\u2019activitat o espectacle, autocars.<\/li>\n<\/ul>\n<p>&nbsp;<\/p>\n<ul>\n<li><strong>Subscripci\u00f3 a l\u2019aplicaci\u00f3 m\u00f2bil TOKAPP per rebre informacions de l\u2019escola.<\/strong><\/li>\n<\/ul>\n<p>&nbsp;<\/p>\n","protected":false},"excerpt":{"rendered":"<p>Cada curs escolar les fam\u00edlies aporten una quantitat de diners acordada en el consell escolar. Aquesta quota est\u00e0 destinada a pagar el material escolar que utilitzen els alumnes a classe i a sufragar les despeses derivades de les sortides curriculars que fem a les diferents classes. A continuaci\u00f3 us fem un llistat APROXIMAT de tot [&hellip;]<\/p>\n","protected":false},"author":1,"featured_media":0,"parent":22,"menu_order":70,"comment_status":"closed","ping_status":"closed","template":"page-templates\/side-menu.php","meta":{"_bbp_topic_count":0,"_bbp_reply_count":0,"_bbp_total_topic_count":0,"_bbp_total_reply_count":0,"_bbp_voice_count":0,"_bbp_anonymous_reply_count":0,"_bbp_topic_count_hidden":0,"_bbp_reply_count_hidden":0,"_bbp_forum_subforum_count":0,"site-sidebar-layout":"default","site-content-layout":"","ast-site-content-layout":"","site-content-style":"default","site-sidebar-style":"default","ast-global-header-display":"","ast-banner-title-visibility":"","ast-main-header-display":"","ast-hfb-above-header-display":"","ast-hfb-below-header-display":"","ast-hfb-mobile-header-display":"","site-post-title":"","ast-breadcrumbs-content":"","ast-featured-img":"","footer-sml-layout":"","theme-transparent-header-meta":"","adv-header-id-meta":"","stick-header-meta":"","header-above-stick-meta":"","header-main-stick-meta":"","header-below-stick-meta":"","astra-migrate-meta-layouts":"default","ast-page-background-enabled":"default","ast-page-background-meta":{"desktop":{"background-color":"var(--ast-global-color-4)","background-image":"","background-repeat":"repeat","background-position":"center center","background-size":"auto","background-attachment":"scroll","background-type":"","background-media":"","overlay-type":"","overlay-color":"","overlay-opacity":"","overlay-gradient":""},"tablet":{"background-color":"","background-image":"","background-repeat":"repeat","background-position":"center center","background-size":"auto","background-attachment":"scroll","background-type":"","background-media":"","overlay-type":"","overlay-color":"","overlay-opacity":"","overlay-gradient":""},"mobile":{"background-color":"","background-image":"","background-repeat":"repeat","background-position":"center center","background-size":"auto","background-attachment":"scroll","background-type":"","background-media":"","overlay-type":"","overlay-color":"","overlay-opacity":"","overlay-gradient":""}},"ast-content-background-meta":{"desktop":{"background-color":"var(--ast-global-color-5)","background-image":"","background-repeat":"repeat","background-position":"center center","background-size":"auto","background-attachment":"scroll","background-type":"","background-media":"","overlay-type":"","overlay-color":"","overlay-opacity":"","overlay-gradient":""},"tablet":{"background-color":"var(--ast-global-color-5)","background-image":"","background-repeat":"repeat","background-position":"center center","background-size":"auto","background-attachment":"scroll","background-type":"","background-media":"","overlay-type":"","overlay-color":"","overlay-opacity":"","overlay-gradient":""},"mobile":{"background-color":"var(--ast-global-color-5)","background-image":"","background-repeat":"repeat","background-position":"center center","background-size":"auto","background-attachment":"scroll","background-type":"","background-media":"","overlay-type":"","overlay-color":"","overlay-opacity":"","overlay-gradient":""}},"footnotes":""},"class_list":["post-36","page","type-page","status-publish","hentry"],"post_mailing_queue_ids":[],"_links":{"self":[{"href":"https:\/\/agora.xtec.cat\/ceipacastells\/wp-json\/wp\/v2\/pages\/36","targetHints":{"allow":["GET"]}}],"collection":[{"href":"https:\/\/agora.xtec.cat\/ceipacastells\/wp-json\/wp\/v2\/pages"}],"about":[{"href":"https:\/\/agora.xtec.cat\/ceipacastells\/wp-json\/wp\/v2\/types\/page"}],"author":[{"embeddable":true,"href":"https:\/\/agora.xtec.cat\/ceipacastells\/wp-json\/wp\/v2\/users\/1"}],"replies":[{"embeddable":true,"href":"https:\/\/agora.xtec.cat\/ceipacastells\/wp-json\/wp\/v2\/comments?post=36"}],"version-history":[{"count":4,"href":"https:\/\/agora.xtec.cat\/ceipacastells\/wp-json\/wp\/v2\/pages\/36\/revisions"}],"predecessor-version":[{"id":4426,"href":"https:\/\/agora.xtec.cat\/ceipacastells\/wp-json\/wp\/v2\/pages\/36\/revisions\/4426"}],"up":[{"embeddable":true,"href":"https:\/\/agora.xtec.cat\/ceipacastells\/wp-json\/wp\/v2\/pages\/22"}],"wp:attachment":[{"href":"https:\/\/agora.xtec.cat\/ceipacastells\/wp-json\/wp\/v2\/media?parent=36"}],"curies":[{"name":"wp","href":"https:\/\/api.w.org\/{rel}","templated":true}]}}