{"id":32,"date":"2014-09-18T12:31:33","date_gmt":"2014-09-18T11:31:33","guid":{"rendered":"http:\/\/agora.xtec.cat\/ceipacastells\/?page_id=32"},"modified":"2025-10-28T13:35:21","modified_gmt":"2025-10-28T12:35:21","slug":"calendari-del-curs","status":"publish","type":"page","link":"https:\/\/agora.xtec.cat\/ceipacastells\/lescola\/calendari-del-curs\/","title":{"rendered":"Calendari del curs"},"content":{"rendered":"<h4 style=\"text-align: center;\">Calendari escolar curs 2025-2026<\/h4>\n<p>&nbsp;<\/p>\n<p><a href=\"https:\/\/agora.xtec.cat\/ceipacastells\/lescola\/calendari-del-curs\/attachment\/captura-de-pantalla-2025-10-28-133420\/\" rel=\"attachment wp-att-7752\"><img loading=\"lazy\" decoding=\"async\" class=\"alignnone size-full wp-image-7752\" src=\"https:\/\/agora.xtec.cat\/ceipacastells\/wp-content\/uploads\/usu1708\/2025\/10\/Captura-de-pantalla-2025-10-28-133420.jpg\" alt=\"\" width=\"1144\" height=\"859\" srcset=\"https:\/\/agora.xtec.cat\/ceipacastells\/wp-content\/uploads\/usu1708\/2025\/10\/Captura-de-pantalla-2025-10-28-133420.jpg 1144w, https:\/\/agora.xtec.cat\/ceipacastells\/wp-content\/uploads\/usu1708\/2025\/10\/Captura-de-pantalla-2025-10-28-133420-300x225.jpg 300w, https:\/\/agora.xtec.cat\/ceipacastells\/wp-content\/uploads\/usu1708\/2025\/10\/Captura-de-pantalla-2025-10-28-133420-1024x769.jpg 1024w, https:\/\/agora.xtec.cat\/ceipacastells\/wp-content\/uploads\/usu1708\/2025\/10\/Captura-de-pantalla-2025-10-28-133420-768x577.jpg 768w\" sizes=\"auto, (max-width: 1144px) 100vw, 1144px\" \/><\/a><\/p>\n<table style=\"height: 957px; width: 923px;\" width=\"1501\">\n<tbody>\n<tr style=\"height: 85px;\">\n<td style=\"width: 402.5px; height: 85px;\">\n<h2><strong>Inici<\/strong> <strong>de<\/strong> <strong>les<\/strong> <strong>classes<\/strong> <strong>per<\/strong> <strong>a<\/strong> <strong>tots<\/strong> <strong>els<\/strong> <strong>alumnes<\/strong><\/h2>\n<\/td>\n<td style=\"width: 513.75px; height: 85px;\">\n<h2>Dijous, 9 de setembre de 2025<\/h2>\n<\/td>\n<\/tr>\n<tr style=\"height: 115px;\">\n<td style=\"width: 402.5px; height: 115px;\">\n<h2><strong>Vacances<\/strong> 1r trimestre<strong>:<\/strong><\/h2>\n<\/td>\n<td style=\"width: 513.75px; height: 115px;\">\n<h2>Del 20 de desembre de 2025 al 7 de gener de 2026 (ambd\u00f3s inclosos)<\/h2>\n<\/td>\n<\/tr>\n<tr style=\"height: 111px;\">\n<td style=\"width: 402.5px; height: 111px;\">\n<h2><strong>Vacances<\/strong> Setmana Santa<strong>:<\/strong><\/h2>\n<\/td>\n<td style=\"width: 513.75px; height: 111px;\">\n<h2>Del 28<strong>\u00a0<\/strong>de mar\u00e7 al 6<strong>\u00a0<\/strong>d\u2019abril de 2026 (ambd\u00f3s inclosos)<\/h2>\n<\/td>\n<\/tr>\n<tr style=\"height: 147px;\">\n<td style=\"width: 402.5px; height: 147px;\">\n<h2><strong>Festes<\/strong> <strong>locals:<\/strong><\/h2>\n<\/td>\n<td style=\"width: 513.75px; height: 147px;\">\n<h2>Dilluns, 8 de setembre de 2025<\/h2>\n<h2>Dilluns, 11 de maig de 2026<\/h2>\n<\/td>\n<\/tr>\n<tr style=\"height: 268px;\">\n<td style=\"width: 402.5px; height: 268px;\">\n<h2><strong>Dies<\/strong> <strong>de<\/strong> <strong>lliure<\/strong> <strong>disposici\u00f3<\/strong><\/h2>\n<\/td>\n<td style=\"width: 513.75px; height: 268px;\">\n<h2><strong>Dilluns 3 <\/strong>de novembre 2025<\/h2>\n<h2><strong>Divendres 16<\/strong> de febrer de 2026<\/h2>\n<h2><strong>Divendres 13<\/strong> de mar\u00e7 de 2026<\/h2>\n<h2><strong>Dijous 30 <\/strong>d&#8217;abril de 2026<\/h2>\n<\/td>\n<\/tr>\n<tr style=\"height: 146px;\">\n<td style=\"width: 402.5px; height: 146px;\">\n<h2><strong>Jornada<\/strong> <strong>continuada:<\/strong><\/h2>\n<\/td>\n<td style=\"width: 513.75px; height: 146px;\">\n<h2><strong>19<\/strong> de desembre de 2025<\/h2>\n<h2>Del 8 al 19 de juny de 2026<\/h2>\n<\/td>\n<\/tr>\n<tr style=\"height: 85px;\">\n<td style=\"width: 402.5px; height: 85px;\">\n<h2><strong>\u00daltim<\/strong> <strong>dia<\/strong> <strong>de<\/strong> <strong>classe:<\/strong><\/h2>\n<\/td>\n<td style=\"width: 513.75px; height: 85px;\">\n<h2><strong>\u00a019<\/strong> de juny de 2026<\/h2>\n<\/td>\n<\/tr>\n<\/tbody>\n<\/table>\n<p>&nbsp;<\/p>\n<h3>L\u2019<b>horari lectiu<\/b> :<\/h3>\n<h4>de 8:45 a 12:15 i de 14:45 a 16:15<\/h4>\n<p>Per als alumnes que inicien l\u2019escolaritzaci\u00f3 a P3,\u00a0 s\u2019organitza un breu per\u00edode d\u2019adaptaci\u00f3 que suposa una certa modificaci\u00f3 dels horaris de la primera setmana escolar de setembre, i que es fa saber a les fam\u00edlies en les reunions pr\u00e8vies corresponents.<\/p>\n","protected":false},"excerpt":{"rendered":"<p>Calendari escolar curs 2025-2026 &nbsp; Inici de les classes per a tots els alumnes Dijous, 9 de setembre de 2025 Vacances 1r trimestre: Del 20 de desembre de 2025 al 7 de gener de 2026 (ambd\u00f3s inclosos) Vacances Setmana Santa: Del 28\u00a0de mar\u00e7 al 6\u00a0d\u2019abril de 2026 (ambd\u00f3s inclosos) Festes locals: Dilluns, 8 de setembre [&hellip;]<\/p>\n","protected":false},"author":1,"featured_media":0,"parent":22,"menu_order":50,"comment_status":"closed","ping_status":"closed","template":"","meta":{"_bbp_topic_count":0,"_bbp_reply_count":0,"_bbp_total_topic_count":0,"_bbp_total_reply_count":0,"_bbp_voice_count":0,"_bbp_anonymous_reply_count":0,"_bbp_topic_count_hidden":0,"_bbp_reply_count_hidden":0,"_bbp_forum_subforum_count":0,"site-sidebar-layout":"default","site-content-layout":"","ast-site-content-layout":"default","site-content-style":"default","site-sidebar-style":"default","ast-global-header-display":"","ast-banner-title-visibility":"","ast-main-header-display":"","ast-hfb-above-header-display":"","ast-hfb-below-header-display":"","ast-hfb-mobile-header-display":"","site-post-title":"","ast-breadcrumbs-content":"","ast-featured-img":"","footer-sml-layout":"","theme-transparent-header-meta":"default","adv-header-id-meta":"","stick-header-meta":"","header-above-stick-meta":"","header-main-stick-meta":"","header-below-stick-meta":"","astra-migrate-meta-layouts":"set","ast-page-background-enabled":"default","ast-page-background-meta":{"desktop":{"background-color":"var(--ast-global-color-4)","background-image":"","background-repeat":"repeat","background-position":"center center","background-size":"auto","background-attachment":"scroll","background-type":"","background-media":"","overlay-type":"","overlay-color":"","overlay-opacity":"","overlay-gradient":""},"tablet":{"background-color":"","background-image":"","background-repeat":"repeat","background-position":"center center","background-size":"auto","background-attachment":"scroll","background-type":"","background-media":"","overlay-type":"","overlay-color":"","overlay-opacity":"","overlay-gradient":""},"mobile":{"background-color":"","background-image":"","background-repeat":"repeat","background-position":"center center","background-size":"auto","background-attachment":"scroll","background-type":"","background-media":"","overlay-type":"","overlay-color":"","overlay-opacity":"","overlay-gradient":""}},"ast-content-background-meta":{"desktop":{"background-color":"var(--ast-global-color-5)","background-image":"","background-repeat":"repeat","background-position":"center center","background-size":"auto","background-attachment":"scroll","background-type":"","background-media":"","overlay-type":"","overlay-color":"","overlay-opacity":"","overlay-gradient":""},"tablet":{"background-color":"var(--ast-global-color-5)","background-image":"","background-repeat":"repeat","background-position":"center center","background-size":"auto","background-attachment":"scroll","background-type":"","background-media":"","overlay-type":"","overlay-color":"","overlay-opacity":"","overlay-gradient":""},"mobile":{"background-color":"var(--ast-global-color-5)","background-image":"","background-repeat":"repeat","background-position":"center center","background-size":"auto","background-attachment":"scroll","background-type":"","background-media":"","overlay-type":"","overlay-color":"","overlay-opacity":"","overlay-gradient":""}},"footnotes":""},"class_list":["post-32","page","type-page","status-publish","hentry"],"post_mailing_queue_ids":[],"_links":{"self":[{"href":"https:\/\/agora.xtec.cat\/ceipacastells\/wp-json\/wp\/v2\/pages\/32","targetHints":{"allow":["GET"]}}],"collection":[{"href":"https:\/\/agora.xtec.cat\/ceipacastells\/wp-json\/wp\/v2\/pages"}],"about":[{"href":"https:\/\/agora.xtec.cat\/ceipacastells\/wp-json\/wp\/v2\/types\/page"}],"author":[{"embeddable":true,"href":"https:\/\/agora.xtec.cat\/ceipacastells\/wp-json\/wp\/v2\/users\/1"}],"replies":[{"embeddable":true,"href":"https:\/\/agora.xtec.cat\/ceipacastells\/wp-json\/wp\/v2\/comments?post=32"}],"version-history":[{"count":5,"href":"https:\/\/agora.xtec.cat\/ceipacastells\/wp-json\/wp\/v2\/pages\/32\/revisions"}],"predecessor-version":[{"id":7753,"href":"https:\/\/agora.xtec.cat\/ceipacastells\/wp-json\/wp\/v2\/pages\/32\/revisions\/7753"}],"up":[{"embeddable":true,"href":"https:\/\/agora.xtec.cat\/ceipacastells\/wp-json\/wp\/v2\/pages\/22"}],"wp:attachment":[{"href":"https:\/\/agora.xtec.cat\/ceipacastells\/wp-json\/wp\/v2\/media?parent=32"}],"curies":[{"name":"wp","href":"https:\/\/api.w.org\/{rel}","templated":true}]}}