{"id":26,"date":"2014-09-18T12:24:32","date_gmt":"2014-09-18T11:24:32","guid":{"rendered":"http:\/\/agora.xtec.cat\/ceipacastells\/?page_id=26"},"modified":"2018-11-19T12:19:12","modified_gmt":"2018-11-19T11:19:12","slug":"historia","status":"publish","type":"page","link":"https:\/\/agora.xtec.cat\/ceipacastells\/lescola\/historia\/","title":{"rendered":"Hist\u00f2ria"},"content":{"rendered":"<p style=\"text-align: center;\">La nostra escola porta el nom d\u2019un\u00a0destacat ciutad\u00e0 de Sabadell, l&#8217;<a title=\"Andreu Castells\" href=\"http:\/\/ca.wikipedia.org\/wiki\/Andreu_Castells_i_Peig\" target=\"_blank\" rel=\"noopener noreferrer\">Andreu Castells<\/a>\u00a0(Sabadell, 29 d\u2019octubre de 1918 \u2013 Sabadell, 16 de gener de 1987<span style=\"font-family: inherit; font-size: 1em;\">)<\/span><\/p>\n<p style=\"text-align: center;\"><a href=\"https:\/\/agora.xtec.cat\/ceipacastells\/wp-content\/uploads\/usu1708\/2018\/11\/andreu-castells-i-peig.jpg\"><img loading=\"lazy\" decoding=\"async\" class=\"wp-image-501 aligncenter\" src=\"https:\/\/agora.xtec.cat\/ceipacastells\/wp-content\/uploads\/usu1708\/2018\/11\/andreu-castells-i-peig.jpg\" alt=\"\" width=\"296\" height=\"475\" srcset=\"https:\/\/agora.xtec.cat\/ceipacastells\/wp-content\/uploads\/usu1708\/2018\/11\/andreu-castells-i-peig.jpg 450w, https:\/\/agora.xtec.cat\/ceipacastells\/wp-content\/uploads\/usu1708\/2018\/11\/andreu-castells-i-peig-187x300.jpg 187w\" sizes=\"auto, (max-width: 296px) 100vw, 296px\" \/><strong>Andreu Castells i Peig (1949)<\/strong><\/a><\/p>\n<p><strong>*BREU BIOGRAFIA*<\/strong><\/p>\n<p>L&#8217;Andreu va ser <strong>historiador, arxiver, editor i impressor<\/strong>. Una de les seves principals aficions era la pintura. Va anar a\u00a0 l\u2019escola progressista Internacional Nova Damon. Durant la Guerra Civil va combatre amb les Brigades Internacionals, fet pel qual el va motivar a escriure\u00a0<em>Las Brigadas Internacionales en la Guerra de Espa\u00f1a<\/em>, publicada l\u2019any 1974.<\/p>\n<p>L\u2019any 1933 va comen\u00e7ar a estudiar a l\u2019Escola d\u2019Arts i Oficis de Sabadell, on es d\u00f3na a con\u00e8ixer amb un paissatge del poble de Granera, aprofitant una exposici\u00f3 per la Festa Major de la ciutat. El Museu d\u2019Art de Sababell li compr\u00e0 l\u2019obra. El 1959 va obtenir el primer Premi Ciutat de Sabadell. Cap els anys 60 va deixar de pintar i\u00a0<strong>a\u00a0partir del 1961 va comen\u00e7ar a escriure i a publicar \u2013en fascicles\u2013 una hist\u00f2ria de l\u2019art sabadellenc denominada\u00a0<i>L\u2019art sabadellenc. Assaig de biografia local<\/i>, publicada per\u00a0<em>Edicions Riutort<\/em>.\u00a0<\/strong><strong>Professionalment es dedic\u00e0 a l\u2019ofici d\u2019impressor i editor, l\u2019any 1956 va\u00a0 fundar l\u2019empresa editorial\u00a0<em>Artgrafia i Riutort<\/em><\/strong>, juntament amb el seu cunyat, David Graells Montull; la impremta de l\u2019editorial es trobava a la casa de Castells.\u00a0<strong>\u00a0Va crear la revista cultural\u00a0<em>Riutort\u00a0<\/em>(1956-1965),referent de l\u2019\u00e8poca per la seva qualitat gr\u00e0fica i art d\u2019avantguarda.<\/strong><\/p>\n<p><strong>\u00c9s el principal historiador local de finals del s.XVIII, XIX i XX (fins el 1976)<\/strong>, sobre hist\u00f2ria local d\u2019aquests segles destaquen els sis volums de l\u2019obra sobre les lluites contra el caciquisme i els diferents r\u00e8gims dretans sabadellencs,\u00a0<em>Informe de l\u2019oposici\u00f3\u00a0<\/em>(1975-1980)<em>.\u00a0<\/em>En la vida cultural local,\u00a0<strong>Castells va participar en diverses institucions i entitats de la ciutat, en museus i especialment en l\u2019Arxiu Hist\u00f2ric, d\u2019on en va ser director de 1979 a 1985.\u00a0<\/strong>Com a<strong>\u00a0persona compromesa en la lluita antifranquista<\/strong>, va ser membre de\u00a0 l\u2019Assemblea Democr\u00e0tica de Sabadell (1974-1976) i va col\u00b7laborar en publicacions catalanes clandestines (<em>Antologia dels fets, les idees i els homes d\u2019Occident,<\/em>\u00a01947).<\/p>\n<p>Al 1988 a la Pla\u00e7a de la Creu Alta de Sabadell es va col\u00b7locar una placa de record en homenatge seu amb la seg\u00fcent inscripci\u00f3:<\/p>\n<p style=\"text-align: center;\"><strong>Obres destacades d\u2019Andreu Castells i Peig:<\/strong><\/p>\n<p style=\"text-align: center;\"><strong>Hist\u00f2ria local:<\/strong><\/p>\n<p style=\"text-align: center;\">\u00a0<i>Proleg\u00f2mens. Aldarulls del pa, 1788. Revoluci\u00f3 de setembre, 1868<\/i>. Sabadell. 1975.<\/p>\n<p style=\"text-align: center;\">\u00a0<i>Rep\u00fablica i acci\u00f3 directa. 1868-1904<\/i>. Sabadell. 1977.<\/p>\n<p style=\"text-align: center;\">\u00a0<i>O tot o res. 1904-1918<\/i>. Sabadell. 1978.<\/p>\n<p style=\"text-align: center;\">\u00a0<i>Del Terror a la Segona Rep\u00fablica. 1918-1936<\/i>. Sabadell. 1980.<\/p>\n<p style=\"text-align: center;\">\u00a0<i>Guerra i revoluci\u00f3. 1936-1939<\/i>. Sabadell. 1983.<\/p>\n<p style=\"text-align: center;\">\u00a0<i>El franquisme i l\u2019oposici\u00f3 sabadellenca. 1939-1976<\/i>. Sabadell. 1989. (volum acabat per l\u2019historiador Jordi Calvet Puig).<\/p>\n<p style=\"text-align: center;\"><strong>Guerra Civil:<\/strong><\/p>\n<p style=\"text-align: center;\">\u00a0<i>Las brigadas internacionales de la guerra de Espa\u00f1a<\/i>.\u00a0Barcelona. Ariel. 1974.<\/p>\n<p style=\"text-align: center;\"><strong>Art local:<\/strong><\/p>\n<p style=\"text-align: center;\"><i>L\u2019art sabadellenc. Assaig de biografia local<\/i><\/p>\n","protected":false},"excerpt":{"rendered":"<p>La nostra escola porta el nom d\u2019un\u00a0destacat ciutad\u00e0 de Sabadell, l&#8217;Andreu Castells\u00a0(Sabadell, 29 d\u2019octubre de 1918 \u2013 Sabadell, 16 de gener de 1987) Andreu Castells i Peig (1949) *BREU BIOGRAFIA* L&#8217;Andreu va ser historiador, arxiver, editor i impressor. Una de les seves principals aficions era la pintura. Va anar a\u00a0 l\u2019escola progressista Internacional Nova Damon. [&hellip;]<\/p>\n","protected":false},"author":1,"featured_media":0,"parent":22,"menu_order":20,"comment_status":"closed","ping_status":"closed","template":"page-templates\/side-menu.php","meta":{"_bbp_topic_count":0,"_bbp_reply_count":0,"_bbp_total_topic_count":0,"_bbp_total_reply_count":0,"_bbp_voice_count":0,"_bbp_anonymous_reply_count":0,"_bbp_topic_count_hidden":0,"_bbp_reply_count_hidden":0,"_bbp_forum_subforum_count":0,"site-sidebar-layout":"default","site-content-layout":"","ast-site-content-layout":"","site-content-style":"default","site-sidebar-style":"default","ast-global-header-display":"","ast-banner-title-visibility":"","ast-main-header-display":"","ast-hfb-above-header-display":"","ast-hfb-below-header-display":"","ast-hfb-mobile-header-display":"","site-post-title":"","ast-breadcrumbs-content":"","ast-featured-img":"","footer-sml-layout":"","theme-transparent-header-meta":"","adv-header-id-meta":"","stick-header-meta":"","header-above-stick-meta":"","header-main-stick-meta":"","header-below-stick-meta":"","astra-migrate-meta-layouts":"default","ast-page-background-enabled":"default","ast-page-background-meta":{"desktop":{"background-color":"var(--ast-global-color-4)","background-image":"","background-repeat":"repeat","background-position":"center center","background-size":"auto","background-attachment":"scroll","background-type":"","background-media":"","overlay-type":"","overlay-color":"","overlay-opacity":"","overlay-gradient":""},"tablet":{"background-color":"","background-image":"","background-repeat":"repeat","background-position":"center center","background-size":"auto","background-attachment":"scroll","background-type":"","background-media":"","overlay-type":"","overlay-color":"","overlay-opacity":"","overlay-gradient":""},"mobile":{"background-color":"","background-image":"","background-repeat":"repeat","background-position":"center center","background-size":"auto","background-attachment":"scroll","background-type":"","background-media":"","overlay-type":"","overlay-color":"","overlay-opacity":"","overlay-gradient":""}},"ast-content-background-meta":{"desktop":{"background-color":"var(--ast-global-color-5)","background-image":"","background-repeat":"repeat","background-position":"center center","background-size":"auto","background-attachment":"scroll","background-type":"","background-media":"","overlay-type":"","overlay-color":"","overlay-opacity":"","overlay-gradient":""},"tablet":{"background-color":"var(--ast-global-color-5)","background-image":"","background-repeat":"repeat","background-position":"center center","background-size":"auto","background-attachment":"scroll","background-type":"","background-media":"","overlay-type":"","overlay-color":"","overlay-opacity":"","overlay-gradient":""},"mobile":{"background-color":"var(--ast-global-color-5)","background-image":"","background-repeat":"repeat","background-position":"center center","background-size":"auto","background-attachment":"scroll","background-type":"","background-media":"","overlay-type":"","overlay-color":"","overlay-opacity":"","overlay-gradient":""}},"footnotes":""},"class_list":["post-26","page","type-page","status-publish","hentry"],"post_mailing_queue_ids":[],"_links":{"self":[{"href":"https:\/\/agora.xtec.cat\/ceipacastells\/wp-json\/wp\/v2\/pages\/26","targetHints":{"allow":["GET"]}}],"collection":[{"href":"https:\/\/agora.xtec.cat\/ceipacastells\/wp-json\/wp\/v2\/pages"}],"about":[{"href":"https:\/\/agora.xtec.cat\/ceipacastells\/wp-json\/wp\/v2\/types\/page"}],"author":[{"embeddable":true,"href":"https:\/\/agora.xtec.cat\/ceipacastells\/wp-json\/wp\/v2\/users\/1"}],"replies":[{"embeddable":true,"href":"https:\/\/agora.xtec.cat\/ceipacastells\/wp-json\/wp\/v2\/comments?post=26"}],"version-history":[{"count":4,"href":"https:\/\/agora.xtec.cat\/ceipacastells\/wp-json\/wp\/v2\/pages\/26\/revisions"}],"predecessor-version":[{"id":503,"href":"https:\/\/agora.xtec.cat\/ceipacastells\/wp-json\/wp\/v2\/pages\/26\/revisions\/503"}],"up":[{"embeddable":true,"href":"https:\/\/agora.xtec.cat\/ceipacastells\/wp-json\/wp\/v2\/pages\/22"}],"wp:attachment":[{"href":"https:\/\/agora.xtec.cat\/ceipacastells\/wp-json\/wp\/v2\/media?parent=26"}],"curies":[{"name":"wp","href":"https:\/\/api.w.org\/{rel}","templated":true}]}}