{"id":80,"date":"2014-09-18T14:09:48","date_gmt":"2014-09-18T14:09:48","guid":{"rendered":"http:\/\/agora.xtec.cat\/ceipabatoliba\/?page_id=80"},"modified":"2020-01-30T23:35:34","modified_gmt":"2020-01-30T22:35:34","slug":"transport-escolar","status":"publish","type":"page","link":"https:\/\/agora.xtec.cat\/ceipabatoliba\/serveis\/transport-escolar\/","title":{"rendered":"Extraescolar"},"content":{"rendered":"<p><em>Benvolgudes fam\u00edlies<\/em><\/p>\n<p>Les activitats extraescolars comen\u00e7aran la setmana de l&#8217;1 d&#8217;octubre de 2019 i finalitzaran el 29 de maig de 2020<\/p>\n<p>En el seg\u00fcent <em>link<\/em> podeu descarregar el formulari d&#8217;inscripci\u00f3. Recordeu entregar-lo <strong>abans del 25 de Setembre.<\/strong><\/p>\n<p>Pels cursos que el formulari on line segueix obert podeu continuar fent inscripcions.<\/p>\n<p><a href=\"https:\/\/agora.xtec.cat\/ceipabatoliba\/wp-content\/uploads\/usu174\/2019\/09\/FORMULARI-EXTRAESCOLARS-2019-20.pdf\">FORMULARI EXTRAESCOLARS 2019-20<\/a><\/p>\n<p>Per fer consultes sobre els cursos i tallers podeu passar un mail a ampaextraescolars1<span class=\"atwho-query\">@gmail.com<\/span><\/p>\n<h3><strong>ACTIVITATS EXTRAESCOLARS 2019-20<\/strong><\/h3>\n<p><strong><span style=\"text-decoration: underline;\">MULTI-ESPORT<\/span><\/strong><\/p>\n<p>Curs: De P3 a 6\u00e8<\/p>\n<p>Quan?: Dijous de 16:30 a 17:30<\/p>\n<p>Qui? Pol Parareda<\/p>\n<p>Preu: 40\u20ac\/Trimestre<\/p>\n<p><a href=\"https:\/\/agora.xtec.cat\/ceipabatoliba\/wp-content\/uploads\/usu174\/2018\/09\/logo-AMPA.jpg\"><img loading=\"lazy\" decoding=\"async\" class=\"alignnone wp-image-1243\" src=\"https:\/\/agora.xtec.cat\/ceipabatoliba\/wp-content\/uploads\/usu174\/2018\/09\/logo-AMPA.jpg\" alt=\"\" width=\"106\" height=\"108\" srcset=\"https:\/\/agora.xtec.cat\/ceipabatoliba\/wp-content\/uploads\/usu174\/2018\/09\/logo-AMPA.jpg 380w, https:\/\/agora.xtec.cat\/ceipabatoliba\/wp-content\/uploads\/usu174\/2018\/09\/logo-AMPA-295x300.jpg 295w\" sizes=\"auto, (max-width: 106px) 100vw, 106px\" \/><\/a><\/p>\n<p><strong><span style=\"text-decoration: underline;\">TEATRE<\/span><\/strong><\/p>\n<p>Curs: De P3 a 6\u00e8<\/p>\n<p>Quan? Divendres de 16:30 a 17:30<\/p>\n<p>Qui?: Montse Vilar<\/p>\n<p>Preu: 40\u20ac\/Trimestre<\/p>\n<p><a href=\"https:\/\/agora.xtec.cat\/ceipabatoliba\/wp-content\/uploads\/usu174\/2018\/09\/logo-AMPA.jpg\"><img loading=\"lazy\" decoding=\"async\" class=\"alignnone wp-image-1243\" src=\"https:\/\/agora.xtec.cat\/ceipabatoliba\/wp-content\/uploads\/usu174\/2018\/09\/logo-AMPA.jpg\" alt=\"\" width=\"106\" height=\"108\" srcset=\"https:\/\/agora.xtec.cat\/ceipabatoliba\/wp-content\/uploads\/usu174\/2018\/09\/logo-AMPA.jpg 380w, https:\/\/agora.xtec.cat\/ceipabatoliba\/wp-content\/uploads\/usu174\/2018\/09\/logo-AMPA-295x300.jpg 295w\" sizes=\"auto, (max-width: 106px) 100vw, 106px\" \/><\/a><\/p>\n<p><strong><span style=\"text-decoration: underline;\">MECANOGRAFIA<\/span><\/strong><\/p>\n<p>Curs: De 3r.\u00a0 a 6\u00e8<\/p>\n<p>Quan?: Divendres de 12:30 a 13:30<\/p>\n<p>Qui? Inform\u00e0tica Sitj\u00e0<\/p>\n<p>Preu: 48\u20ac\/Trimestre<\/p>\n<p><strong><a href=\"https:\/\/docs.google.com\/forms\/d\/e\/1FAIpQLScqPKzIFZnjnrPePprSKg0s7LNAkep0W6MTe-kAXj43Lh8_tQ\/viewform\">FORMULARI D&#8217;INSCRIPCI\u00d3 MECANOGRAFIA<\/a><\/strong><\/p>\n<p><a href=\"https:\/\/agora.xtec.cat\/ceipabatoliba\/wp-content\/uploads\/usu174\/2018\/09\/logo-AMPA.jpg\"><img loading=\"lazy\" decoding=\"async\" class=\"alignnone wp-image-1243\" src=\"https:\/\/agora.xtec.cat\/ceipabatoliba\/wp-content\/uploads\/usu174\/2018\/09\/logo-AMPA.jpg\" alt=\"\" width=\"106\" height=\"108\" srcset=\"https:\/\/agora.xtec.cat\/ceipabatoliba\/wp-content\/uploads\/usu174\/2018\/09\/logo-AMPA.jpg 380w, https:\/\/agora.xtec.cat\/ceipabatoliba\/wp-content\/uploads\/usu174\/2018\/09\/logo-AMPA-295x300.jpg 295w\" sizes=\"auto, (max-width: 106px) 100vw, 106px\" \/><\/a><\/p>\n<p><strong><span style=\"text-decoration: underline;\">CURS DE CUINA SALUDABLE I DIVERTIDA<\/span><\/strong><\/p>\n<p>Curs: de P4 a 6\u00e8<\/p>\n<p>Quan? dimecres de 16:30 a 18 h. 8 sessions (15, 22, 29 d&#8217;Abril i 6, 13, 20, 27 de Maig i 3 de juny)<\/p>\n<p>Qui?: CUINETES OSONA<\/p>\n<p>Preu: 50 \u20ac els 2 mesos (material incl\u00f2s)<\/p>\n<p><strong><a href=\"https:\/\/docs.google.com\/forms\/d\/1_eWbwqIkvshRyRQijBz7krgrcSL26xxH7-AAwFDswFE\/edit\">FORMULARI D&#8217;INSCRIPCI\u00d3 CUINA SALUDABLE\u00a0<\/a><\/strong><\/p>\n<p><a href=\"https:\/\/agora.xtec.cat\/ceipabatoliba\/wp-content\/uploads\/usu174\/2018\/09\/logo-AMPA.jpg\"><img loading=\"lazy\" decoding=\"async\" class=\"alignnone wp-image-1243\" src=\"https:\/\/agora.xtec.cat\/ceipabatoliba\/wp-content\/uploads\/usu174\/2018\/09\/logo-AMPA.jpg\" sizes=\"auto, (max-width: 106px) 100vw, 106px\" srcset=\"https:\/\/agora.xtec.cat\/ceipabatoliba\/wp-content\/uploads\/usu174\/2018\/09\/logo-AMPA.jpg 380w, https:\/\/agora.xtec.cat\/ceipabatoliba\/wp-content\/uploads\/usu174\/2018\/09\/logo-AMPA-295x300.jpg 295w\" alt=\"\" width=\"106\" height=\"108\" \/><\/a><\/p>\n<p><span style=\"text-decoration: underline;\"><strong>CURS D\u2019ARTS PL\u00c0STIQUES<\/strong> <\/span><\/p>\n<p>Curs: de P3 a 3r<\/p>\n<p>Quan? Dimarts de 16:30 a 17.30h,\u00a08 sessions:14, 21, 28 d\u2019abril, 5, 12, 19, 26 de maig i 2 de juny<\/p>\n<p>Qui?: LA FARINERA CAVV<\/p>\n<p>Preu: 40 \u20ac els 2 mesos (material incl\u00f2s)<\/p>\n<p><strong><a href=\"https:\/\/docs.google.com\/forms\/d\/e\/1FAIpQLSeEV9Lu9P0foMSLnTnigBqiLJNyKuFsLlqxpSsvafOoC_8UCA\/viewform?vc=0&amp;c=0&amp;w=1\">FORMULARI D&#8217;INSCRIPCI\u00d3 ARTS PL\u00c0STIQUES<\/a><\/strong><\/p>\n<p><a href=\"https:\/\/agora.xtec.cat\/ceipabatoliba\/wp-content\/uploads\/usu174\/2018\/09\/logo-AMPA.jpg\"><img loading=\"lazy\" decoding=\"async\" class=\"alignnone wp-image-1243\" src=\"https:\/\/agora.xtec.cat\/ceipabatoliba\/wp-content\/uploads\/usu174\/2018\/09\/logo-AMPA.jpg\" alt=\"\" width=\"106\" height=\"108\" srcset=\"https:\/\/agora.xtec.cat\/ceipabatoliba\/wp-content\/uploads\/usu174\/2018\/09\/logo-AMPA.jpg 380w, https:\/\/agora.xtec.cat\/ceipabatoliba\/wp-content\/uploads\/usu174\/2018\/09\/logo-AMPA-295x300.jpg 295w\" sizes=\"auto, (max-width: 106px) 100vw, 106px\" \/><\/a><\/p>\n<h3><span style=\"text-decoration: underline;\"><strong>ACTIVITATS TALLERS 2020<\/strong><\/span><\/h3>\n<p><span style=\"text-decoration: underline;\"><strong>TALLER D\u2019SLIME<\/strong> <\/span><\/p>\n<p>Curs: de P3 a 6\u00e8<\/p>\n<p>Quan? Dissabte 29 de febrer de 2020 de 10:30 a 12:00<\/p>\n<p>Qui?: Mares de l&#8217;escola<\/p>\n<p>Preu: gratu\u00eft per socis de l&#8217;AMPA<\/p>\n<p><strong><a href=\"https:\/\/docs.google.com\/forms\/d\/e\/1FAIpQLScS520H3IGuSv-ZGE8Awo2ANNGw_iXGYhX-KWke5w9WKesVuA\/viewform?vc=0&amp;c=0&amp;w=1\">FORMULARI D&#8217;INSCRIPCI\u00d3 TALLER SLIME<\/a><\/strong><\/p>\n<p><a href=\"https:\/\/agora.xtec.cat\/ceipabatoliba\/wp-content\/uploads\/usu174\/2018\/09\/logo-AMPA.jpg\"><img loading=\"lazy\" decoding=\"async\" class=\"alignnone wp-image-1243\" src=\"https:\/\/agora.xtec.cat\/ceipabatoliba\/wp-content\/uploads\/usu174\/2018\/09\/logo-AMPA.jpg\" alt=\"\" width=\"106\" height=\"108\" srcset=\"https:\/\/agora.xtec.cat\/ceipabatoliba\/wp-content\/uploads\/usu174\/2018\/09\/logo-AMPA.jpg 380w, https:\/\/agora.xtec.cat\/ceipabatoliba\/wp-content\/uploads\/usu174\/2018\/09\/logo-AMPA-295x300.jpg 295w\" sizes=\"auto, (max-width: 106px) 100vw, 106px\" \/><\/a><\/p>\n<p><span style=\"text-decoration: underline;\"><strong>TALLER DE CUINA EN FAMILIA &#8220;FEM QUE MENJAR VERDURA SIGUI DIVERTIT&#8221;<\/strong><\/span><\/p>\n<p>Curs: de P3 a 6\u00e8<\/p>\n<p>Quan? Dissabte 7 de mar\u00e7 2020 de 10 a 12 h<\/p>\n<p>Qui?: CUINETES CLUB OSONA<\/p>\n<p>Preu: 5 \u20ac per nen\/a<\/p>\n<p><strong><a href=\"https:\/\/docs.google.com\/forms\/d\/e\/1FAIpQLSf06TBtVtTnftaLmYKrNpO82dy8PdnxOfQ2Dfw38JxFQrx-fQ\/closedform\">FORMULARI D&#8217;INSCRIPCI\u00d3 TALLER CUINA<\/a>\u00a0TALLER COMPLET<\/strong><\/p>\n<p><a href=\"https:\/\/agora.xtec.cat\/ceipabatoliba\/wp-content\/uploads\/usu174\/2018\/09\/logo-AMPA.jpg\"><img loading=\"lazy\" decoding=\"async\" class=\"alignnone wp-image-1243\" src=\"https:\/\/agora.xtec.cat\/ceipabatoliba\/wp-content\/uploads\/usu174\/2018\/09\/logo-AMPA.jpg\" alt=\"\" width=\"106\" height=\"108\" srcset=\"https:\/\/agora.xtec.cat\/ceipabatoliba\/wp-content\/uploads\/usu174\/2018\/09\/logo-AMPA.jpg 380w, https:\/\/agora.xtec.cat\/ceipabatoliba\/wp-content\/uploads\/usu174\/2018\/09\/logo-AMPA-295x300.jpg 295w\" sizes=\"auto, (max-width: 106px) 100vw, 106px\" \/><\/a><\/p>\n<p><span style=\"text-decoration: underline;\"><strong>TALLER DE PERCUSSI\u00d3<\/strong> <\/span><\/p>\n<p>Curs: de P3 a 6\u00e8<\/p>\n<p>Quan? Dissabte 28 de mar\u00e7 de 10.30 a 12h<\/p>\n<p>Qui?: Abel Collado<\/p>\n<p>Preu: gratu\u00eft per socis de l&#8217;AMPA.\u00a0Nom\u00e9s cal inscripci\u00f3 si no tens instruments de percussi\u00f3<\/p>\n<p><a href=\"https:\/\/docs.google.com\/forms\/d\/e\/1FAIpQLSfKPVS2vKfDv4bfCKWufSitgY9CQlm__XEId1STRy8JJ2Moew\/viewform?vc=0&amp;c=0&amp;w=1\"><strong>FORMULARI D&#8217;INSCRIPCI\u00d3 TALLER PERCUSSI\u00d3<\/strong>\u00a0<\/a><\/p>\n<p><a href=\"https:\/\/agora.xtec.cat\/ceipabatoliba\/wp-content\/uploads\/usu174\/2018\/09\/logo-AMPA.jpg\"><img loading=\"lazy\" decoding=\"async\" class=\"alignnone wp-image-1243\" src=\"https:\/\/agora.xtec.cat\/ceipabatoliba\/wp-content\/uploads\/usu174\/2018\/09\/logo-AMPA.jpg\" alt=\"\" width=\"106\" height=\"108\" srcset=\"https:\/\/agora.xtec.cat\/ceipabatoliba\/wp-content\/uploads\/usu174\/2018\/09\/logo-AMPA.jpg 380w, https:\/\/agora.xtec.cat\/ceipabatoliba\/wp-content\/uploads\/usu174\/2018\/09\/logo-AMPA-295x300.jpg 295w\" sizes=\"auto, (max-width: 106px) 100vw, 106px\" \/><\/a><\/p>\n<p><span style=\"text-decoration: underline;\"><strong>TALLER DE SHAKTI DANCE (EL IOGA DE LA DANSA)<\/strong><\/span><\/p>\n<p>Curs: de 1r a 6\u00e8<\/p>\n<p>Quan? Dissabte 25 d&#8217;abril de 10.30h a 12.30h<\/p>\n<p>Qui?: Raquel Alcayde, Professora de Shakti Dance i Fisioterapeuta pedi\u00e0trica.<\/p>\n<p>Preu: 5 \u20ac per persona (m\u00ednim un adult + un nen\/a)<\/p>\n<p><strong><a href=\"https:\/\/docs.google.com\/forms\/d\/e\/1FAIpQLSdW_X_9FmvSOVjawP_hqEB-JDSoIc6H59_12-XcE6OyhAz2pQ\/viewform?vc=0&amp;c=0&amp;w=1\">FORMULARI D&#8217;INSCRIPCI\u00d3 TALLER SHAKTI DANCE<\/a><\/strong><\/p>\n<p><a href=\"https:\/\/agora.xtec.cat\/ceipabatoliba\/wp-content\/uploads\/usu174\/2018\/09\/logo-AMPA.jpg\"><img loading=\"lazy\" decoding=\"async\" class=\"alignnone wp-image-1243\" src=\"https:\/\/agora.xtec.cat\/ceipabatoliba\/wp-content\/uploads\/usu174\/2018\/09\/logo-AMPA.jpg\" alt=\"\" width=\"106\" height=\"108\" srcset=\"https:\/\/agora.xtec.cat\/ceipabatoliba\/wp-content\/uploads\/usu174\/2018\/09\/logo-AMPA.jpg 380w, https:\/\/agora.xtec.cat\/ceipabatoliba\/wp-content\/uploads\/usu174\/2018\/09\/logo-AMPA-295x300.jpg 295w\" sizes=\"auto, (max-width: 106px) 100vw, 106px\" \/><\/a><\/p>\n","protected":false},"excerpt":{"rendered":"<p>Benvolgudes fam\u00edlies<br \/>\nLes activitats extraescolars comen\u00e7aran la setmana de l&#8217;1 d&#8217;octubre de 2019 i finalitzaran el 29 de maig de 2020<br \/>\nEn el seg\u00fcent link podeu descarregar el formulari d&#8217;inscripci\u00f3. Recordeu entregar-lo abans del 25 de Setembre.<br \/>\nPels cursos que el formulari on line segueix obert podeu continuar&hellip;  <a href=\"https:\/\/agora.xtec.cat\/ceipabatoliba\/serveis\/transport-escolar\/\" title=\"Read Extraescolar\">Llegeix m\u00e9s\u00bb<\/a><\/p>\n","protected":false},"author":2,"featured_media":0,"parent":66,"menu_order":40,"comment_status":"closed","ping_status":"closed","template":"page-templates\/side-menu.php","meta":{"_bbp_topic_count":0,"_bbp_reply_count":0,"_bbp_total_topic_count":0,"_bbp_total_reply_count":0,"_bbp_voice_count":0,"_bbp_anonymous_reply_count":0,"_bbp_topic_count_hidden":0,"_bbp_reply_count_hidden":0,"_bbp_forum_subforum_count":0,"footnotes":""},"class_list":["post-80","page","type-page","status-publish","hentry"],"post_mailing_queue_ids":[],"_links":{"self":[{"href":"https:\/\/agora.xtec.cat\/ceipabatoliba\/wp-json\/wp\/v2\/pages\/80","targetHints":{"allow":["GET"]}}],"collection":[{"href":"https:\/\/agora.xtec.cat\/ceipabatoliba\/wp-json\/wp\/v2\/pages"}],"about":[{"href":"https:\/\/agora.xtec.cat\/ceipabatoliba\/wp-json\/wp\/v2\/types\/page"}],"author":[{"embeddable":true,"href":"https:\/\/agora.xtec.cat\/ceipabatoliba\/wp-json\/wp\/v2\/users\/2"}],"replies":[{"embeddable":true,"href":"https:\/\/agora.xtec.cat\/ceipabatoliba\/wp-json\/wp\/v2\/comments?post=80"}],"version-history":[{"count":4,"href":"https:\/\/agora.xtec.cat\/ceipabatoliba\/wp-json\/wp\/v2\/pages\/80\/revisions"}],"predecessor-version":[{"id":1878,"href":"https:\/\/agora.xtec.cat\/ceipabatoliba\/wp-json\/wp\/v2\/pages\/80\/revisions\/1878"}],"up":[{"embeddable":true,"href":"https:\/\/agora.xtec.cat\/ceipabatoliba\/wp-json\/wp\/v2\/pages\/66"}],"wp:attachment":[{"href":"https:\/\/agora.xtec.cat\/ceipabatoliba\/wp-json\/wp\/v2\/media?parent=80"}],"curies":[{"name":"wp","href":"https:\/\/api.w.org\/{rel}","templated":true}]}}