{"id":38,"date":"2014-09-18T12:34:08","date_gmt":"2014-09-18T12:34:08","guid":{"rendered":"http:\/\/agora.xtec.cat\/ceipabatoliba\/?page_id=38"},"modified":"2018-09-03T19:11:19","modified_gmt":"2018-09-03T17:11:19","slug":"salut","status":"publish","type":"page","link":"https:\/\/agora.xtec.cat\/ceipabatoliba\/lescola\/salut\/","title":{"rendered":"Salut"},"content":{"rendered":"<h4>Indisposici\u00f3 i malalties infeccioses<\/h4>\n<p>Com m\u00e9s petits siguin els vostres fills quan van a l&#8217;escola, m\u00e9s gran \u00e9s la tend\u00e8ncia a patir malalties lleus amb s\u00edmptomes com febre, mal de panxa, etc. Si el mestre o la mestra detecta que l&#8217;estat de salut del vostre fill o filla dificulta el seguiment normal de les activitats contactar\u00e0 amb vosaltres perqu\u00e8 l&#8217;aneu a buscar. \u00c9s molt important que deixeu un tel\u00e8fon de contacte disponible durant l&#8217;horari escolar i que tingueu disponibilitat o una persona de contacte per anar-lo a buscar en cas de necessitat.<\/p>\n<p>Cal que a casa tamb\u00e9 treballeu les normes d&#8217;higiene habituals (rentar-se les mans despr\u00e9s d&#8217;anar al v\u00e0ter o abans de menjar, tapar-se la boca amb el colze a l&#8217;hora d&#8217;esternudar, no compartir utensilis personals, etc.) perqu\u00e8 els vostres fills les vagin incorporant com un h\u00e0bit.<\/p>\n<p>Els polls \u00e9s una causa de contagi repetitiu en els centres educatius per\u00f2 cal puntualitzar que els polls no salten ni volen, sin\u00f3 que passen d&#8217;un cap a l&#8217;altre per contacte dels cabells (tamb\u00e9 s&#8217;encomanen per l&#8217;intercanvi de pintes, raspalls, guarniments del cap, gorres, etc.).<\/p>\n<p>En cas que detecteu que els vostres fills tenen polls, \u00e9s important que ho comuniqueu r\u00e0pidament al centre.uan el centre rep la comunicaci\u00f3 d&#8217;una fam\u00edlia en qu\u00e8 afirma que el seu fill o filla t\u00e9 polls, o detecta la pres\u00e8ncia de polls a l&#8217;aula, ho comunica a totes les fam\u00edlies. Aquesta comunicaci\u00f3 \u00e9s molt important per prevenir el contagi perqu\u00e8 permet que totes les fam\u00edlies feu la mateixa actuaci\u00f3 alhora. Quan la rebeu, el que heu de fer a casa (el mateix dia) \u00e9s revisar els cabells dels vostres fills i de les persones que conviviu amb ells. Si es detecta la pres\u00e8ncia de polls en algun membre de la fam\u00edlia, cal que tots els que estiguin infectats inici\u00efn el tractament de seguida. Tingueu en compte que no \u00e9s recomanable l&#8217;\u00fas preventiu de productes insecticides; \u00e9s a dir, les persones de la vostra fam\u00edlia a les quals no se&#8217;ls detecta la pres\u00e8ncia de polls al cap no se&#8217;ls ha de posar en tractament.<\/p>\n<h4>Administraci\u00f3 de medicaments<\/h4>\n<p>En els centre p\u00fablics i en cas que sigui imprescindible que el vostre fill o filla hagi de rebre alguna medicaci\u00f3 durant l&#8217;horari escolar, caldr\u00e0 que els feu arribar una recepta o un informe del metge on consti el nom i cognoms del nen o de la nena, el nom del medicament i la pauta que s&#8217;ha de seguir (moment del dia i quantitat que ha de prendre). Aix\u00ed mateix, tamb\u00e9 haureu d&#8217;aportar un escrit on autoritzeu el personal del centre educatiu perqu\u00e8 li administri la medicaci\u00f3 receptada.<\/p>\n<div>M\u00e9s informaci\u00f3n a\u00a0<a title=\"Fam\u00edlia i Escola\" href=\"http:\/\/familiaiescola.gencat.cat\/ca\" target=\"_blank\" rel=\"noopener\">Familia i Escola<\/a>\u00a0i a\u00a0<a title=\"Canal Salut\" href=\"http:\/\/canalsalut.gencat.cat\/ca\" target=\"_blank\" rel=\"noopener\">Canal Salut<\/a><\/div>\n<div><\/div>\n<ul>\n<li>Podeu<a href=\"http:\/\/agora.xtec.cat\/ceipabatoliba\/docs\/autoritzacio-administracio-de-medicaments\/\" target=\"_blank\" rel=\"noopener\"><strong> descarregar el full d&#8217;autoritzaci\u00f3\u00a0 administraci\u00f3 de medicaments<\/strong><\/a><\/li>\n<\/ul>\n<div><\/div>\n<div><strong>\u00a0 \u00a0 \u00a0 \u00a0<\/strong><\/div>\n<div><\/div>\n<div><\/div>\n<div><\/div>\n<div><\/div>\n<div><\/div>\n<div><\/div>\n<div class=\"FW_sEditPro\"><\/div>\n<p>&nbsp;<\/p>\n<p>&nbsp;<\/p>\n<p>&nbsp;<\/p>\n<p>&nbsp;<\/p>\n","protected":false},"excerpt":{"rendered":"<p>Indisposici\u00f3 i malalties infeccioses<br \/>\nCom m\u00e9s petits siguin els vostres fills quan van a l&#8217;escola, m\u00e9s gran \u00e9s la tend\u00e8ncia a patir malalties lleus amb s\u00edmptomes com febre, mal de panxa, etc. Si el mestre o la mestra detecta que l&#8217;estat de salut del vostre fill&hellip;  <a href=\"https:\/\/agora.xtec.cat\/ceipabatoliba\/lescola\/salut\/\" title=\"Read Salut\">Llegeix m\u00e9s\u00bb<\/a><\/p>\n","protected":false},"author":2,"featured_media":0,"parent":22,"menu_order":80,"comment_status":"closed","ping_status":"closed","template":"page-templates\/side-menu.php","meta":{"_bbp_topic_count":0,"_bbp_reply_count":0,"_bbp_total_topic_count":0,"_bbp_total_reply_count":0,"_bbp_voice_count":0,"_bbp_anonymous_reply_count":0,"_bbp_topic_count_hidden":0,"_bbp_reply_count_hidden":0,"_bbp_forum_subforum_count":0,"footnotes":""},"class_list":["post-38","page","type-page","status-publish","hentry"],"post_mailing_queue_ids":[],"_links":{"self":[{"href":"https:\/\/agora.xtec.cat\/ceipabatoliba\/wp-json\/wp\/v2\/pages\/38","targetHints":{"allow":["GET"]}}],"collection":[{"href":"https:\/\/agora.xtec.cat\/ceipabatoliba\/wp-json\/wp\/v2\/pages"}],"about":[{"href":"https:\/\/agora.xtec.cat\/ceipabatoliba\/wp-json\/wp\/v2\/types\/page"}],"author":[{"embeddable":true,"href":"https:\/\/agora.xtec.cat\/ceipabatoliba\/wp-json\/wp\/v2\/users\/2"}],"replies":[{"embeddable":true,"href":"https:\/\/agora.xtec.cat\/ceipabatoliba\/wp-json\/wp\/v2\/comments?post=38"}],"version-history":[{"count":4,"href":"https:\/\/agora.xtec.cat\/ceipabatoliba\/wp-json\/wp\/v2\/pages\/38\/revisions"}],"predecessor-version":[{"id":1219,"href":"https:\/\/agora.xtec.cat\/ceipabatoliba\/wp-json\/wp\/v2\/pages\/38\/revisions\/1219"}],"up":[{"embeddable":true,"href":"https:\/\/agora.xtec.cat\/ceipabatoliba\/wp-json\/wp\/v2\/pages\/22"}],"wp:attachment":[{"href":"https:\/\/agora.xtec.cat\/ceipabatoliba\/wp-json\/wp\/v2\/media?parent=38"}],"curies":[{"name":"wp","href":"https:\/\/api.w.org\/{rel}","templated":true}]}}