{"id":316,"date":"2016-10-11T11:25:36","date_gmt":"2016-10-11T10:25:36","guid":{"rendered":"http:\/\/agora.xtec.cat\/ceipabatoliba\/?page_id=316"},"modified":"2016-10-11T11:34:42","modified_gmt":"2016-10-11T10:34:42","slug":"horari-datencio-al-public","status":"publish","type":"page","link":"https:\/\/agora.xtec.cat\/ceipabatoliba\/lescola\/horari-datencio-al-public\/","title":{"rendered":"Horari d&#8217;atenci\u00f3 al p\u00fablic"},"content":{"rendered":"<h3>Horari Direcci\u00f3<\/h3>\n<p>Dilluns de 15.00 a 16.30 h i dijous de 15.00 a 16.30 h (es prega cita pr\u00e8via).<\/p>\n<h3>Horari Cap d\u2019Estudis<\/h3>\n<p>Dimecres de 9.00 a 10.00 h<\/p>\n<h3>Horari Secretari<\/h3>\n<p>Dimarts de 11.30 a 12.30 h i dijous de 15.00 a 16.30 h<\/p>\n<h3>Horari Administrativa<\/h3>\n<p>Dilluns i dimecres de 9 a 12.30 h i de 15 a 16.30 h<\/p>\n<p>Divendres de 9 a 12.30 h<span id=\"transmark\" style=\"display: none; width: 0px; height: 0px;\"><\/span><\/p>\n<p><strong>Tel\u00e8fon i correu electr\u00f2nic<br \/>\n<\/strong><\/p>\n<p><strong>93 857 01 62<\/strong><\/p>\n<p><strong><a href=\"mailto:ceipabatoliba@xtec.cat\">ceipabatoliba@xtec.cat<\/a> <\/strong><\/p>\n","protected":false},"excerpt":{"rendered":"<p>Horari Direcci\u00f3<br \/>\nDilluns de 15.00 a 16.30 h i dijous de 15.00 a 16.30 h (es prega cita pr\u00e8via).<br \/>\nHorari Cap d\u2019Estudis<br \/>\nDimecres de 9.00 a 10.00 h<br \/>\nHorari Secretari<br \/>\nDimarts de 11.30 a 12.30 h i dijous de 15.00 a 16.30 h<br \/>\nHorari Administrativa<br \/>\nDilluns i dimecres de 9 a 12.30&hellip;  <a href=\"https:\/\/agora.xtec.cat\/ceipabatoliba\/lescola\/horari-datencio-al-public\/\" title=\"Read Horari d&#8217;atenci\u00f3 al p\u00fablic\">Llegeix m\u00e9s\u00bb<\/a><\/p>\n","protected":false},"author":1,"featured_media":0,"parent":22,"menu_order":0,"comment_status":"closed","ping_status":"closed","template":"page-templates\/side-menu.php","meta":{"_bbp_topic_count":0,"_bbp_reply_count":0,"_bbp_total_topic_count":0,"_bbp_total_reply_count":0,"_bbp_voice_count":0,"_bbp_anonymous_reply_count":0,"_bbp_topic_count_hidden":0,"_bbp_reply_count_hidden":0,"_bbp_forum_subforum_count":0,"footnotes":""},"class_list":["post-316","page","type-page","status-publish","hentry"],"post_mailing_queue_ids":[],"_links":{"self":[{"href":"https:\/\/agora.xtec.cat\/ceipabatoliba\/wp-json\/wp\/v2\/pages\/316","targetHints":{"allow":["GET"]}}],"collection":[{"href":"https:\/\/agora.xtec.cat\/ceipabatoliba\/wp-json\/wp\/v2\/pages"}],"about":[{"href":"https:\/\/agora.xtec.cat\/ceipabatoliba\/wp-json\/wp\/v2\/types\/page"}],"author":[{"embeddable":true,"href":"https:\/\/agora.xtec.cat\/ceipabatoliba\/wp-json\/wp\/v2\/users\/1"}],"replies":[{"embeddable":true,"href":"https:\/\/agora.xtec.cat\/ceipabatoliba\/wp-json\/wp\/v2\/comments?post=316"}],"version-history":[{"count":3,"href":"https:\/\/agora.xtec.cat\/ceipabatoliba\/wp-json\/wp\/v2\/pages\/316\/revisions"}],"predecessor-version":[{"id":319,"href":"https:\/\/agora.xtec.cat\/ceipabatoliba\/wp-json\/wp\/v2\/pages\/316\/revisions\/319"}],"up":[{"embeddable":true,"href":"https:\/\/agora.xtec.cat\/ceipabatoliba\/wp-json\/wp\/v2\/pages\/22"}],"wp:attachment":[{"href":"https:\/\/agora.xtec.cat\/ceipabatoliba\/wp-json\/wp\/v2\/media?parent=316"}],"curies":[{"name":"wp","href":"https:\/\/api.w.org\/{rel}","templated":true}]}}