{"id":30,"date":"2014-09-18T12:30:23","date_gmt":"2014-09-18T12:30:23","guid":{"rendered":"http:\/\/agora.xtec.cat\/ceipabatoliba\/?page_id=30"},"modified":"2016-10-03T14:59:53","modified_gmt":"2016-10-03T13:59:53","slug":"instal%c2%b7lacions","status":"publish","type":"page","link":"https:\/\/agora.xtec.cat\/ceipabatoliba\/lescola\/instal%c2%b7lacions\/","title":{"rendered":"Instal\u00b7lacions"},"content":{"rendered":"<p>&nbsp;<\/p>\n<h5><span style=\"font-size: small;\">L&#8217;escola\u00a0Abat Oliba \u00e9s una escola \u00e0mplia i assolellada que ja ha complert m\u00e9s de 40 anys.<br \/>\nConsta de dos edificis: un per als cursos de Prim\u00e0ria i l&#8217;altre per als m\u00e9s menuts d&#8217;Educaci\u00f3 Infantil. Cada edifici t\u00e9 el seu propi pati amb elements de joc caracter\u00edstics a cada edat.<\/span><\/h5>\n<h6 align=\"left\"><\/h6>\n<p align=\"left\">\r\n\t<div class=\"slideshow_container slideshow_container_style-light\" style=\"height: 200px; \" data-slideshow-id=\"142\" data-style-name=\"style-light\" data-style-version=\"2.3.1\" >\r\n\r\n\t\t\t\t\t<div class=\"slideshow_loading_icon\"><\/div>\r\n\t\t\r\n\t\t<div class=\"slideshow_content\" style=\"display: none;\">\r\n\r\n\t\t\t<div class=\"slideshow_view\">\r\n\t\t\t\t<div class=\"slideshow_slide slideshow_slide_image\">\r\n\t\t\t\t\t\t\t\t\t\t\t<img src=\"https:\/\/agora.xtec.cat\/ceipabatoliba\/wp-content\/uploads\/usu174\/2014\/09\/exemple1b.png\" alt=\"Imatge 1\" width=\"350\" height=\"250\" \/>\r\n\t\t\t\t\t\t\t\t\t\t<div class=\"slideshow_description_box slideshow_transparent\">\r\n\t\t\t\t\t\t<div class=\"slideshow_title\">Imatge 1<\/div>\t\t\t\t\t\t\t\t\t\t\t<\/div>\r\n\t\t\t\t<\/div>\r\n\r\n\t\t\t\t\t\t\r\n\t\t\t\t<div class=\"slideshow_slide slideshow_slide_image\">\r\n\t\t\t\t\t\t\t\t\t\t\t<img src=\"https:\/\/agora.xtec.cat\/ceipabatoliba\/wp-content\/uploads\/usu174\/2014\/09\/exemple3.png\" alt=\"Imatge 2\" width=\"800\" height=\"600\" \/>\r\n\t\t\t\t\t\t\t\t\t\t<div class=\"slideshow_description_box slideshow_transparent\">\r\n\t\t\t\t\t\t<div class=\"slideshow_title\">Imatge 2<\/div>\t\t\t\t\t\t\t\t\t\t\t<\/div>\r\n\t\t\t\t<\/div>\r\n\r\n\t\t\t\t\t\t<div style=\"clear: both;\"><\/div><\/div><div class=\"slideshow_view\">\r\n\t\t\t\t<div class=\"slideshow_slide slideshow_slide_image\">\r\n\t\t\t\t\t\t\t\t\t\t\t<img src=\"https:\/\/agora.xtec.cat\/ceipabatoliba\/wp-content\/uploads\/usu174\/2014\/09\/exemple3b.png\" alt=\"Imatge 3\" width=\"800\" height=\"600\" \/>\r\n\t\t\t\t\t\t\t\t\t\t<div class=\"slideshow_description_box slideshow_transparent\">\r\n\t\t\t\t\t\t<div class=\"slideshow_title\">Imatge 3<\/div>\t\t\t\t\t\t\t\t\t\t\t<\/div>\r\n\t\t\t\t<\/div>\r\n\r\n\t\t\t\t\t\t<div style=\"clear: both;\"><\/div><\/div>\r\n\t\t<\/div>\r\n\r\n\t\t<div class=\"slideshow_controlPanel slideshow_transparent\" style=\"display: none;\"><ul><li class=\"slideshow_togglePlay\" data-play-text=\"Visualitza\" data-pause-text=\"Pausa\"><\/li><\/ul><\/div>\r\n\r\n\t\t<div class=\"slideshow_button slideshow_previous slideshow_transparent\" role=\"button\" data-previous-text=\"Anterior\" style=\"display: none;\"><\/div>\r\n\t\t<div class=\"slideshow_button slideshow_next slideshow_transparent\" role=\"button\" data-next-text=\"Seg\u00fcent\" style=\"display: none;\"><\/div>\r\n\r\n\t\t<div class=\"slideshow_pagination\" style=\"display: none;\" data-go-to-text=\"V\u00e9s a la diapositiva\"><div class=\"slideshow_pagination_center\"><\/div><\/div>\r\n\r\n\t\t<!-- WordPress Slideshow Version 2.3.1 -->\r\n\r\n\t\t\t<\/div>\r\n\r\n<\/p>\n<p align=\"left\">L&#8217;escola disposa tamb\u00e9 de:<\/p>\n<ul>\n<li>Biblioteca amb m\u00e9s de 7000 volums<\/li>\n<li>Aula d&#8217;inform\u00e0tica i ordinadors port\u00e0tils connectats en xarxa i a Internet<\/li>\n<li>Pissares digitals interactives (PDI)\u00a0a\u00a0totes les\u00a0aules<\/li>\n<li>Material\u00a0de ci\u00e8ncies a cada cicle per al treball experimental<\/li>\n<li>Aula de m\u00fasica<\/li>\n<li>Gimn\u00e0s ampli i complet<\/li>\n<li>Pista poliesportiva<\/li>\n<li>Menjador escolar amb cuina propia gestionada directament per l&#8217;AMPA<\/li>\n<li>Accessos adaptats i ascensor<\/li>\n<li>Espais amplis, interiors i exteriors, que possibiliten agrupaments puntuals i flexibles<\/li>\n<\/ul>\n<p>El Consell Escolar del centre vetlla per una cont\u00ednua adequaci\u00f3 dels espais. L&#8217;Ajuntament n&#8217;assumeix el manteniment d&#8217;acord amb el Departament d&#8217;Ensenyament de la Generalitat de Catalunya.<\/p>\n","protected":false},"excerpt":{"rendered":"<p>&nbsp;<br \/>\nL&#8217;escola\u00a0Abat Oliba \u00e9s una escola \u00e0mplia i assolellada que ja ha complert m\u00e9s de 40 anys.<br \/>\nConsta de dos edificis: un per als cursos de Prim\u00e0ria i l&#8217;altre per als m\u00e9s menuts d&#8217;Educaci\u00f3 Infantil. Cada edifici t\u00e9 el seu propi pati amb elements de joc caracter\u00edstics&hellip;  <a href=\"https:\/\/agora.xtec.cat\/ceipabatoliba\/lescola\/instal%c2%b7lacions\/\" title=\"Read Instal\u00b7lacions\">Llegeix m\u00e9s\u00bb<\/a><\/p>\n","protected":false},"author":2,"featured_media":0,"parent":22,"menu_order":40,"comment_status":"closed","ping_status":"closed","template":"page-templates\/side-menu.php","meta":{"_bbp_topic_count":0,"_bbp_reply_count":0,"_bbp_total_topic_count":0,"_bbp_total_reply_count":0,"_bbp_voice_count":0,"_bbp_anonymous_reply_count":0,"_bbp_topic_count_hidden":0,"_bbp_reply_count_hidden":0,"_bbp_forum_subforum_count":0,"footnotes":""},"class_list":["post-30","page","type-page","status-publish","hentry"],"post_mailing_queue_ids":[],"_links":{"self":[{"href":"https:\/\/agora.xtec.cat\/ceipabatoliba\/wp-json\/wp\/v2\/pages\/30","targetHints":{"allow":["GET"]}}],"collection":[{"href":"https:\/\/agora.xtec.cat\/ceipabatoliba\/wp-json\/wp\/v2\/pages"}],"about":[{"href":"https:\/\/agora.xtec.cat\/ceipabatoliba\/wp-json\/wp\/v2\/types\/page"}],"author":[{"embeddable":true,"href":"https:\/\/agora.xtec.cat\/ceipabatoliba\/wp-json\/wp\/v2\/users\/2"}],"replies":[{"embeddable":true,"href":"https:\/\/agora.xtec.cat\/ceipabatoliba\/wp-json\/wp\/v2\/comments?post=30"}],"version-history":[{"count":3,"href":"https:\/\/agora.xtec.cat\/ceipabatoliba\/wp-json\/wp\/v2\/pages\/30\/revisions"}],"predecessor-version":[{"id":178,"href":"https:\/\/agora.xtec.cat\/ceipabatoliba\/wp-json\/wp\/v2\/pages\/30\/revisions\/178"}],"up":[{"embeddable":true,"href":"https:\/\/agora.xtec.cat\/ceipabatoliba\/wp-json\/wp\/v2\/pages\/22"}],"wp:attachment":[{"href":"https:\/\/agora.xtec.cat\/ceipabatoliba\/wp-json\/wp\/v2\/media?parent=30"}],"curies":[{"name":"wp","href":"https:\/\/api.w.org\/{rel}","templated":true}]}}