{"id":28,"date":"2014-09-18T12:29:35","date_gmt":"2014-09-18T12:29:35","guid":{"rendered":"http:\/\/agora.xtec.cat\/ceipabatoliba\/?page_id=28"},"modified":"2018-08-30T13:54:49","modified_gmt":"2018-08-30T11:54:49","slug":"consell-escolar","status":"publish","type":"page","link":"https:\/\/agora.xtec.cat\/ceipabatoliba\/lescola\/consell-escolar\/","title":{"rendered":"Consell escolar"},"content":{"rendered":"<p style=\"color: #444444;\">El consell escolar \u00e9s l&#8217;\u00f2rgan de participaci\u00f3 dels diferents sectors de la comunitat educativa en el govern dels centres.<\/p>\n<p style=\"color: #444444;\">El formen els representants de tota la comunitat educativa, \u00e9s a dir, direcci\u00f3, professors, alumnes, fam\u00edlies, personal d&#8217;administraci\u00f3 i serveis, representant de l&#8217;administraci\u00f3 local i altres persones que el mateix consell consideri necess\u00e0ries.<\/p>\n<p style=\"color: #444444;\">La funci\u00f3 principal del consell escolar \u00e9s participar en la presa de decisions en relaci\u00f3 amb aquells temes importants per al funcionament i l&#8217;organitzaci\u00f3 del centre: el projecte educatiu, la programaci\u00f3 general, la gesti\u00f3 econ\u00f2mica, etc.<\/p>\n<p>Els representants del consell escolar s\u00f3n escollits per un per\u00edode de quatre anys, per\u00f2 cada dos anys es convoquen eleccions per renovar la meitat dels seus membres.<\/p>\n<p>Les eleccions per a la renovaci\u00f3 del consell escolar les convoca el director del centre p\u00fablic o la persona titular del centre privat concertat.<\/p>\n<p>Les vacants del consell escolar s&#8217;ocupen segons els resultats de les eleccions. Si un membre deixa el consell, passar\u00e0 a ocupar el seu lloc la seg\u00fcent candidatura m\u00e9s votada en les darreres eleccions. Si no hi ha m\u00e9s candidats per cobrir la pla\u00e7a, queda vacant fins a la propera renovaci\u00f3 del consell escolar.<\/p>\n<p>Actualment est\u00e0 format pels seg\u00fcents representants:<\/p>\n<table>\n<tbody>\n<tr>\n<td>Presidenta<\/td>\n<td>L\u00eddia Vi\u00f1als Serra<\/td>\n<\/tr>\n<tr>\n<td>Cap d&#8217;Estudis<\/td>\n<td>Rosa Montero Comas<\/td>\n<\/tr>\n<tr>\n<td>Representant Ajuntament<\/td>\n<td>Marta Colom Serra<\/td>\n<\/tr>\n<tr>\n<td>Representants pares i mares<\/td>\n<td>\n<ul>\n<li>N\u00faria Erra Yuste<\/li>\n<li>Mireia Espona Tirao<\/li>\n<li>Pilar Oller Puig<\/li>\n<li>N\u00faria Roma Verg\u00e9s<\/li>\n<li>Jacint Xandri Cirera<\/li>\n<\/ul>\n<\/td>\n<\/tr>\n<tr>\n<td>Representant PAS<\/td>\n<td>N\u00faria Quintana Gallach<\/td>\n<\/tr>\n<tr>\n<td>Representants professorat<\/td>\n<td>\n<ul>\n<li>M\u00edriam Boix<\/li>\n<li>Josep Llu\u00eds Font Sol\u00e0<\/li>\n<li>Teresa Turet<\/li>\n<li>Rosa Fossas<\/li>\n<li><\/li>\n<\/ul>\n<\/td>\n<\/tr>\n<tr>\n<td>Representant AMPA<\/td>\n<td>Assumpta Torrents<\/td>\n<\/tr>\n<tr>\n<td>Secretari<\/td>\n<td>Dolors Serrabasa Punt\u00ed<\/td>\n<\/tr>\n<\/tbody>\n<\/table>\n<p>&nbsp;<\/p>\n","protected":false},"excerpt":{"rendered":"<p>El consell escolar \u00e9s l&#8217;\u00f2rgan de participaci\u00f3 dels diferents sectors de la comunitat educativa en el govern dels centres.<br \/>\nEl formen els representants de tota la comunitat educativa, \u00e9s a dir, direcci\u00f3, professors, alumnes, fam\u00edlies, personal d&#8217;administraci\u00f3 i serveis, representant de l&#8217;administraci\u00f3 local i altres persones&hellip;  <a href=\"https:\/\/agora.xtec.cat\/ceipabatoliba\/lescola\/consell-escolar\/\" title=\"Read Consell escolar\">Llegeix m\u00e9s\u00bb<\/a><\/p>\n","protected":false},"author":2,"featured_media":0,"parent":22,"menu_order":30,"comment_status":"closed","ping_status":"closed","template":"page-templates\/side-menu.php","meta":{"_bbp_topic_count":0,"_bbp_reply_count":0,"_bbp_total_topic_count":0,"_bbp_total_reply_count":0,"_bbp_voice_count":0,"_bbp_anonymous_reply_count":0,"_bbp_topic_count_hidden":0,"_bbp_reply_count_hidden":0,"_bbp_forum_subforum_count":0,"footnotes":""},"class_list":["post-28","page","type-page","status-publish","hentry"],"post_mailing_queue_ids":[],"_links":{"self":[{"href":"https:\/\/agora.xtec.cat\/ceipabatoliba\/wp-json\/wp\/v2\/pages\/28","targetHints":{"allow":["GET"]}}],"collection":[{"href":"https:\/\/agora.xtec.cat\/ceipabatoliba\/wp-json\/wp\/v2\/pages"}],"about":[{"href":"https:\/\/agora.xtec.cat\/ceipabatoliba\/wp-json\/wp\/v2\/types\/page"}],"author":[{"embeddable":true,"href":"https:\/\/agora.xtec.cat\/ceipabatoliba\/wp-json\/wp\/v2\/users\/2"}],"replies":[{"embeddable":true,"href":"https:\/\/agora.xtec.cat\/ceipabatoliba\/wp-json\/wp\/v2\/comments?post=28"}],"version-history":[{"count":4,"href":"https:\/\/agora.xtec.cat\/ceipabatoliba\/wp-json\/wp\/v2\/pages\/28\/revisions"}],"predecessor-version":[{"id":1191,"href":"https:\/\/agora.xtec.cat\/ceipabatoliba\/wp-json\/wp\/v2\/pages\/28\/revisions\/1191"}],"up":[{"embeddable":true,"href":"https:\/\/agora.xtec.cat\/ceipabatoliba\/wp-json\/wp\/v2\/pages\/22"}],"wp:attachment":[{"href":"https:\/\/agora.xtec.cat\/ceipabatoliba\/wp-json\/wp\/v2\/media?parent=28"}],"curies":[{"name":"wp","href":"https:\/\/api.w.org\/{rel}","templated":true}]}}