{"id":26,"date":"2014-09-18T12:24:32","date_gmt":"2014-09-18T12:24:32","guid":{"rendered":"http:\/\/agora.xtec.cat\/ceipabatoliba\/?page_id=26"},"modified":"2015-07-12T16:01:02","modified_gmt":"2015-07-12T15:01:02","slug":"historia","status":"publish","type":"page","link":"https:\/\/agora.xtec.cat\/ceipabatoliba\/lescola\/historia\/","title":{"rendered":"Hist\u00f2ria"},"content":{"rendered":"<table border=\"0\" width=\"100%\" cellspacing=\"0\" cellpadding=\"0\">\n<tbody>\n<tr>\n<td width=\"155\"><img loading=\"lazy\" decoding=\"async\" src=\"http:\/\/xtec.cat\/ceipabatoliba\/imatges\/hist1.jpg\" alt=\"\" width=\"147\" height=\"94\" \/><\/p>\n<p><img loading=\"lazy\" decoding=\"async\" src=\"http:\/\/xtec.cat\/ceipabatoliba\/imatges\/hist2.jpg\" alt=\"\" width=\"147\" height=\"94\" \/><\/td>\n<td>\n<p class=\"ajustat\" align=\"left\"><span style=\"font-size: small;\"><span class=\"ajustat\">L&#8217;escola\u00a0ABAT OLIBA es va inaugurar el setembre de l&#8217;any 1974.<\/span><\/span><\/p>\n<p class=\"ajustat\"><span style=\"font-size: small;\">S&#8217;havia construit a Sant Hip\u00f2lit per acollir l&#8217;alumnat del poble i tamb\u00e9 la segona etapa de l&#8217;EGB de tota la zona del Voltregan\u00e8s. Era una escola de les anomenades de concentraci\u00f3.<\/span><\/p>\n<p class=\"ajustat\"><span style=\"font-size: small;\">Aquest centre absorbia la petita escola p\u00fablica de 4 unitats &#8220;Marquesos de Palmerola&#8221;. Sota la direcci\u00f3 de la Sra. Rosa Basa i amb una plantilla de 8 mestres comen\u00e7\u00e0 el seu cam\u00ed. <\/span><\/p>\n<\/td>\n<\/tr>\n<\/tbody>\n<\/table>\n<p>&nbsp;<\/p>\n<table border=\"0\" width=\"100%\" cellspacing=\"0\" cellpadding=\"0\">\n<tbody>\n<tr>\n<td>\n<p class=\"ajustat\"><span style=\"font-size: small;\">Si b\u00e9 aquell primer curs tenia al voltant de 200 alumnes, any rera any s&#8217;an\u00e0 incrementat aquesta xifra fins a fregar el mig miler d&#8217;alumnes als anys vuitanta.<\/span><\/p>\n<p class=\"ajustat\"><span style=\"font-size: small;\">Tot i que el centre havia estat dissenyat per a una sola l\u00ednia d&#8217;ensenyament, en la major part dels gaireb\u00e9 25 anys de la seva hist\u00f2ria, n&#8217;ha tingut dues en funcionament.<\/span><\/p>\n<\/td>\n<td align=\"right\" width=\"285\"><img loading=\"lazy\" decoding=\"async\" src=\"http:\/\/xtec.cat\/ceipabatoliba\/imatges\/hist3.jpg\" alt=\"\" width=\"280\" height=\"209\" \/><\/td>\n<\/tr>\n<\/tbody>\n<\/table>\n<p class=\"ajustat\"><span style=\"font-size: small;\">Aix\u00ed ben aviat es va aixecar un edifici annex per albergar els\/les alumnes de parvulari. M\u00e9s endavant es van haver d&#8217;adequar espais com passadissos, biblioteca o el mateix gimn\u00e0s per a aules.<\/span><\/p>\n<table border=\"0\" width=\"100%\" cellspacing=\"0\" cellpadding=\"0\">\n<tbody>\n<tr>\n<td width=\"285\"><img loading=\"lazy\" decoding=\"async\" src=\"http:\/\/xtec.cat\/ceipabatoliba\/imatges\/hist4.jpg\" alt=\"\" width=\"280\" height=\"209\" \/><\/td>\n<td>\n<p class=\"ajustat\"><span style=\"font-size: small;\">De mica en mica es van anar dotant les instal\u00b7lacions amb materials i recursos que han fet possible gaudir d&#8217; uns bons serveis. Aix\u00f2 ha estat possible gr\u00e0cies al treball del Claustre de professors i professores, l&#8217;Associaci\u00f3 de Mares i Pares, l&#8217;Equip Directiu, els ajuntaments del Voltregan\u00e8s i el Departament d&#8217;Ensenyament.<\/span><\/p>\n<\/td>\n<\/tr>\n<\/tbody>\n<\/table>\n<p>&nbsp;<\/p>\n<table border=\"0\" width=\"100%\" cellspacing=\"0\" cellpadding=\"0\">\n<tbody>\n<tr>\n<td>\n<p class=\"ajustat\"><span style=\"font-size: small;\">L&#8217;escola com a entitat viva que creix, tant en nombre d&#8217;alumnes i mestres com en prestigi, fa l&#8217;esfor\u00e7 d&#8217;adaptar-se als nous temps. Es posen en marxa programes educatius renovadors, es fa l&#8217;ensenyament en catal\u00e0 i s&#8217;organitzen activitats motivadores per a l&#8217;alumnat -col\u00f2nies, jornades ecol\u00f2giques, setmana cultural-. Es col\u00b7labora amb l&#8217;AMPA per posar en funcionament un seguit d&#8217;activitats extraescolars, celebracions de festes populars i caminades amb la participaci\u00f3 de tota la comunitat educativa&#8230;<\/span><\/p>\n<\/td>\n<td align=\"right\" valign=\"top\" width=\"285\"><img loading=\"lazy\" decoding=\"async\" src=\"http:\/\/xtec.cat\/ceipabatoliba\/imatges\/hist5.jpg\" alt=\"\" width=\"280\" height=\"209\" \/><\/td>\n<\/tr>\n<\/tbody>\n<\/table>\n<p class=\"ajustat\"><span style=\"font-size: small;\">I \u00e9s amb aquest esperit de progr\u00e9s que es va aconseguir la implantaci\u00f3 de l&#8217;ensenyament secundari obligatori al Voltregan\u00e8s. L&#8217;esfor\u00e7 conjunt de pares, mestres i representants municipals va fer posible l&#8217;any 2003, la creaci\u00f3 de l&#8217;IES del Voltregan\u00e8s, utilitzant les depend\u00e8ncies del Centre C\u00edvic Sant Jordi de les Masies de Voltreg\u00e0 i que va culminar l&#8217;any 2007 amb la inaguraci\u00f3 del nou institut, en els terrenys que originalment s&#8217;hi havien destinat. <\/span><\/p>\n<p class=\"ajustat\"><span style=\"font-size: small;\">L&#8217; escola Abat Oliba mira endavant amb il\u00b7lusi\u00f3 i esperan\u00e7a i amb el ferm prop\u00f2sit de seguir sent una entitat educadora ben arrelada al seu entorn. Una escola que cada dia obre les portes a tothom i on els infants en s\u00f3n els principals protagonistes.<\/span><\/p>\n","protected":false},"excerpt":{"rendered":"<p>L&#8217;escola\u00a0ABAT OLIBA es va inaugurar el setembre de l&#8217;any 1974.<br \/>\nS&#8217;havia construit a Sant Hip\u00f2lit per acollir l&#8217;alumnat del poble i tamb\u00e9 la segona etapa de l&#8217;EGB de tota la zona del Voltregan\u00e8s. Era una escola de les anomenades de concentraci\u00f3.<br \/>\nAquest centre absorbia la petita escola&hellip;  <a href=\"https:\/\/agora.xtec.cat\/ceipabatoliba\/lescola\/historia\/\" title=\"Read Hist\u00f2ria\">Llegeix m\u00e9s\u00bb<\/a><\/p>\n","protected":false},"author":2,"featured_media":0,"parent":22,"menu_order":20,"comment_status":"closed","ping_status":"closed","template":"page-templates\/side-menu.php","meta":{"_bbp_topic_count":0,"_bbp_reply_count":0,"_bbp_total_topic_count":0,"_bbp_total_reply_count":0,"_bbp_voice_count":0,"_bbp_anonymous_reply_count":0,"_bbp_topic_count_hidden":0,"_bbp_reply_count_hidden":0,"_bbp_forum_subforum_count":0,"footnotes":""},"class_list":["post-26","page","type-page","status-publish","hentry"],"post_mailing_queue_ids":[],"_links":{"self":[{"href":"https:\/\/agora.xtec.cat\/ceipabatoliba\/wp-json\/wp\/v2\/pages\/26","targetHints":{"allow":["GET"]}}],"collection":[{"href":"https:\/\/agora.xtec.cat\/ceipabatoliba\/wp-json\/wp\/v2\/pages"}],"about":[{"href":"https:\/\/agora.xtec.cat\/ceipabatoliba\/wp-json\/wp\/v2\/types\/page"}],"author":[{"embeddable":true,"href":"https:\/\/agora.xtec.cat\/ceipabatoliba\/wp-json\/wp\/v2\/users\/2"}],"replies":[{"embeddable":true,"href":"https:\/\/agora.xtec.cat\/ceipabatoliba\/wp-json\/wp\/v2\/comments?post=26"}],"version-history":[{"count":2,"href":"https:\/\/agora.xtec.cat\/ceipabatoliba\/wp-json\/wp\/v2\/pages\/26\/revisions"}],"predecessor-version":[{"id":175,"href":"https:\/\/agora.xtec.cat\/ceipabatoliba\/wp-json\/wp\/v2\/pages\/26\/revisions\/175"}],"up":[{"embeddable":true,"href":"https:\/\/agora.xtec.cat\/ceipabatoliba\/wp-json\/wp\/v2\/pages\/22"}],"wp:attachment":[{"href":"https:\/\/agora.xtec.cat\/ceipabatoliba\/wp-json\/wp\/v2\/media?parent=26"}],"curies":[{"name":"wp","href":"https:\/\/api.w.org\/{rel}","templated":true}]}}