{"id":9312,"date":"2023-01-11T13:17:48","date_gmt":"2023-01-11T12:17:48","guid":{"rendered":"https:\/\/agora.xtec.cat\/ceipabatmarcet\/?page_id=9312"},"modified":"2023-06-23T09:49:23","modified_gmt":"2023-06-23T07:49:23","slug":"objectius-planificacio-i-avaluacio-de-ledc","status":"publish","type":"page","link":"https:\/\/agora.xtec.cat\/ceipabatmarcet\/estrategia-digital-de-centre\/part-estrategica\/objectius-planificacio-i-avaluacio-de-ledc\/","title":{"rendered":"Objectius, Planificaci\u00f3 i Avaluaci\u00f3 de l&#8217;EDC"},"content":{"rendered":"<h4>Objectius <em>(aprovada pel Consell Escolar a 9 de juny de 2023)<\/em><\/h4>\n<p>Despr\u00e9s de fer la diagnosi i detectar els punts fort i febles, la Comissi\u00f3 Digital de Centre conjuntament amb l&#8217;equip directiu han establert les l\u00ednies estrat\u00e8giques per abordar tots els aspectes digitals que corresponen al centre els propers cursos.<\/p>\n<h4>S&#8217;han establert els seg\u00fcents objectius:<\/h4>\n<p><iframe style=\"height: 800px; width: 100%;\" src=\"https:\/\/docs.google.com\/spreadsheets\/d\/e\/2PACX-1vRXOn4hmxeAz_3rqRH52Vu4nPU-5jbVhp2piWv-s2GQhCcE8s9A6XvPIi1tNQTEYGKFhTxGU6Clroa4\/pubhtml?widget=true&amp;headers=false\"><span data-mce-type=\"bookmark\" style=\"display: inline-block; width: 0px; overflow: hidden; line-height: 0;\" class=\"mce_SELRES_start\">\ufeff<\/span><span data-mce-type=\"bookmark\" style=\"display: inline-block; width: 0px; overflow: hidden; line-height: 0;\" class=\"mce_SELRES_start\">\ufeff<\/span><\/iframe><\/p>\n<h3>Planificaci\u00f3<\/h3>\n<p>Cadascun dels objectius t\u00e9 associats una s\u00e8rie d&#8217;activitats que concreten la manera d&#8217;assolir-los.<\/p>\n<h3>Avaluaci\u00f3<\/h3>\n<p>Les activitats i els objectius tenen una s\u00e8rie d&#8217;indicadors amb uns valors desitjables a final de cada per\u00edode. L&#8217;avaluaci\u00f3 s&#8217;anir\u00e0 completant a la graella anterior a mesura que les fites es vagin complint.<\/p>\n","protected":false},"excerpt":{"rendered":"<p>Objectius (aprovada pel Consell Escolar a 9 de juny de 2023) Despr\u00e9s de fer la diagnosi i detectar els punts fort i febles, la Comissi\u00f3 Digital de Centre conjuntament amb l&#8217;equip directiu han establert les l\u00ednies estrat\u00e8giques per abordar tots els aspectes digitals que corresponen al centre els propers cursos. S&#8217;han establert els seg\u00fcents objectius: [&hellip;]<\/p>\n","protected":false},"author":77,"featured_media":0,"parent":9291,"menu_order":0,"comment_status":"closed","ping_status":"closed","template":"","meta":{"_bbp_topic_count":0,"_bbp_reply_count":0,"_bbp_total_topic_count":0,"_bbp_total_reply_count":0,"_bbp_voice_count":0,"_bbp_anonymous_reply_count":0,"_bbp_topic_count_hidden":0,"_bbp_reply_count_hidden":0,"_bbp_forum_subforum_count":0,"site-sidebar-layout":"default","site-content-layout":"","ast-site-content-layout":"","site-content-style":"default","site-sidebar-style":"default","ast-global-header-display":"","ast-banner-title-visibility":"","ast-main-header-display":"","ast-hfb-above-header-display":"","ast-hfb-below-header-display":"","ast-hfb-mobile-header-display":"","site-post-title":"","ast-breadcrumbs-content":"","ast-featured-img":"","footer-sml-layout":"","theme-transparent-header-meta":"","adv-header-id-meta":"","stick-header-meta":"","header-above-stick-meta":"","header-main-stick-meta":"","header-below-stick-meta":"","astra-migrate-meta-layouts":"default","ast-page-background-enabled":"default","ast-page-background-meta":{"desktop":{"background-color":"var(--ast-global-color-4)","background-image":"","background-repeat":"repeat","background-position":"center center","background-size":"auto","background-attachment":"scroll","background-type":"","background-media":"","overlay-type":"","overlay-color":"","overlay-opacity":"","overlay-gradient":""},"tablet":{"background-color":"","background-image":"","background-repeat":"repeat","background-position":"center center","background-size":"auto","background-attachment":"scroll","background-type":"","background-media":"","overlay-type":"","overlay-color":"","overlay-opacity":"","overlay-gradient":""},"mobile":{"background-color":"","background-image":"","background-repeat":"repeat","background-position":"center center","background-size":"auto","background-attachment":"scroll","background-type":"","background-media":"","overlay-type":"","overlay-color":"","overlay-opacity":"","overlay-gradient":""}},"ast-content-background-meta":{"desktop":{"background-color":"var(--ast-global-color-5)","background-image":"","background-repeat":"repeat","background-position":"center center","background-size":"auto","background-attachment":"scroll","background-type":"","background-media":"","overlay-type":"","overlay-color":"","overlay-opacity":"","overlay-gradient":""},"tablet":{"background-color":"var(--ast-global-color-5)","background-image":"","background-repeat":"repeat","background-position":"center center","background-size":"auto","background-attachment":"scroll","background-type":"","background-media":"","overlay-type":"","overlay-color":"","overlay-opacity":"","overlay-gradient":""},"mobile":{"background-color":"var(--ast-global-color-5)","background-image":"","background-repeat":"repeat","background-position":"center center","background-size":"auto","background-attachment":"scroll","background-type":"","background-media":"","overlay-type":"","overlay-color":"","overlay-opacity":"","overlay-gradient":""}},"footnotes":""},"class_list":["post-9312","page","type-page","status-publish","hentry"],"post_mailing_queue_ids":[],"_links":{"self":[{"href":"https:\/\/agora.xtec.cat\/ceipabatmarcet\/wp-json\/wp\/v2\/pages\/9312","targetHints":{"allow":["GET"]}}],"collection":[{"href":"https:\/\/agora.xtec.cat\/ceipabatmarcet\/wp-json\/wp\/v2\/pages"}],"about":[{"href":"https:\/\/agora.xtec.cat\/ceipabatmarcet\/wp-json\/wp\/v2\/types\/page"}],"author":[{"embeddable":true,"href":"https:\/\/agora.xtec.cat\/ceipabatmarcet\/wp-json\/wp\/v2\/users\/77"}],"replies":[{"embeddable":true,"href":"https:\/\/agora.xtec.cat\/ceipabatmarcet\/wp-json\/wp\/v2\/comments?post=9312"}],"version-history":[{"count":4,"href":"https:\/\/agora.xtec.cat\/ceipabatmarcet\/wp-json\/wp\/v2\/pages\/9312\/revisions"}],"predecessor-version":[{"id":9879,"href":"https:\/\/agora.xtec.cat\/ceipabatmarcet\/wp-json\/wp\/v2\/pages\/9312\/revisions\/9879"}],"up":[{"embeddable":true,"href":"https:\/\/agora.xtec.cat\/ceipabatmarcet\/wp-json\/wp\/v2\/pages\/9291"}],"wp:attachment":[{"href":"https:\/\/agora.xtec.cat\/ceipabatmarcet\/wp-json\/wp\/v2\/media?parent=9312"}],"curies":[{"name":"wp","href":"https:\/\/api.w.org\/{rel}","templated":true}]}}