{"id":8841,"date":"2022-02-17T11:33:52","date_gmt":"2022-02-17T10:33:52","guid":{"rendered":"https:\/\/agora.xtec.cat\/ceipabatmarcet\/?page_id=8841"},"modified":"2023-11-10T12:48:06","modified_gmt":"2023-11-10T11:48:06","slug":"yoga-holistic-techniques","status":"publish","type":"page","link":"https:\/\/agora.xtec.cat\/ceipabatmarcet\/yoga-holistic-techniques\/","title":{"rendered":"T\u00e8cniques hol\u00edstiques"},"content":{"rendered":"<h3 style=\"font-weight: 400; text-align: center;\">A l\u2019escola es realitzen t\u00e8cniques de ioga per afavorir l\u2019aprenentatge de les lleng\u00fces i per a la millora de la concentraci\u00f3 i benestar de l\u2019alumnat.<\/h3>\n<p>&nbsp;<\/p>\n<p><strong>Quan es realitzen?<\/strong><\/p>\n<ul>\n<li><span style=\"font-weight: 400;\">Sempre es realitzen despr\u00e9s d\u2019arribar de l\u2019estona d\u2019esbarjo<\/span><\/li>\n<\/ul>\n<p>&nbsp;<\/p>\n<p><strong>Quines t\u00e8cniques es realitzen?<\/strong><\/p>\n<ul>\n<li><span style=\"font-weight: 400;\">Es realitzen diverses t\u00e8cniques: des de l\u2019escolta d\u2019una can\u00e7\u00f3 relaxant amb massatge (pilota amb punxes toves, entre d\u2019altres) fins a respiracions, tot seguint, esquemes visuals com la t\u00e8cnica de l\u2019arc de sant mart\u00ed.<\/span><\/li>\n<\/ul>\n<p>&nbsp;<\/p>\n<p><strong>A quin espai es realitzen?<\/strong><\/p>\n<ul>\n<li><span style=\"font-weight: 400;\">A les aules, cada aula disposa d\u2019un rac\u00f3 de la calma amb la capsa de la calma.<\/span><\/li>\n<\/ul>\n<p>&nbsp;<\/p>\n<p><strong>Amb quin material?<\/strong><\/p>\n<ul>\n<li><span style=\"font-weight: 400;\">Dins de la capsa hi podem trobar: gongs, pilotes de massatge, t\u00e8cniques plastificades per a la relaxaci\u00f3 i respiraci\u00f3 i un coix\u00ed. Aquesta capsa est\u00e0 situada en un espai de l\u2019aula on hi ha m\u00e0rfegues i una bona predisposici\u00f3 per entrar en un clima idoni per a la realitzaci\u00f3 d\u2019aquestes t\u00e8cniques.<\/span><\/li>\n<\/ul>\n<p>&nbsp;<\/p>\n<p><strong>Qui realitza les t\u00e8cniques?<\/strong><\/p>\n<ul>\n<li><span style=\"font-weight: 400;\">L\u2019alumnat m\u00e9s petit t\u00e9 les mestres de model i, poc a poc, a mesura que van creixent i essent persones m\u00e9s aut\u00f2nomes, ho realitzen sols i soles. Tanmateix, la mestra o el mestre sempre est\u00e0 per orientar i guiar a l\u2019alumnat.\u00a0<\/span><\/li>\n<\/ul>\n<p><a href=\"https:\/\/agora.xtec.cat\/ceipabatmarcet\/wp-content\/uploads\/usu1494\/2023\/11\/IMG_9205.jpg\"><img loading=\"lazy\" decoding=\"async\" class=\"alignnone size-large wp-image-10217\" src=\"https:\/\/agora.xtec.cat\/ceipabatmarcet\/wp-content\/uploads\/usu1494\/2023\/11\/IMG_9205-1024x768.jpg\" alt=\"\" width=\"1024\" height=\"768\" srcset=\"https:\/\/agora.xtec.cat\/ceipabatmarcet\/wp-content\/uploads\/usu1494\/2023\/11\/IMG_9205-1024x768.jpg 1024w, https:\/\/agora.xtec.cat\/ceipabatmarcet\/wp-content\/uploads\/usu1494\/2023\/11\/IMG_9205-300x225.jpg 300w, https:\/\/agora.xtec.cat\/ceipabatmarcet\/wp-content\/uploads\/usu1494\/2023\/11\/IMG_9205-768x576.jpg 768w, https:\/\/agora.xtec.cat\/ceipabatmarcet\/wp-content\/uploads\/usu1494\/2023\/11\/IMG_9205-200x150.jpg 200w, https:\/\/agora.xtec.cat\/ceipabatmarcet\/wp-content\/uploads\/usu1494\/2023\/11\/IMG_9205.jpg 1532w\" sizes=\"auto, (max-width: 1024px) 100vw, 1024px\" \/><\/a>*Rac\u00f3 i cap\u00e7a de la calma per t\u00e8cniques hol\u00edstiques<\/p>\n","protected":false},"excerpt":{"rendered":"<p>A l\u2019escola es realitzen t\u00e8cniques de ioga per afavorir l\u2019aprenentatge de les lleng\u00fces i per a la millora de la concentraci\u00f3 i benestar de l\u2019alumnat. &nbsp; Quan es realitzen? Sempre es realitzen despr\u00e9s d\u2019arribar de l\u2019estona d\u2019esbarjo &nbsp; Quines t\u00e8cniques es realitzen? Es realitzen diverses t\u00e8cniques: des de l\u2019escolta d\u2019una can\u00e7\u00f3 relaxant amb massatge (pilota [&hellip;]<\/p>\n","protected":false},"author":77,"featured_media":0,"parent":0,"menu_order":0,"comment_status":"closed","ping_status":"closed","template":"","meta":{"_bbp_topic_count":0,"_bbp_reply_count":0,"_bbp_total_topic_count":0,"_bbp_total_reply_count":0,"_bbp_voice_count":0,"_bbp_anonymous_reply_count":0,"_bbp_topic_count_hidden":0,"_bbp_reply_count_hidden":0,"_bbp_forum_subforum_count":0,"site-sidebar-layout":"default","site-content-layout":"","ast-site-content-layout":"","site-content-style":"default","site-sidebar-style":"default","ast-global-header-display":"","ast-banner-title-visibility":"","ast-main-header-display":"","ast-hfb-above-header-display":"","ast-hfb-below-header-display":"","ast-hfb-mobile-header-display":"","site-post-title":"","ast-breadcrumbs-content":"","ast-featured-img":"","footer-sml-layout":"","theme-transparent-header-meta":"","adv-header-id-meta":"","stick-header-meta":"","header-above-stick-meta":"","header-main-stick-meta":"","header-below-stick-meta":"","astra-migrate-meta-layouts":"default","ast-page-background-enabled":"default","ast-page-background-meta":{"desktop":{"background-color":"var(--ast-global-color-4)","background-image":"","background-repeat":"repeat","background-position":"center center","background-size":"auto","background-attachment":"scroll","background-type":"","background-media":"","overlay-type":"","overlay-color":"","overlay-opacity":"","overlay-gradient":""},"tablet":{"background-color":"","background-image":"","background-repeat":"repeat","background-position":"center center","background-size":"auto","background-attachment":"scroll","background-type":"","background-media":"","overlay-type":"","overlay-color":"","overlay-opacity":"","overlay-gradient":""},"mobile":{"background-color":"","background-image":"","background-repeat":"repeat","background-position":"center center","background-size":"auto","background-attachment":"scroll","background-type":"","background-media":"","overlay-type":"","overlay-color":"","overlay-opacity":"","overlay-gradient":""}},"ast-content-background-meta":{"desktop":{"background-color":"var(--ast-global-color-5)","background-image":"","background-repeat":"repeat","background-position":"center center","background-size":"auto","background-attachment":"scroll","background-type":"","background-media":"","overlay-type":"","overlay-color":"","overlay-opacity":"","overlay-gradient":""},"tablet":{"background-color":"var(--ast-global-color-5)","background-image":"","background-repeat":"repeat","background-position":"center center","background-size":"auto","background-attachment":"scroll","background-type":"","background-media":"","overlay-type":"","overlay-color":"","overlay-opacity":"","overlay-gradient":""},"mobile":{"background-color":"var(--ast-global-color-5)","background-image":"","background-repeat":"repeat","background-position":"center center","background-size":"auto","background-attachment":"scroll","background-type":"","background-media":"","overlay-type":"","overlay-color":"","overlay-opacity":"","overlay-gradient":""}},"footnotes":""},"class_list":["post-8841","page","type-page","status-publish","hentry"],"post_mailing_queue_ids":[],"_links":{"self":[{"href":"https:\/\/agora.xtec.cat\/ceipabatmarcet\/wp-json\/wp\/v2\/pages\/8841","targetHints":{"allow":["GET"]}}],"collection":[{"href":"https:\/\/agora.xtec.cat\/ceipabatmarcet\/wp-json\/wp\/v2\/pages"}],"about":[{"href":"https:\/\/agora.xtec.cat\/ceipabatmarcet\/wp-json\/wp\/v2\/types\/page"}],"author":[{"embeddable":true,"href":"https:\/\/agora.xtec.cat\/ceipabatmarcet\/wp-json\/wp\/v2\/users\/77"}],"replies":[{"embeddable":true,"href":"https:\/\/agora.xtec.cat\/ceipabatmarcet\/wp-json\/wp\/v2\/comments?post=8841"}],"version-history":[{"count":6,"href":"https:\/\/agora.xtec.cat\/ceipabatmarcet\/wp-json\/wp\/v2\/pages\/8841\/revisions"}],"predecessor-version":[{"id":10220,"href":"https:\/\/agora.xtec.cat\/ceipabatmarcet\/wp-json\/wp\/v2\/pages\/8841\/revisions\/10220"}],"wp:attachment":[{"href":"https:\/\/agora.xtec.cat\/ceipabatmarcet\/wp-json\/wp\/v2\/media?parent=8841"}],"curies":[{"name":"wp","href":"https:\/\/api.w.org\/{rel}","templated":true}]}}