{"id":7279,"date":"2020-11-06T20:16:54","date_gmt":"2020-11-06T19:16:54","guid":{"rendered":"http:\/\/agora.xtec.cat\/ceipabatmarcet\/?page_id=7279"},"modified":"2025-11-06T11:32:58","modified_gmt":"2025-11-06T10:32:58","slug":"documents-escola-%f0%9f%93%83","status":"publish","type":"page","link":"https:\/\/agora.xtec.cat\/ceipabatmarcet\/lescola\/documents\/documents-escola-%f0%9f%93%83\/","title":{"rendered":"Documents escola \ud83d\udcc3"},"content":{"rendered":"<ul>\n<li><a href=\"https:\/\/agora.xtec.cat\/ceipabatmarcet\/wp-content\/uploads\/usu1494\/2025\/11\/NOFC-Actualitzat-25-26.docx-1.pdf\">NOFC -&gt; Normes d&#8217;Organitzaci\u00f3 i Funcionament de Centre (Actualitzat)<\/a><\/li>\n<li><a href=\"http:\/\/blocs.xtec.cat\/ceipabatmarcet\/files\/2015\/11\/Projecte-educatiu-Escola-Abat-Marcet.pdf\">PEC -&gt; Projecte Educatiu de Centre (en proc\u00e9s d&#8217;actualitzaci\u00f3)<\/a><\/li>\n<li><a href=\"https:\/\/agora.xtec.cat\/ceipabatmarcet\/wp-content\/uploads\/usu1494\/2022\/07\/Projecte-Linguistic-2022.pdf\">Projecte Ling\u00fc\u00edstic (actualitzat juliol 2022)<\/a><\/li>\n<li><a href=\"https:\/\/agora.xtec.cat\/ceipabatmarcet\/wp-content\/uploads\/usu1494\/2025\/04\/Pla-de-convivencia.-Curs-24-25-.docx.pdf\">Pla de conviv\u00e8ncia. (Curs 24-25)<\/a><\/li>\n<li><a href=\"https:\/\/agora.xtec.cat\/ceipabatmarcet\/wp-content\/uploads\/usu1494\/2025\/10\/A1520-edit.pdf\">TIS<\/a><\/li>\n<\/ul>\n","protected":false},"excerpt":{"rendered":"<p>NOFC -&gt; Normes d&#8217;Organitzaci\u00f3 i Funcionament de Centre (Actualitzat) PEC -&gt; Projecte Educatiu de Centre (en proc\u00e9s d&#8217;actualitzaci\u00f3) Projecte Ling\u00fc\u00edstic (actualitzat juliol 2022) Pla de conviv\u00e8ncia. (Curs 24-25) TIS<\/p>\n","protected":false},"author":1,"featured_media":0,"parent":87,"menu_order":0,"comment_status":"closed","ping_status":"closed","template":"","meta":{"_bbp_topic_count":0,"_bbp_reply_count":0,"_bbp_total_topic_count":0,"_bbp_total_reply_count":0,"_bbp_voice_count":0,"_bbp_anonymous_reply_count":0,"_bbp_topic_count_hidden":0,"_bbp_reply_count_hidden":0,"_bbp_forum_subforum_count":0,"site-sidebar-layout":"default","site-content-layout":"","ast-site-content-layout":"","site-content-style":"default","site-sidebar-style":"default","ast-global-header-display":"","ast-banner-title-visibility":"","ast-main-header-display":"","ast-hfb-above-header-display":"","ast-hfb-below-header-display":"","ast-hfb-mobile-header-display":"","site-post-title":"","ast-breadcrumbs-content":"","ast-featured-img":"","footer-sml-layout":"","theme-transparent-header-meta":"","adv-header-id-meta":"","stick-header-meta":"","header-above-stick-meta":"","header-main-stick-meta":"","header-below-stick-meta":"","astra-migrate-meta-layouts":"default","ast-page-background-enabled":"default","ast-page-background-meta":{"desktop":{"background-color":"var(--ast-global-color-4)","background-image":"","background-repeat":"repeat","background-position":"center center","background-size":"auto","background-attachment":"scroll","background-type":"","background-media":"","overlay-type":"","overlay-color":"","overlay-opacity":"","overlay-gradient":""},"tablet":{"background-color":"","background-image":"","background-repeat":"repeat","background-position":"center center","background-size":"auto","background-attachment":"scroll","background-type":"","background-media":"","overlay-type":"","overlay-color":"","overlay-opacity":"","overlay-gradient":""},"mobile":{"background-color":"","background-image":"","background-repeat":"repeat","background-position":"center center","background-size":"auto","background-attachment":"scroll","background-type":"","background-media":"","overlay-type":"","overlay-color":"","overlay-opacity":"","overlay-gradient":""}},"ast-content-background-meta":{"desktop":{"background-color":"var(--ast-global-color-5)","background-image":"","background-repeat":"repeat","background-position":"center center","background-size":"auto","background-attachment":"scroll","background-type":"","background-media":"","overlay-type":"","overlay-color":"","overlay-opacity":"","overlay-gradient":""},"tablet":{"background-color":"var(--ast-global-color-5)","background-image":"","background-repeat":"repeat","background-position":"center center","background-size":"auto","background-attachment":"scroll","background-type":"","background-media":"","overlay-type":"","overlay-color":"","overlay-opacity":"","overlay-gradient":""},"mobile":{"background-color":"var(--ast-global-color-5)","background-image":"","background-repeat":"repeat","background-position":"center center","background-size":"auto","background-attachment":"scroll","background-type":"","background-media":"","overlay-type":"","overlay-color":"","overlay-opacity":"","overlay-gradient":""}},"footnotes":""},"class_list":["post-7279","page","type-page","status-publish","hentry"],"post_mailing_queue_ids":[],"_links":{"self":[{"href":"https:\/\/agora.xtec.cat\/ceipabatmarcet\/wp-json\/wp\/v2\/pages\/7279","targetHints":{"allow":["GET"]}}],"collection":[{"href":"https:\/\/agora.xtec.cat\/ceipabatmarcet\/wp-json\/wp\/v2\/pages"}],"about":[{"href":"https:\/\/agora.xtec.cat\/ceipabatmarcet\/wp-json\/wp\/v2\/types\/page"}],"author":[{"embeddable":true,"href":"https:\/\/agora.xtec.cat\/ceipabatmarcet\/wp-json\/wp\/v2\/users\/1"}],"replies":[{"embeddable":true,"href":"https:\/\/agora.xtec.cat\/ceipabatmarcet\/wp-json\/wp\/v2\/comments?post=7279"}],"version-history":[{"count":6,"href":"https:\/\/agora.xtec.cat\/ceipabatmarcet\/wp-json\/wp\/v2\/pages\/7279\/revisions"}],"predecessor-version":[{"id":11003,"href":"https:\/\/agora.xtec.cat\/ceipabatmarcet\/wp-json\/wp\/v2\/pages\/7279\/revisions\/11003"}],"up":[{"embeddable":true,"href":"https:\/\/agora.xtec.cat\/ceipabatmarcet\/wp-json\/wp\/v2\/pages\/87"}],"wp:attachment":[{"href":"https:\/\/agora.xtec.cat\/ceipabatmarcet\/wp-json\/wp\/v2\/media?parent=7279"}],"curies":[{"name":"wp","href":"https:\/\/api.w.org\/{rel}","templated":true}]}}