{"id":71,"date":"2025-07-03T00:00:56","date_gmt":"2025-07-02T22:00:56","guid":{"rendered":"http:\/\/agora.xtec.cat\/ceipabatmarcet\/?page_id=71"},"modified":"2025-07-03T13:18:34","modified_gmt":"2025-07-03T11:18:34","slug":"serveis-digitals","status":"publish","type":"page","link":"https:\/\/agora.xtec.cat\/ceipabatmarcet\/serveis\/serveis-digitals\/","title":{"rendered":"Acollides i extraescolars"},"content":{"rendered":"<p><strong>\ud83d\udc4d ELITSPORTS: extraescolars i acollida<\/strong><\/p>\n<p><a href=\"https:\/\/agora.xtec.cat\/ceipabatmarcet\/wp-content\/uploads\/usu1494\/2025\/07\/Elitsports_extraescolars-25-26.pdf\">Elitsports_extraescolars 25-26<\/a><\/p>\n<p><a href=\"https:\/\/agora.xtec.cat\/ceipabatmarcet\/wp-content\/uploads\/usu1494\/2025\/07\/Tarifes-elitsports_extraescolars-25-26.pdf\">Tarifes elitsports_extraescolars 25-26<\/a><\/p>\n<p><em><a href=\"https:\/\/docs.google.com\/forms\/d\/17U6sNTmn0agPXLPb2uHgg4ORPHTDM64clB8nNQQ4iC0\/edit\">Inscripci\u00f3 elitsports<\/a><\/em><\/p>\n<p>&nbsp;<\/p>\n<p><strong>\ud83d\udc4d ROB\u00d3TICA I PROGRAMACI\u00d3<\/strong><\/p>\n<p><a href=\"https:\/\/agora.xtec.cat\/ceipabatmarcet\/wp-content\/uploads\/usu1494\/2025\/07\/Robotica-Codelearn_-extraescolars-25-26.pdf\">Rob\u00f3tica Codelearn_ extraescolars 25-26<\/a><\/p>\n<p><em><a href=\"https:\/\/docs.google.com\/forms\/d\/e\/1FAIpQLScNjvU9KPS_7j0UTpnh11D14Jy3PD_69mrdxp70MVgfOzTYEg\/viewform\">Inscripci\u00f3 rob\u00f3tica i programaci\u00f3<\/a><\/em><\/p>\n<p>&nbsp;<\/p>\n<p><strong>\ud83d\udc4d ACTIVITATS DEL CONSELL ESPORTIU<\/strong><\/p>\n<p><em><a href=\"https:\/\/cevoterrassa1.playoffinformatica.com\/preinscripcion\/10\/Extraescolars-Escola-ABAT-MARCET-2025-26\/\">Inscripci\u00f3 Consell Esportiu<\/a><\/em><\/p>\n<p><em><a href=\"https:\/\/cevoterrassa1.playoffinformatica.com\/preinscripcion\/12\/Extraescolars-PISCINA-ESCOLA-ABAT-MARCET-2025-26\/\">Inscripci\u00f3 nataci\u00f3 migdia<\/a><\/em><\/p>\n<p>&nbsp;<\/p>\n<p><strong>\ud83d\udc4d ANGL\u00c9S AL MIGDIA<\/strong><\/p>\n<p><a href=\"https:\/\/agora.xtec.cat\/ceipabatmarcet\/wp-content\/uploads\/usu1494\/2025\/07\/Angles-migdia_Fiac-idiomes_extraescolars-25-26.jpg\"><img loading=\"lazy\" decoding=\"async\" class=\"alignnone wp-image-10967\" src=\"https:\/\/agora.xtec.cat\/ceipabatmarcet\/wp-content\/uploads\/usu1494\/2025\/07\/Angles-migdia_Fiac-idiomes_extraescolars-25-26-734x1024.jpg\" alt=\"\" width=\"362\" height=\"505\" srcset=\"https:\/\/agora.xtec.cat\/ceipabatmarcet\/wp-content\/uploads\/usu1494\/2025\/07\/Angles-migdia_Fiac-idiomes_extraescolars-25-26-734x1024.jpg 734w, https:\/\/agora.xtec.cat\/ceipabatmarcet\/wp-content\/uploads\/usu1494\/2025\/07\/Angles-migdia_Fiac-idiomes_extraescolars-25-26-215x300.jpg 215w, https:\/\/agora.xtec.cat\/ceipabatmarcet\/wp-content\/uploads\/usu1494\/2025\/07\/Angles-migdia_Fiac-idiomes_extraescolars-25-26-768x1071.jpg 768w, https:\/\/agora.xtec.cat\/ceipabatmarcet\/wp-content\/uploads\/usu1494\/2025\/07\/Angles-migdia_Fiac-idiomes_extraescolars-25-26.jpg 800w\" sizes=\"auto, (max-width: 362px) 100vw, 362px\" \/><\/a><\/p>\n<p><em><a href=\"https:\/\/bit.ly\/AMInscripcio25-26\">Inscripci\u00f3 angl\u00e8s migdia<\/a><\/em><\/p>\n<p>&nbsp;<\/p>\n<p><img loading=\"lazy\" decoding=\"async\" class=\"aligncenter\" src=\"https:\/\/th.bing.com\/th\/id\/R.fbd1a8e759f8b8d67c11dd3113138ad8?rik=vQjBMG6oGBYf9A&amp;riu=http%3a%2f%2fwww.ampamariamoliner.es%2fwp-content%2fuploads%2f2014%2f09%2fextraescolares.png&amp;ehk=ysoyAPTHZqC4MpYflepMW3wTTDyVPx57tBqLEbQyzCU%3d&amp;risl=&amp;pid=ImgRaw&amp;r=0\" alt=\"Ver las im\u00e1genes de origen\" width=\"539\" height=\"314\" \/><\/p>\n<p>&nbsp;<\/p>\n<p>&nbsp;<\/p>\n<p>&nbsp;<\/p>\n<p>&nbsp;<\/p>\n<p>&nbsp;<\/p>\n<p>&nbsp;<\/p>\n<p>&nbsp;<\/p>\n","protected":false},"excerpt":{"rendered":"<p>\ud83d\udc4d ELITSPORTS: extraescolars i acollida Elitsports_extraescolars 25-26 Tarifes elitsports_extraescolars 25-26 Inscripci\u00f3 elitsports &nbsp; \ud83d\udc4d ROB\u00d3TICA I PROGRAMACI\u00d3 Rob\u00f3tica Codelearn_ extraescolars 25-26 Inscripci\u00f3 rob\u00f3tica i programaci\u00f3 &nbsp; \ud83d\udc4d ACTIVITATS DEL CONSELL ESPORTIU Inscripci\u00f3 Consell Esportiu Inscripci\u00f3 nataci\u00f3 migdia &nbsp; \ud83d\udc4d ANGL\u00c9S AL MIGDIA Inscripci\u00f3 angl\u00e8s migdia &nbsp; &nbsp; &nbsp; &nbsp; &nbsp; &nbsp; &nbsp; &nbsp;<\/p>\n","protected":false},"author":1,"featured_media":0,"parent":66,"menu_order":10,"comment_status":"closed","ping_status":"closed","template":"page-templates\/side-menu.php","meta":{"_bbp_topic_count":0,"_bbp_reply_count":0,"_bbp_total_topic_count":0,"_bbp_total_reply_count":0,"_bbp_voice_count":0,"_bbp_anonymous_reply_count":0,"_bbp_topic_count_hidden":0,"_bbp_reply_count_hidden":0,"_bbp_forum_subforum_count":0,"site-sidebar-layout":"default","site-content-layout":"","ast-site-content-layout":"","site-content-style":"default","site-sidebar-style":"default","ast-global-header-display":"","ast-banner-title-visibility":"","ast-main-header-display":"","ast-hfb-above-header-display":"","ast-hfb-below-header-display":"","ast-hfb-mobile-header-display":"","site-post-title":"","ast-breadcrumbs-content":"","ast-featured-img":"","footer-sml-layout":"","theme-transparent-header-meta":"","adv-header-id-meta":"","stick-header-meta":"","header-above-stick-meta":"","header-main-stick-meta":"","header-below-stick-meta":"","astra-migrate-meta-layouts":"default","ast-page-background-enabled":"default","ast-page-background-meta":{"desktop":{"background-color":"var(--ast-global-color-4)","background-image":"","background-repeat":"repeat","background-position":"center center","background-size":"auto","background-attachment":"scroll","background-type":"","background-media":"","overlay-type":"","overlay-color":"","overlay-opacity":"","overlay-gradient":""},"tablet":{"background-color":"","background-image":"","background-repeat":"repeat","background-position":"center center","background-size":"auto","background-attachment":"scroll","background-type":"","background-media":"","overlay-type":"","overlay-color":"","overlay-opacity":"","overlay-gradient":""},"mobile":{"background-color":"","background-image":"","background-repeat":"repeat","background-position":"center center","background-size":"auto","background-attachment":"scroll","background-type":"","background-media":"","overlay-type":"","overlay-color":"","overlay-opacity":"","overlay-gradient":""}},"ast-content-background-meta":{"desktop":{"background-color":"var(--ast-global-color-5)","background-image":"","background-repeat":"repeat","background-position":"center center","background-size":"auto","background-attachment":"scroll","background-type":"","background-media":"","overlay-type":"","overlay-color":"","overlay-opacity":"","overlay-gradient":""},"tablet":{"background-color":"var(--ast-global-color-5)","background-image":"","background-repeat":"repeat","background-position":"center center","background-size":"auto","background-attachment":"scroll","background-type":"","background-media":"","overlay-type":"","overlay-color":"","overlay-opacity":"","overlay-gradient":""},"mobile":{"background-color":"var(--ast-global-color-5)","background-image":"","background-repeat":"repeat","background-position":"center center","background-size":"auto","background-attachment":"scroll","background-type":"","background-media":"","overlay-type":"","overlay-color":"","overlay-opacity":"","overlay-gradient":""}},"footnotes":""},"class_list":["post-71","page","type-page","status-publish","hentry"],"post_mailing_queue_ids":[],"_links":{"self":[{"href":"https:\/\/agora.xtec.cat\/ceipabatmarcet\/wp-json\/wp\/v2\/pages\/71","targetHints":{"allow":["GET"]}}],"collection":[{"href":"https:\/\/agora.xtec.cat\/ceipabatmarcet\/wp-json\/wp\/v2\/pages"}],"about":[{"href":"https:\/\/agora.xtec.cat\/ceipabatmarcet\/wp-json\/wp\/v2\/types\/page"}],"author":[{"embeddable":true,"href":"https:\/\/agora.xtec.cat\/ceipabatmarcet\/wp-json\/wp\/v2\/users\/1"}],"replies":[{"embeddable":true,"href":"https:\/\/agora.xtec.cat\/ceipabatmarcet\/wp-json\/wp\/v2\/comments?post=71"}],"version-history":[{"count":6,"href":"https:\/\/agora.xtec.cat\/ceipabatmarcet\/wp-json\/wp\/v2\/pages\/71\/revisions"}],"predecessor-version":[{"id":1378,"href":"https:\/\/agora.xtec.cat\/ceipabatmarcet\/wp-json\/wp\/v2\/pages\/71\/revisions\/1378"}],"up":[{"embeddable":true,"href":"https:\/\/agora.xtec.cat\/ceipabatmarcet\/wp-json\/wp\/v2\/pages\/66"}],"wp:attachment":[{"href":"https:\/\/agora.xtec.cat\/ceipabatmarcet\/wp-json\/wp\/v2\/media?parent=71"}],"curies":[{"name":"wp","href":"https:\/\/api.w.org\/{rel}","templated":true}]}}