{"id":696,"date":"2017-10-09T13:54:19","date_gmt":"2017-10-09T11:54:19","guid":{"rendered":"http:\/\/agora.xtec.cat\/ceip-xirgu-badalona\/?page_id=696"},"modified":"2017-10-13T12:05:00","modified_gmt":"2017-10-13T10:05:00","slug":"projecte-de-direccio","status":"publish","type":"page","link":"https:\/\/agora.xtec.cat\/ceip-xirgu-badalona\/lescola\/projecte-de-direccio\/","title":{"rendered":"Projecte de direcci\u00f3"},"content":{"rendered":"<p>Despr\u00e8s de dos cursos a la Direcci\u00f3, assumeixo el repte de seguir contribuint a fer cr\u00e9ixer l\u2019escola Margarida Xirgu al llarg dels propers anys. L\u2019objectiu que ens proposem \u00e9s el d\u2019aconseguir consolidar la nostra escola com a servei educatiu p\u00fablic de qualitat dins del barri de la Salut.<\/p>\n<p>&nbsp;<\/p>\n<p>El projecte es fonamenta en l\u2019an\u00e0lisi de la situaci\u00f3 actual de l\u2019escola Margarida Xirgu, d\u2019acord amb les informacions que reflecteixen diferents font:<\/p>\n<p>&nbsp;<\/p>\n<ol>\n<li>Les mem\u00f2ries dels diferents cursos<\/li>\n<li>Projecte Educatiu de Centre<\/li>\n<li>Normes d\u2019organitzaci\u00f3 i funcionament de centre<\/li>\n<li>Programaci\u00f3 general de centre<\/li>\n<li>Resultats de les proves externes<\/li>\n<li>Sistema indicadors<\/li>\n<li>Informe d\u2019avalusci\u00f3 anual de centre del curs 2015\/2016<\/li>\n<\/ol>\n<p>&nbsp;<\/p>\n<p>Les dades que ens aporten aquests documents i el coneixement del centre, ens han perm\u00e8s fer una diagnosi acurada \u00a0del centre<\/p>\n<p>Si accediu al seg\u00fcent enlla\u00e7 podreu veure un resum d`aquest projecte<\/p>\n<p><a href=\"http:\/\/agora.xtec.cat\/ceip-xirgu-badalona\/wp-content\/uploads\/usu971\/2017\/10\/PROJECTE-DE-DIRECCI\u00d3.ppsx\">PROJECTE DE DIRECCI\u00d3<\/a><\/p>\n","protected":false},"excerpt":{"rendered":"<p>Despr\u00e8s de dos cursos a la Direcci\u00f3, assumeixo el repte de seguir contribuint a fer cr\u00e9ixer l\u2019escola Margarida Xirgu al llarg dels propers anys. L\u2019objectiu que ens proposem \u00e9s el d\u2019aconseguir consolidar la nostra escola com a servei educatiu p\u00fablic de qualitat dins del barri&hellip;  <a href=\"https:\/\/agora.xtec.cat\/ceip-xirgu-badalona\/lescola\/projecte-de-direccio\/\" title=\"Read Projecte de direcci\u00f3\">Llegeix m\u00e9s\u00bb<\/a><\/p>\n","protected":false},"author":1,"featured_media":0,"parent":22,"menu_order":11,"comment_status":"closed","ping_status":"closed","template":"page-templates\/side-menu.php","meta":{"_bbp_topic_count":0,"_bbp_reply_count":0,"_bbp_total_topic_count":0,"_bbp_total_reply_count":0,"_bbp_voice_count":0,"_bbp_anonymous_reply_count":0,"_bbp_topic_count_hidden":0,"_bbp_reply_count_hidden":0,"_bbp_forum_subforum_count":0,"footnotes":""},"class_list":["post-696","page","type-page","status-publish","hentry"],"post_mailing_queue_ids":[],"_links":{"self":[{"href":"https:\/\/agora.xtec.cat\/ceip-xirgu-badalona\/wp-json\/wp\/v2\/pages\/696","targetHints":{"allow":["GET"]}}],"collection":[{"href":"https:\/\/agora.xtec.cat\/ceip-xirgu-badalona\/wp-json\/wp\/v2\/pages"}],"about":[{"href":"https:\/\/agora.xtec.cat\/ceip-xirgu-badalona\/wp-json\/wp\/v2\/types\/page"}],"author":[{"embeddable":true,"href":"https:\/\/agora.xtec.cat\/ceip-xirgu-badalona\/wp-json\/wp\/v2\/users\/1"}],"replies":[{"embeddable":true,"href":"https:\/\/agora.xtec.cat\/ceip-xirgu-badalona\/wp-json\/wp\/v2\/comments?post=696"}],"version-history":[{"count":3,"href":"https:\/\/agora.xtec.cat\/ceip-xirgu-badalona\/wp-json\/wp\/v2\/pages\/696\/revisions"}],"predecessor-version":[{"id":717,"href":"https:\/\/agora.xtec.cat\/ceip-xirgu-badalona\/wp-json\/wp\/v2\/pages\/696\/revisions\/717"}],"up":[{"embeddable":true,"href":"https:\/\/agora.xtec.cat\/ceip-xirgu-badalona\/wp-json\/wp\/v2\/pages\/22"}],"wp:attachment":[{"href":"https:\/\/agora.xtec.cat\/ceip-xirgu-badalona\/wp-json\/wp\/v2\/media?parent=696"}],"curies":[{"name":"wp","href":"https:\/\/api.w.org\/{rel}","templated":true}]}}