{"id":804,"date":"2016-11-16T23:45:10","date_gmt":"2016-11-16T22:45:10","guid":{"rendered":"http:\/\/agora.xtec.cat\/ceip-vila-parietes\/?page_id=804"},"modified":"2025-02-26T09:33:07","modified_gmt":"2025-02-26T08:33:07","slug":"radio-parietes","status":"publish","type":"page","link":"https:\/\/agora.xtec.cat\/ceip-vila-parietes\/lescola\/radio-parietes\/","title":{"rendered":"R\u00c0DIO PARIETES"},"content":{"rendered":"<p><span style=\"color: #000000;\">En aquest espai podreu escoltar els diferents programes de r\u00e0dio que gravem a l&#8217;escola, un espai que ens ajuda a millorar la compet\u00e8ncia comunicativa, a estimular l&#8217;\u00fas de la comunicaci\u00f3 oral i a identificar la r\u00e0dio com a mitj\u00e0 de comunicaci\u00f3. <\/span><span style=\"color: #000000;\">\u00a0 <\/span><\/p>\n<p>&#8220;LA RUMBA DEL PARIETES&#8221;<br \/>\n<iframe loading=\"lazy\" src=\"https:\/\/w.soundcloud.com\/player\/?url=https%3A\/\/api.soundcloud.com\/tracks\/636538902&amp;color=%23ff5500&amp;auto_play=false&amp;hide_related=false&amp;show_comments=true&amp;show_user=true&amp;show_reposts=false&amp;show_teaser=true\" width=\"100%\" height=\"166\" frameborder=\"no\"><\/iframe><\/p>\n<p><iframe loading=\"lazy\" src=\"https:\/\/w.soundcloud.com\/player\/?url=https%3A\/\/api.soundcloud.com\/tracks\/632556093&amp;color=%23ff5500&amp;auto_play=false&amp;hide_related=false&amp;show_comments=true&amp;show_user=true&amp;show_reposts=false&amp;show_teaser=true\" width=\"100%\" height=\"166\" frameborder=\"no\"><\/iframe><\/p>\n<p><iframe loading=\"lazy\" src=\"https:\/\/w.soundcloud.com\/player\/?url=https%3A\/\/api.soundcloud.com\/tracks\/624708297&amp;color=%23ff5500&amp;auto_play=false&amp;hide_related=false&amp;show_comments=true&amp;show_user=true&amp;show_reposts=false&amp;show_teaser=true\" width=\"100%\" height=\"166\" frameborder=\"no\"><\/iframe><\/p>\n<p><iframe loading=\"lazy\" src=\"https:\/\/w.soundcloud.com\/player\/?url=https%3A\/\/api.soundcloud.com\/tracks\/610161264&amp;color=%23ff5500&amp;auto_play=false&amp;hide_related=false&amp;show_comments=true&amp;show_user=true&amp;show_reposts=false&amp;show_teaser=true\" width=\"100%\" height=\"166\" frameborder=\"no\"><\/iframe><\/p>\n<p><iframe loading=\"lazy\" src=\"https:\/\/w.soundcloud.com\/player\/?url=https%3A\/\/api.soundcloud.com\/tracks\/592512588&amp;color=%23ff5500&amp;auto_play=true&amp;hide_related=false&amp;show_comments=true&amp;show_user=true&amp;show_reposts=false&amp;show_teaser=true\" width=\"100%\" height=\"166\" frameborder=\"no\"><\/iframe><\/p>\n<p><iframe loading=\"lazy\" src=\"https:\/\/w.soundcloud.com\/player\/?url=https%3A\/\/api.soundcloud.com\/tracks\/577812648&amp;color=%23ff5500&amp;auto_play=true&amp;hide_related=false&amp;show_comments=true&amp;show_user=true&amp;show_reposts=false&amp;show_teaser=true\" width=\"100%\" height=\"166\" frameborder=\"no\"><\/iframe><\/p>\n<p><iframe loading=\"lazy\" src=\"https:\/\/w.soundcloud.com\/player\/?url=https%3A\/\/api.soundcloud.com\/tracks\/562865589&amp;color=%23ff5500&amp;auto_play=true&amp;hide_related=false&amp;show_comments=true&amp;show_user=true&amp;show_reposts=false&amp;show_teaser=true\" width=\"100%\" height=\"166\" frameborder=\"no\"><\/iframe><\/p>\n<p><iframe loading=\"lazy\" src=\"https:\/\/w.soundcloud.com\/player\/?url=https%3A\/\/api.soundcloud.com\/tracks\/558803694&amp;color=%23ff5500&amp;auto_play=true&amp;hide_related=false&amp;show_comments=true&amp;show_user=true&amp;show_reposts=false&amp;show_teaser=true\" width=\"100%\" height=\"166\" frameborder=\"no\"><\/iframe><\/p>\n<p><iframe loading=\"lazy\" src=\"https:\/\/w.soundcloud.com\/player\/?url=https%3A\/\/api.soundcloud.com\/tracks\/532112130&amp;color=%23ff5500&amp;auto_play=true&amp;hide_related=false&amp;show_comments=true&amp;show_user=true&amp;show_reposts=false&amp;show_teaser=true\" width=\"100%\" height=\"166\" frameborder=\"no\"><\/iframe><\/p>\n<p><iframe loading=\"lazy\" src=\"https:\/\/w.soundcloud.com\/player\/?url=https%3A\/\/api.soundcloud.com\/tracks\/518283243&amp;color=%23ff5500&amp;auto_play=true&amp;hide_related=false&amp;show_comments=true&amp;show_user=true&amp;show_reposts=false&amp;show_teaser=true\" width=\"100%\" height=\"166\" frameborder=\"no\"><span data-mce-type=\"bookmark\" style=\"display: inline-block; width: 0px; overflow: hidden; line-height: 0;\" class=\"mce_SELRES_start\">\ufeff<\/span><\/iframe><\/p>\n<p>Els alumnes de 4t ens expliquen qu\u00e8 van fer a les col\u00f2nies.<\/p>\n<p><iframe loading=\"lazy\" title=\"Programa 7  &quot;De col\u00f2nies&quot;  by 4t by Kiko\" width=\"500\" height=\"400\" scrolling=\"no\" frameborder=\"no\" src=\"https:\/\/w.soundcloud.com\/player\/?visual=true&#038;url=https%3A%2F%2Fapi.soundcloud.com%2Ftracks%2F451149639&#038;show_artwork=true&#038;maxheight=750&#038;maxwidth=500\"><\/iframe><\/p>\n<p>Els alumnes de 6\u00e8 ens expliquen qu\u00e8 significa per a ells la paraula amor.<\/p>\n<p><iframe loading=\"lazy\" src=\"https:\/\/w.soundcloud.com\/player\/?url=https%3A\/\/api.soundcloud.com\/tracks\/438733881&amp;color=%23ff5500&amp;auto_play=true&amp;hide_related=false&amp;show_comments=true&amp;show_user=true&amp;show_reposts=false&amp;show_teaser=true\" width=\"100%\" height=\"166\" frameborder=\"no\"><\/iframe><\/p>\n<p>&nbsp;<\/p>\n<p>Els alumnes de P5 ens expliquen quins s\u00f3n els seus animals de companyia.<\/p>\n<p><iframe loading=\"lazy\" src=\"https:\/\/w.soundcloud.com\/player\/?url=https%3A\/\/api.soundcloud.com\/tracks\/424073004&amp;color=%23ff5500&amp;auto_play=false&amp;hide_related=false&amp;show_comments=true&amp;show_user=true&amp;show_reposts=false&amp;show_teaser=true\" width=\"100%\" height=\"166\" frameborder=\"no\"><\/iframe><\/p>\n<p>&nbsp;<\/p>\n<p>Alumnes de 3r ens expliquen com van celebrar el Carnaval amb les seves fam\u00edlies.<\/p>\n<p><iframe loading=\"lazy\" src=\"https:\/\/w.soundcloud.com\/player\/?url=https%3A\/\/api.soundcloud.com\/tracks\/408999057&amp;color=%23ff5500&amp;auto_play=false&amp;hide_related=false&amp;show_comments=true&amp;show_user=true&amp;show_reposts=false&amp;show_teaser=true\" width=\"100%\" height=\"166\" frameborder=\"no\"><\/iframe><\/p>\n<p>Els alumnes de 5\u00e8 ens expliquen els prop\u00f2sits d&#8217;any nou.<\/p>\n<p><iframe loading=\"lazy\" title=\"&quot;Prop\u00f2sits d&#039;any nou&quot;  by  5\u00e8 by Kiko\" width=\"500\" height=\"400\" scrolling=\"no\" frameborder=\"no\" src=\"https:\/\/w.soundcloud.com\/player\/?visual=true&#038;url=https%3A%2F%2Fapi.soundcloud.com%2Ftracks%2F390731844&#038;show_artwork=true&#038;maxheight=750&#038;maxwidth=500\"><\/iframe><\/p>\n<p>&nbsp;<\/p>\n<p>Els m\u00e9s petits de l&#8217;escola, alumnes de P3 i P4, ens expliquen quins s\u00f3n els seus superherois.<\/p>\n<p><iframe loading=\"lazy\" src=\"https:\/\/w.soundcloud.com\/player\/?url=https%3A\/\/api.soundcloud.com\/tracks\/373172249&amp;color=%23ff5500&amp;auto_play=false&amp;hide_related=false&amp;show_comments=true&amp;show_user=true&amp;show_reposts=false&amp;show_teaser=true&amp;visual=true\" width=\"100%\" height=\"300\" frameborder=\"no\"><\/iframe><\/p>\n<p>Els alumnes de 1r i 2n ens expliquen com han celebrat les festes de la Castanyada i Halloween.<\/p>\n<p><iframe loading=\"lazy\" src=\"https:\/\/w.soundcloud.com\/player\/?url=https%3A\/\/api.soundcloud.com\/tracks\/361468280&amp;color=%23ff5500&amp;auto_play=false&amp;hide_related=false&amp;show_comments=true&amp;show_user=true&amp;show_reposts=false&amp;show_teaser=true&amp;visual=true\" width=\"100%\" height=\"300\" frameborder=\"no\"><\/iframe><\/p>\n<p>Els alumnes de 4tB ens ofereixen l&#8217;actualitat esportiva de l&#8217;escola. Ens expliquen les actuacions i vict\u00f2ries dels nostres alumnes en diferents especialitats:<\/p>\n<p><iframe loading=\"lazy\" src=\"https:\/\/w.soundcloud.com\/player\/?url=https%3A\/\/api.soundcloud.com\/tracks\/326932329&amp;color=ff5500&amp;auto_play=false&amp;hide_related=false&amp;show_comments=true&amp;show_user=true&amp;show_reposts=false\" width=\"100%\" height=\"166\" frameborder=\"no\"><\/iframe><\/p>\n<p>Els nens i nenes de P3 han elaborat un petit podcast de r\u00e0dio. Han participat molt contents i l&#8217;experi\u00e8ncia ha estat molt enriquidora. Ens expliquen com treballen el seu projecte: &#8220;Les joguines&#8221;.<\/p>\n<p><iframe loading=\"lazy\" src=\"https:\/\/w.soundcloud.com\/player\/?url=https%3A\/\/api.soundcloud.com\/tracks\/324586534&amp;color=ff5500&amp;auto_play=false&amp;hide_related=false&amp;show_comments=true&amp;show_user=true&amp;show_reposts=false\" width=\"100%\" height=\"166\" frameborder=\"no\"><\/iframe><\/p>\n<p>Els nens i nenes de 2n ens expliquen molt breument qu\u00e8 van fer al Cosmocaixa:<br \/>\n<iframe loading=\"lazy\" src=\"https:\/\/w.soundcloud.com\/player\/?url=https%3A\/\/api.soundcloud.com\/tracks\/314236185&amp;color=ff5500&amp;auto_play=false&amp;hide_related=false&amp;show_comments=true&amp;show_user=true&amp;show_reposts=false\" width=\"100%\" height=\"166\" frameborder=\"no\"><\/iframe><\/p>\n<p>Els alumnes de 3rA han visitat el nostre espai de r\u00e0dio. Ens han explicat un conte elaborat a classe i que t\u00e9 relaci\u00f3 amb el projecte que treballen. Felicitats, ho heu fet genial!<\/p>\n<p><iframe loading=\"lazy\" src=\"https:\/\/w.soundcloud.com\/player\/?url=https%3A\/\/api.soundcloud.com\/tracks\/310498424&amp;color=ff5500&amp;auto_play=false&amp;hide_related=false&amp;show_comments=true&amp;show_user=true&amp;show_reposts=false\" width=\"100%\" height=\"166\" frameborder=\"no\"><\/iframe><\/p>\n<p>Els nens i nenes de la classe dels dofins (1r) `han vingut a la r\u00e0dio de l&#8217;escola i ens han explicat algunes coses del que treballen a classe. Ho han fet realment b\u00e9! Felicitats dofins!!<\/p>\n<p><iframe loading=\"lazy\" src=\"https:\/\/w.soundcloud.com\/player\/?url=https%3A\/\/api.soundcloud.com\/tracks\/304772919&amp;color=ff5500&amp;auto_play=false&amp;hide_related=false&amp;show_comments=true&amp;show_user=true&amp;show_reposts=false\" width=\"100%\" height=\"166\" frameborder=\"no\"><\/iframe><\/p>\n<p>Ja tenim aqu\u00ed el nostre segon programa de &#8220;r\u00e0dio parietes&#8221;. Els nens i les nenes de 4tB ens han preparat un programa on ens parlen de l&#8217;\u00fas del laboratori de l&#8217;escola. Ho heu fet genial, felicitats!<br \/>\nEsperem que us agradi:<\/p>\n<p><iframe loading=\"lazy\" src=\"https:\/\/w.soundcloud.com\/player\/?url=https%3A\/\/api.soundcloud.com\/tracks\/296278535&amp;color=ff5500&amp;auto_play=false&amp;hide_related=false&amp;show_comments=true&amp;show_user=true&amp;show_reposts=false\" width=\"100%\" height=\"166\" frameborder=\"no\"><\/iframe><\/p>\n<p>El nostre primer programa de &#8220;r\u00e0dio parietes&#8221;. Els alumnes de 6\u00e8A protagonitzen el programa de r\u00e0dio i ens parlen sobre el projecte de l&#8217;Edat Mitjana. Esperem us agradi:<br \/>\n<iframe loading=\"lazy\" src=\"https:\/\/w.soundcloud.com\/player\/?url=https%3A\/\/api.soundcloud.com\/tracks\/294723014&amp;color=ff5500&amp;auto_play=false&amp;hide_related=false&amp;show_comments=true&amp;show_user=true&amp;show_reposts=false\" width=\"100%\" height=\"166\" frameborder=\"no\"><\/iframe><\/p>\n","protected":false},"excerpt":{"rendered":"<p>En aquest espai podreu escoltar els diferents programes de r\u00e0dio que gravem a l&#8217;escola, un espai que ens ajuda a millorar la compet\u00e8ncia comunicativa, a estimular l&#8217;\u00fas de la comunicaci\u00f3 oral i a identificar la r\u00e0dio com a mitj\u00e0 de comunicaci\u00f3. \u00a0<br \/>\n&#8220;LA RUMBA DEL&hellip;  <a href=\"https:\/\/agora.xtec.cat\/ceip-vila-parietes\/lescola\/radio-parietes\/\" title=\"Read R\u00c0DIO PARIETES\">Llegeix m\u00e9s\u00bb<\/a><\/p>\n","protected":false},"author":2,"featured_media":0,"parent":22,"menu_order":3,"comment_status":"closed","ping_status":"closed","template":"","meta":{"_bbp_topic_count":0,"_bbp_reply_count":0,"_bbp_total_topic_count":0,"_bbp_total_reply_count":0,"_bbp_voice_count":0,"_bbp_anonymous_reply_count":0,"_bbp_topic_count_hidden":0,"_bbp_reply_count_hidden":0,"_bbp_forum_subforum_count":0,"footnotes":""},"class_list":["post-804","page","type-page","status-publish","hentry"],"post_mailing_queue_ids":[],"_links":{"self":[{"href":"https:\/\/agora.xtec.cat\/ceip-vila-parietes\/wp-json\/wp\/v2\/pages\/804","targetHints":{"allow":["GET"]}}],"collection":[{"href":"https:\/\/agora.xtec.cat\/ceip-vila-parietes\/wp-json\/wp\/v2\/pages"}],"about":[{"href":"https:\/\/agora.xtec.cat\/ceip-vila-parietes\/wp-json\/wp\/v2\/types\/page"}],"author":[{"embeddable":true,"href":"https:\/\/agora.xtec.cat\/ceip-vila-parietes\/wp-json\/wp\/v2\/users\/2"}],"replies":[{"embeddable":true,"href":"https:\/\/agora.xtec.cat\/ceip-vila-parietes\/wp-json\/wp\/v2\/comments?post=804"}],"version-history":[{"count":5,"href":"https:\/\/agora.xtec.cat\/ceip-vila-parietes\/wp-json\/wp\/v2\/pages\/804\/revisions"}],"predecessor-version":[{"id":7366,"href":"https:\/\/agora.xtec.cat\/ceip-vila-parietes\/wp-json\/wp\/v2\/pages\/804\/revisions\/7366"}],"up":[{"embeddable":true,"href":"https:\/\/agora.xtec.cat\/ceip-vila-parietes\/wp-json\/wp\/v2\/pages\/22"}],"wp:attachment":[{"href":"https:\/\/agora.xtec.cat\/ceip-vila-parietes\/wp-json\/wp\/v2\/media?parent=804"}],"curies":[{"name":"wp","href":"https:\/\/api.w.org\/{rel}","templated":true}]}}