{"id":4028,"date":"2020-11-10T15:30:11","date_gmt":"2020-11-10T14:30:11","guid":{"rendered":"https:\/\/agora.xtec.cat\/ceip-vila-parietes\/?page_id=4028"},"modified":"2020-11-24T13:22:35","modified_gmt":"2020-11-24T12:22:35","slug":"biblioteca","status":"publish","type":"page","link":"https:\/\/agora.xtec.cat\/ceip-vila-parietes\/biblioteca\/","title":{"rendered":"Biblioteca"},"content":{"rendered":"<p>La comissi\u00f3 de biblioteca s&#8217;encarrega de tenir els llibres endre\u00e7ats en els diferents prestatges, d&#8217;organitzar i portar a terme el pr\u00e9stec de llibres i el bibliopati. A m\u00e9s, prepara i distribueix les maletes viatgeres a les diferents aules.<\/p>\n<p><a href=\"https:\/\/photos.app.goo.gl\/TGqrJEYWzkfNReee7\" target=\"_blank\" rel=\"noopener noreferrer\">Qu\u00e8 fem?<\/a><\/p>\n","protected":false},"excerpt":{"rendered":"<p>La comissi\u00f3 de biblioteca s&#8217;encarrega de tenir els llibres endre\u00e7ats en els diferents prestatges, d&#8217;organitzar i portar a terme el pr\u00e9stec de llibres i el bibliopati. A m\u00e9s, prepara i distribueix les maletes viatgeres a les diferents aules.<br \/>\n<a href=\"https:\/\/photos.app.goo.gl\/TGqrJEYWzkfNReee7\" target=\"_blank\" rel=\"noopener noreferrer\">Qu\u00e8 fem?<\/a><\/p>\n","protected":false},"author":6,"featured_media":0,"parent":0,"menu_order":0,"comment_status":"closed","ping_status":"closed","template":"","meta":{"_bbp_topic_count":0,"_bbp_reply_count":0,"_bbp_total_topic_count":0,"_bbp_total_reply_count":0,"_bbp_voice_count":0,"_bbp_anonymous_reply_count":0,"_bbp_topic_count_hidden":0,"_bbp_reply_count_hidden":0,"_bbp_forum_subforum_count":0,"footnotes":""},"class_list":["post-4028","page","type-page","status-publish","hentry"],"post_mailing_queue_ids":[],"_links":{"self":[{"href":"https:\/\/agora.xtec.cat\/ceip-vila-parietes\/wp-json\/wp\/v2\/pages\/4028","targetHints":{"allow":["GET"]}}],"collection":[{"href":"https:\/\/agora.xtec.cat\/ceip-vila-parietes\/wp-json\/wp\/v2\/pages"}],"about":[{"href":"https:\/\/agora.xtec.cat\/ceip-vila-parietes\/wp-json\/wp\/v2\/types\/page"}],"author":[{"embeddable":true,"href":"https:\/\/agora.xtec.cat\/ceip-vila-parietes\/wp-json\/wp\/v2\/users\/6"}],"replies":[{"embeddable":true,"href":"https:\/\/agora.xtec.cat\/ceip-vila-parietes\/wp-json\/wp\/v2\/comments?post=4028"}],"version-history":[{"count":3,"href":"https:\/\/agora.xtec.cat\/ceip-vila-parietes\/wp-json\/wp\/v2\/pages\/4028\/revisions"}],"predecessor-version":[{"id":4148,"href":"https:\/\/agora.xtec.cat\/ceip-vila-parietes\/wp-json\/wp\/v2\/pages\/4028\/revisions\/4148"}],"wp:attachment":[{"href":"https:\/\/agora.xtec.cat\/ceip-vila-parietes\/wp-json\/wp\/v2\/media?parent=4028"}],"curies":[{"name":"wp","href":"https:\/\/api.w.org\/{rel}","templated":true}]}}