{"id":3674,"date":"2020-10-10T19:35:24","date_gmt":"2020-10-10T17:35:24","guid":{"rendered":"https:\/\/agora.xtec.cat\/ceip-vila-parietes\/?page_id=3674"},"modified":"2022-09-27T13:51:00","modified_gmt":"2022-09-27T11:51:00","slug":"equipaments-i-comunicacio","status":"publish","type":"page","link":"https:\/\/agora.xtec.cat\/ceip-vila-parietes\/equipaments-i-comunicacio\/","title":{"rendered":"Comissi\u00f3 digital"},"content":{"rendered":"<p>La comissi\u00f3 digital, s&#8217;encarrega de portar a terme tot el que fa refer\u00e8ncia a l&#8217;\u00e0mbit digital del centre. Tamb\u00e9 de l&#8217;actualitzaci\u00f3 de la p\u00e0gina web, les publicacions a les xarxes socials aix\u00ed com, el manteniment i posada a punt dels dispositius electr\u00f2nics com ordinadors o tablets.<\/p>\n<p>Tamb\u00e9 des de la comissi\u00f3, ens encarreguem de la formaci\u00f3 del claustre en l&#8217;\u00e0mbit digital, per tal de millorar en les nostres compet\u00e8ncies i poder aplicar-ho a l&#8217;aula amb l&#8217;alumnat. D&#8217;aquesta manera, aquests obtindran m\u00e9s eines i estrat\u00e8gies digitals.<\/p>\n<p>Des d&#8217;aquest enlla\u00e7 podreu consultar el nostre <a href=\"https:\/\/sites.google.com\/xtec.cat\/pla-digital\/\">PLA DIGITAL<\/a>.<\/p>\n","protected":false},"excerpt":{"rendered":"<p>La comissi\u00f3 digital, s&#8217;encarrega de portar a terme tot el que fa refer\u00e8ncia a l&#8217;\u00e0mbit digital del centre. Tamb\u00e9 de l&#8217;actualitzaci\u00f3 de la p\u00e0gina web, les publicacions a les xarxes socials aix\u00ed com, el manteniment i posada a punt dels dispositius electr\u00f2nics com ordinadors o&hellip;  <a href=\"https:\/\/agora.xtec.cat\/ceip-vila-parietes\/equipaments-i-comunicacio\/\" title=\"Read Comissi\u00f3 digital\">Llegeix m\u00e9s\u00bb<\/a><\/p>\n","protected":false},"author":6,"featured_media":0,"parent":0,"menu_order":0,"comment_status":"closed","ping_status":"closed","template":"","meta":{"_bbp_topic_count":0,"_bbp_reply_count":0,"_bbp_total_topic_count":0,"_bbp_total_reply_count":0,"_bbp_voice_count":0,"_bbp_anonymous_reply_count":0,"_bbp_topic_count_hidden":0,"_bbp_reply_count_hidden":0,"_bbp_forum_subforum_count":0,"footnotes":""},"class_list":["post-3674","page","type-page","status-publish","hentry"],"post_mailing_queue_ids":[],"_links":{"self":[{"href":"https:\/\/agora.xtec.cat\/ceip-vila-parietes\/wp-json\/wp\/v2\/pages\/3674","targetHints":{"allow":["GET"]}}],"collection":[{"href":"https:\/\/agora.xtec.cat\/ceip-vila-parietes\/wp-json\/wp\/v2\/pages"}],"about":[{"href":"https:\/\/agora.xtec.cat\/ceip-vila-parietes\/wp-json\/wp\/v2\/types\/page"}],"author":[{"embeddable":true,"href":"https:\/\/agora.xtec.cat\/ceip-vila-parietes\/wp-json\/wp\/v2\/users\/6"}],"replies":[{"embeddable":true,"href":"https:\/\/agora.xtec.cat\/ceip-vila-parietes\/wp-json\/wp\/v2\/comments?post=3674"}],"version-history":[{"count":4,"href":"https:\/\/agora.xtec.cat\/ceip-vila-parietes\/wp-json\/wp\/v2\/pages\/3674\/revisions"}],"predecessor-version":[{"id":6021,"href":"https:\/\/agora.xtec.cat\/ceip-vila-parietes\/wp-json\/wp\/v2\/pages\/3674\/revisions\/6021"}],"wp:attachment":[{"href":"https:\/\/agora.xtec.cat\/ceip-vila-parietes\/wp-json\/wp\/v2\/media?parent=3674"}],"curies":[{"name":"wp","href":"https:\/\/api.w.org\/{rel}","templated":true}]}}