{"id":3358,"date":"2020-05-06T15:57:53","date_gmt":"2020-05-06T13:57:53","guid":{"rendered":"https:\/\/agora.xtec.cat\/ceip-vila-parietes\/?page_id=3358"},"modified":"2020-05-07T06:15:23","modified_gmt":"2020-05-07T04:15:23","slug":"projecte-path-i-prosel","status":"publish","type":"page","link":"https:\/\/agora.xtec.cat\/ceip-vila-parietes\/projecte-path-i-prosel\/","title":{"rendered":"Projecte PATH i PROSEL"},"content":{"rendered":"<p>El projecte PATH i el projecte PROSEL s\u00f3n dos projectes per treballar l&#8217;educaci\u00f3 emocional i la prosocialitat.<\/p>\n<h6><strong>PROSEL<\/strong><\/h6>\n<p class=\"Default\"><span style=\"font-size: 11.0pt;\">Aquest \u00e9s un projecte pilot d\u2019investigaci\u00f3 que dep\u00e8n del laboratori d&#8217;investigaci\u00f3 de la Universitat Aut\u00f2noma de Barcelona i de la Universitat de Perugia a It\u00e0lia, aprovat per la Uni\u00f3 Europea. Es va dur a terme a diferents escoles catalanes i italianes al llarg del curs 2015-16 i t\u00e9 una durada de 4 anys. La nostra escola va participar des de l&#8217;inici i es treballa habitualment al grup de 4t de prim\u00e0ria.\u00a0<\/span><\/p>\n<p>&nbsp;<\/p>\n<h6><strong>PATH<\/strong><\/h6>\n<p class=\"Default\"><span style=\"font-size: 11.0pt;\">Aquest projecte treballa l&#8217;educaci\u00f3 emocional i la prosocialitat dels nens\/es, amb l&#8217;objectiu d&#8217;enfortir el control de les seves emocions, sentiments i afectes i l&#8217;\u00fas estable de la reflexi\u00f3 i l&#8217;autoregulaci\u00f3, a fi de contribuir a la prevenci\u00f3 de les addiccions i depend\u00e8ncies. \u00c9s un projecte iniciat el curs 19-20 amb la participaci\u00f3 dels alumnes de P4 a 3r. <\/span><\/p>\n","protected":false},"excerpt":{"rendered":"<p>El projecte PATH i el projecte PROSEL s\u00f3n dos projectes per treballar l&#8217;educaci\u00f3 emocional i la prosocialitat.<br \/>\nPROSEL<br \/>\nAquest \u00e9s un projecte pilot d\u2019investigaci\u00f3 que dep\u00e8n del laboratori d&#8217;investigaci\u00f3 de la Universitat Aut\u00f2noma de Barcelona i de la Universitat de Perugia a It\u00e0lia, aprovat per la Uni\u00f3&hellip;  <a href=\"https:\/\/agora.xtec.cat\/ceip-vila-parietes\/projecte-path-i-prosel\/\" title=\"Read Projecte PATH i PROSEL\">Llegeix m\u00e9s\u00bb<\/a><\/p>\n","protected":false},"author":3,"featured_media":0,"parent":0,"menu_order":0,"comment_status":"closed","ping_status":"closed","template":"","meta":{"_bbp_topic_count":0,"_bbp_reply_count":0,"_bbp_total_topic_count":0,"_bbp_total_reply_count":0,"_bbp_voice_count":0,"_bbp_anonymous_reply_count":0,"_bbp_topic_count_hidden":0,"_bbp_reply_count_hidden":0,"_bbp_forum_subforum_count":0,"footnotes":""},"class_list":["post-3358","page","type-page","status-publish","hentry"],"post_mailing_queue_ids":[],"_links":{"self":[{"href":"https:\/\/agora.xtec.cat\/ceip-vila-parietes\/wp-json\/wp\/v2\/pages\/3358","targetHints":{"allow":["GET"]}}],"collection":[{"href":"https:\/\/agora.xtec.cat\/ceip-vila-parietes\/wp-json\/wp\/v2\/pages"}],"about":[{"href":"https:\/\/agora.xtec.cat\/ceip-vila-parietes\/wp-json\/wp\/v2\/types\/page"}],"author":[{"embeddable":true,"href":"https:\/\/agora.xtec.cat\/ceip-vila-parietes\/wp-json\/wp\/v2\/users\/3"}],"replies":[{"embeddable":true,"href":"https:\/\/agora.xtec.cat\/ceip-vila-parietes\/wp-json\/wp\/v2\/comments?post=3358"}],"version-history":[{"count":3,"href":"https:\/\/agora.xtec.cat\/ceip-vila-parietes\/wp-json\/wp\/v2\/pages\/3358\/revisions"}],"predecessor-version":[{"id":3420,"href":"https:\/\/agora.xtec.cat\/ceip-vila-parietes\/wp-json\/wp\/v2\/pages\/3358\/revisions\/3420"}],"wp:attachment":[{"href":"https:\/\/agora.xtec.cat\/ceip-vila-parietes\/wp-json\/wp\/v2\/media?parent=3358"}],"curies":[{"name":"wp","href":"https:\/\/api.w.org\/{rel}","templated":true}]}}