{"id":2459,"date":"2019-11-06T16:26:14","date_gmt":"2019-11-06T15:26:14","guid":{"rendered":"https:\/\/agora.xtec.cat\/ceip-vila-parietes\/?page_id=2459"},"modified":"2020-04-30T19:29:41","modified_gmt":"2020-04-30T17:29:41","slug":"tertulies-dialogiques","status":"publish","type":"page","link":"https:\/\/agora.xtec.cat\/ceip-vila-parietes\/tertulies-dialogiques\/","title":{"rendered":"Tert\u00falies Dial\u00f2giques"},"content":{"rendered":"<p>Les tert\u00falies liter\u00e0ries estimulen la lectura i estan basades en la metodologia de \u201clectura dial\u00f2gica\u201d \u00e9s a dir, en les interaccions i el di\u00e0leg, les converses i les reflexions que es fan amb els infants. \u00c9s una actuaci\u00f3 d\u2019\u00e8xit dins les comunitats d\u2019aprenentatge en les que no es q\u00fcestiona la capacitat d\u2019aprendre, ni la capacitat per llegir ni comprendre.<\/p>\n<p>Els alumnes es reuneixen setmanalment al voltant d\u2019un llibre per a reflexionar i dialogar a partir d\u2019ell. \u00c9s un espai on els alumnes participen de manera activa escoltant als companys i donant la seva pr\u00f2pia opini\u00f3 del que apareix al llibre i relacionant-ho amb la seva experi\u00e8ncia vital.<\/p>\n<p>Iniciem les tert\u00falies a P3 i fins a 1r \u00e9s el mestre l&#8217;encarregat de llegir o explicar un conte, a partir de 2n s\u00f3n els alumnes que fan la lectura del llibre.<\/p>\n<p>Els llibres que es llegeixen s\u00f3n cl\u00e0ssics com Frankenstein, Tirant lo Blanc, Romeu i Julieta, Robinson Crusoe, Les mil i una nits&#8230;<\/p>\n<p><a href=\"https:\/\/agora.xtec.cat\/ceip-vila-parietes\/wp-content\/uploads\/usu267\/2020\/04\/Imagen3.jpg\"><img loading=\"lazy\" decoding=\"async\" class=\"alignnone wp-image-3168\" src=\"https:\/\/agora.xtec.cat\/ceip-vila-parietes\/wp-content\/uploads\/usu267\/2020\/04\/Imagen3.jpg\" alt=\"\" width=\"476\" height=\"280\" srcset=\"https:\/\/agora.xtec.cat\/ceip-vila-parietes\/wp-content\/uploads\/usu267\/2020\/04\/Imagen3.jpg 484w, https:\/\/agora.xtec.cat\/ceip-vila-parietes\/wp-content\/uploads\/usu267\/2020\/04\/Imagen3-300x177.jpg 300w\" sizes=\"auto, (max-width: 476px) 100vw, 476px\" \/>\u00a0\u00a0 <\/a><a href=\"https:\/\/agora.xtec.cat\/ceip-vila-parietes\/wp-content\/uploads\/usu267\/2020\/04\/IMG_20200212_121754_961.jpg\"><img loading=\"lazy\" decoding=\"async\" class=\"alignnone wp-image-3172\" src=\"https:\/\/agora.xtec.cat\/ceip-vila-parietes\/wp-content\/uploads\/usu267\/2020\/04\/IMG_20200212_121754_961-1024x768.jpg\" alt=\"\" width=\"373\" height=\"280\" srcset=\"https:\/\/agora.xtec.cat\/ceip-vila-parietes\/wp-content\/uploads\/usu267\/2020\/04\/IMG_20200212_121754_961-1024x768.jpg 1024w, https:\/\/agora.xtec.cat\/ceip-vila-parietes\/wp-content\/uploads\/usu267\/2020\/04\/IMG_20200212_121754_961-300x225.jpg 300w, https:\/\/agora.xtec.cat\/ceip-vila-parietes\/wp-content\/uploads\/usu267\/2020\/04\/IMG_20200212_121754_961-768x576.jpg 768w, https:\/\/agora.xtec.cat\/ceip-vila-parietes\/wp-content\/uploads\/usu267\/2020\/04\/IMG_20200212_121754_961-200x150.jpg 200w, https:\/\/agora.xtec.cat\/ceip-vila-parietes\/wp-content\/uploads\/usu267\/2020\/04\/IMG_20200212_121754_961.jpg 1169w\" sizes=\"auto, (max-width: 373px) 100vw, 373px\" \/><\/a><\/p>\n<p><a href=\"https:\/\/agora.xtec.cat\/ceip-vila-parietes\/wp-content\/uploads\/usu267\/2020\/04\/IMG_20191118_121243_436.jpg\"><img loading=\"lazy\" decoding=\"async\" class=\"alignnone wp-image-3170\" src=\"https:\/\/agora.xtec.cat\/ceip-vila-parietes\/wp-content\/uploads\/usu267\/2020\/04\/IMG_20191118_121243_436.jpg\" alt=\"\" width=\"210\" height=\"280\" data-wp-editing=\"1\" srcset=\"https:\/\/agora.xtec.cat\/ceip-vila-parietes\/wp-content\/uploads\/usu267\/2020\/04\/IMG_20191118_121243_436.jpg 658w, https:\/\/agora.xtec.cat\/ceip-vila-parietes\/wp-content\/uploads\/usu267\/2020\/04\/IMG_20191118_121243_436-225x300.jpg 225w\" sizes=\"auto, (max-width: 210px) 100vw, 210px\" \/> \u00a0\u00a0<\/a><a href=\"https:\/\/agora.xtec.cat\/ceip-vila-parietes\/wp-content\/uploads\/usu267\/2020\/04\/canvas-1.png\"><img loading=\"lazy\" decoding=\"async\" class=\"alignnone wp-image-3186\" src=\"https:\/\/agora.xtec.cat\/ceip-vila-parietes\/wp-content\/uploads\/usu267\/2020\/04\/canvas-1.png\" alt=\"\" width=\"533\" height=\"300\" srcset=\"https:\/\/agora.xtec.cat\/ceip-vila-parietes\/wp-content\/uploads\/usu267\/2020\/04\/canvas-1.png 1008w, https:\/\/agora.xtec.cat\/ceip-vila-parietes\/wp-content\/uploads\/usu267\/2020\/04\/canvas-1-300x169.png 300w, https:\/\/agora.xtec.cat\/ceip-vila-parietes\/wp-content\/uploads\/usu267\/2020\/04\/canvas-1-768x432.png 768w\" sizes=\"auto, (max-width: 533px) 100vw, 533px\" \/><\/a>  \u00a0 <a href=\"https:\/\/agora.xtec.cat\/ceip-vila-parietes\/wp-content\/uploads\/usu267\/2020\/04\/IMG_20200124_121508_077.jpg\"><img loading=\"lazy\" decoding=\"async\" class=\"alignnone wp-image-3171\" src=\"https:\/\/agora.xtec.cat\/ceip-vila-parietes\/wp-content\/uploads\/usu267\/2020\/04\/IMG_20200124_121508_077.jpg\" alt=\"\" width=\"210\" height=\"280\" srcset=\"https:\/\/agora.xtec.cat\/ceip-vila-parietes\/wp-content\/uploads\/usu267\/2020\/04\/IMG_20200124_121508_077.jpg 658w, https:\/\/agora.xtec.cat\/ceip-vila-parietes\/wp-content\/uploads\/usu267\/2020\/04\/IMG_20200124_121508_077-225x300.jpg 225w\" sizes=\"auto, (max-width: 210px) 100vw, 210px\" \/><\/a><\/p>\n<p>&nbsp;<\/p>\n<p>&nbsp;<\/p>\n<p>&nbsp;<\/p>\n<p>&nbsp;<\/p>\n","protected":false},"excerpt":{"rendered":"<p>Les tert\u00falies liter\u00e0ries estimulen la lectura i estan basades en la metodologia de \u201clectura dial\u00f2gica\u201d \u00e9s a dir, en les interaccions i el di\u00e0leg, les converses i les reflexions que es fan amb els infants. \u00c9s una actuaci\u00f3 d\u2019\u00e8xit dins les comunitats d\u2019aprenentatge en les&hellip;  <a href=\"https:\/\/agora.xtec.cat\/ceip-vila-parietes\/tertulies-dialogiques\/\" title=\"Read Tert\u00falies Dial\u00f2giques\">Llegeix m\u00e9s\u00bb<\/a><\/p>\n","protected":false},"author":6,"featured_media":0,"parent":0,"menu_order":0,"comment_status":"closed","ping_status":"closed","template":"","meta":{"_bbp_topic_count":0,"_bbp_reply_count":0,"_bbp_total_topic_count":0,"_bbp_total_reply_count":0,"_bbp_voice_count":0,"_bbp_anonymous_reply_count":0,"_bbp_topic_count_hidden":0,"_bbp_reply_count_hidden":0,"_bbp_forum_subforum_count":0,"footnotes":""},"class_list":["post-2459","page","type-page","status-publish","hentry"],"post_mailing_queue_ids":[],"_links":{"self":[{"href":"https:\/\/agora.xtec.cat\/ceip-vila-parietes\/wp-json\/wp\/v2\/pages\/2459","targetHints":{"allow":["GET"]}}],"collection":[{"href":"https:\/\/agora.xtec.cat\/ceip-vila-parietes\/wp-json\/wp\/v2\/pages"}],"about":[{"href":"https:\/\/agora.xtec.cat\/ceip-vila-parietes\/wp-json\/wp\/v2\/types\/page"}],"author":[{"embeddable":true,"href":"https:\/\/agora.xtec.cat\/ceip-vila-parietes\/wp-json\/wp\/v2\/users\/6"}],"replies":[{"embeddable":true,"href":"https:\/\/agora.xtec.cat\/ceip-vila-parietes\/wp-json\/wp\/v2\/comments?post=2459"}],"version-history":[{"count":3,"href":"https:\/\/agora.xtec.cat\/ceip-vila-parietes\/wp-json\/wp\/v2\/pages\/2459\/revisions"}],"predecessor-version":[{"id":3187,"href":"https:\/\/agora.xtec.cat\/ceip-vila-parietes\/wp-json\/wp\/v2\/pages\/2459\/revisions\/3187"}],"wp:attachment":[{"href":"https:\/\/agora.xtec.cat\/ceip-vila-parietes\/wp-json\/wp\/v2\/media?parent=2459"}],"curies":[{"name":"wp","href":"https:\/\/api.w.org\/{rel}","templated":true}]}}