{"id":2457,"date":"2019-11-06T16:26:14","date_gmt":"2019-11-06T15:26:14","guid":{"rendered":"https:\/\/agora.xtec.cat\/ceip-vila-parietes\/?page_id=2457"},"modified":"2020-04-30T18:40:41","modified_gmt":"2020-04-30T16:40:41","slug":"grups-interactius","status":"publish","type":"page","link":"https:\/\/agora.xtec.cat\/ceip-vila-parietes\/grups-interactius\/","title":{"rendered":"Grups Interactius"},"content":{"rendered":"<p><strong>Els grups interactius s\u00f3n agrupacions heterog\u00e8nies de l\u2019alumnat dins l\u2019aula on m\u00e9s d\u2019un adult dinamitza el treball que s\u2019est\u00e0 realitzant. En aquesta actuaci\u00f3 d&#8217;\u00e8xit hi participen <\/strong><strong>mestres de l\u2019escola diferents als tutors i<\/strong><strong> la participaci\u00f3 del voluntariat \u00e9s clau per a la seva realitzaci\u00f3. Com a voluntaris tenim fam\u00edlies de l&#8217;escola, ex-alumnes, <\/strong><strong>nois i noies de l\u2019institut i alumnes en pr\u00e0ctiques<\/strong><strong>.<\/strong><\/p>\n<p><strong>En cada sessi\u00f3 es porten a terme quatre activitats diferents, cadascuna tutoritzada per un voluntari i s\u2019hi dedica uns 15-20 minuts aproximadament. Els alumnes van rotant de manera que passen per les quatre estacions. L\u2019objectiu \u00e9s un treball interactiu entre els nens i que tingui for\u00e7a l\u2019aprenentatge entre iguals.<\/strong><\/p>\n<p><strong>Al Vila Parietes els organitzem setmanalment, de manera que una setmana fem activitats de matem\u00e0tiques i l\u2019altra de catal\u00e0. <\/strong><strong>A grups interactius de catal\u00e0 treballem la comprensi\u00f3 lectora, el l\u00e8xic, el vocabulari, l\u2019expressi\u00f3 oral i escrita i l\u2019ortografia. I als grups interactius de matem\u00e0tiques treballem la resoluci\u00f3 de problemes, la l\u00f2gica, el raonament, i el c\u00e0lcul. Totes aquestes activitats les treballem en grup, ja que ens ajuden a consolidar continguts i estrat\u00e8gies treballades amb el grup-classe.<\/strong><\/p>\n<p><a href=\"https:\/\/agora.xtec.cat\/ceip-vila-parietes\/wp-content\/uploads\/usu267\/2020\/04\/IMG_2473.jpg\"><img loading=\"lazy\" decoding=\"async\" class=\"alignnone wp-image-3156\" src=\"https:\/\/agora.xtec.cat\/ceip-vila-parietes\/wp-content\/uploads\/usu267\/2020\/04\/IMG_2473-1024x768.jpg\" alt=\"\" width=\"307\" height=\"230\" srcset=\"https:\/\/agora.xtec.cat\/ceip-vila-parietes\/wp-content\/uploads\/usu267\/2020\/04\/IMG_2473-1024x768.jpg 1024w, https:\/\/agora.xtec.cat\/ceip-vila-parietes\/wp-content\/uploads\/usu267\/2020\/04\/IMG_2473-300x225.jpg 300w, https:\/\/agora.xtec.cat\/ceip-vila-parietes\/wp-content\/uploads\/usu267\/2020\/04\/IMG_2473-768x576.jpg 768w, https:\/\/agora.xtec.cat\/ceip-vila-parietes\/wp-content\/uploads\/usu267\/2020\/04\/IMG_2473-200x150.jpg 200w, https:\/\/agora.xtec.cat\/ceip-vila-parietes\/wp-content\/uploads\/usu267\/2020\/04\/IMG_2473.jpg 1169w\" sizes=\"auto, (max-width: 307px) 100vw, 307px\" \/><\/a><a href=\"https:\/\/agora.xtec.cat\/ceip-vila-parietes\/wp-content\/uploads\/usu267\/2020\/04\/IMG_3345.jpg\"> <img loading=\"lazy\" decoding=\"async\" class=\"alignnone wp-image-3157\" src=\"https:\/\/agora.xtec.cat\/ceip-vila-parietes\/wp-content\/uploads\/usu267\/2020\/04\/IMG_3345-1024x768.jpg\" alt=\"\" width=\"307\" height=\"230\" srcset=\"https:\/\/agora.xtec.cat\/ceip-vila-parietes\/wp-content\/uploads\/usu267\/2020\/04\/IMG_3345-1024x768.jpg 1024w, https:\/\/agora.xtec.cat\/ceip-vila-parietes\/wp-content\/uploads\/usu267\/2020\/04\/IMG_3345-300x225.jpg 300w, https:\/\/agora.xtec.cat\/ceip-vila-parietes\/wp-content\/uploads\/usu267\/2020\/04\/IMG_3345-768x576.jpg 768w, https:\/\/agora.xtec.cat\/ceip-vila-parietes\/wp-content\/uploads\/usu267\/2020\/04\/IMG_3345-200x150.jpg 200w, https:\/\/agora.xtec.cat\/ceip-vila-parietes\/wp-content\/uploads\/usu267\/2020\/04\/IMG_3345.jpg 1169w\" sizes=\"auto, (max-width: 307px) 100vw, 307px\" \/><\/a> <a href=\"https:\/\/agora.xtec.cat\/ceip-vila-parietes\/wp-content\/uploads\/usu267\/2020\/04\/20170308_153251.jpg\"><img loading=\"lazy\" decoding=\"async\" class=\"alignnone wp-image-3154\" src=\"https:\/\/agora.xtec.cat\/ceip-vila-parietes\/wp-content\/uploads\/usu267\/2020\/04\/20170308_153251-1024x768.jpg\" alt=\"\" width=\"307\" height=\"230\" srcset=\"https:\/\/agora.xtec.cat\/ceip-vila-parietes\/wp-content\/uploads\/usu267\/2020\/04\/20170308_153251-1024x768.jpg 1024w, https:\/\/agora.xtec.cat\/ceip-vila-parietes\/wp-content\/uploads\/usu267\/2020\/04\/20170308_153251-300x225.jpg 300w, https:\/\/agora.xtec.cat\/ceip-vila-parietes\/wp-content\/uploads\/usu267\/2020\/04\/20170308_153251-768x576.jpg 768w, https:\/\/agora.xtec.cat\/ceip-vila-parietes\/wp-content\/uploads\/usu267\/2020\/04\/20170308_153251-200x150.jpg 200w, https:\/\/agora.xtec.cat\/ceip-vila-parietes\/wp-content\/uploads\/usu267\/2020\/04\/20170308_153251.jpg 1169w\" sizes=\"auto, (max-width: 307px) 100vw, 307px\" \/><\/a><\/p>\n<p><a href=\"https:\/\/agora.xtec.cat\/ceip-vila-parietes\/wp-content\/uploads\/usu267\/2020\/04\/Imagen1.jpg\"><img loading=\"lazy\" decoding=\"async\" class=\"alignnone wp-image-3155\" src=\"https:\/\/agora.xtec.cat\/ceip-vila-parietes\/wp-content\/uploads\/usu267\/2020\/04\/Imagen1.jpg\" alt=\"\" width=\"410\" height=\"230\" srcset=\"https:\/\/agora.xtec.cat\/ceip-vila-parietes\/wp-content\/uploads\/usu267\/2020\/04\/Imagen1.jpg 650w, https:\/\/agora.xtec.cat\/ceip-vila-parietes\/wp-content\/uploads\/usu267\/2020\/04\/Imagen1-300x168.jpg 300w\" sizes=\"auto, (max-width: 410px) 100vw, 410px\" \/><\/a> <a href=\"https:\/\/agora.xtec.cat\/ceip-vila-parietes\/wp-content\/uploads\/usu267\/2020\/04\/IMG_20181109_152632.jpg\"><img loading=\"lazy\" decoding=\"async\" class=\"alignnone wp-image-3160\" src=\"https:\/\/agora.xtec.cat\/ceip-vila-parietes\/wp-content\/uploads\/usu267\/2020\/04\/IMG_20181109_152632-1024x576.jpg\" alt=\"\" width=\"409\" height=\"230\" srcset=\"https:\/\/agora.xtec.cat\/ceip-vila-parietes\/wp-content\/uploads\/usu267\/2020\/04\/IMG_20181109_152632-1024x576.jpg 1024w, https:\/\/agora.xtec.cat\/ceip-vila-parietes\/wp-content\/uploads\/usu267\/2020\/04\/IMG_20181109_152632-300x169.jpg 300w, https:\/\/agora.xtec.cat\/ceip-vila-parietes\/wp-content\/uploads\/usu267\/2020\/04\/IMG_20181109_152632-768x432.jpg 768w, https:\/\/agora.xtec.cat\/ceip-vila-parietes\/wp-content\/uploads\/usu267\/2020\/04\/IMG_20181109_152632.jpg 1559w\" sizes=\"auto, (max-width: 409px) 100vw, 409px\" \/><\/a><\/p>\n<p><a href=\"https:\/\/agora.xtec.cat\/ceip-vila-parietes\/wp-content\/uploads\/usu267\/2020\/04\/IMG_20171123_094519.jpg\"><img loading=\"lazy\" decoding=\"async\" class=\"alignnone wp-image-3158\" src=\"https:\/\/agora.xtec.cat\/ceip-vila-parietes\/wp-content\/uploads\/usu267\/2020\/04\/IMG_20171123_094519-1024x768.jpg\" alt=\"\" width=\"307\" height=\"230\" srcset=\"https:\/\/agora.xtec.cat\/ceip-vila-parietes\/wp-content\/uploads\/usu267\/2020\/04\/IMG_20171123_094519-1024x768.jpg 1024w, https:\/\/agora.xtec.cat\/ceip-vila-parietes\/wp-content\/uploads\/usu267\/2020\/04\/IMG_20171123_094519-300x225.jpg 300w, https:\/\/agora.xtec.cat\/ceip-vila-parietes\/wp-content\/uploads\/usu267\/2020\/04\/IMG_20171123_094519-768x576.jpg 768w, https:\/\/agora.xtec.cat\/ceip-vila-parietes\/wp-content\/uploads\/usu267\/2020\/04\/IMG_20171123_094519-200x150.jpg 200w, https:\/\/agora.xtec.cat\/ceip-vila-parietes\/wp-content\/uploads\/usu267\/2020\/04\/IMG_20171123_094519.jpg 1169w\" sizes=\"auto, (max-width: 307px) 100vw, 307px\" \/><\/a> <a href=\"https:\/\/agora.xtec.cat\/ceip-vila-parietes\/wp-content\/uploads\/usu267\/2020\/04\/IMG_20180219_154305.jpg\"><img loading=\"lazy\" decoding=\"async\" class=\"alignnone wp-image-3159\" src=\"https:\/\/agora.xtec.cat\/ceip-vila-parietes\/wp-content\/uploads\/usu267\/2020\/04\/IMG_20180219_154305-1024x768.jpg\" alt=\"\" width=\"307\" height=\"230\" srcset=\"https:\/\/agora.xtec.cat\/ceip-vila-parietes\/wp-content\/uploads\/usu267\/2020\/04\/IMG_20180219_154305-1024x768.jpg 1024w, https:\/\/agora.xtec.cat\/ceip-vila-parietes\/wp-content\/uploads\/usu267\/2020\/04\/IMG_20180219_154305-300x225.jpg 300w, https:\/\/agora.xtec.cat\/ceip-vila-parietes\/wp-content\/uploads\/usu267\/2020\/04\/IMG_20180219_154305-768x576.jpg 768w, https:\/\/agora.xtec.cat\/ceip-vila-parietes\/wp-content\/uploads\/usu267\/2020\/04\/IMG_20180219_154305-200x150.jpg 200w, https:\/\/agora.xtec.cat\/ceip-vila-parietes\/wp-content\/uploads\/usu267\/2020\/04\/IMG_20180219_154305.jpg 1169w\" sizes=\"auto, (max-width: 307px) 100vw, 307px\" \/><\/a> <a href=\"https:\/\/agora.xtec.cat\/ceip-vila-parietes\/wp-content\/uploads\/usu267\/2020\/04\/IMG_20191011_093635.jpg\"><img loading=\"lazy\" decoding=\"async\" class=\"alignnone wp-image-3161\" src=\"https:\/\/agora.xtec.cat\/ceip-vila-parietes\/wp-content\/uploads\/usu267\/2020\/04\/IMG_20191011_093635-1024x768.jpg\" alt=\"\" width=\"307\" height=\"230\" srcset=\"https:\/\/agora.xtec.cat\/ceip-vila-parietes\/wp-content\/uploads\/usu267\/2020\/04\/IMG_20191011_093635-1024x768.jpg 1024w, https:\/\/agora.xtec.cat\/ceip-vila-parietes\/wp-content\/uploads\/usu267\/2020\/04\/IMG_20191011_093635-300x225.jpg 300w, https:\/\/agora.xtec.cat\/ceip-vila-parietes\/wp-content\/uploads\/usu267\/2020\/04\/IMG_20191011_093635-768x576.jpg 768w, https:\/\/agora.xtec.cat\/ceip-vila-parietes\/wp-content\/uploads\/usu267\/2020\/04\/IMG_20191011_093635-200x150.jpg 200w, https:\/\/agora.xtec.cat\/ceip-vila-parietes\/wp-content\/uploads\/usu267\/2020\/04\/IMG_20191011_093635.jpg 1169w\" sizes=\"auto, (max-width: 307px) 100vw, 307px\" \/><\/a><\/p>\n<p><a href=\"https:\/\/agora.xtec.cat\/ceip-vila-parietes\/wp-content\/uploads\/usu267\/2020\/04\/IMG_20200304_092111.jpg\"><img loading=\"lazy\" decoding=\"async\" class=\"alignnone wp-image-3162\" src=\"https:\/\/agora.xtec.cat\/ceip-vila-parietes\/wp-content\/uploads\/usu267\/2020\/04\/IMG_20200304_092111-1024x768.jpg\" alt=\"\" width=\"307\" height=\"230\" srcset=\"https:\/\/agora.xtec.cat\/ceip-vila-parietes\/wp-content\/uploads\/usu267\/2020\/04\/IMG_20200304_092111-1024x768.jpg 1024w, https:\/\/agora.xtec.cat\/ceip-vila-parietes\/wp-content\/uploads\/usu267\/2020\/04\/IMG_20200304_092111-300x225.jpg 300w, https:\/\/agora.xtec.cat\/ceip-vila-parietes\/wp-content\/uploads\/usu267\/2020\/04\/IMG_20200304_092111-768x576.jpg 768w, https:\/\/agora.xtec.cat\/ceip-vila-parietes\/wp-content\/uploads\/usu267\/2020\/04\/IMG_20200304_092111-200x150.jpg 200w, https:\/\/agora.xtec.cat\/ceip-vila-parietes\/wp-content\/uploads\/usu267\/2020\/04\/IMG_20200304_092111.jpg 1169w\" sizes=\"auto, (max-width: 307px) 100vw, 307px\" \/> <\/a><a href=\"https:\/\/agora.xtec.cat\/ceip-vila-parietes\/wp-content\/uploads\/usu267\/2020\/04\/Grups-interactius-P4.jpg\"><img loading=\"lazy\" decoding=\"async\" class=\"alignnone wp-image-3164\" src=\"https:\/\/agora.xtec.cat\/ceip-vila-parietes\/wp-content\/uploads\/usu267\/2020\/04\/Grups-interactius-P4-1024x707.jpg\" alt=\"\" width=\"333\" height=\"230\" srcset=\"https:\/\/agora.xtec.cat\/ceip-vila-parietes\/wp-content\/uploads\/usu267\/2020\/04\/Grups-interactius-P4-1024x707.jpg 1024w, https:\/\/agora.xtec.cat\/ceip-vila-parietes\/wp-content\/uploads\/usu267\/2020\/04\/Grups-interactius-P4-300x207.jpg 300w, https:\/\/agora.xtec.cat\/ceip-vila-parietes\/wp-content\/uploads\/usu267\/2020\/04\/Grups-interactius-P4-768x530.jpg 768w\" sizes=\"auto, (max-width: 333px) 100vw, 333px\" \/> <\/a><a href=\"https:\/\/agora.xtec.cat\/ceip-vila-parietes\/wp-content\/uploads\/usu267\/2020\/04\/IMG_2475.jpg\"><img loading=\"lazy\" decoding=\"async\" class=\"alignnone wp-image-3165\" src=\"https:\/\/agora.xtec.cat\/ceip-vila-parietes\/wp-content\/uploads\/usu267\/2020\/04\/IMG_2475-1024x768.jpg\" alt=\"\" width=\"307\" height=\"230\" srcset=\"https:\/\/agora.xtec.cat\/ceip-vila-parietes\/wp-content\/uploads\/usu267\/2020\/04\/IMG_2475-1024x768.jpg 1024w, https:\/\/agora.xtec.cat\/ceip-vila-parietes\/wp-content\/uploads\/usu267\/2020\/04\/IMG_2475-300x225.jpg 300w, https:\/\/agora.xtec.cat\/ceip-vila-parietes\/wp-content\/uploads\/usu267\/2020\/04\/IMG_2475-768x576.jpg 768w, https:\/\/agora.xtec.cat\/ceip-vila-parietes\/wp-content\/uploads\/usu267\/2020\/04\/IMG_2475-200x150.jpg 200w, https:\/\/agora.xtec.cat\/ceip-vila-parietes\/wp-content\/uploads\/usu267\/2020\/04\/IMG_2475.jpg 1169w\" sizes=\"auto, (max-width: 307px) 100vw, 307px\" \/><\/a><\/p>\n<p>&nbsp;<\/p>\n","protected":false},"excerpt":{"rendered":"<p>Els grups interactius s\u00f3n agrupacions heterog\u00e8nies de l\u2019alumnat dins l\u2019aula on m\u00e9s d\u2019un adult dinamitza el treball que s\u2019est\u00e0 realitzant. En aquesta actuaci\u00f3 d&#8217;\u00e8xit hi participen mestres de l\u2019escola diferents als tutors i la participaci\u00f3 del voluntariat \u00e9s clau per a la seva realitzaci\u00f3. Com&hellip;  <a href=\"https:\/\/agora.xtec.cat\/ceip-vila-parietes\/grups-interactius\/\" title=\"Read Grups Interactius\">Llegeix m\u00e9s\u00bb<\/a><\/p>\n","protected":false},"author":6,"featured_media":0,"parent":0,"menu_order":0,"comment_status":"closed","ping_status":"closed","template":"","meta":{"_bbp_topic_count":0,"_bbp_reply_count":0,"_bbp_total_topic_count":0,"_bbp_total_reply_count":0,"_bbp_voice_count":0,"_bbp_anonymous_reply_count":0,"_bbp_topic_count_hidden":0,"_bbp_reply_count_hidden":0,"_bbp_forum_subforum_count":0,"footnotes":""},"class_list":["post-2457","page","type-page","status-publish","hentry"],"post_mailing_queue_ids":[],"_links":{"self":[{"href":"https:\/\/agora.xtec.cat\/ceip-vila-parietes\/wp-json\/wp\/v2\/pages\/2457","targetHints":{"allow":["GET"]}}],"collection":[{"href":"https:\/\/agora.xtec.cat\/ceip-vila-parietes\/wp-json\/wp\/v2\/pages"}],"about":[{"href":"https:\/\/agora.xtec.cat\/ceip-vila-parietes\/wp-json\/wp\/v2\/types\/page"}],"author":[{"embeddable":true,"href":"https:\/\/agora.xtec.cat\/ceip-vila-parietes\/wp-json\/wp\/v2\/users\/6"}],"replies":[{"embeddable":true,"href":"https:\/\/agora.xtec.cat\/ceip-vila-parietes\/wp-json\/wp\/v2\/comments?post=2457"}],"version-history":[{"count":3,"href":"https:\/\/agora.xtec.cat\/ceip-vila-parietes\/wp-json\/wp\/v2\/pages\/2457\/revisions"}],"predecessor-version":[{"id":3166,"href":"https:\/\/agora.xtec.cat\/ceip-vila-parietes\/wp-json\/wp\/v2\/pages\/2457\/revisions\/3166"}],"wp:attachment":[{"href":"https:\/\/agora.xtec.cat\/ceip-vila-parietes\/wp-json\/wp\/v2\/media?parent=2457"}],"curies":[{"name":"wp","href":"https:\/\/api.w.org\/{rel}","templated":true}]}}