{"id":2428,"date":"2019-11-05T18:37:32","date_gmt":"2019-11-05T17:37:32","guid":{"rendered":"https:\/\/agora.xtec.cat\/ceip-vila-parietes\/?page_id=2428"},"modified":"2022-11-30T13:32:57","modified_gmt":"2022-11-30T12:32:57","slug":"oaoa","status":"publish","type":"page","link":"https:\/\/agora.xtec.cat\/ceip-vila-parietes\/oaoa\/","title":{"rendered":"OAOA"},"content":{"rendered":"<p><strong>Les matem\u00e0tiques OAOA o \u201cOtros Algoritmos para las Operaciones Aritm\u00e9ticas\u201d \u00e9s la manera d\u2019ensenyar i aprendre matem\u00e0tiques que\u00a0 hem comen\u00e7at a fer servir aquest any a tots els cursos de l\u2019escola.<\/strong><\/p>\n<p><strong>La manera tradicional d\u2019ensenyar matem\u00e0tiques primava l\u2019aprenentatge mec\u00e0nic sense aprofundir en la comprensi\u00f3 d\u2019all\u00f2 que s\u2019est\u00e0 treballant, ensenyant o aprenent.<br \/>\n<\/strong><\/p>\n<p><strong>Les OAOA plantegen la matem\u00e0tica de manera contextualitzada en les necessitats de l\u2019infant, sense treballar operacions de grans n\u00fameros. La matem\u00e0tica esdev\u00e9 manipulativa\u00a0 en comptes d\u2019abstracta, i aix\u00f2 en facilitza la comprensi\u00f3 i el domini.<\/strong><\/p>\n<p><iframe loading=\"lazy\" title=\"MATEM\u00c0TIQUES OAOA\" width=\"500\" height=\"281\" src=\"https:\/\/www.youtube.com\/embed\/Aylvg_DTW2s?feature=oembed\" frameborder=\"0\" allow=\"accelerometer; autoplay; clipboard-write; encrypted-media; gyroscope; picture-in-picture; web-share\" referrerpolicy=\"strict-origin-when-cross-origin\" allowfullscreen><\/iframe><\/p>\n<p>&nbsp;<\/p>\n","protected":false},"excerpt":{"rendered":"<p>Les matem\u00e0tiques OAOA o \u201cOtros Algoritmos para las Operaciones Aritm\u00e9ticas\u201d \u00e9s la manera d\u2019ensenyar i aprendre matem\u00e0tiques que\u00a0 hem comen\u00e7at a fer servir aquest any a tots els cursos de l\u2019escola.<br \/>\nLa manera tradicional d\u2019ensenyar matem\u00e0tiques primava l\u2019aprenentatge mec\u00e0nic sense aprofundir en la comprensi\u00f3 d\u2019all\u00f2 que&hellip;  <a href=\"https:\/\/agora.xtec.cat\/ceip-vila-parietes\/oaoa\/\" title=\"Read OAOA\">Llegeix m\u00e9s\u00bb<\/a><\/p>\n","protected":false},"author":6,"featured_media":0,"parent":0,"menu_order":0,"comment_status":"closed","ping_status":"closed","template":"","meta":{"_bbp_topic_count":0,"_bbp_reply_count":0,"_bbp_total_topic_count":0,"_bbp_total_reply_count":0,"_bbp_voice_count":0,"_bbp_anonymous_reply_count":0,"_bbp_topic_count_hidden":0,"_bbp_reply_count_hidden":0,"_bbp_forum_subforum_count":0,"footnotes":""},"class_list":["post-2428","page","type-page","status-publish","hentry"],"post_mailing_queue_ids":[],"_links":{"self":[{"href":"https:\/\/agora.xtec.cat\/ceip-vila-parietes\/wp-json\/wp\/v2\/pages\/2428","targetHints":{"allow":["GET"]}}],"collection":[{"href":"https:\/\/agora.xtec.cat\/ceip-vila-parietes\/wp-json\/wp\/v2\/pages"}],"about":[{"href":"https:\/\/agora.xtec.cat\/ceip-vila-parietes\/wp-json\/wp\/v2\/types\/page"}],"author":[{"embeddable":true,"href":"https:\/\/agora.xtec.cat\/ceip-vila-parietes\/wp-json\/wp\/v2\/users\/6"}],"replies":[{"embeddable":true,"href":"https:\/\/agora.xtec.cat\/ceip-vila-parietes\/wp-json\/wp\/v2\/comments?post=2428"}],"version-history":[{"count":3,"href":"https:\/\/agora.xtec.cat\/ceip-vila-parietes\/wp-json\/wp\/v2\/pages\/2428\/revisions"}],"predecessor-version":[{"id":6173,"href":"https:\/\/agora.xtec.cat\/ceip-vila-parietes\/wp-json\/wp\/v2\/pages\/2428\/revisions\/6173"}],"wp:attachment":[{"href":"https:\/\/agora.xtec.cat\/ceip-vila-parietes\/wp-json\/wp\/v2\/media?parent=2428"}],"curies":[{"name":"wp","href":"https:\/\/api.w.org\/{rel}","templated":true}]}}