{"id":2203,"date":"2019-03-26T16:30:30","date_gmt":"2019-03-26T15:30:30","guid":{"rendered":"http:\/\/agora.xtec.cat\/ceip-vila-parietes\/?page_id=2203"},"modified":"2019-11-02T10:11:58","modified_gmt":"2019-11-02T09:11:58","slug":"raco-del-voluntariat","status":"publish","type":"page","link":"https:\/\/agora.xtec.cat\/ceip-vila-parietes\/raco-del-voluntariat\/","title":{"rendered":"RAC\u00d3 DEL VOLUNTARIAT"},"content":{"rendered":"<h1 style=\"text-align: center;\">El voluntariat \u00e9s un dels nostres recursos humans m\u00e9s importants per realitzar els &#8220;Grups Interactius&#8221;<\/h1>\n<h1 style=\"text-align: center;\">Durant aquests dies hem organitzat unes jornades de voluntariat amb els Instituts la S\u00ednia i Torre Malla<\/h1>\n<h1><a href=\"https:\/\/agora.xtec.cat\/ceip-vila-parietes\/wp-content\/uploads\/usu267\/2019\/10\/IMG_2300.jpg\"><img loading=\"lazy\" decoding=\"async\" class=\"alignnone size-full wp-image-2344\" src=\"https:\/\/agora.xtec.cat\/ceip-vila-parietes\/wp-content\/uploads\/usu267\/2019\/10\/IMG_2300.jpg\" alt=\"\" width=\"6231\" height=\"2567\" srcset=\"https:\/\/agora.xtec.cat\/ceip-vila-parietes\/wp-content\/uploads\/usu267\/2019\/10\/IMG_2300.jpg 6231w, https:\/\/agora.xtec.cat\/ceip-vila-parietes\/wp-content\/uploads\/usu267\/2019\/10\/IMG_2300-300x124.jpg 300w, https:\/\/agora.xtec.cat\/ceip-vila-parietes\/wp-content\/uploads\/usu267\/2019\/10\/IMG_2300-768x316.jpg 768w, https:\/\/agora.xtec.cat\/ceip-vila-parietes\/wp-content\/uploads\/usu267\/2019\/10\/IMG_2300-1024x422.jpg 1024w\" sizes=\"auto, (max-width: 6231px) 100vw, 6231px\" \/><\/a><a href=\"https:\/\/agora.xtec.cat\/ceip-vila-parietes\/wp-content\/uploads\/usu267\/2019\/10\/la_s\u00ednia_jornada_voluntariat-83.jpg\"><img loading=\"lazy\" decoding=\"async\" class=\"alignnone size-full wp-image-2346\" src=\"https:\/\/agora.xtec.cat\/ceip-vila-parietes\/wp-content\/uploads\/usu267\/2019\/10\/la_s\u00ednia_jornada_voluntariat-83.jpg\" alt=\"\" width=\"3456\" height=\"2304\" srcset=\"https:\/\/agora.xtec.cat\/ceip-vila-parietes\/wp-content\/uploads\/usu267\/2019\/10\/la_s\u00ednia_jornada_voluntariat-83.jpg 3456w, https:\/\/agora.xtec.cat\/ceip-vila-parietes\/wp-content\/uploads\/usu267\/2019\/10\/la_s\u00ednia_jornada_voluntariat-83-300x200.jpg 300w, https:\/\/agora.xtec.cat\/ceip-vila-parietes\/wp-content\/uploads\/usu267\/2019\/10\/la_s\u00ednia_jornada_voluntariat-83-768x512.jpg 768w, https:\/\/agora.xtec.cat\/ceip-vila-parietes\/wp-content\/uploads\/usu267\/2019\/10\/la_s\u00ednia_jornada_voluntariat-83-1024x683.jpg 1024w\" sizes=\"auto, (max-width: 3456px) 100vw, 3456px\" \/><\/a><\/h1>\n<h1><a href=\"https:\/\/agora.xtec.cat\/ceip-vila-parietes\/wp-content\/uploads\/usu267\/2019\/10\/la_s\u00ednia_jornada_voluntariat-18.jpg\"><img loading=\"lazy\" decoding=\"async\" class=\"alignnone size-full wp-image-2345\" src=\"https:\/\/agora.xtec.cat\/ceip-vila-parietes\/wp-content\/uploads\/usu267\/2019\/10\/la_s\u00ednia_jornada_voluntariat-18.jpg\" alt=\"\" width=\"3456\" height=\"2304\" srcset=\"https:\/\/agora.xtec.cat\/ceip-vila-parietes\/wp-content\/uploads\/usu267\/2019\/10\/la_s\u00ednia_jornada_voluntariat-18.jpg 3456w, https:\/\/agora.xtec.cat\/ceip-vila-parietes\/wp-content\/uploads\/usu267\/2019\/10\/la_s\u00ednia_jornada_voluntariat-18-300x200.jpg 300w, https:\/\/agora.xtec.cat\/ceip-vila-parietes\/wp-content\/uploads\/usu267\/2019\/10\/la_s\u00ednia_jornada_voluntariat-18-768x512.jpg 768w, https:\/\/agora.xtec.cat\/ceip-vila-parietes\/wp-content\/uploads\/usu267\/2019\/10\/la_s\u00ednia_jornada_voluntariat-18-1024x683.jpg 1024w\" sizes=\"auto, (max-width: 3456px) 100vw, 3456px\" \/><\/a><\/h1>\n<h1><\/h1>\n<p><iframe loading=\"lazy\" src=\"https:\/\/www.youtube.com\/embed\/fUuU3cKrY9A\" width=\"800\" height=\"500\" frameborder=\"0\" allowfullscreen=\"allowfullscreen\"><\/iframe><\/p>\n<p>El passat 14 i 16 doctubre alumnes de l&#8217;Institut Torre de Malla van participar en una sessi\u00f3 de Grups interactius.<\/p>\n<p>En aquest <a href=\"https:\/\/photos.app.goo.gl\/EkrVmFzuEGxNdiBR8\" target=\"_blank\" rel=\"noopener noreferrer\">ENLLA\u00c7<\/a> trobareu les fotografies de les diferents activitats que van realitzar amb els vostres fills i filles.<\/p>\n<p>El passat 11 d&#8217;octubre\u00a0 alumnes de l&#8217;Institut la S\u00ednia van participar en una sessi\u00f3 de Grups interactius.<\/p>\n<p>En aquest <a href=\"https:\/\/photos.app.goo.gl\/3Nj5922DpKUexStP7\" target=\"_blank\" rel=\"noopener noreferrer\">ENLLA\u00c7<\/a> trobareu les fotografies de les diferents activitats que van realitzar amb els vostres fills i filles.<\/p>\n<p>&nbsp;<\/p>\n<p><iframe loading=\"lazy\" src=\"https:\/\/www.youtube.com\/embed\/jqWkreOKPAM\" width=\"853\" height=\"480\" frameborder=\"0\" allowfullscreen=\"allowfullscreen\"><\/iframe><\/p>\n<p>Curs 2018-2019.\u00a0 Durant aquests dies rebem la visita dels alumnes de la S\u00ednia i del Torre Malla amb la intenci\u00f3 de con\u00e8ixer com funcionen el voluntariat i els grups interactius.<\/p>\n<p><a href=\"https:\/\/photos.app.goo.gl\/dJ9YZ3JFmZQMhqC69\" target=\"_blank\" rel=\"noopener noreferrer\">&#8212;&#8212;&#8212;&#8212;&gt; FOTOGRAFIES LA S\u00cdNIA<\/a><\/p>\n<p><a href=\"https:\/\/photos.app.goo.gl\/kG88WDJp22QVh6nM8\" target=\"_blank\" rel=\"noopener noreferrer\">&#8212;&#8212;&#8212;&#8212;&gt; FOTOGRAFIES TORRE DE MALLA<\/a><\/p>\n","protected":false},"excerpt":{"rendered":"<p>El voluntariat \u00e9s un dels nostres recursos humans m\u00e9s importants per realitzar els &#8220;Grups Interactius&#8221;<br \/>\nDurant aquests dies hem organitzat unes jornades de voluntariat amb els Instituts la S\u00ednia i Torre Malla<br \/>\n<a href=\"https:\/\/agora.xtec.cat\/ceip-vila-parietes\/wp-content\/uploads\/usu267\/2019\/10\/IMG_2300.jpg\"><\/a><a href=\"https:\/\/agora.xtec.cat\/ceip-vila-parietes\/wp-content\/uploads\/usu267\/2019\/10\/la_s\u00ednia_jornada_voluntariat-83.jpg\"><\/a><br \/>\n<a href=\"https:\/\/agora.xtec.cat\/ceip-vila-parietes\/wp-content\/uploads\/usu267\/2019\/10\/la_s\u00ednia_jornada_voluntariat-18.jpg\"><\/a><\/p>\n<p>El passat 14 i 16 doctubre alumnes de l&#8217;Institut Torre de Malla&hellip;  <a href=\"https:\/\/agora.xtec.cat\/ceip-vila-parietes\/raco-del-voluntariat\/\" title=\"Read RAC\u00d3 DEL VOLUNTARIAT\">Llegeix m\u00e9s\u00bb<\/a><\/p>\n","protected":false},"author":6,"featured_media":0,"parent":0,"menu_order":0,"comment_status":"closed","ping_status":"closed","template":"","meta":{"_bbp_topic_count":0,"_bbp_reply_count":0,"_bbp_total_topic_count":0,"_bbp_total_reply_count":0,"_bbp_voice_count":0,"_bbp_anonymous_reply_count":0,"_bbp_topic_count_hidden":0,"_bbp_reply_count_hidden":0,"_bbp_forum_subforum_count":0,"footnotes":""},"class_list":["post-2203","page","type-page","status-publish","hentry"],"post_mailing_queue_ids":[],"_links":{"self":[{"href":"https:\/\/agora.xtec.cat\/ceip-vila-parietes\/wp-json\/wp\/v2\/pages\/2203","targetHints":{"allow":["GET"]}}],"collection":[{"href":"https:\/\/agora.xtec.cat\/ceip-vila-parietes\/wp-json\/wp\/v2\/pages"}],"about":[{"href":"https:\/\/agora.xtec.cat\/ceip-vila-parietes\/wp-json\/wp\/v2\/types\/page"}],"author":[{"embeddable":true,"href":"https:\/\/agora.xtec.cat\/ceip-vila-parietes\/wp-json\/wp\/v2\/users\/6"}],"replies":[{"embeddable":true,"href":"https:\/\/agora.xtec.cat\/ceip-vila-parietes\/wp-json\/wp\/v2\/comments?post=2203"}],"version-history":[{"count":3,"href":"https:\/\/agora.xtec.cat\/ceip-vila-parietes\/wp-json\/wp\/v2\/pages\/2203\/revisions"}],"predecessor-version":[{"id":2410,"href":"https:\/\/agora.xtec.cat\/ceip-vila-parietes\/wp-json\/wp\/v2\/pages\/2203\/revisions\/2410"}],"wp:attachment":[{"href":"https:\/\/agora.xtec.cat\/ceip-vila-parietes\/wp-json\/wp\/v2\/media?parent=2203"}],"curies":[{"name":"wp","href":"https:\/\/api.w.org\/{rel}","templated":true}]}}