{"id":22,"date":"2014-09-18T12:19:57","date_gmt":"2014-09-18T12:19:57","guid":{"rendered":"http:\/\/agora.xtec.cat\/ceip-vila-parietes\/\/?page_id=22"},"modified":"2026-04-15T10:30:34","modified_gmt":"2026-04-15T08:30:34","slug":"lescola","status":"publish","type":"page","link":"https:\/\/agora.xtec.cat\/ceip-vila-parietes\/","title":{"rendered":"ACTUALITAT:"},"content":{"rendered":"<h3>NOVETAT: &#8220;Ja tenim penjades a l&#8217;interior de l&#8217;escola les llistes amb el barem provisional&#8221;<\/h3>\n<h3><\/h3>\n<h3 style=\"text-align: center;\"><span style=\"color: #000000;\"><strong>OFERTA DE PLACES<\/strong><\/span><\/h3>\n<ul style=\"list-style-type: square;\">\n<li><strong>3 de mar\u00e7 de 2026:<\/strong> <a href=\"https:\/\/drive.google.com\/file\/d\/19LUEuSP-8jHKadclFysaq2NC6OmhCjik\/view?usp=sharing\">oferta inicial de places<\/a><\/li>\n<li><strong>10 de juny de 2026:<\/strong> oferta definitiva de places<\/li>\n<\/ul>\n<h3><\/h3>\n<h3 style=\"text-align: center;\"><span style=\"color: #000000;\"><strong>CALENDARI PREINSCRIPCI\u00d3<\/strong><\/span><\/h3>\n<ul style=\"list-style-type: square;\">\n<li><strong>Del 4 al 18 de mar\u00e7 de 2026<\/strong> (a partir de les 9h): <a href=\"https:\/\/preinscripcio.gencat.cat\/ca\/estudis\/infantil-3-6\/preinscriute\/sollicitud\/\">presentaci\u00f3 de sol\u00b7licituds<\/a><\/li>\n<li><strong>Fins al 19 de mar\u00e7 de 2026<\/strong>: presentaci\u00f3 de documentaci\u00f3<\/li>\n<li><strong>15 d&#8217;abril de 2026<\/strong>: llista de sol\u00b7licituds amb la puntuaci\u00f3 provisional<\/li>\n<li><strong>Del 15 al 20 d&#8217;abril de 2026<\/strong>: presentaci\u00f3 de reclamacions<\/li>\n<li><strong>23 d&#8217;abril de 2026<\/strong>: llista de sol\u00b7licituds amb la puntuaci\u00f3 un cop resoltes les reclamacions<\/li>\n<li><strong>28 d&#8217;abril de 2026 a les 11h<\/strong>: sorteig per resoldre les sol\u00b7licituds de preinscripci\u00f3 empatades en punts<\/li>\n<li><strong>29 d&#8217;abril de 2026<\/strong>: llista ordenada<\/li>\n<li><strong>De l&#8217;1 al 3 de juny de 2026<\/strong>: ampliaci\u00f3 de peticions de preinscripci\u00f3 per a alumnes sense pla\u00e7a assignada<\/li>\n<li><strong>10 de juny de 2026<\/strong>: llista d&#8217;alumnes admesos i llista d&#8217;espera<\/li>\n<li><strong>Del 22 al 30 de juny de 2026<\/strong>: matriculaci\u00f3<\/li>\n<\/ul>\n<p><a href=\"https:\/\/agora.xtec.cat\/ceip-vila-parietes\/wp-content\/uploads\/usu267\/2026\/03\/Infografia-de-Educacion-Creativa-Listado-de-Ideas-Ninos-Ilustrada-Bonita-Multicolor-A4.png\"><img loading=\"lazy\" decoding=\"async\" class=\"aligncenter size-large wp-image-7858\" src=\"https:\/\/agora.xtec.cat\/ceip-vila-parietes\/wp-content\/uploads\/usu267\/2026\/03\/Infografia-de-Educacion-Creativa-Listado-de-Ideas-Ninos-Ilustrada-Bonita-Multicolor-A4-724x1024.png\" alt=\"\" width=\"724\" height=\"1024\" srcset=\"https:\/\/agora.xtec.cat\/ceip-vila-parietes\/wp-content\/uploads\/usu267\/2026\/03\/Infografia-de-Educacion-Creativa-Listado-de-Ideas-Ninos-Ilustrada-Bonita-Multicolor-A4-724x1024.png 724w, https:\/\/agora.xtec.cat\/ceip-vila-parietes\/wp-content\/uploads\/usu267\/2026\/03\/Infografia-de-Educacion-Creativa-Listado-de-Ideas-Ninos-Ilustrada-Bonita-Multicolor-A4-212x300.png 212w, https:\/\/agora.xtec.cat\/ceip-vila-parietes\/wp-content\/uploads\/usu267\/2026\/03\/Infografia-de-Educacion-Creativa-Listado-de-Ideas-Ninos-Ilustrada-Bonita-Multicolor-A4-768x1086.png 768w, https:\/\/agora.xtec.cat\/ceip-vila-parietes\/wp-content\/uploads\/usu267\/2026\/03\/Infografia-de-Educacion-Creativa-Listado-de-Ideas-Ninos-Ilustrada-Bonita-Multicolor-A4-1086x1536.png 1086w, https:\/\/agora.xtec.cat\/ceip-vila-parietes\/wp-content\/uploads\/usu267\/2026\/03\/Infografia-de-Educacion-Creativa-Listado-de-Ideas-Ninos-Ilustrada-Bonita-Multicolor-A4-1448x2048.png 1448w\" sizes=\"auto, (max-width: 724px) 100vw, 724px\" \/><\/a><\/p>\n<p>&nbsp;<\/p>\n<p>&nbsp;<\/p>\n<h3 style=\"text-align: center;\"><span style=\"text-decoration: underline; color: #000000;\"><strong>EL NOSTRE PROJECTE<\/strong><\/span><\/h3>\n<p>&nbsp;<\/p>\n<p><iframe loading=\"lazy\" title=\"Activitats de l&#039;escola\" width=\"500\" height=\"281\" src=\"https:\/\/www.youtube.com\/embed\/f7fwFOf2RUs?feature=oembed\" frameborder=\"0\" allow=\"accelerometer; autoplay; clipboard-write; encrypted-media; gyroscope; picture-in-picture; web-share\" referrerpolicy=\"strict-origin-when-cross-origin\" allowfullscreen><\/iframe><\/p>\n<p><iframe loading=\"lazy\" title=\"Actuacions d&#039;\u00e8xit\" width=\"500\" height=\"281\" src=\"https:\/\/www.youtube.com\/embed\/2Km0UZErRB4?feature=oembed\" frameborder=\"0\" allow=\"accelerometer; autoplay; clipboard-write; encrypted-media; gyroscope; picture-in-picture; web-share\" referrerpolicy=\"strict-origin-when-cross-origin\" allowfullscreen><\/iframe><\/p>\n<p>&nbsp;<\/p>\n<h3 style=\"text-align: justify;\"><span style=\"color: #000000;\">L&#8217;escola Vila Parietes \u00e9s una <a style=\"color: #000000;\" href=\"http:\/\/xtec.gencat.cat\/ca\/projectes\/comunitats\/\"><strong>Comunitat d&#8217;Aprenentatge<\/strong><\/a>: un model d\u2019escola inclusiva on les fam\u00edlies participen en l\u2019educaci\u00f3 dels infants.<\/span><\/h3>\n<h3 style=\"text-align: justify;\"><span style=\"color: #000000;\">Un projecte de transformaci\u00f3 social i cultural basat en l\u2019aplicaci\u00f3 d\u2019aquelles actuacions educatives d\u2019\u00e8xit de les quals s\u2019ha demostrat cient\u00edficament que milloren el rendiment educatiu i la conviv\u00e8ncia.<\/span><\/h3>\n<h3 style=\"text-align: justify;\"><span style=\"color: #000000;\">Les comunitats d&#8217;aprenentatge impliquen totes les persones que, de forma directa o indirecta, influeixen en l&#8217;aprenentatge i el desenvolupament dels infants, incloent-hi mestres, familiars, membres d&#8217;associacions i organitzacions ve\u00efnals i locals i persones volunt\u00e0ries.<\/span><\/h3>\n<h3 style=\"text-align: justify;\"><span style=\"color: #000000;\">Aquest model educatiu est\u00e0 en conson\u00e0ncia amb les teories cient\u00edfiques a nivell internacional, que destaquen dos factors claus per a l\u2019aprenentatge: les INTERACCIONS i la PARTICIPACI\u00d3 de la tota la comunitat educativa.<\/span><\/h3>\n<h3><\/h3>\n<p>&nbsp;<\/p>\n<h3 style=\"text-align: justify;\"><span style=\"text-decoration: underline; color: #000000;\"><strong>Principis Comunitats d&#8217;Aprenentatge<\/strong><\/span><\/h3>\n<ul style=\"text-align: justify;\">\n<li style=\"text-align: center;\">\n<h3 style=\"text-align: left;\"><span style=\"color: #000000;\">Tots els nens i nenes tenen capacitat per aprendre.<\/span><\/h3>\n<\/li>\n<li style=\"text-align: left;\">\n<h3><span style=\"color: #000000;\">La necessitat d\u2019augmentar totes les interaccions que potencien l\u2019aprenentatge i d\u2019utilitzar tots els mitjans i recursos per aconseguir el m\u00e0xim nivell d\u2019aprenentatge.<\/span><\/h3>\n<\/li>\n<li style=\"text-align: left;\">\n<h3><span style=\"color: #000000;\">La col\u00b7laboraci\u00f3 es fa des d\u2019un di\u00e0leg igualitari.<\/span><\/h3>\n<\/li>\n<li style=\"text-align: left;\">\n<h3><span style=\"color: #000000;\">La diversitat cultural, de capacitats&#8230; \u00e9s enriquidora i produeix m\u00e9s aprenentatge si s\u2019aprofita al m\u00e0xim.<\/span><\/h3>\n<\/li>\n<li>\n<h3 style=\"text-align: left;\"><span style=\"color: #000000;\">La solidaritat \u00e9s criteri de funcionament del centre, de l\u2019aula i de tota\u00a0 la comunitat educativa.<\/span><\/h3>\n<\/li>\n<\/ul>\n<h3><\/h3>\n<p>&nbsp;<\/p>\n<h3 style=\"text-align: justify;\"><span style=\"color: #000000;\">Com a comunitat d&#8217;Aprenentatge realitzem unes<strong> ACTUACIONS D&#8217;\u00c8XIT<\/strong> que van dirigides a la transformaci\u00f3 social i educativa:<\/span><\/h3>\n<h3 style=\"text-align: justify;\"><a href=\"https:\/\/agora.xtec.cat\/ceip-vila-parietes\/grups-interactius\/\"><strong>Grups interactius<\/strong><\/a><\/h3>\n<h3><a href=\"https:\/\/agora.xtec.cat\/ceip-vila-parietes\/tertulies-dialogiques\/\"><strong>Tert\u00falies liter\u00e0ries dial\u00f2giques<\/strong><\/a><\/h3>\n<h3><a href=\"https:\/\/agora.xtec.cat\/ceip-vila-parietes\/biblioteca-tutoritzada\/\"><strong>Biblioteca tutoritzada<\/strong><\/a><\/h3>\n<h3><a href=\"https:\/\/agora.xtec.cat\/ceip-vila-parietes\/el-club-dels-valents\/\"><strong>Club dels valents i les valentes<\/strong><\/a><\/h3>\n","protected":false},"excerpt":{"rendered":"<p>NOVETAT: &#8220;Ja tenim penjades a l&#8217;interior de l&#8217;escola les llistes amb el barem provisional&#8221;<\/p>\n<p>OFERTA DE PLACES<\/p>\n<ul style=\"list-style-type: square;\">\n<li>3 de mar\u00e7 de 2026: <a href=\"https:\/\/drive.google.com\/file\/d\/19LUEuSP-8jHKadclFysaq2NC6OmhCjik\/view?usp=sharing\">oferta inicial de places<\/a><\/li>\n<li>10 de juny de 2026: oferta definitiva de places<\/li>\n<\/ul>\n<p>CALENDARI PREINSCRIPCI\u00d3<\/p>\n<ul style=\"list-style-type: square;\">\n<li>Del 4 al 18 de mar\u00e7 de 2026&hellip;  <a href=\"https:\/\/agora.xtec.cat\/ceip-vila-parietes\/\" title=\"Read ACTUALITAT:\">Llegeix m\u00e9s\u00bb<\/a><br \/>\n","protected":false},"author":2,"featured_media":0,"parent":0,"menu_order":0,"comment_status":"closed","ping_status":"closed","template":"page-templates\/side-menu.php","meta":{"_bbp_topic_count":0,"_bbp_reply_count":0,"_bbp_total_topic_count":0,"_bbp_total_reply_count":0,"_bbp_voice_count":0,"_bbp_anonymous_reply_count":0,"_bbp_topic_count_hidden":0,"_bbp_reply_count_hidden":0,"_bbp_forum_subforum_count":0,"footnotes":""},"class_list":["post-22","page","type-page","status-publish","hentry"],"post_mailing_queue_ids":[],"_links":{"self":[{"href":"https:\/\/agora.xtec.cat\/ceip-vila-parietes\/wp-json\/wp\/v2\/pages\/22","targetHints":{"allow":["GET"]}}],"collection":[{"href":"https:\/\/agora.xtec.cat\/ceip-vila-parietes\/wp-json\/wp\/v2\/pages"}],"about":[{"href":"https:\/\/agora.xtec.cat\/ceip-vila-parietes\/wp-json\/wp\/v2\/types\/page"}],"author":[{"embeddable":true,"href":"https:\/\/agora.xtec.cat\/ceip-vila-parietes\/wp-json\/wp\/v2\/users\/2"}],"replies":[{"embeddable":true,"href":"https:\/\/agora.xtec.cat\/ceip-vila-parietes\/wp-json\/wp\/v2\/comments?post=22"}],"version-history":[{"count":11,"href":"https:\/\/agora.xtec.cat\/ceip-vila-parietes\/wp-json\/wp\/v2\/pages\/22\/revisions"}],"predecessor-version":[{"id":7948,"href":"https:\/\/agora.xtec.cat\/ceip-vila-parietes\/wp-json\/wp\/v2\/pages\/22\/revisions\/7948"}],"wp:attachment":[{"href":"https:\/\/agora.xtec.cat\/ceip-vila-parietes\/wp-json\/wp\/v2\/media?parent=22"}],"curies":[{"name":"wp","href":"https:\/\/api.w.org\/{rel}","templated":true}]}}