{"id":2195,"date":"2019-03-26T12:06:23","date_gmt":"2019-03-26T11:06:23","guid":{"rendered":"http:\/\/agora.xtec.cat\/ceip-vila-parietes\/?page_id=2195"},"modified":"2020-05-08T09:02:45","modified_gmt":"2020-05-08T07:02:45","slug":"ambients","status":"publish","type":"page","link":"https:\/\/agora.xtec.cat\/ceip-vila-parietes\/ambients\/","title":{"rendered":"AMBIENTS"},"content":{"rendered":"<h2>ELS NOSTRES AMBIENTS:<\/h2>\n<p>Els ambients s\u00f3n diferents espais d\u2019aprenentatge, de relaci\u00f3 i comunicaci\u00f3 on a partir de diferents propostes els infants poden actuar, observar, experimentar, construir, inventar, imaginar, compartir, relacionar-se, emocionar-se\u2026i interactuar amb els altres.<br \/>\nA l\u2019escola, a <strong>educaci\u00f3 infantil<\/strong>, tres tardes a la setmana fem cinc ambients diferents (joc simb\u00f2lic, grafisme, matem\u00e0tiques, art i experimentaci\u00f3) on els alumnes entren i surten quan volen i participen de les propostes que setmana rere setmana van canviant.<br \/>\nAl <strong>cicle inicial<\/strong> fem una tarda a la setmana tres ambients emmarcats en activitats art\u00edstiques (autors, t\u00e8cniques pl\u00e0stiques i expressi\u00f3 corporal) on els alumnes no poden canviar d\u2019ambient a lliure elecci\u00f3 sin\u00f3 que escullen l\u2019ambient on estaran tota la tarda tenint en compte que han de passar per tots els ambients de forma equitativa.<\/p>\n<p>&nbsp;<\/p>\n<p><iframe loading=\"lazy\" title=\"vilaparietes_ambients.mp4\" width=\"500\" height=\"281\" src=\"https:\/\/www.youtube.com\/embed\/JUkw9wYy8xg?feature=oembed\" frameborder=\"0\" allow=\"accelerometer; autoplay; clipboard-write; encrypted-media; gyroscope; picture-in-picture; web-share\" referrerpolicy=\"strict-origin-when-cross-origin\" allowfullscreen><\/iframe><\/p>\n","protected":false},"excerpt":{"rendered":"<p>ELS NOSTRES AMBIENTS:<br \/>\nEls ambients s\u00f3n diferents espais d\u2019aprenentatge, de relaci\u00f3 i comunicaci\u00f3 on a partir de diferents propostes els infants poden actuar, observar, experimentar, construir, inventar, imaginar, compartir, relacionar-se, emocionar-se\u2026i interactuar amb els altres.<br \/>\nA l\u2019escola, a educaci\u00f3 infantil, tres tardes a la setmana fem cinc&hellip;  <a href=\"https:\/\/agora.xtec.cat\/ceip-vila-parietes\/ambients\/\" title=\"Read AMBIENTS\">Llegeix m\u00e9s\u00bb<\/a><\/p>\n","protected":false},"author":6,"featured_media":0,"parent":0,"menu_order":0,"comment_status":"closed","ping_status":"closed","template":"","meta":{"_bbp_topic_count":0,"_bbp_reply_count":0,"_bbp_total_topic_count":0,"_bbp_total_reply_count":0,"_bbp_voice_count":0,"_bbp_anonymous_reply_count":0,"_bbp_topic_count_hidden":0,"_bbp_reply_count_hidden":0,"_bbp_forum_subforum_count":0,"footnotes":""},"class_list":["post-2195","page","type-page","status-publish","hentry"],"post_mailing_queue_ids":[],"_links":{"self":[{"href":"https:\/\/agora.xtec.cat\/ceip-vila-parietes\/wp-json\/wp\/v2\/pages\/2195","targetHints":{"allow":["GET"]}}],"collection":[{"href":"https:\/\/agora.xtec.cat\/ceip-vila-parietes\/wp-json\/wp\/v2\/pages"}],"about":[{"href":"https:\/\/agora.xtec.cat\/ceip-vila-parietes\/wp-json\/wp\/v2\/types\/page"}],"author":[{"embeddable":true,"href":"https:\/\/agora.xtec.cat\/ceip-vila-parietes\/wp-json\/wp\/v2\/users\/6"}],"replies":[{"embeddable":true,"href":"https:\/\/agora.xtec.cat\/ceip-vila-parietes\/wp-json\/wp\/v2\/comments?post=2195"}],"version-history":[{"count":3,"href":"https:\/\/agora.xtec.cat\/ceip-vila-parietes\/wp-json\/wp\/v2\/pages\/2195\/revisions"}],"predecessor-version":[{"id":3472,"href":"https:\/\/agora.xtec.cat\/ceip-vila-parietes\/wp-json\/wp\/v2\/pages\/2195\/revisions\/3472"}],"wp:attachment":[{"href":"https:\/\/agora.xtec.cat\/ceip-vila-parietes\/wp-json\/wp\/v2\/media?parent=2195"}],"curies":[{"name":"wp","href":"https:\/\/api.w.org\/{rel}","templated":true}]}}