{"id":26,"date":"2014-09-18T12:24:32","date_gmt":"2014-09-18T11:24:32","guid":{"rendered":"http:\/\/agora.xtec.cat\/ceip-veinat\/?page_id=26"},"modified":"2024-09-24T13:03:03","modified_gmt":"2024-09-24T11:03:03","slug":"historia","status":"publish","type":"page","link":"https:\/\/agora.xtec.cat\/ceip-veinat\/lescola\/historia\/","title":{"rendered":"Informaci\u00f3 del centre"},"content":{"rendered":"<p><span style=\"text-decoration: underline;\"><strong>QUI SOM?<\/strong><\/span><\/p>\n<p>Som una escola d\u2019educaci\u00f3 infantil i educaci\u00f3 prim\u00e0ria (3 a 12 anys). Aquesta escola la formem un equip de mestres, fam\u00edlies, AMPA, personal no docent i especialment tots els nens i nenes.<\/p>\n<p>&nbsp;<\/p>\n<p><span style=\"text-decoration: underline;\"><strong>EQUIP DOCENT<\/strong><\/span><\/p>\n<ul>\n<li><strong>Equip Directiu:<\/strong><\/li>\n<\/ul>\n<p lang=\"ca-ES\" align=\"justify\"><span lang=\"es-ES\">\u00a0<span style=\"text-decoration: underline;\">Directora:<\/span><\/span><span lang=\"es-ES\">\u00a0Mireia Pomar<\/span><\/p>\n<p lang=\"ca-ES\" align=\"justify\"><span lang=\"es-ES\"><span style=\"text-decoration: underline;\">Cap d&#8217;estudis:<\/span><\/span><span lang=\"es-ES\">\u00a0Bea P\u00e9rez<\/span><\/p>\n<p lang=\"ca-ES\"><span style=\"text-decoration: underline;\">Secret\u00e0ria:<\/span> Patricia G\u00f3mez<\/p>\n<ul>\n<li lang=\"ca-ES\"><strong>Educaci\u00f3 Infantil<\/strong><\/li>\n<\/ul>\n<p><span lang=\"es-ES\"><u>I3:<\/u><\/span> <span lang=\"es-ES\">\u00a0Yolanda Yeste i Mar P\u00e8lach<\/span><\/p>\n<p><span lang=\"es-ES\"><u>I4:<\/u><\/span> S\u00f2nia Reig i Noelia Valero<\/p>\n<p><span lang=\"es-ES\"><u>I5 :<\/u><\/span> Maria Toledo i S\u00f2nia Fajula<\/p>\n<p><span lang=\"es-ES\"><u>Refor\u00e7 Infantil:<\/u><\/span> <span lang=\"es-ES\">Bea P\u00e9rez, Anna Pararols i Imanol Mor\u00f3n<\/span><\/p>\n<p><span style=\"text-decoration: underline;\">TE<\/span><span lang=\"es-ES\"><u>I:<\/u><\/span> <span lang=\"es-ES\">\u00a0Elisabet Estela<\/span><\/p>\n<p><span style=\"text-decoration: underline;\">Vetlladora:<\/span> Rosa Casas<\/p>\n<ul>\n<li><strong>Educaci\u00f3 Prim\u00e0ria:<\/strong><\/li>\n<\/ul>\n<p><span id=\"1_CISra_Ma_Angels_Masdevall\"><span lang=\"es-ES\"><u>1r:<\/u><\/span><\/span> Eva Figueres i Meritxell Aran<\/p>\n<p><span lang=\"es-ES\"><u>2n:<\/u><\/span> S\u00edlvia Bertran i Clara B\u00e0rcia<\/p>\n<p><span lang=\"es-ES\"><u>Refor\u00e7 Inicial:<\/u><\/span> <span lang=\"es-ES\">Eric Duran<\/span><\/p>\n<p><span lang=\"es-ES\"><u>3r:<\/u><\/span><span lang=\"es-ES\"> Iolanda Gr\u00e0cia i Anna Roura<\/span><\/p>\n<p><span lang=\"es-ES\"><u>4t:<\/u> Montse Juanola i Anna Prior<\/span><\/p>\n<p><span lang=\"es-ES\"><u>Refor\u00e7 CM:<\/u><\/span> <span lang=\"es-ES\">Patr\u00edcia G\u00f3mez<\/span><\/p>\n<p><span lang=\"es-ES\"><u>5\u00e8: <\/u><\/span><span lang=\"es-ES\" style=\"font-family: inherit; font-size: 1em;\"> <span lang=\"es-ES\">Gemma Poch i Alba Domingo<\/span><\/span><\/p>\n<p><span lang=\"es-ES\"><u>6\u00e8:<\/u> Encarna Garcia i Raquel Pujol<\/span><span style=\"font-family: inherit; font-size: 1em;\">\u00a0<\/span><\/p>\n<p><span lang=\"es-ES\"><u>Refor\u00e7 CS:<\/u><\/span> <span lang=\"es-ES\">Mireia Pomar i Alba Domingo<\/span><\/p>\n<ul>\n<li><strong>Especialistes:<\/strong><\/li>\n<\/ul>\n<p><span lang=\"es-ES\"><u>Ed. Musical<\/u><\/span><span lang=\"es-ES\">: Meritxell Aran<\/span><\/p>\n<p><span lang=\"es-ES\"><u>Angl\u00e8s:<\/u><\/span><span lang=\"es-ES\"> Anna Roura \/ Clara B\u00e0rcia i Anna Prior\u00a0<\/span><\/p>\n<p><span lang=\"es-ES\"><u>Ed. F\u00edsica:<\/u><\/span><span lang=\"es-ES\"> Marta Mu\u00f1oz\u00a0<\/span><\/p>\n<p><span lang=\"es-ES\"><u>Ed. Especial:<\/u><\/span> <span lang=\"es-ES\">\u00a0Sandra Gratac\u00f3s i Anna Pararols<\/span><\/p>\n<p><span lang=\"es-ES\"><u>Cultures del m\u00f3n:<\/u><\/span><span lang=\"es-ES\"> Susana Val<\/span><\/p>\n<p><span lang=\"es-ES\"><u>Pl\u00e0stica:<\/u> Alba Domingo<\/span><\/p>\n<p><span style=\"text-decoration: underline;\">Rob\u00f2tica:<\/span> Raquel Pujol i Patr\u00edcia G\u00f3mez<\/p>\n<p><span lang=\"es-ES\"><u>Aula d&#8217;acollida:<\/u><\/span> <span lang=\"es-ES\">Marta Mu\u00f1oz<\/span><\/p>\n<p><span style=\"text-decoration: underline;\">TIS:<\/span> Laura Mart\u00ed<\/p>\n<p><span style=\"text-decoration: underline;\">Educadora Social<\/span>: Gina Roca<\/p>\n<ul>\n<li><strong>PAS<\/strong><\/li>\n<\/ul>\n<p><span style=\"text-decoration: underline;\">Administrativa:<\/span> Rosa Maria Gayol\u00e0<\/p>\n<p><span style=\"text-decoration: underline;\">Conserge:<\/span> Joaquim Cass\u00fa<\/p>\n<p>&nbsp;<\/p>\n<p><span style=\"text-decoration: underline;\"><strong>EL NOSTRE IDEARI:<\/strong><\/span><\/p>\n<p><strong>VALORS:<\/strong><\/p>\n<p>\u2013 Som una escola catalana<\/p>\n<p>\u2013 Fomentem els valors de solidaritat, toler\u00e0ncia, integraci\u00f3 i respecte vers les persones<\/p>\n<p>\u2013 Vetllem pel respecte i coneixement del medi natural, cultural i social que ens envolta<\/p>\n<p>\u2013 Impulsem la projecci\u00f3 del Centre cap al poble i les seves entitats, i les institucions<\/p>\n<p>\u2013 Afavorim la formaci\u00f3 del professorat i la participaci\u00f3 en la innovaci\u00f3 educativa.<\/p>\n<p><strong>LA MISSI\u00d3:<\/strong><\/p>\n<p>Som una escola catalana i plural on fomentem la toler\u00e0ncia, la integraci\u00f3, la solidaritat i el respecte vers les persones i el coneixement del medi natural, cultural i social que ens envolta.<\/p>\n<p>Volem proporcionar als nostres alumnes una educaci\u00f3 adequada i unes compet\u00e8ncies que els permetin inserir-se en la societat i desenvolupar-se com a persones.<\/p>\n<p>Fomentem la formaci\u00f3 i la participaci\u00f3 del professorat en innovaci\u00f3 educativa com a eina per aconseguir una millora professional i personal.<\/p>\n<p><strong>LA VISI\u00d3:<\/strong><\/p>\n<p>Volem ser una escola que ofereixi als nostres alumnes una millor formaci\u00f3 i integraci\u00f3 en l\u2019entorn, millorant la seva compet\u00e8ncia ling\u00fc\u00edstica i social.<\/p>\n<p>Volem que els nostres alumnes arribin a ser competents en l\u2019\u00fas de les eines TAC.<\/p>\n<p>Vetllarem per la implicaci\u00f3 i participaci\u00f3 de les fam\u00edlies en l\u2019educaci\u00f3 dels seus fills.<\/p>\n<p>Treballarem estrat\u00e8gies que ens permetin mantenir i augmentar la cohesi\u00f3 i la implicaci\u00f3 de totes les persones, docents i no docents, que desenvolupen la seva tasca en el centre.<\/p>\n<p>&nbsp;<\/p>\n","protected":false},"excerpt":{"rendered":"<p>QUI SOM?<br \/>\nSom una escola d\u2019educaci\u00f3 infantil i educaci\u00f3 prim\u00e0ria (3 a 12 anys). Aquesta escola la formem un equip de mestres, fam\u00edlies, AMPA, personal no docent i especialment tots els nens i nenes.<br \/>\n&nbsp;<br \/>\nEQUIP DOCENT<\/p>\n<ul>\n<li>Equip Directiu:<\/li>\n<\/ul>\n<p>\u00a0Directora:\u00a0Mireia Pomar<br \/>\nCap d&#8217;estudis:\u00a0Bea P\u00e9rez<br \/>\nSecret\u00e0ria: Patricia G\u00f3mez<\/p>\n<ul>\n<li lang=\"ca-ES\">Educaci\u00f3 Infantil<\/li>\n<\/ul>\n<p>I3: \u00a0Yolanda Yeste i&hellip;  <a href=\"https:\/\/agora.xtec.cat\/ceip-veinat\/lescola\/historia\/\" title=\"Read Informaci\u00f3 del centre\">Llegeix m\u00e9s\u00bb<\/a><\/p>\n","protected":false},"author":1,"featured_media":0,"parent":22,"menu_order":20,"comment_status":"closed","ping_status":"closed","template":"page-templates\/side-menu.php","meta":{"_bbp_topic_count":0,"_bbp_reply_count":0,"_bbp_total_topic_count":0,"_bbp_total_reply_count":0,"_bbp_voice_count":0,"_bbp_anonymous_reply_count":0,"_bbp_topic_count_hidden":0,"_bbp_reply_count_hidden":0,"_bbp_forum_subforum_count":0,"footnotes":""},"class_list":["post-26","page","type-page","status-publish","hentry"],"post_mailing_queue_ids":[],"_links":{"self":[{"href":"https:\/\/agora.xtec.cat\/ceip-veinat\/wp-json\/wp\/v2\/pages\/26","targetHints":{"allow":["GET"]}}],"collection":[{"href":"https:\/\/agora.xtec.cat\/ceip-veinat\/wp-json\/wp\/v2\/pages"}],"about":[{"href":"https:\/\/agora.xtec.cat\/ceip-veinat\/wp-json\/wp\/v2\/types\/page"}],"author":[{"embeddable":true,"href":"https:\/\/agora.xtec.cat\/ceip-veinat\/wp-json\/wp\/v2\/users\/1"}],"replies":[{"embeddable":true,"href":"https:\/\/agora.xtec.cat\/ceip-veinat\/wp-json\/wp\/v2\/comments?post=26"}],"version-history":[{"count":6,"href":"https:\/\/agora.xtec.cat\/ceip-veinat\/wp-json\/wp\/v2\/pages\/26\/revisions"}],"predecessor-version":[{"id":5723,"href":"https:\/\/agora.xtec.cat\/ceip-veinat\/wp-json\/wp\/v2\/pages\/26\/revisions\/5723"}],"up":[{"embeddable":true,"href":"https:\/\/agora.xtec.cat\/ceip-veinat\/wp-json\/wp\/v2\/pages\/22"}],"wp:attachment":[{"href":"https:\/\/agora.xtec.cat\/ceip-veinat\/wp-json\/wp\/v2\/media?parent=26"}],"curies":[{"name":"wp","href":"https:\/\/api.w.org\/{rel}","templated":true}]}}