{"id":1500,"date":"2018-02-07T10:57:11","date_gmt":"2018-02-07T08:57:11","guid":{"rendered":"http:\/\/agora.xtec.cat\/ceip-veinat\/?page_id=1500"},"modified":"2024-02-15T09:38:00","modified_gmt":"2024-02-15T08:38:00","slug":"qui-som","status":"publish","type":"page","link":"https:\/\/agora.xtec.cat\/ceip-veinat\/lescola\/qui-som\/","title":{"rendered":"Atenci\u00f3 a fam\u00edlies"},"content":{"rendered":"<h2><span id=\"Horaris_de_visites\"><b>Atenci\u00f3 a fam\u00edlies<\/b><\/span><\/h2>\n<p>L&#8217;horari d&#8217;atenci\u00f3 a les fam\u00edlies \u00e9s de <strong>8:00 h<\/strong> a <strong>15:00 h<\/strong> i sereu atesos per la Rosa Gayol\u00e0 (Administrativa).<\/p>\n<p class=\"western\">\n","protected":false},"excerpt":{"rendered":"<p>Atenci\u00f3 a fam\u00edlies<br \/>\nL&#8217;horari d&#8217;atenci\u00f3 a les fam\u00edlies \u00e9s de 8:00 h a 15:00 h i sereu atesos per la Rosa Gayol\u00e0 (Administrativa).<\/p>\n","protected":false},"author":1,"featured_media":0,"parent":22,"menu_order":30,"comment_status":"closed","ping_status":"closed","template":"page-templates\/side-menu.php","meta":{"_bbp_topic_count":0,"_bbp_reply_count":0,"_bbp_total_topic_count":0,"_bbp_total_reply_count":0,"_bbp_voice_count":0,"_bbp_anonymous_reply_count":0,"_bbp_topic_count_hidden":0,"_bbp_reply_count_hidden":0,"_bbp_forum_subforum_count":0,"footnotes":""},"class_list":["post-1500","page","type-page","status-publish","hentry"],"post_mailing_queue_ids":[],"_links":{"self":[{"href":"https:\/\/agora.xtec.cat\/ceip-veinat\/wp-json\/wp\/v2\/pages\/1500","targetHints":{"allow":["GET"]}}],"collection":[{"href":"https:\/\/agora.xtec.cat\/ceip-veinat\/wp-json\/wp\/v2\/pages"}],"about":[{"href":"https:\/\/agora.xtec.cat\/ceip-veinat\/wp-json\/wp\/v2\/types\/page"}],"author":[{"embeddable":true,"href":"https:\/\/agora.xtec.cat\/ceip-veinat\/wp-json\/wp\/v2\/users\/1"}],"replies":[{"embeddable":true,"href":"https:\/\/agora.xtec.cat\/ceip-veinat\/wp-json\/wp\/v2\/comments?post=1500"}],"version-history":[{"count":7,"href":"https:\/\/agora.xtec.cat\/ceip-veinat\/wp-json\/wp\/v2\/pages\/1500\/revisions"}],"predecessor-version":[{"id":5650,"href":"https:\/\/agora.xtec.cat\/ceip-veinat\/wp-json\/wp\/v2\/pages\/1500\/revisions\/5650"}],"up":[{"embeddable":true,"href":"https:\/\/agora.xtec.cat\/ceip-veinat\/wp-json\/wp\/v2\/pages\/22"}],"wp:attachment":[{"href":"https:\/\/agora.xtec.cat\/ceip-veinat\/wp-json\/wp\/v2\/media?parent=1500"}],"curies":[{"name":"wp","href":"https:\/\/api.w.org\/{rel}","templated":true}]}}