{"id":8633,"date":"2023-06-26T20:54:03","date_gmt":"2023-06-26T18:54:03","guid":{"rendered":"https:\/\/agora.xtec.cat\/ceip-valdelors-vandellos\/?page_id=8633"},"modified":"2024-01-12T00:23:36","modified_gmt":"2024-01-11T23:23:36","slug":"projecte-steam","status":"publish","type":"page","link":"https:\/\/agora.xtec.cat\/ceip-valdelors-vandellos\/projecte-educatiu\/projecte-steam\/","title":{"rendered":"Projecte STEAM"},"content":{"rendered":"<p>&nbsp;<\/p>\n<p>Des del m\u00f3n pedag\u00f2gic, parlem de STEAM per referir-nos a enfocaments globals i transversals, que aprofiten situacions contextualitzades i problematitzades per treballar les Ci\u00e8ncies, la Tecnologia, l\u2019Enginyeria, l\u2019Art i les Matem\u00e0tiques, cercant solucions creatives i cr\u00edtiques.<\/p>\n<p>Aquest tallers a l&#8217;escola permeten fer un aprenentatges funcional, experimental i contextualitzat a la nostra realitat. Ens permeten fer ambients de treball i participar en projectes de rob\u00f2tica i ci\u00e8ncia.<\/p>\n<p>El projecte STEAM a l&#8217;escola ha comen\u00e7at amb l&#8217;objectiu de poder treballar els continguts de l&#8217;\u00e0mbit digital, de les matem\u00e0tiques, les ci\u00e8ncies i l&#8217;art a partir dels objectius ODS.<\/p>\n<p>M\u00e9s INFORMACI\u00d3:<\/p>\n<p><a href=\"https:\/\/projectes.xtec.cat\/steamcat\/categoria\/programa\/\">https:\/\/projectes.xtec.cat\/steamcat\/categoria\/programa\/<\/a><\/p>\n<p>&nbsp;<\/p>\n<p><a href=\"https:\/\/agora.xtec.cat\/ceip-valdelors-vandellos\/wp-content\/uploads\/usu1532\/2023\/10\/WhatsApp-Image-2023-10-23-at-08.33.46.jpeg\"><img loading=\"lazy\" decoding=\"async\" class=\"wp-image-8944 aligncenter\" src=\"https:\/\/agora.xtec.cat\/ceip-valdelors-vandellos\/wp-content\/uploads\/usu1532\/2023\/10\/WhatsApp-Image-2023-10-23-at-08.33.46-1024x768.jpeg\" alt=\"\" width=\"450\" height=\"337\" srcset=\"https:\/\/agora.xtec.cat\/ceip-valdelors-vandellos\/wp-content\/uploads\/usu1532\/2023\/10\/WhatsApp-Image-2023-10-23-at-08.33.46-1024x768.jpeg 1024w, https:\/\/agora.xtec.cat\/ceip-valdelors-vandellos\/wp-content\/uploads\/usu1532\/2023\/10\/WhatsApp-Image-2023-10-23-at-08.33.46-300x225.jpeg 300w, https:\/\/agora.xtec.cat\/ceip-valdelors-vandellos\/wp-content\/uploads\/usu1532\/2023\/10\/WhatsApp-Image-2023-10-23-at-08.33.46-768x576.jpeg 768w, https:\/\/agora.xtec.cat\/ceip-valdelors-vandellos\/wp-content\/uploads\/usu1532\/2023\/10\/WhatsApp-Image-2023-10-23-at-08.33.46-1536x1152.jpeg 1536w, https:\/\/agora.xtec.cat\/ceip-valdelors-vandellos\/wp-content\/uploads\/usu1532\/2023\/10\/WhatsApp-Image-2023-10-23-at-08.33.46-200x150.jpeg 200w, https:\/\/agora.xtec.cat\/ceip-valdelors-vandellos\/wp-content\/uploads\/usu1532\/2023\/10\/WhatsApp-Image-2023-10-23-at-08.33.46.jpeg 2000w\" sizes=\"auto, (max-width: 450px) 100vw, 450px\" \/><\/a><\/p>\n<p><a href=\"https:\/\/agora.xtec.cat\/ceip-valdelors-vandellos\/wp-content\/uploads\/usu1532\/2023\/06\/IMG-20230601-WA0007.jpg\"><img loading=\"lazy\" decoding=\"async\" class=\"wp-image-8185 aligncenter\" src=\"https:\/\/agora.xtec.cat\/ceip-valdelors-vandellos\/wp-content\/uploads\/usu1532\/2023\/06\/IMG-20230601-WA0007-1024x1024.jpg\" alt=\"\" width=\"456\" height=\"456\" srcset=\"https:\/\/agora.xtec.cat\/ceip-valdelors-vandellos\/wp-content\/uploads\/usu1532\/2023\/06\/IMG-20230601-WA0007-1024x1024.jpg 1024w, https:\/\/agora.xtec.cat\/ceip-valdelors-vandellos\/wp-content\/uploads\/usu1532\/2023\/06\/IMG-20230601-WA0007-300x300.jpg 300w, https:\/\/agora.xtec.cat\/ceip-valdelors-vandellos\/wp-content\/uploads\/usu1532\/2023\/06\/IMG-20230601-WA0007-150x150.jpg 150w, https:\/\/agora.xtec.cat\/ceip-valdelors-vandellos\/wp-content\/uploads\/usu1532\/2023\/06\/IMG-20230601-WA0007-768x768.jpg 768w, https:\/\/agora.xtec.cat\/ceip-valdelors-vandellos\/wp-content\/uploads\/usu1532\/2023\/06\/IMG-20230601-WA0007.jpg 1536w\" sizes=\"auto, (max-width: 456px) 100vw, 456px\" \/><\/a><\/p>\n<p><a href=\"https:\/\/agora.xtec.cat\/ceip-valdelors-vandellos\/wp-content\/uploads\/usu1532\/2023\/02\/1677358277860.jpg\"><img loading=\"lazy\" decoding=\"async\" class=\"wp-image-7551 aligncenter\" src=\"https:\/\/agora.xtec.cat\/ceip-valdelors-vandellos\/wp-content\/uploads\/usu1532\/2023\/02\/1677358277860-1024x683.jpg\" alt=\"\" width=\"462\" height=\"308\" srcset=\"https:\/\/agora.xtec.cat\/ceip-valdelors-vandellos\/wp-content\/uploads\/usu1532\/2023\/02\/1677358277860-1024x683.jpg 1024w, https:\/\/agora.xtec.cat\/ceip-valdelors-vandellos\/wp-content\/uploads\/usu1532\/2023\/02\/1677358277860-300x200.jpg 300w, https:\/\/agora.xtec.cat\/ceip-valdelors-vandellos\/wp-content\/uploads\/usu1532\/2023\/02\/1677358277860-768x512.jpg 768w, https:\/\/agora.xtec.cat\/ceip-valdelors-vandellos\/wp-content\/uploads\/usu1532\/2023\/02\/1677358277860-1536x1024.jpg 1536w, https:\/\/agora.xtec.cat\/ceip-valdelors-vandellos\/wp-content\/uploads\/usu1532\/2023\/02\/1677358277860.jpg 1599w\" sizes=\"auto, (max-width: 462px) 100vw, 462px\" \/><\/a><\/p>\n<p>&nbsp;<\/p>\n","protected":false},"excerpt":{"rendered":"<p>&nbsp;<br \/>\nDes del m\u00f3n pedag\u00f2gic, parlem de STEAM per referir-nos a enfocaments globals i transversals, que aprofiten situacions contextualitzades i problematitzades per treballar les Ci\u00e8ncies, la Tecnologia, l\u2019Enginyeria, l\u2019Art i les Matem\u00e0tiques, cercant solucions creatives i cr\u00edtiques.<br \/>\nAquest tallers a l&#8217;escola permeten fer un aprenentatges funcional, experimental&hellip;  <a href=\"https:\/\/agora.xtec.cat\/ceip-valdelors-vandellos\/projecte-educatiu\/projecte-steam\/\" title=\"Read Projecte STEAM\">Llegeix m\u00e9s\u00bb<\/a><\/p>\n","protected":false},"author":6,"featured_media":0,"parent":64,"menu_order":9,"comment_status":"closed","ping_status":"closed","template":"page-templates\/side-menu.php","meta":{"_bbp_topic_count":0,"_bbp_reply_count":0,"_bbp_total_topic_count":0,"_bbp_total_reply_count":0,"_bbp_voice_count":0,"_bbp_anonymous_reply_count":0,"_bbp_topic_count_hidden":0,"_bbp_reply_count_hidden":0,"_bbp_forum_subforum_count":0,"footnotes":""},"class_list":["post-8633","page","type-page","status-publish","hentry"],"post_mailing_queue_ids":[],"_links":{"self":[{"href":"https:\/\/agora.xtec.cat\/ceip-valdelors-vandellos\/wp-json\/wp\/v2\/pages\/8633","targetHints":{"allow":["GET"]}}],"collection":[{"href":"https:\/\/agora.xtec.cat\/ceip-valdelors-vandellos\/wp-json\/wp\/v2\/pages"}],"about":[{"href":"https:\/\/agora.xtec.cat\/ceip-valdelors-vandellos\/wp-json\/wp\/v2\/types\/page"}],"author":[{"embeddable":true,"href":"https:\/\/agora.xtec.cat\/ceip-valdelors-vandellos\/wp-json\/wp\/v2\/users\/6"}],"replies":[{"embeddable":true,"href":"https:\/\/agora.xtec.cat\/ceip-valdelors-vandellos\/wp-json\/wp\/v2\/comments?post=8633"}],"version-history":[{"count":7,"href":"https:\/\/agora.xtec.cat\/ceip-valdelors-vandellos\/wp-json\/wp\/v2\/pages\/8633\/revisions"}],"predecessor-version":[{"id":9991,"href":"https:\/\/agora.xtec.cat\/ceip-valdelors-vandellos\/wp-json\/wp\/v2\/pages\/8633\/revisions\/9991"}],"up":[{"embeddable":true,"href":"https:\/\/agora.xtec.cat\/ceip-valdelors-vandellos\/wp-json\/wp\/v2\/pages\/64"}],"wp:attachment":[{"href":"https:\/\/agora.xtec.cat\/ceip-valdelors-vandellos\/wp-json\/wp\/v2\/media?parent=8633"}],"curies":[{"name":"wp","href":"https:\/\/api.w.org\/{rel}","templated":true}]}}