{"id":8631,"date":"2023-06-26T20:54:03","date_gmt":"2023-06-26T18:54:03","guid":{"rendered":"https:\/\/agora.xtec.cat\/ceip-valdelors-vandellos\/?page_id=8631"},"modified":"2023-10-29T13:03:48","modified_gmt":"2023-10-29T12:03:48","slug":"projecte-pcee","status":"publish","type":"page","link":"https:\/\/agora.xtec.cat\/ceip-valdelors-vandellos\/projecte-educatiu\/projecte-pcee\/","title":{"rendered":"Projecte PCEE"},"content":{"rendered":"<p>EL PROJECTE DEL PLA CATAL\u00c0 DE L&#8217;ESPORT a l&#8217;Escola<\/p>\n<p>L&#8217;escola forma part des del curs 22-23 del projecte del Departament d&#8217;Educaci\u00f3 i la secretaria general de l&#8217;esport del PCEE.<\/p>\n<blockquote><p>El Govern de la Generalitat de Catalunya va creure necess\u00e0ria la impulsi\u00f3 d&#8217;aquest Pla en base a l&#8217;an\u00e0lisi d&#8217;una s\u00e8rie de circumst\u00e0ncies entre les quals podem destacar les seg\u00fcents:<\/p>\n<ul>\n<li>\u00cdndex molt redu\u00eft de participaci\u00f3 de l&#8217;alumnat en l&#8217;esport escolar<\/li>\n<li>Increment dels h\u00e0bits sedentaris i de l&#8217;obesitat, amb una incid\u00e8ncia preocupant en la poblaci\u00f3 infantil i juvenil<\/li>\n<li>Demanda social creixent en mat\u00e8ria de salut i benestar<\/li>\n<\/ul>\n<p>El desenvolupament d&#8217;aquest Pla en el territori fa que sigui necess\u00e0ria la intervenci\u00f3 coordinada de diversos agents, entre els quals podem destacar els seg\u00fcents:<\/p><\/blockquote>\n<blockquote><p>Generalitat de Catalunya, mitjan\u00e7ant els Departaments d&#8217;Educaci\u00f3 i de la Presid\u00e8ncia (Secretaria General de l&#8217;Esport). Centres educatius p\u00fablics i concertat. Consells Esportius. Ajuntaments.<\/p><\/blockquote>\n<p>Nosaltres contem amb el suport del Consell Esportiu del Baix Camp i amb el Patronat d&#8217;Esports de l&#8217;ajuntament de Vandell\u00f2s. Aquest fet ens ajuda molt a desenvolupar el nostre projecte esportiu.<\/p>\n<p><a href=\"https:\/\/agora.xtec.cat\/ceip-valdelors-vandellos\/wp-content\/uploads\/usu1532\/2023\/10\/1698580515988.jpg\"><img loading=\"lazy\" decoding=\"async\" class=\"alignnone size-large wp-image-9133\" src=\"https:\/\/agora.xtec.cat\/ceip-valdelors-vandellos\/wp-content\/uploads\/usu1532\/2023\/10\/1698580515988-1024x461.jpg\" alt=\"\" width=\"1024\" height=\"461\" srcset=\"https:\/\/agora.xtec.cat\/ceip-valdelors-vandellos\/wp-content\/uploads\/usu1532\/2023\/10\/1698580515988-1024x461.jpg 1024w, https:\/\/agora.xtec.cat\/ceip-valdelors-vandellos\/wp-content\/uploads\/usu1532\/2023\/10\/1698580515988-300x135.jpg 300w, https:\/\/agora.xtec.cat\/ceip-valdelors-vandellos\/wp-content\/uploads\/usu1532\/2023\/10\/1698580515988-768x346.jpg 768w, https:\/\/agora.xtec.cat\/ceip-valdelors-vandellos\/wp-content\/uploads\/usu1532\/2023\/10\/1698580515988-1536x691.jpg 1536w, https:\/\/agora.xtec.cat\/ceip-valdelors-vandellos\/wp-content\/uploads\/usu1532\/2023\/10\/1698580515988.jpg 2000w\" sizes=\"auto, (max-width: 1024px) 100vw, 1024px\" \/><\/a><\/p>\n<p>M\u00c9S INFORMACI\u00d3:<\/p>\n<p><a href=\"https:\/\/esport.gencat.cat\/ca\/arees_dactuacio\/escolar\/pla-catala-desport-a-lescola-pcee\/index.html\">https:\/\/esport.gencat.cat\/ca\/arees_dactuacio\/escolar\/pla-catala-desport-a-lescola-pcee\/index.html<\/a><\/p>\n","protected":false},"excerpt":{"rendered":"<p>EL PROJECTE DEL PLA CATAL\u00c0 DE L&#8217;ESPORT a l&#8217;Escola<br \/>\nL&#8217;escola forma part des del curs 22-23 del projecte del Departament d&#8217;Educaci\u00f3 i la secretaria general de l&#8217;esport del PCEE.<br \/>\nEl Govern de la Generalitat de Catalunya va creure necess\u00e0ria la impulsi\u00f3 d&#8217;aquest Pla en base a l&#8217;an\u00e0lisi&hellip;  <a href=\"https:\/\/agora.xtec.cat\/ceip-valdelors-vandellos\/projecte-educatiu\/projecte-pcee\/\" title=\"Read Projecte PCEE\">Llegeix m\u00e9s\u00bb<\/a><\/p>\n","protected":false},"author":6,"featured_media":0,"parent":64,"menu_order":7,"comment_status":"closed","ping_status":"closed","template":"page-templates\/side-menu.php","meta":{"_bbp_topic_count":0,"_bbp_reply_count":0,"_bbp_total_topic_count":0,"_bbp_total_reply_count":0,"_bbp_voice_count":0,"_bbp_anonymous_reply_count":0,"_bbp_topic_count_hidden":0,"_bbp_reply_count_hidden":0,"_bbp_forum_subforum_count":0,"footnotes":""},"class_list":["post-8631","page","type-page","status-publish","hentry"],"post_mailing_queue_ids":[],"_links":{"self":[{"href":"https:\/\/agora.xtec.cat\/ceip-valdelors-vandellos\/wp-json\/wp\/v2\/pages\/8631","targetHints":{"allow":["GET"]}}],"collection":[{"href":"https:\/\/agora.xtec.cat\/ceip-valdelors-vandellos\/wp-json\/wp\/v2\/pages"}],"about":[{"href":"https:\/\/agora.xtec.cat\/ceip-valdelors-vandellos\/wp-json\/wp\/v2\/types\/page"}],"author":[{"embeddable":true,"href":"https:\/\/agora.xtec.cat\/ceip-valdelors-vandellos\/wp-json\/wp\/v2\/users\/6"}],"replies":[{"embeddable":true,"href":"https:\/\/agora.xtec.cat\/ceip-valdelors-vandellos\/wp-json\/wp\/v2\/comments?post=8631"}],"version-history":[{"count":4,"href":"https:\/\/agora.xtec.cat\/ceip-valdelors-vandellos\/wp-json\/wp\/v2\/pages\/8631\/revisions"}],"predecessor-version":[{"id":9134,"href":"https:\/\/agora.xtec.cat\/ceip-valdelors-vandellos\/wp-json\/wp\/v2\/pages\/8631\/revisions\/9134"}],"up":[{"embeddable":true,"href":"https:\/\/agora.xtec.cat\/ceip-valdelors-vandellos\/wp-json\/wp\/v2\/pages\/64"}],"wp:attachment":[{"href":"https:\/\/agora.xtec.cat\/ceip-valdelors-vandellos\/wp-json\/wp\/v2\/media?parent=8631"}],"curies":[{"name":"wp","href":"https:\/\/api.w.org\/{rel}","templated":true}]}}