{"id":8627,"date":"2023-06-26T20:51:50","date_gmt":"2023-06-26T18:51:50","guid":{"rendered":"https:\/\/agora.xtec.cat\/ceip-valdelors-vandellos\/?page_id=8627"},"modified":"2024-01-10T22:10:45","modified_gmt":"2024-01-10T21:10:45","slug":"projecte-gep","status":"publish","type":"page","link":"https:\/\/agora.xtec.cat\/ceip-valdelors-vandellos\/projecte-educatiu\/projecte-gep\/","title":{"rendered":"Projecte Generaci\u00f3 Pluriling\u00fce (GEP)"},"content":{"rendered":"<p>L&#8217;escola forma part des del Curs 22-23 del projecte d&#8217;innovaci\u00f3 GEP<\/p>\n<h5 class=\"NG-menu__title\">Generaci\u00f3 Pluriling\u00fce (GEP): aprendre lleng\u00fces estrangeres a trav\u00e9s de les mat\u00e8ries<\/h5>\n<p>M\u00c9S INFORMACI\u00d3:<\/p>\n<p><a href=\"https:\/\/xtec.gencat.cat\/ca\/projectes\/plurilinguisme\/programes\/institucionals\/gep\/\">https:\/\/xtec.gencat.cat\/ca\/projectes\/plurilinguisme\/programes\/institucionals\/gep\/<\/a><\/p>\n<p>Activitats i formaci\u00f3 a partir d&#8217;aquest projecte&#8230;<a href=\"https:\/\/agora.xtec.cat\/ceip-valdelors-vandellos\/categoria\/projectes\/projecte-gep\/\">Llegeix m\u00e9s\u00bb<\/a><\/p>\n","protected":false},"excerpt":{"rendered":"<p>L&#8217;escola forma part des del Curs 22-23 del projecte d&#8217;innovaci\u00f3 GEP<br \/>\nGeneraci\u00f3 Pluriling\u00fce (GEP): aprendre lleng\u00fces estrangeres a trav\u00e9s de les mat\u00e8ries<br \/>\nM\u00c9S INFORMACI\u00d3:<br \/>\n<a href=\"https:\/\/xtec.gencat.cat\/ca\/projectes\/plurilinguisme\/programes\/institucionals\/gep\/\">https:\/\/xtec.gencat.cat\/ca\/projectes\/plurilinguisme\/programes\/institucionals\/gep\/<\/a><br \/>\nActivitats i formaci\u00f3 a partir d&#8217;aquest projecte&#8230;<a href=\"https:\/\/agora.xtec.cat\/ceip-valdelors-vandellos\/categoria\/projectes\/projecte-gep\/\">Llegeix m\u00e9s\u00bb<\/a><\/p>\n","protected":false},"author":6,"featured_media":0,"parent":64,"menu_order":6,"comment_status":"closed","ping_status":"closed","template":"page-templates\/side-menu.php","meta":{"_bbp_topic_count":0,"_bbp_reply_count":0,"_bbp_total_topic_count":0,"_bbp_total_reply_count":0,"_bbp_voice_count":0,"_bbp_anonymous_reply_count":0,"_bbp_topic_count_hidden":0,"_bbp_reply_count_hidden":0,"_bbp_forum_subforum_count":0,"footnotes":""},"class_list":["post-8627","page","type-page","status-publish","hentry"],"post_mailing_queue_ids":[],"_links":{"self":[{"href":"https:\/\/agora.xtec.cat\/ceip-valdelors-vandellos\/wp-json\/wp\/v2\/pages\/8627","targetHints":{"allow":["GET"]}}],"collection":[{"href":"https:\/\/agora.xtec.cat\/ceip-valdelors-vandellos\/wp-json\/wp\/v2\/pages"}],"about":[{"href":"https:\/\/agora.xtec.cat\/ceip-valdelors-vandellos\/wp-json\/wp\/v2\/types\/page"}],"author":[{"embeddable":true,"href":"https:\/\/agora.xtec.cat\/ceip-valdelors-vandellos\/wp-json\/wp\/v2\/users\/6"}],"replies":[{"embeddable":true,"href":"https:\/\/agora.xtec.cat\/ceip-valdelors-vandellos\/wp-json\/wp\/v2\/comments?post=8627"}],"version-history":[{"count":8,"href":"https:\/\/agora.xtec.cat\/ceip-valdelors-vandellos\/wp-json\/wp\/v2\/pages\/8627\/revisions"}],"predecessor-version":[{"id":9956,"href":"https:\/\/agora.xtec.cat\/ceip-valdelors-vandellos\/wp-json\/wp\/v2\/pages\/8627\/revisions\/9956"}],"up":[{"embeddable":true,"href":"https:\/\/agora.xtec.cat\/ceip-valdelors-vandellos\/wp-json\/wp\/v2\/pages\/64"}],"wp:attachment":[{"href":"https:\/\/agora.xtec.cat\/ceip-valdelors-vandellos\/wp-json\/wp\/v2\/media?parent=8627"}],"curies":[{"name":"wp","href":"https:\/\/api.w.org\/{rel}","templated":true}]}}