{"id":8018,"date":"2023-05-05T11:05:42","date_gmt":"2023-05-05T09:05:42","guid":{"rendered":"https:\/\/agora.xtec.cat\/ceip-valdelors-vandellos\/?page_id=8018"},"modified":"2023-10-28T21:08:20","modified_gmt":"2023-10-28T19:08:20","slug":"pla-de-comunicacio-de-centre","status":"publish","type":"page","link":"https:\/\/agora.xtec.cat\/ceip-valdelors-vandellos\/lescola\/pla-de-comunicacio-de-centre\/","title":{"rendered":"Pla de comunicaci\u00f3 de CENTRE"},"content":{"rendered":"<p>En aquest document trobareu tota la informaci\u00f3 de Pla de comunicaci\u00f3 entre escola, fam\u00edlia i comunitat educativa. Tamb\u00e9 est\u00e0 recollit tota la informaci\u00f3 de la comunicaci\u00f3 digital del centre.<a href=\"https:\/\/agora.xtec.cat\/ceip-valdelors-vandellos\/wp-content\/uploads\/usu1532\/2023\/05\/baixa.jpg\"><img loading=\"lazy\" decoding=\"async\" class=\" wp-image-8023 aligncenter\" src=\"https:\/\/agora.xtec.cat\/ceip-valdelors-vandellos\/wp-content\/uploads\/usu1532\/2023\/05\/baixa.jpg\" alt=\"\" width=\"439\" height=\"206\" srcset=\"https:\/\/agora.xtec.cat\/ceip-valdelors-vandellos\/wp-content\/uploads\/usu1532\/2023\/05\/baixa.jpg 328w, https:\/\/agora.xtec.cat\/ceip-valdelors-vandellos\/wp-content\/uploads\/usu1532\/2023\/05\/baixa-300x141.jpg 300w\" sizes=\"auto, (max-width: 439px) 100vw, 439px\" \/><\/a><\/p>\n<p style=\"text-align: center;\"><a href=\"https:\/\/agora.xtec.cat\/ceip-valdelors-vandellos\/wp-content\/uploads\/usu1532\/2023\/10\/Pla-de-comunicacio-ESCOLA-VALDELORS.pdf\">Pla de comunicaci\u00f3 ESCOLA VALDELORS<\/a><\/p>\n","protected":false},"excerpt":{"rendered":"<p>En aquest document trobareu tota la informaci\u00f3 de Pla de comunicaci\u00f3 entre escola, fam\u00edlia i comunitat educativa. Tamb\u00e9 est\u00e0 recollit tota la informaci\u00f3 de la comunicaci\u00f3 digital del centre.<a href=\"https:\/\/agora.xtec.cat\/ceip-valdelors-vandellos\/wp-content\/uploads\/usu1532\/2023\/05\/baixa.jpg\"><\/a><br \/>\n<a href=\"https:\/\/agora.xtec.cat\/ceip-valdelors-vandellos\/wp-content\/uploads\/usu1532\/2023\/10\/Pla-de-comunicacio-ESCOLA-VALDELORS.pdf\">Pla de comunicaci\u00f3 ESCOLA VALDELORS<\/a><\/p>\n","protected":false},"author":6,"featured_media":0,"parent":22,"menu_order":10,"comment_status":"closed","ping_status":"closed","template":"page-templates\/side-menu.php","meta":{"_bbp_topic_count":0,"_bbp_reply_count":0,"_bbp_total_topic_count":0,"_bbp_total_reply_count":0,"_bbp_voice_count":0,"_bbp_anonymous_reply_count":0,"_bbp_topic_count_hidden":0,"_bbp_reply_count_hidden":0,"_bbp_forum_subforum_count":0,"footnotes":""},"class_list":["post-8018","page","type-page","status-publish","hentry"],"post_mailing_queue_ids":[],"_links":{"self":[{"href":"https:\/\/agora.xtec.cat\/ceip-valdelors-vandellos\/wp-json\/wp\/v2\/pages\/8018","targetHints":{"allow":["GET"]}}],"collection":[{"href":"https:\/\/agora.xtec.cat\/ceip-valdelors-vandellos\/wp-json\/wp\/v2\/pages"}],"about":[{"href":"https:\/\/agora.xtec.cat\/ceip-valdelors-vandellos\/wp-json\/wp\/v2\/types\/page"}],"author":[{"embeddable":true,"href":"https:\/\/agora.xtec.cat\/ceip-valdelors-vandellos\/wp-json\/wp\/v2\/users\/6"}],"replies":[{"embeddable":true,"href":"https:\/\/agora.xtec.cat\/ceip-valdelors-vandellos\/wp-json\/wp\/v2\/comments?post=8018"}],"version-history":[{"count":3,"href":"https:\/\/agora.xtec.cat\/ceip-valdelors-vandellos\/wp-json\/wp\/v2\/pages\/8018\/revisions"}],"predecessor-version":[{"id":9066,"href":"https:\/\/agora.xtec.cat\/ceip-valdelors-vandellos\/wp-json\/wp\/v2\/pages\/8018\/revisions\/9066"}],"up":[{"embeddable":true,"href":"https:\/\/agora.xtec.cat\/ceip-valdelors-vandellos\/wp-json\/wp\/v2\/pages\/22"}],"wp:attachment":[{"href":"https:\/\/agora.xtec.cat\/ceip-valdelors-vandellos\/wp-json\/wp\/v2\/media?parent=8018"}],"curies":[{"name":"wp","href":"https:\/\/api.w.org\/{rel}","templated":true}]}}