{"id":7926,"date":"2023-04-21T10:24:35","date_gmt":"2023-04-21T08:24:35","guid":{"rendered":"https:\/\/agora.xtec.cat\/ceip-valdelors-vandellos\/?page_id=7926"},"modified":"2023-10-14T15:23:47","modified_gmt":"2023-10-14T13:23:47","slug":"projecte-estrategia-digital-de-centre","status":"publish","type":"page","link":"https:\/\/agora.xtec.cat\/ceip-valdelors-vandellos\/projecte-educatiu\/projecte-estrategia-digital-de-centre\/","title":{"rendered":"Projecte &#8220;Estrat\u00e8gia digital de centre&#8221;."},"content":{"rendered":"<h3><strong>Benvinguts al web de suport a l\u2019Estrat\u00e8gia Digital de Valdelors<\/strong><\/h3>\n<blockquote><p><a href=\"https:\/\/agora.xtec.cat\/ceip-valdelors-vandellos\/wp-content\/uploads\/usu1532\/2023\/04\/baixa.jpg\"><img loading=\"lazy\" decoding=\"async\" class=\"wp-image-7927 alignleft\" src=\"https:\/\/agora.xtec.cat\/ceip-valdelors-vandellos\/wp-content\/uploads\/usu1532\/2023\/04\/baixa.jpg\" alt=\"\" width=\"155\" height=\"155\" srcset=\"https:\/\/agora.xtec.cat\/ceip-valdelors-vandellos\/wp-content\/uploads\/usu1532\/2023\/04\/baixa.jpg 225w, https:\/\/agora.xtec.cat\/ceip-valdelors-vandellos\/wp-content\/uploads\/usu1532\/2023\/04\/baixa-150x150.jpg 150w\" sizes=\"auto, (max-width: 155px) 100vw, 155px\" \/><\/a><strong>Aquest web acompanya als centres en el disseny, la redacci\u00f3, la implementaci\u00f3 i l\u2019avaluaci\u00f3 de la seva Estrat\u00e8gia Digital de Centre (EDC).<\/strong> \u00c9s un web en constant actualitzaci\u00f3 on s\u2019afegeixen recursos que poden ser \u00fatils pera la seva elaboraci\u00f3<\/p><\/blockquote>\n<h4 tabindex=\"0\" role=\"button\" aria-selected=\"true\" aria-expanded=\"false\" aria-controls=\"h5p-panel-content-0-0\"><\/h4>\n<h4 tabindex=\"0\" role=\"button\" aria-selected=\"true\" aria-expanded=\"false\" aria-controls=\"h5p-panel-content-0-0\"><\/h4>\n<h4 tabindex=\"0\" role=\"button\" aria-selected=\"true\" aria-expanded=\"false\" aria-controls=\"h5p-panel-content-0-0\"><\/h4>\n<p>&nbsp;<\/p>\n<blockquote>\n<h4 id=\"h5p-panel-link-0-0\" class=\"h5p-panel-title\" tabindex=\"0\" role=\"button\" aria-selected=\"true\" aria-expanded=\"false\" aria-controls=\"h5p-panel-content-0-0\">Qu\u00e8 \u00e9s l&#8217;EDC?<\/h4>\n<p>L\u2019Estrat\u00e8gia Digital de Centre (EDC) \u00e9s un document que recull totes les accions que es realitzen en un centre, i les que es realitzaran a mitj\u00e0 termini, per aconseguir la m\u00e0xima compet\u00e8ncia digital de l\u2019alumnat, del professorat i del centre educatiu. Ha de tenir com a referent el Pla d\u2019educaci\u00f3 digital de Catalunya (PEDC), on s\u2019indica la necessitat d\u2019assolir la fita d\u2019una societat digitalment competent, fent \u00e8mfasi en l\u2019equitat i tenint en compte l\u2019evoluci\u00f3 del context social i tecnol\u00f2gic.<\/p>\n<p>&nbsp;<\/p><\/blockquote>\n<p><iframe loading=\"lazy\" title=\"Estrat\u00e8gia digital de centre\" width=\"500\" height=\"281\" src=\"https:\/\/www.youtube.com\/embed\/uS5UUZIYLPQ?feature=oembed\" frameborder=\"0\" allow=\"accelerometer; autoplay; clipboard-write; encrypted-media; gyroscope; picture-in-picture; web-share\" referrerpolicy=\"strict-origin-when-cross-origin\" allowfullscreen><\/iframe><\/p>\n<p style=\"text-align: left;\"><a href=\"https:\/\/sites.google.com\/escolavaldelors.cat\/estratgiadigitaldecentre\/inici\">Sites de l&#8217;Estrat\u00e8gia Digital de Centre<\/a><\/p>\n<p>&nbsp;<\/p>\n","protected":false},"excerpt":{"rendered":"<p>Benvinguts al web de suport a l\u2019Estrat\u00e8gia Digital de Valdelors<br \/>\n<a href=\"https:\/\/agora.xtec.cat\/ceip-valdelors-vandellos\/wp-content\/uploads\/usu1532\/2023\/04\/baixa.jpg\"><\/a>Aquest web acompanya als centres en el disseny, la redacci\u00f3, la implementaci\u00f3 i l\u2019avaluaci\u00f3 de la seva Estrat\u00e8gia Digital de Centre (EDC). \u00c9s un web en constant actualitzaci\u00f3 on s\u2019afegeixen recursos que poden ser \u00fatils&hellip;  <a href=\"https:\/\/agora.xtec.cat\/ceip-valdelors-vandellos\/projecte-educatiu\/projecte-estrategia-digital-de-centre\/\" title=\"Read Projecte &#8220;Estrat\u00e8gia digital de centre&#8221;.\">Llegeix m\u00e9s\u00bb<\/a><\/p>\n","protected":false},"author":6,"featured_media":0,"parent":64,"menu_order":4,"comment_status":"closed","ping_status":"closed","template":"page-templates\/side-menu.php","meta":{"_bbp_topic_count":0,"_bbp_reply_count":0,"_bbp_total_topic_count":0,"_bbp_total_reply_count":0,"_bbp_voice_count":0,"_bbp_anonymous_reply_count":0,"_bbp_topic_count_hidden":0,"_bbp_reply_count_hidden":0,"_bbp_forum_subforum_count":0,"footnotes":""},"class_list":["post-7926","page","type-page","status-publish","hentry"],"post_mailing_queue_ids":[],"_links":{"self":[{"href":"https:\/\/agora.xtec.cat\/ceip-valdelors-vandellos\/wp-json\/wp\/v2\/pages\/7926","targetHints":{"allow":["GET"]}}],"collection":[{"href":"https:\/\/agora.xtec.cat\/ceip-valdelors-vandellos\/wp-json\/wp\/v2\/pages"}],"about":[{"href":"https:\/\/agora.xtec.cat\/ceip-valdelors-vandellos\/wp-json\/wp\/v2\/types\/page"}],"author":[{"embeddable":true,"href":"https:\/\/agora.xtec.cat\/ceip-valdelors-vandellos\/wp-json\/wp\/v2\/users\/6"}],"replies":[{"embeddable":true,"href":"https:\/\/agora.xtec.cat\/ceip-valdelors-vandellos\/wp-json\/wp\/v2\/comments?post=7926"}],"version-history":[{"count":3,"href":"https:\/\/agora.xtec.cat\/ceip-valdelors-vandellos\/wp-json\/wp\/v2\/pages\/7926\/revisions"}],"predecessor-version":[{"id":8334,"href":"https:\/\/agora.xtec.cat\/ceip-valdelors-vandellos\/wp-json\/wp\/v2\/pages\/7926\/revisions\/8334"}],"up":[{"embeddable":true,"href":"https:\/\/agora.xtec.cat\/ceip-valdelors-vandellos\/wp-json\/wp\/v2\/pages\/64"}],"wp:attachment":[{"href":"https:\/\/agora.xtec.cat\/ceip-valdelors-vandellos\/wp-json\/wp\/v2\/media?parent=7926"}],"curies":[{"name":"wp","href":"https:\/\/api.w.org\/{rel}","templated":true}]}}