{"id":7332,"date":"2023-02-04T10:45:04","date_gmt":"2023-02-04T09:45:04","guid":{"rendered":"https:\/\/agora.xtec.cat\/ceip-valdelors-vandellos\/?page_id=7332"},"modified":"2023-10-14T15:18:09","modified_gmt":"2023-10-14T13:18:09","slug":"document-pdd-2022-26","status":"publish","type":"page","link":"https:\/\/agora.xtec.cat\/ceip-valdelors-vandellos\/projecte-educatiu\/document-pdd-2022-26\/","title":{"rendered":"Document PdD 2022-26"},"content":{"rendered":"<p style=\"text-align: center;\"><a href=\"https:\/\/agora.xtec.cat\/ceip-valdelors-vandellos\/wp-content\/uploads\/usu1532\/2023\/02\/PdD-IMMA-TORRES-TORRES-.pdf\">PdD IMMA TORRES TORRES<\/a><\/p>\n<p>El document del Projecte de Direcci\u00f3\u00a0 correspon <strong>al document del centre p\u00fablic del Valdelors que t\u00e9 l&#8217;objectiu de desenvolupar el projecte educatiu del\u00a0 VALDELORS.<\/strong><\/p>\n<p>Aquest projecte est\u00e0 emmarcat\u00a0 per la normativa vigent d&#8217;Educaci\u00f3 ( l&#8217;article 91.8 de la Llei d&#8217;educaci\u00f3 i a l&#8217;article 144 de la LEC.)<\/p>\n<p>L&#8217;elaboraci\u00f3 del document ha estat un treball de gesti\u00f3 formalitzat per la nova direcci\u00f3 del centre. L&#8217;equip directiu \u00e9s l&#8217;\u00f2rgan e\u0301s l\u2019o\u0300rgan executiu de govern del centre pu\u0301blic i les persones membres han de treballar coordinadament en l\u2019exercici de les seves funcions. Esta\u0300 format pel director o directora, que el presideix, el cap d\u2019estudis o la cap d\u2019estudis, el secretari o secreta\u0300ria i els o\u0300rgans unipersonals de direccio\u0301 addicionals.<\/p>\n<p>Aquest document que us presentem<strong> respon a les necessitats derivades del projecte educatiu i ser\u00e0 el full de ruta a seguir pel VALDELORS ens els propers 4 cursos ( 2022 al 2026).\u00a0<\/strong><\/p>\n<p>En ell es concreten les intervencions, els objectius, els projectes, les activitats, els valors o visi\u00f3 i els somni de l&#8217;escola Es concreten les accions i els indicadors d&#8217;avaluaci\u00f3 per tal de complir amb els criteris fixats pel Departament d&#8217;Educaci\u00f3, aquests \u00a0han de servir per avaluar l&#8217;exercici de la direcci\u00f3 (art. 23.1 del Decret 155\/2010, de 2 de novembre, de la direcci\u00f3 dels centres educatius p\u00fablics i del personal directiu professional docent).<\/p>\n<p><strong>El projecte de direcci\u00f3 \u00e9s un instrument essencial de l&#8217;autonomia dels centres educatius <\/strong><strong>perqu\u00e8 ordena el desplegament i l&#8217;aplicaci\u00f3 del projecte educatiu per al per\u00edode demandat de la direcci\u00f3 del centre,<\/strong> en concreta l&#8217;estructura organitzativa.<\/p>\n<p>Aix\u00ed mateix, el projecte de direcci\u00f3 defineix el marc en qu\u00e8 el director o directora exerceix les funcions, en un context de lideratge distribu\u00eft per l&#8217;enfortiment institucional dels centres educatius (art.142.3 de la Llei 12\/2009, del 10 de juliol, d&#8217;educaci\u00f3).<\/p>\n<p>&nbsp;<\/p>\n<p style=\"text-align: center;\">\n","protected":false},"excerpt":{"rendered":"<p><a href=\"https:\/\/agora.xtec.cat\/ceip-valdelors-vandellos\/wp-content\/uploads\/usu1532\/2023\/02\/PdD-IMMA-TORRES-TORRES-.pdf\">PdD IMMA TORRES TORRES<\/a><br \/>\nEl document del Projecte de Direcci\u00f3\u00a0 correspon al document del centre p\u00fablic del Valdelors que t\u00e9 l&#8217;objectiu de desenvolupar el projecte educatiu del\u00a0 VALDELORS.<br \/>\nAquest projecte est\u00e0 emmarcat\u00a0 per la normativa vigent d&#8217;Educaci\u00f3 ( l&#8217;article 91.8 de la Llei d&#8217;educaci\u00f3 i a&hellip;  <a href=\"https:\/\/agora.xtec.cat\/ceip-valdelors-vandellos\/projecte-educatiu\/document-pdd-2022-26\/\" title=\"Read Document PdD 2022-26\">Llegeix m\u00e9s\u00bb<\/a><\/p>\n","protected":false},"author":6,"featured_media":0,"parent":64,"menu_order":1,"comment_status":"closed","ping_status":"closed","template":"page-templates\/side-menu.php","meta":{"_bbp_topic_count":0,"_bbp_reply_count":0,"_bbp_total_topic_count":0,"_bbp_total_reply_count":0,"_bbp_voice_count":0,"_bbp_anonymous_reply_count":0,"_bbp_topic_count_hidden":0,"_bbp_reply_count_hidden":0,"_bbp_forum_subforum_count":0,"footnotes":""},"class_list":["post-7332","page","type-page","status-publish","hentry"],"post_mailing_queue_ids":[],"_links":{"self":[{"href":"https:\/\/agora.xtec.cat\/ceip-valdelors-vandellos\/wp-json\/wp\/v2\/pages\/7332","targetHints":{"allow":["GET"]}}],"collection":[{"href":"https:\/\/agora.xtec.cat\/ceip-valdelors-vandellos\/wp-json\/wp\/v2\/pages"}],"about":[{"href":"https:\/\/agora.xtec.cat\/ceip-valdelors-vandellos\/wp-json\/wp\/v2\/types\/page"}],"author":[{"embeddable":true,"href":"https:\/\/agora.xtec.cat\/ceip-valdelors-vandellos\/wp-json\/wp\/v2\/users\/6"}],"replies":[{"embeddable":true,"href":"https:\/\/agora.xtec.cat\/ceip-valdelors-vandellos\/wp-json\/wp\/v2\/comments?post=7332"}],"version-history":[{"count":3,"href":"https:\/\/agora.xtec.cat\/ceip-valdelors-vandellos\/wp-json\/wp\/v2\/pages\/7332\/revisions"}],"predecessor-version":[{"id":7339,"href":"https:\/\/agora.xtec.cat\/ceip-valdelors-vandellos\/wp-json\/wp\/v2\/pages\/7332\/revisions\/7339"}],"up":[{"embeddable":true,"href":"https:\/\/agora.xtec.cat\/ceip-valdelors-vandellos\/wp-json\/wp\/v2\/pages\/64"}],"wp:attachment":[{"href":"https:\/\/agora.xtec.cat\/ceip-valdelors-vandellos\/wp-json\/wp\/v2\/media?parent=7332"}],"curies":[{"name":"wp","href":"https:\/\/api.w.org\/{rel}","templated":true}]}}