{"id":73,"date":"2014-09-18T14:01:51","date_gmt":"2014-09-18T13:01:51","guid":{"rendered":"http:\/\/agora.xtec.cat\/ceip-valdelors-vandellos\/?page_id=73"},"modified":"2026-04-09T22:22:19","modified_gmt":"2026-04-09T20:22:19","slug":"menjador-escolar","status":"publish","type":"page","link":"https:\/\/agora.xtec.cat\/ceip-valdelors-vandellos\/serveis\/menjador-escolar\/","title":{"rendered":"Menjador escolar"},"content":{"rendered":"\n<figure class=\"wp-block-image size-large\"><a href=\"https:\/\/agora.xtec.cat\/ceip-valdelors-vandellos\/wp-content\/uploads\/usu1532\/2026\/04\/ESCOLA_VALDELORS-Basal-Abril_2026_986_0_04_2026.pdf\"><img loading=\"lazy\" decoding=\"async\" width=\"1024\" height=\"724\" src=\"https:\/\/agora.xtec.cat\/ceip-valdelors-vandellos\/wp-content\/uploads\/usu1532\/2026\/04\/ESCOLA_VALDELORS-Basal-Abril_2026_986_0_04_2026-pdf-1024x724.jpg\" alt=\"\" class=\"wp-image-14125\"\/><\/a><\/figure>\n\n\n<div class=\"wp-block-image\">\n<figure class=\"aligncenter size-full is-resized\"><a href=\"https:\/\/agora.xtec.cat\/ceip-valdelors-vandellos\/wp-content\/uploads\/usu1532\/2025\/09\/eL-RESTAURANT-DE-LESCOLA.png\"><img loading=\"lazy\" decoding=\"async\" width=\"440\" height=\"195\" src=\"https:\/\/agora.xtec.cat\/ceip-valdelors-vandellos\/wp-content\/uploads\/usu1532\/2025\/09\/eL-RESTAURANT-DE-LESCOLA.png\" alt=\"\" class=\"wp-image-13391\" style=\"width:428px;height:auto\" srcset=\"https:\/\/agora.xtec.cat\/ceip-valdelors-vandellos\/wp-content\/uploads\/usu1532\/2025\/09\/eL-RESTAURANT-DE-LESCOLA.png 440w, https:\/\/agora.xtec.cat\/ceip-valdelors-vandellos\/wp-content\/uploads\/usu1532\/2025\/09\/eL-RESTAURANT-DE-LESCOLA-300x133.png 300w\" sizes=\"auto, (max-width: 440px) 100vw, 440px\" \/><\/a><\/figure><\/div>\n\n\n<div class=\"wp-block-getwid-section alignfull alignfull getwid-section-content-custom-width\"><div class=\"wp-block-getwid-section__wrapper getwid-padding-left-medium getwid-padding-right-medium\"><div class=\"wp-block-getwid-section__inner-wrapper\" style=\"max-width:740px\"><div class=\"wp-block-getwid-section__background-holder\"><div class=\"wp-block-getwid-section__background\"><\/div><div class=\"wp-block-getwid-section__foreground\"><\/div><\/div><div class=\"wp-block-getwid-section__content\"><div class=\"wp-block-getwid-section__inner-content\">\n<h2 class=\"wp-block-heading\">INFORMACI\u00d3 GENERAL<\/h2>\n\n\n\n<div class=\"wp-block-getwid-advanced-heading\" style=\"margin-bottom:50px;margin-top:10px\"><h2 class=\"wp-block-getwid-advanced-heading__content\" style=\"text-align:center\">Servei d&#8217;acollida i menjador <\/h2><\/div>\n\n\n\n<p class=\"has-text-color has-medium-font-size\" style=\"color:#000000\"><strong>El servei de menjador i acollida del Valdelors, dep\u00e8n de l&#8217;ajuntament de Vandell\u00f2s i la gestiona l&#8217;Empresa COM A CASA . <\/strong><\/p>\n\n\n\n<p class=\"has-text-color has-medium-font-size\" style=\"color:#000000\"><strong>EL  servei de menjador \u00e9s molt important i permet fer extensiu l&#8217;horari educatiu. <\/strong><\/p>\n\n\n\n<p class=\"has-text-color has-small-font-size\" style=\"color:#000000\"><strong> <\/strong><\/p>\n\n\n\n<p>La comissi\u00f3 de menjador de l&#8217;escola coordina el servei i vetlla per la millora constant. Tamb\u00e9 es va aprovar la nova normativa per al curs.<\/p>\n\n\n\n<p>Us expliquem que cada mes rebreu la informaci\u00f3 dels men\u00fa escolar i les activitats que anem realitzant. Totes elles compten amb el nostre monitoratge: la Maribel i la Sara, que fan que l&#8217;estona de menjador i acollida siguin espais d&#8217;aprenentatge per a totes i tots.<\/p>\n\n\n\n<p><strong>Usuaris nous: per al servei de menjador de l\u2019Espai de Migdia i\/o acollida matinal<\/strong> heu de saber que cal instal\u00b7lar l&#8217;APP <strong>COM A CASA<\/strong> . Us expliquem com:<\/p>\n\n\n\n<p class=\"has-text-align-left has-vivid-cyan-blue-color has-text-color has-link-color wp-elements-242d973f58ce2dd5ada0090f23684a04\">Entrem al <strong>Play Store o Apple Store<\/strong> del m\u00f2bil per descarregar l&#8217;a a&#8217;App de <strong>Com a casa<\/strong> menjadors escolars.<\/p>\n\n\n\n<p class=\"has-text-align-left\">Aqu\u00ed teniu els enlla\u00e7os: <\/p>\n\n\n\n<p class=\"has-text-align-center\"><a href=\"https:\/\/apps.apple.com\/es\/app\/com-a-casa\/id1642297773\">https:\/\/apps.apple.com\/es\/app\/com-a-casa\/id1642297773<\/a><\/p>\n\n\n\n<p class=\"has-text-align-center\"><a href=\"https:\/\/play.google.com\/store\/apps\/details?id=com.dumainteractiva.comacasa\">https:\/\/play.google.com\/store\/apps\/details?id=com.dumainteractiva.comacasa<\/a><\/p>\n\n\n\n<p class=\"has-text-align-center\"><\/p>\n\n\n\n<p>Obrim la app i ens sortir\u00e0 la primera pestanya. Haurem de clicar el bot\u00f3 \u201cINSCRIURE\u2019S\u201d. En aquest moment s\u2019obrir\u00e0 una nova pantalla on haureu d\u2019anar responent les preguntes que hi trobareu fins arribar al final.<\/p>\n\n\n\n<p>Quan les vostres dades siguin introdu\u00efdes al sistema i verificades per l\u2019empresa (no \u00e9s un procediment autom\u00e0tic, trigar\u00e0 uns dies), rebreu en el correu electr\u00f2nic facilitat a la inscripci\u00f3, un codi de registre per al vostre usuari.<\/p>\n\n\n\n<p class=\"has-text-align-center has-luminous-vivid-orange-color has-text-color has-link-color has-medium-font-size wp-elements-0201e408acc4c4d9b21dae1fdc636cb1\"><strong>ANNEXEM: TOTA LA INFORMACI\u00d3 AMB IMATGES<\/strong><\/p>\n\n\n\n<figure class=\"wp-block-gallery has-nested-images columns-default is-cropped wp-block-gallery-1 is-layout-flex wp-block-gallery-is-layout-flex\">\n<figure class=\"wp-block-image size-large\"><a href=\"https:\/\/agora.xtec.cat\/ceip-valdelors-vandellos\/wp-content\/uploads\/usu1532\/2025\/09\/VALDELORS-Normativa-menjador-2025-26-Noves-inscripcions_page-0001.jpg\"><img loading=\"lazy\" decoding=\"async\" width=\"724\" height=\"1024\" src=\"https:\/\/agora.xtec.cat\/ceip-valdelors-vandellos\/wp-content\/uploads\/usu1532\/2025\/09\/VALDELORS-Normativa-menjador-2025-26-Noves-inscripcions_page-0001-724x1024.jpg\" alt=\"\" class=\"wp-image-13392\" srcset=\"https:\/\/agora.xtec.cat\/ceip-valdelors-vandellos\/wp-content\/uploads\/usu1532\/2025\/09\/VALDELORS-Normativa-menjador-2025-26-Noves-inscripcions_page-0001-724x1024.jpg 724w, https:\/\/agora.xtec.cat\/ceip-valdelors-vandellos\/wp-content\/uploads\/usu1532\/2025\/09\/VALDELORS-Normativa-menjador-2025-26-Noves-inscripcions_page-0001-212x300.jpg 212w, https:\/\/agora.xtec.cat\/ceip-valdelors-vandellos\/wp-content\/uploads\/usu1532\/2025\/09\/VALDELORS-Normativa-menjador-2025-26-Noves-inscripcions_page-0001-768x1086.jpg 768w, https:\/\/agora.xtec.cat\/ceip-valdelors-vandellos\/wp-content\/uploads\/usu1532\/2025\/09\/VALDELORS-Normativa-menjador-2025-26-Noves-inscripcions_page-0001-1086x1536.jpg 1086w, https:\/\/agora.xtec.cat\/ceip-valdelors-vandellos\/wp-content\/uploads\/usu1532\/2025\/09\/VALDELORS-Normativa-menjador-2025-26-Noves-inscripcions_page-0001.jpg 1241w\" sizes=\"auto, (max-width: 724px) 100vw, 724px\" \/><\/a><\/figure>\n<\/figure>\n\n\n\n<div class=\"wp-block-getwid-advanced-spacer\" style=\"height:20px\" aria-hidden=\"true\"><\/div>\n\n\n\n<div class=\"wp-block-button aligncenter\"><a class=\"wp-block-button__link has-white-color has-luminous-vivid-orange-background-color has-text-color has-background has-link-color wp-element-button\" href=\"https:\/\/comacasamenjadors.cat\/\"><strong>m\u00e9s informaci\u00f3<\/strong><\/a><\/div>\n<\/div><\/div><\/div><\/div><\/div>\n\n\n\n<p class=\"has-text-align-center has-luminous-vivid-orange-color has-text-color has-link-color has-medium-font-size wp-elements-6a25c375bfc2a165b7c63be72ff07fea\"><strong>NORMATIVA DEL SERVEI DE MENJADOR i ACOLLIDA<\/strong><\/p>\n\n\n\n<p><\/p>\n\n\n\n<figure class=\"wp-block-gallery has-nested-images columns-default is-cropped wp-block-gallery-2 is-layout-flex wp-block-gallery-is-layout-flex\">\n<figure class=\"wp-block-image size-large\"><a href=\"https:\/\/agora.xtec.cat\/ceip-valdelors-vandellos\/wp-content\/uploads\/usu1532\/2025\/09\/VALDELORS-Normativa-menjador-2025-26-Noves-inscripcions_page-0002.jpg\"><img loading=\"lazy\" decoding=\"async\" width=\"724\" height=\"1024\" data-id=\"13393\" src=\"https:\/\/agora.xtec.cat\/ceip-valdelors-vandellos\/wp-content\/uploads\/usu1532\/2025\/09\/VALDELORS-Normativa-menjador-2025-26-Noves-inscripcions_page-0002-724x1024.jpg\" alt=\"\" class=\"wp-image-13393\" srcset=\"https:\/\/agora.xtec.cat\/ceip-valdelors-vandellos\/wp-content\/uploads\/usu1532\/2025\/09\/VALDELORS-Normativa-menjador-2025-26-Noves-inscripcions_page-0002-724x1024.jpg 724w, https:\/\/agora.xtec.cat\/ceip-valdelors-vandellos\/wp-content\/uploads\/usu1532\/2025\/09\/VALDELORS-Normativa-menjador-2025-26-Noves-inscripcions_page-0002-212x300.jpg 212w, https:\/\/agora.xtec.cat\/ceip-valdelors-vandellos\/wp-content\/uploads\/usu1532\/2025\/09\/VALDELORS-Normativa-menjador-2025-26-Noves-inscripcions_page-0002-768x1086.jpg 768w, https:\/\/agora.xtec.cat\/ceip-valdelors-vandellos\/wp-content\/uploads\/usu1532\/2025\/09\/VALDELORS-Normativa-menjador-2025-26-Noves-inscripcions_page-0002-1086x1536.jpg 1086w, https:\/\/agora.xtec.cat\/ceip-valdelors-vandellos\/wp-content\/uploads\/usu1532\/2025\/09\/VALDELORS-Normativa-menjador-2025-26-Noves-inscripcions_page-0002.jpg 1241w\" sizes=\"auto, (max-width: 724px) 100vw, 724px\" \/><\/a><\/figure>\n<\/figure>\n\n\n\n<figure class=\"wp-block-gallery has-nested-images columns-default is-cropped wp-block-gallery-3 is-layout-flex wp-block-gallery-is-layout-flex\">\n<figure class=\"wp-block-image size-large\"><a href=\"https:\/\/agora.xtec.cat\/ceip-valdelors-vandellos\/wp-content\/uploads\/usu1532\/2025\/09\/VALDELORS-Normativa-menjador-2025-26-Noves-inscripcions_page-0003.jpg\"><img loading=\"lazy\" decoding=\"async\" width=\"724\" height=\"1024\" data-id=\"13394\" src=\"https:\/\/agora.xtec.cat\/ceip-valdelors-vandellos\/wp-content\/uploads\/usu1532\/2025\/09\/VALDELORS-Normativa-menjador-2025-26-Noves-inscripcions_page-0003-724x1024.jpg\" alt=\"SERVEI DE MENJADOR i ACOLLIDA.\nNormativa, horaris, preus \" class=\"wp-image-13394\" srcset=\"https:\/\/agora.xtec.cat\/ceip-valdelors-vandellos\/wp-content\/uploads\/usu1532\/2025\/09\/VALDELORS-Normativa-menjador-2025-26-Noves-inscripcions_page-0003-724x1024.jpg 724w, https:\/\/agora.xtec.cat\/ceip-valdelors-vandellos\/wp-content\/uploads\/usu1532\/2025\/09\/VALDELORS-Normativa-menjador-2025-26-Noves-inscripcions_page-0003-212x300.jpg 212w, https:\/\/agora.xtec.cat\/ceip-valdelors-vandellos\/wp-content\/uploads\/usu1532\/2025\/09\/VALDELORS-Normativa-menjador-2025-26-Noves-inscripcions_page-0003-768x1086.jpg 768w, https:\/\/agora.xtec.cat\/ceip-valdelors-vandellos\/wp-content\/uploads\/usu1532\/2025\/09\/VALDELORS-Normativa-menjador-2025-26-Noves-inscripcions_page-0003-1086x1536.jpg 1086w, https:\/\/agora.xtec.cat\/ceip-valdelors-vandellos\/wp-content\/uploads\/usu1532\/2025\/09\/VALDELORS-Normativa-menjador-2025-26-Noves-inscripcions_page-0003.jpg 1241w\" sizes=\"auto, (max-width: 724px) 100vw, 724px\" \/><\/a><\/figure>\n<\/figure>\n","protected":false},"excerpt":{"rendered":"<p><a href=\"https:\/\/agora.xtec.cat\/ceip-valdelors-vandellos\/wp-content\/uploads\/usu1532\/2026\/04\/ESCOLA_VALDELORS-Basal-Abril_2026_986_0_04_2026.pdf\"><\/a><\/p>\n<p><a href=\"https:\/\/agora.xtec.cat\/ceip-valdelors-vandellos\/wp-content\/uploads\/usu1532\/2025\/09\/eL-RESTAURANT-DE-LESCOLA.png\"><\/a><\/p>\n<p>INFORMACI\u00d3 GENERAL<\/p>\n<p>Servei d&#8217;acollida i menjador <\/p>\n<p>El servei de menjador i acollida del Valdelors, dep\u00e8n de l&#8217;ajuntament de Vandell\u00f2s i la gestiona l&#8217;Empresa COM A CASA . <\/p>\n<p>EL  servei de menjador \u00e9s molt important i permet fer extensiu l&#8217;horari educatiu. <\/p>\n<p>La comissi\u00f3&hellip;  <a href=\"https:\/\/agora.xtec.cat\/ceip-valdelors-vandellos\/serveis\/menjador-escolar\/\" title=\"Read Menjador escolar\">Llegeix m\u00e9s\u00bb<\/a><\/p>\n","protected":false},"author":1,"featured_media":0,"parent":66,"menu_order":1,"comment_status":"closed","ping_status":"closed","template":"page-templates\/side-menu.php","meta":{"_bbp_topic_count":0,"_bbp_reply_count":0,"_bbp_total_topic_count":0,"_bbp_total_reply_count":0,"_bbp_voice_count":0,"_bbp_anonymous_reply_count":0,"_bbp_topic_count_hidden":0,"_bbp_reply_count_hidden":0,"_bbp_forum_subforum_count":0,"footnotes":""},"class_list":["post-73","page","type-page","status-publish","hentry"],"post_mailing_queue_ids":[],"_links":{"self":[{"href":"https:\/\/agora.xtec.cat\/ceip-valdelors-vandellos\/wp-json\/wp\/v2\/pages\/73","targetHints":{"allow":["GET"]}}],"collection":[{"href":"https:\/\/agora.xtec.cat\/ceip-valdelors-vandellos\/wp-json\/wp\/v2\/pages"}],"about":[{"href":"https:\/\/agora.xtec.cat\/ceip-valdelors-vandellos\/wp-json\/wp\/v2\/types\/page"}],"author":[{"embeddable":true,"href":"https:\/\/agora.xtec.cat\/ceip-valdelors-vandellos\/wp-json\/wp\/v2\/users\/1"}],"replies":[{"embeddable":true,"href":"https:\/\/agora.xtec.cat\/ceip-valdelors-vandellos\/wp-json\/wp\/v2\/comments?post=73"}],"version-history":[{"count":6,"href":"https:\/\/agora.xtec.cat\/ceip-valdelors-vandellos\/wp-json\/wp\/v2\/pages\/73\/revisions"}],"predecessor-version":[{"id":14126,"href":"https:\/\/agora.xtec.cat\/ceip-valdelors-vandellos\/wp-json\/wp\/v2\/pages\/73\/revisions\/14126"}],"up":[{"embeddable":true,"href":"https:\/\/agora.xtec.cat\/ceip-valdelors-vandellos\/wp-json\/wp\/v2\/pages\/66"}],"wp:attachment":[{"href":"https:\/\/agora.xtec.cat\/ceip-valdelors-vandellos\/wp-json\/wp\/v2\/media?parent=73"}],"curies":[{"name":"wp","href":"https:\/\/api.w.org\/{rel}","templated":true}]}}