{"id":5828,"date":"2022-04-20T10:12:32","date_gmt":"2022-04-20T08:12:32","guid":{"rendered":"https:\/\/agora.xtec.cat\/ceip-valdelors-vandellos\/?page_id=5828"},"modified":"2025-10-28T10:55:31","modified_gmt":"2025-10-28T09:55:31","slug":"actes-ce","status":"publish","type":"page","link":"https:\/\/agora.xtec.cat\/ceip-valdelors-vandellos\/actes-ce\/","title":{"rendered":"Projecte: S\u00ed a la salut."},"content":{"rendered":"\n<p class=\"has-vivid-red-color has-text-color has-link-color has-medium-font-size wp-elements-67db8dfd3761ac635c65ae19d6823f5b\"><strong>ESCOLA QUE FORMA PART : Programa Suport Vital als Centres Educatius<\/strong>.<\/p>\n\n\n\n<p>Des del 2023, l&#8217;escola Valdelors, forma part del centre de SVB, els mestres ens hem format per fer aquest projecte des d&#8217;infantil a Prim\u00e0ria, potenciant la prevenci\u00f3 en tota la comunitat educativa. Som un centre que ens hem format a partir del CONSELL CATAL\u00c0 .<\/p>\n\n\n\n<figure class=\"wp-block-image size-full\"><a href=\"https:\/\/agora.xtec.cat\/ceip-valdelors-vandellos\/wp-content\/uploads\/usu1532\/2025\/10\/image-1.png\"><img loading=\"lazy\" decoding=\"async\" width=\"173\" height=\"73\" src=\"https:\/\/agora.xtec.cat\/ceip-valdelors-vandellos\/wp-content\/uploads\/usu1532\/2025\/10\/image-1.png\" alt=\"\" class=\"wp-image-13559\"\/><\/a><\/figure>\n\n\n\n<h3 class=\"wp-block-heading has-vivid-red-color has-text-color has-link-color wp-elements-cf5cd472bddef1fa101a95c180da4457\">Realitat de l\u2019Ensenyament als centres docents.<\/h3>\n\n\n\n<p>Partim de les seg\u00fcents afirmacions:<\/p>\n\n\n\n<p>-El centre docent \u00e9s el millor lloc per adquirir coneixements i habilitats perdurables. Els docents s\u00f3n els millors preparats pedag\u00f2gicament per ensenyar als nens. Incloure la formaci\u00f3 en el curr\u00edculum escolar fa sostenible el programa ja que no dep\u00e8n d\u2019agents externs a la comunitat educativa per a la formaci\u00f3<\/p>\n\n\n\n<p>\u2013La base de la tasca educativa \u00e9s: <strong>FORMAR CIUTADANS PREPARATS EN COMPET\u00c8NCIES B\u00c0SIQUES \u00daTILS aplicables a la VIDA DI\u00c0RIA<\/strong>. Con\u00e8ixer les t\u00e8cniques de Suport Vital B\u00e0sic i Desfibril\u00b7laci\u00f3 externa automatitzada (SVB)-DEA significa con\u00e8ixer com salvar vides. Aprendre \u00e9s f\u00e0cil i nom\u00e9s comporta una mitjana de dues hores lectives anuals.<\/p>\n\n\n\n<p>Amb aquestes bases, considerem que la inclusi\u00f3 del SV a l\u2019escola pot preparar la ciutadania per atendre l\u2019ACR a trav\u00e9s de la formaci\u00f3 sistem\u00e0tica en SV en els centres educatius pot contribuir a augmentar la superviv\u00e8ncia de les aturades card\u00edaques de la nostra comunitat.<\/p>\n\n\n\n<h3 class=\"wp-block-heading\">OBJECTIUS del programa a l&#8217;escola.<\/h3>\n\n\n\n<ul class=\"wp-block-list\">\n<li>Formar els docents en una metodologia did\u00e0ctica \u201cen espiral\u201d per formar alumnes de l\u2019\u00e0mbit escolar dels diferents cicles educatius en Suport Vital B\u00e0sic i l\u2019\u00fas del desfibril\u00b7lador.<\/li>\n\n\n\n<li>Potenciar i adquirir valors en tota la comunitat educativa (docents, alumnes i fam\u00edlia)<\/li>\n\n\n\n<li>Conscienciar i aprendre procediments b\u00e0sic davant de situacions d\u2019ACR<\/li>\n\n\n\n<li>Canviar el \u201cno fer, per por de no saber\u201d, per \u201cfer, per ajudar\u201d.<\/li>\n\n\n\n<li>Con\u00e8ixer l\u2019aplicaci\u00f3 del Pla Educatiu en SVB \/ SVB + DEA del CCR en els centres docents.<\/li>\n\n\n\n<li>Adquirir coneixements i habilitats per iniciar i implantar el programa educatiu al centre educatiu<\/li>\n\n\n\n<li>Dur a terme sessions a l\u2019aula del Programa educatiu segons cicle a trav\u00e9s de la pr\u00e0ctica i la transfer\u00e8ncia a l\u2019aula dels coneixements adquirits.<\/li>\n<\/ul>\n\n\n\n<p><a href=\"https:\/\/xtec.gencat.cat\/ca\/comunitat\/salutescola\/suport-vital-als-centres-educatius\">https:\/\/xtec.gencat.cat\/ca\/comunitat\/salutescola\/suport-vital-als-centres-educatius<\/a><\/p>\n\n\n\n<figure class=\"wp-block-image size-large\"><a href=\"https:\/\/agora.xtec.cat\/ceip-valdelors-vandellos\/wp-content\/uploads\/usu1532\/2025\/10\/image-2.png\"><img loading=\"lazy\" decoding=\"async\" width=\"724\" height=\"1024\" src=\"https:\/\/agora.xtec.cat\/ceip-valdelors-vandellos\/wp-content\/uploads\/usu1532\/2025\/10\/image-2-724x1024.png\" alt=\"\" class=\"wp-image-13561\" srcset=\"https:\/\/agora.xtec.cat\/ceip-valdelors-vandellos\/wp-content\/uploads\/usu1532\/2025\/10\/image-2-724x1024.png 724w, https:\/\/agora.xtec.cat\/ceip-valdelors-vandellos\/wp-content\/uploads\/usu1532\/2025\/10\/image-2-212x300.png 212w, https:\/\/agora.xtec.cat\/ceip-valdelors-vandellos\/wp-content\/uploads\/usu1532\/2025\/10\/image-2-768x1087.png 768w, https:\/\/agora.xtec.cat\/ceip-valdelors-vandellos\/wp-content\/uploads\/usu1532\/2025\/10\/image-2.png 901w\" sizes=\"auto, (max-width: 724px) 100vw, 724px\" \/><\/a><\/figure>\n\n\n\n<p class=\"has-medium-font-size\"><strong>Aquest any fem un pas endavant en la promoci\u00f3 de la salut formant part del projecte :<\/strong><\/p>\n\n\n\n<p class=\"has-vivid-purple-color has-text-color has-link-color has-medium-font-size wp-elements-8678bfd76965e77575c4463b0aa1734d\">El Programa SI!, dirigit pel Dr. Valent\u00ed Fuster, est\u00e0 desenvolupat per un equip multidisciplinari de professionals experts en diferents \u00e0rees (pedagogia, psicologia, medicina, epidemiologia, biologia, activitat f\u00edsica, nutrici\u00f3, estad\u00edstica, gesti\u00f3 de projectes, disseny web i comunicaci\u00f3).<\/p>\n\n\n\n<p>El disseny i desenvolupament del Programa SI!, per a cadascuna de les Etapes Educatives, es porta a terme en diverses fases: elaboraci\u00f3 de materials pedag\u00f2gics i disseny de l&#8217;estudi cient\u00edfic, pilotatge d&#8217;estrat\u00e8gies i de l&#8217;avaluaci\u00f3, estudi cient\u00edfic de l&#8217;efecte de la intervenci\u00f3 , publicaci\u00f3 de resultats i expansi\u00f3 del Programa.<\/p>\n\n\n\n<p>La implementaci\u00f3 del Programa inclou, a m\u00e9s de les estrat\u00e8gies i materials pedag\u00f2gics, una coordinaci\u00f3 i suport als centres educatius i formaci\u00f3 del professorat.<\/p>\n\n\n\n<p>A l&#8217;escola HEM DECIDIT dir S\u00ed a la SALUT, per aquest motiu els mestres d&#8217;educaci\u00f3 f\u00edsica es van formar i ara ens preparen moltes activitats per fer en comunitat educativa per millorar des de petits la nostra salut.<\/p>\n\n\n\n<figure class=\"wp-block-gallery has-nested-images columns-default is-cropped wp-block-gallery-1 is-layout-flex wp-block-gallery-is-layout-flex\">\n<figure class=\"wp-block-image size-large\"><a href=\"https:\/\/agora.xtec.cat\/ceip-valdelors-vandellos\/wp-content\/uploads\/usu1532\/2025\/10\/si_salut3.jpg\"><img loading=\"lazy\" decoding=\"async\" width=\"624\" height=\"220\" data-id=\"13520\" src=\"https:\/\/agora.xtec.cat\/ceip-valdelors-vandellos\/wp-content\/uploads\/usu1532\/2025\/10\/si_salut3.jpg\" alt=\"\" class=\"wp-image-13520\" srcset=\"https:\/\/agora.xtec.cat\/ceip-valdelors-vandellos\/wp-content\/uploads\/usu1532\/2025\/10\/si_salut3.jpg 624w, https:\/\/agora.xtec.cat\/ceip-valdelors-vandellos\/wp-content\/uploads\/usu1532\/2025\/10\/si_salut3-300x106.jpg 300w\" sizes=\"auto, (max-width: 624px) 100vw, 624px\" \/><\/a><figcaption class=\"wp-element-caption\">S\u00cd A LA SALUT<\/figcaption><\/figure>\n<\/figure>\n\n\n\n<p>El programa SI! de Salut Integral promou la salut cardiovascular amb l&#8217;objectiu d&#8217;ensenyar a mantenir h\u00e0bits de vida adequats i durant tota la vida. Confirma cient\u00edficament la import\u00e0ncia d&#8217;educar en els h\u00e0bits saludables i desenvolupa metodologies globalitzadores que integren quatre components b\u00e0sics interrelacionats: l&#8217;adquisici\u00f3 d&#8217;h\u00e0bits d&#8217;alimentaci\u00f3 saludable, el desenvolupament de l&#8217;activitat f\u00edsica, el coneixement del cos i la gesti\u00f3 emocional com a factor de protecci\u00f3 envers les addicions.<\/p>\n\n\n\n<p>Aquest curs comencem amb activitats des de la comunitat dels petits als gran. La idea es crear una cultura preventiva i h\u00e0bits saludables .<\/p>\n\n\n\n<figure class=\"wp-block-image size-large\"><a href=\"https:\/\/agora.xtec.cat\/ceip-valdelors-vandellos\/wp-content\/uploads\/usu1532\/2025\/10\/image.png\"><img loading=\"lazy\" decoding=\"async\" width=\"1024\" height=\"350\" src=\"https:\/\/agora.xtec.cat\/ceip-valdelors-vandellos\/wp-content\/uploads\/usu1532\/2025\/10\/image-1024x350.png\" alt=\"\" class=\"wp-image-13528\" srcset=\"https:\/\/agora.xtec.cat\/ceip-valdelors-vandellos\/wp-content\/uploads\/usu1532\/2025\/10\/image-1024x350.png 1024w, https:\/\/agora.xtec.cat\/ceip-valdelors-vandellos\/wp-content\/uploads\/usu1532\/2025\/10\/image-300x103.png 300w, https:\/\/agora.xtec.cat\/ceip-valdelors-vandellos\/wp-content\/uploads\/usu1532\/2025\/10\/image-768x262.png 768w, https:\/\/agora.xtec.cat\/ceip-valdelors-vandellos\/wp-content\/uploads\/usu1532\/2025\/10\/image.png 1159w\" sizes=\"auto, (max-width: 1024px) 100vw, 1024px\" \/><\/a><\/figure>\n\n\n\n<p><a href=\"https:\/\/www.programasi.org\/centros-educativos\">https:\/\/www.programasi.org\/centros-educativos<\/a><\/p>\n\n\n\n<p>M\u00c9S INFORMACI\u00d3 DEL PROGRAMA: <a href=\"https:\/\/www.programasi.org\">https:\/\/www.programasi.org<\/a><\/p>\n\n\n\n<p><\/p>\n\n\n\n<figure class=\"wp-block-embed is-type-video is-provider-youtube wp-block-embed-youtube wp-embed-aspect-16-9 wp-has-aspect-ratio\"><div class=\"wp-block-embed__wrapper\">\n<iframe loading=\"lazy\" title=\"Introducci\u00f3 Programa SI!\" width=\"500\" height=\"281\" src=\"https:\/\/www.youtube.com\/embed\/_CKALCT13Eo?feature=oembed\" frameborder=\"0\" allow=\"accelerometer; autoplay; clipboard-write; encrypted-media; gyroscope; picture-in-picture; web-share\" referrerpolicy=\"strict-origin-when-cross-origin\" allowfullscreen><\/iframe>\n<\/div><\/figure>\n","protected":false},"excerpt":{"rendered":"<p>ESCOLA QUE FORMA PART : Programa Suport Vital als Centres Educatius.<\/p>\n<p>Des del 2023, l&#8217;escola Valdelors, forma part del centre de SVB, els mestres ens hem format per fer aquest projecte des d&#8217;infantil a Prim\u00e0ria, potenciant la prevenci\u00f3 en tota la comunitat educativa. Som un centre&hellip;  <a href=\"https:\/\/agora.xtec.cat\/ceip-valdelors-vandellos\/actes-ce\/\" title=\"Read Projecte: S\u00ed a la salut.\">Llegeix m\u00e9s\u00bb<\/a><\/p>\n","protected":false},"author":6,"featured_media":0,"parent":0,"menu_order":0,"comment_status":"closed","ping_status":"close","template":"","meta":{"_bbp_topic_count":0,"_bbp_reply_count":0,"_bbp_total_topic_count":0,"_bbp_total_reply_count":0,"_bbp_voice_count":0,"_bbp_anonymous_reply_count":0,"_bbp_topic_count_hidden":0,"_bbp_reply_count_hidden":0,"_bbp_forum_subforum_count":0,"footnotes":""},"class_list":["post-5828","page","type-page","status-publish","hentry"],"post_mailing_queue_ids":[],"_links":{"self":[{"href":"https:\/\/agora.xtec.cat\/ceip-valdelors-vandellos\/wp-json\/wp\/v2\/pages\/5828","targetHints":{"allow":["GET"]}}],"collection":[{"href":"https:\/\/agora.xtec.cat\/ceip-valdelors-vandellos\/wp-json\/wp\/v2\/pages"}],"about":[{"href":"https:\/\/agora.xtec.cat\/ceip-valdelors-vandellos\/wp-json\/wp\/v2\/types\/page"}],"author":[{"embeddable":true,"href":"https:\/\/agora.xtec.cat\/ceip-valdelors-vandellos\/wp-json\/wp\/v2\/users\/6"}],"replies":[{"embeddable":true,"href":"https:\/\/agora.xtec.cat\/ceip-valdelors-vandellos\/wp-json\/wp\/v2\/comments?post=5828"}],"version-history":[{"count":3,"href":"https:\/\/agora.xtec.cat\/ceip-valdelors-vandellos\/wp-json\/wp\/v2\/pages\/5828\/revisions"}],"predecessor-version":[{"id":13562,"href":"https:\/\/agora.xtec.cat\/ceip-valdelors-vandellos\/wp-json\/wp\/v2\/pages\/5828\/revisions\/13562"}],"wp:attachment":[{"href":"https:\/\/agora.xtec.cat\/ceip-valdelors-vandellos\/wp-json\/wp\/v2\/media?parent=5828"}],"curies":[{"name":"wp","href":"https:\/\/api.w.org\/{rel}","templated":true}]}}