{"id":576,"date":"2017-03-01T16:20:38","date_gmt":"2017-03-01T15:20:38","guid":{"rendered":"http:\/\/agora.xtec.cat\/ceip-valdelors-vandellos\/?page_id=576"},"modified":"2023-10-15T12:17:30","modified_gmt":"2023-10-15T10:17:30","slug":"eapvetlladora","status":"publish","type":"page","link":"https:\/\/agora.xtec.cat\/ceip-valdelors-vandellos\/serveis\/eapvetlladora\/","title":{"rendered":"EAP"},"content":{"rendered":"<p><strong><span style=\"text-decoration: underline;\">Equip d\u2019Assessorament Psicopedag\u00f2gic (EAP)<\/span><\/strong><\/p>\n<p>Aquest servei educatiu actualment t\u00e9 una freq\u00fc\u00e8ncia d\u2019un dia al mes. Els objectius prioritaris del servei s\u00f3n:<\/p>\n<ul>\n<li>Donar suport a les iniciatives adre\u00e7ades a l\u2019assoliment de les compet\u00e8ncies relacionades amb la lectura i l\u2019expressi\u00f3 oral i escrita i assessorar els projectes de centre.<\/li>\n<li>Donar suport a les actuacions relatives a tutoria i orientaci\u00f3 i col\u00b7laborar en el trasp\u00e0s d\u2019informaci\u00f3 entre etapes, especialment amb l\u2019alumnat amb NESE.<\/li>\n<li>Col\u00b7laborar amb els mestres en la detecci\u00f3 preco\u00e7 de les dificultats d\u2019aprenentatge i fer la identificaci\u00f3 i l\u2019avaluaci\u00f3 psicopedag\u00f2gica i social de l\u2019alumnat amb NESE, aix\u00ed com el seu seguiment al llarg de tota l\u2019escolaritat.<\/li>\n<\/ul>\n","protected":false},"excerpt":{"rendered":"<p>Equip d\u2019Assessorament Psicopedag\u00f2gic (EAP)<br \/>\nAquest servei educatiu actualment t\u00e9 una freq\u00fc\u00e8ncia d\u2019un dia al mes. Els objectius prioritaris del servei s\u00f3n:<\/p>\n<ul>\n<li>Donar suport a les iniciatives adre\u00e7ades a l\u2019assoliment de les compet\u00e8ncies relacionades amb la lectura i l\u2019expressi\u00f3 oral i escrita i assessorar els projectes de centre.<\/li>\n<li>Donar&hellip;  <a href=\"https:\/\/agora.xtec.cat\/ceip-valdelors-vandellos\/serveis\/eapvetlladora\/\" title=\"Read EAP\">Llegeix m\u00e9s\u00bb<\/a><br \/>\n","protected":false},"author":1,"featured_media":0,"parent":66,"menu_order":6,"comment_status":"closed","ping_status":"closed","template":"page-templates\/side-menu.php","meta":{"_bbp_topic_count":0,"_bbp_reply_count":0,"_bbp_total_topic_count":0,"_bbp_total_reply_count":0,"_bbp_voice_count":0,"_bbp_anonymous_reply_count":0,"_bbp_topic_count_hidden":0,"_bbp_reply_count_hidden":0,"_bbp_forum_subforum_count":0,"footnotes":""},"class_list":["post-576","page","type-page","status-publish","hentry"],"post_mailing_queue_ids":[],"_links":{"self":[{"href":"https:\/\/agora.xtec.cat\/ceip-valdelors-vandellos\/wp-json\/wp\/v2\/pages\/576","targetHints":{"allow":["GET"]}}],"collection":[{"href":"https:\/\/agora.xtec.cat\/ceip-valdelors-vandellos\/wp-json\/wp\/v2\/pages"}],"about":[{"href":"https:\/\/agora.xtec.cat\/ceip-valdelors-vandellos\/wp-json\/wp\/v2\/types\/page"}],"author":[{"embeddable":true,"href":"https:\/\/agora.xtec.cat\/ceip-valdelors-vandellos\/wp-json\/wp\/v2\/users\/1"}],"replies":[{"embeddable":true,"href":"https:\/\/agora.xtec.cat\/ceip-valdelors-vandellos\/wp-json\/wp\/v2\/comments?post=576"}],"version-history":[{"count":5,"href":"https:\/\/agora.xtec.cat\/ceip-valdelors-vandellos\/wp-json\/wp\/v2\/pages\/576\/revisions"}],"predecessor-version":[{"id":8827,"href":"https:\/\/agora.xtec.cat\/ceip-valdelors-vandellos\/wp-json\/wp\/v2\/pages\/576\/revisions\/8827"}],"up":[{"embeddable":true,"href":"https:\/\/agora.xtec.cat\/ceip-valdelors-vandellos\/wp-json\/wp\/v2\/pages\/66"}],"wp:attachment":[{"href":"https:\/\/agora.xtec.cat\/ceip-valdelors-vandellos\/wp-json\/wp\/v2\/media?parent=576"}],"curies":[{"name":"wp","href":"https:\/\/api.w.org\/{rel}","templated":true}]}}