{"id":574,"date":"2017-03-01T16:20:15","date_gmt":"2017-03-01T15:20:15","guid":{"rendered":"http:\/\/agora.xtec.cat\/ceip-valdelors-vandellos\/?page_id=574"},"modified":"2025-09-09T11:34:12","modified_gmt":"2025-09-09T09:34:12","slug":"servei-de-neteja","status":"publish","type":"page","link":"https:\/\/agora.xtec.cat\/ceip-valdelors-vandellos\/serveis\/servei-de-neteja\/","title":{"rendered":"Servei de neteja"},"content":{"rendered":"<p>El servei de neteja s\u00f3n membres Personal d&#8217;Administraci\u00f3 i Serveis (PAS).<\/p>\n<p>Es tracta d&#8217;una empresa externa encarregada de la neteja de tota l&#8217;escola. Aquesta empres es MULTINAU NETEGES.<\/p>\n<p>L&#8217;escola est\u00e0 molt cuidada i neta gr\u00e0cies a la feina de la Siham i la Merc\u00e8. Que formen part de la comunitat d&#8217;aprenentatge.<\/p>\n<p><a href=\"https:\/\/agora.xtec.cat\/ceip-valdelors-vandellos\/wp-content\/uploads\/usu1532\/2025\/09\/14-scaled.jpg\"><img loading=\"lazy\" decoding=\"async\" class=\"wp-image-13437 alignright\" src=\"https:\/\/agora.xtec.cat\/ceip-valdelors-vandellos\/wp-content\/uploads\/usu1532\/2025\/09\/14-scaled.jpg\" alt=\"\" width=\"390\" height=\"312\" srcset=\"https:\/\/agora.xtec.cat\/ceip-valdelors-vandellos\/wp-content\/uploads\/usu1532\/2025\/09\/14-scaled.jpg 2560w, https:\/\/agora.xtec.cat\/ceip-valdelors-vandellos\/wp-content\/uploads\/usu1532\/2025\/09\/14-300x240.jpg 300w, https:\/\/agora.xtec.cat\/ceip-valdelors-vandellos\/wp-content\/uploads\/usu1532\/2025\/09\/14-1024x819.jpg 1024w, https:\/\/agora.xtec.cat\/ceip-valdelors-vandellos\/wp-content\/uploads\/usu1532\/2025\/09\/14-768x614.jpg 768w, https:\/\/agora.xtec.cat\/ceip-valdelors-vandellos\/wp-content\/uploads\/usu1532\/2025\/09\/14-1536x1228.jpg 1536w, https:\/\/agora.xtec.cat\/ceip-valdelors-vandellos\/wp-content\/uploads\/usu1532\/2025\/09\/14-2048x1638.jpg 2048w\" sizes=\"auto, (max-width: 390px) 100vw, 390px\" \/><\/a><\/p>\n<p><a href=\"https:\/\/agora.xtec.cat\/ceip-valdelors-vandellos\/wp-content\/uploads\/usu1532\/2025\/09\/8-scaled.jpg\"><img loading=\"lazy\" decoding=\"async\" class=\"alignnone  wp-image-13436\" src=\"https:\/\/agora.xtec.cat\/ceip-valdelors-vandellos\/wp-content\/uploads\/usu1532\/2025\/09\/8-scaled.jpg\" alt=\"\" width=\"361\" height=\"288\" srcset=\"https:\/\/agora.xtec.cat\/ceip-valdelors-vandellos\/wp-content\/uploads\/usu1532\/2025\/09\/8-scaled.jpg 2560w, https:\/\/agora.xtec.cat\/ceip-valdelors-vandellos\/wp-content\/uploads\/usu1532\/2025\/09\/8-300x240.jpg 300w, https:\/\/agora.xtec.cat\/ceip-valdelors-vandellos\/wp-content\/uploads\/usu1532\/2025\/09\/8-1024x819.jpg 1024w, https:\/\/agora.xtec.cat\/ceip-valdelors-vandellos\/wp-content\/uploads\/usu1532\/2025\/09\/8-768x614.jpg 768w, https:\/\/agora.xtec.cat\/ceip-valdelors-vandellos\/wp-content\/uploads\/usu1532\/2025\/09\/8-1536x1228.jpg 1536w, https:\/\/agora.xtec.cat\/ceip-valdelors-vandellos\/wp-content\/uploads\/usu1532\/2025\/09\/8-2048x1638.jpg 2048w\" sizes=\"auto, (max-width: 361px) 100vw, 361px\" \/><\/a><\/p>\n\n\n<p><\/p>\n","protected":false},"excerpt":{"rendered":"<p>El servei de neteja s\u00f3n membres Personal d&#8217;Administraci\u00f3 i Serveis (PAS).<br \/>\nEs tracta d&#8217;una empresa externa encarregada de la neteja de tota l&#8217;escola. Aquesta empres es MULTINAU NETEGES.<br \/>\nL&#8217;escola est\u00e0 molt cuidada i neta gr\u00e0cies a la feina de la Siham i la Merc\u00e8. Que formen part&hellip;  <a href=\"https:\/\/agora.xtec.cat\/ceip-valdelors-vandellos\/serveis\/servei-de-neteja\/\" title=\"Read Servei de neteja\">Llegeix m\u00e9s\u00bb<\/a><\/p>\n","protected":false},"author":1,"featured_media":0,"parent":66,"menu_order":4,"comment_status":"closed","ping_status":"closed","template":"page-templates\/side-menu.php","meta":{"_bbp_topic_count":0,"_bbp_reply_count":0,"_bbp_total_topic_count":0,"_bbp_total_reply_count":0,"_bbp_voice_count":0,"_bbp_anonymous_reply_count":0,"_bbp_topic_count_hidden":0,"_bbp_reply_count_hidden":0,"_bbp_forum_subforum_count":0,"footnotes":""},"class_list":["post-574","page","type-page","status-publish","hentry"],"post_mailing_queue_ids":[],"_links":{"self":[{"href":"https:\/\/agora.xtec.cat\/ceip-valdelors-vandellos\/wp-json\/wp\/v2\/pages\/574","targetHints":{"allow":["GET"]}}],"collection":[{"href":"https:\/\/agora.xtec.cat\/ceip-valdelors-vandellos\/wp-json\/wp\/v2\/pages"}],"about":[{"href":"https:\/\/agora.xtec.cat\/ceip-valdelors-vandellos\/wp-json\/wp\/v2\/types\/page"}],"author":[{"embeddable":true,"href":"https:\/\/agora.xtec.cat\/ceip-valdelors-vandellos\/wp-json\/wp\/v2\/users\/1"}],"replies":[{"embeddable":true,"href":"https:\/\/agora.xtec.cat\/ceip-valdelors-vandellos\/wp-json\/wp\/v2\/comments?post=574"}],"version-history":[{"count":3,"href":"https:\/\/agora.xtec.cat\/ceip-valdelors-vandellos\/wp-json\/wp\/v2\/pages\/574\/revisions"}],"predecessor-version":[{"id":13438,"href":"https:\/\/agora.xtec.cat\/ceip-valdelors-vandellos\/wp-json\/wp\/v2\/pages\/574\/revisions\/13438"}],"up":[{"embeddable":true,"href":"https:\/\/agora.xtec.cat\/ceip-valdelors-vandellos\/wp-json\/wp\/v2\/pages\/66"}],"wp:attachment":[{"href":"https:\/\/agora.xtec.cat\/ceip-valdelors-vandellos\/wp-json\/wp\/v2\/media?parent=574"}],"curies":[{"name":"wp","href":"https:\/\/api.w.org\/{rel}","templated":true}]}}