{"id":561,"date":"2017-03-01T16:05:17","date_gmt":"2017-03-01T15:05:17","guid":{"rendered":"http:\/\/agora.xtec.cat\/ceip-valdelors-vandellos\/?page_id=561"},"modified":"2025-10-06T11:51:55","modified_gmt":"2025-10-06T09:51:55","slug":"pla-dacollida","status":"publish","type":"page","link":"https:\/\/agora.xtec.cat\/ceip-valdelors-vandellos\/lescola\/pla-dacollida\/","title":{"rendered":"Normes de funcionament i recomanacions"},"content":{"rendered":"<h4 style=\"text-align: center;\"><b>PODEU CONSULTAT TOTA LA NORMATIVA A LA NORMATIVA . <\/b><\/h4>\n<h4 style=\"text-align: center;\"><b>Aprovat per Consell Escola octubre &#8217;22 actualitzat setembre 24<\/b><\/h4>\n<p style=\"text-align: center;\"><a href=\"https:\/\/agora.xtec.cat\/ceip-valdelors-vandellos\/wp-content\/uploads\/usu1532\/2024\/09\/NOFC-Actualitzacio-setembre-2024.pdf\">NOFC Actualitzaci\u00f3 setembre 2024<\/a><\/p>\n<p class=\"western\"><span style=\"color: #e36c0a;\"><span style=\"font-size: large;\"><b>Entrades i sortides.<\/b><\/span><\/span><\/p>\n<p class=\"western\" align=\"justify\"><span style=\"color: #444444;\"><span style=\"font-size: large;\">Les portes del centre s\u2019obriran, a les\u00a0<\/span><\/span><span style=\"color: #444444;\"><span style=\"font-size: large;\"><b>9:00 del mat\u00ed<\/b><\/span><\/span><span style=\"color: #444444;\"><span style=\"font-size: large;\">. Es realitzar\u00e0 entrades esgraonades per diversos accessos, l&#8217;entrada \u00e9s fa amb la m\u00fasica escollida amb el projecte de m\u00fasica de cada curs. Cal ser puntuals a l&#8217;entrada i sortida de l&#8217;alumnat per facilitar l&#8217;inici de la jornada docent. <\/span><\/span><\/p>\n<p class=\"western\" align=\"justify\"><span style=\"color: #444444;\"><span style=\"font-size: large;\">L&#8217;entrada relaxada d&#8217;infantil tamb\u00e9 t\u00e9 una normativa espec\u00edfica i adaptada a l&#8217;adaptaci\u00f3 de l&#8217;alumnat.<\/span><\/span><\/p>\n<p class=\"western\" align=\"justify\"><span style=\"color: #444444;\"><span style=\"font-size: large;\">Els\u00a0<\/span><\/span><span style=\"color: #444444;\"><span style=\"font-size: large;\"><b>retards i faltes d\u2019assist\u00e8ncia s\u2019han de justificar per escrit utilitzant edvoice ( amb el tutor\/a), l\u2019agenda, el email, o es poden comunicar pel Whatsapp de l\u2019escola 634.777.228<\/b><\/span><\/span><\/p>\n<p class=\"western\" align=\"justify\"><span style=\"color: #444444;\"><span style=\"font-size: large;\">Quan els infants hagi de\u00a0<\/span><\/span><span style=\"color: #444444;\"><span style=\"font-size: large;\"><b>sortir del centre per qualsevol motiu<\/b><\/span><\/span><span style=\"color: #444444;\"><span style=\"font-size: large;\">, cal que porti l\u2019autoritzaci\u00f3 signada pel pare\/mare o tutor, teniu el model a les autoritzacions de centre <strong><a href=\"https:\/\/agora.xtec.cat\/ceip-valdelors-vandellos\/wp-content\/uploads\/usu1532\/2023\/03\/AUTORITZACIO-SORTIDES-ALUMNES-EN-HORARI-ESCOLAR-1.pdf\">AUTORITZACI\u00d3 SORTIDES ALUMNES EN HORARI ESCOLAR<\/a>. <\/strong><\/span><\/span><span style=\"color: #444444;\"><span style=\"font-size: large;\">En cas que no ho faci, per motius de seguretat, no sortir\u00e0 del centre.<\/span><\/span><\/p>\n<p class=\"western\" align=\"justify\"><span style=\"color: #444444;\"><span style=\"font-size: large;\">Per motius de seguretat, en cas que hagi de venir alguna persona diferent a les autoritzades, a recollir el seu fill\/a, caldr\u00e0 avisar al tutor\/a\u00a0<\/span><\/span><span style=\"color: #444444;\"><span style=\"font-size: large;\"><b>signant l\u2019autoritzaci\u00f3 espec\u00edfica <a href=\"https:\/\/agora.xtec.cat\/ceip-valdelors-vandellos\/wp-content\/uploads\/usu1532\/2023\/03\/AUTORITZACIO-sortida-de-lescola-NOFC.docx-1.pdf\">AUTORITZACI\u00d3 sortida de l&#8217;escola NOFC.doc<\/a><\/b><\/span><\/span><\/p>\n<p class=\"western\" align=\"justify\"><span style=\"color: #444444;\"><span style=\"font-size: large;\"><b>L\u2019entrada i la sortida de l\u2019escola dels alumnes d\u2019educaci\u00f3 infantil es far\u00e0 amb l\u2019acompanyament de les fam\u00edlies. <\/b><\/span><\/span><span style=\"color: #444444;\"><span style=\"font-size: large;\">Ajudant a l\u2019adaptaci\u00f3 de l\u2019infant a l\u2019escola.<\/span><\/span><\/p>\n<p class=\"western\" align=\"justify\"><span style=\"color: #444444;\"><span style=\"font-size: large;\"><b>Els alumnes de Prim\u00e0ria els alumnes podran sortir sols\/es, <\/b><\/span><\/span><span style=\"color: #444444;\"><span style=\"font-size: large;\">pr\u00e8via autoritzaci\u00f3 de les fam\u00edlies. <a href=\"https:\/\/agora.xtec.cat\/ceip-valdelors-vandellos\/wp-content\/uploads\/usu1532\/2023\/03\/AUTORITZACIO-sortida-de-lescola-NOFC.docx-1.pdf\"><strong>AUTORITZACI\u00d3<\/strong> <strong>sortida de l&#8217;escola NOFC<\/strong><\/a><\/span><\/span><\/p>\n<p class=\"western\" align=\"justify\"><span style=\"color: #444444;\"><span style=\"font-size: large;\"><b>Fora de les hores de classe, nom\u00e9s s\u2019autoritza la perman\u00e8ncia dins del recinte escolar als alumnes que es queden al menjador o a activitats extraescolars.\u00a0<\/b><\/span><\/span><span style=\"color: #444444;\"><span style=\"font-size: large;\">En aquest cas, el seu responsable ser\u00e0 el\/la monitor\/a de l\u2019activitat.<\/span><\/span><\/p>\n<p class=\"western\"><span style=\"color: #e36c0a;\"><span style=\"font-size: large;\"><b>Salut:<\/b><\/span><\/span><\/p>\n<p class=\"western\" align=\"justify\"><span style=\"color: #444444;\"><span style=\"font-size: large;\"><b>Per\u00a0 administrar medicaments \u00a0als \u00a0alumnes,\u00a0 sempre\u00a0 que\u00a0 sigui imprescindible la seva administraci\u00f3 en horari lectiu,\u00a0<\/b><\/span><\/span><span style=\"color: #444444;\"><span style=\"font-size: large;\">cal que el pare\/mare o tutor legal aporti una recepta o informe m\u00e8dic on consti el nom de l\u2019alumne\/a, la pauta i el nom del medicament que ha de prendre. Aix\u00ed mateix, tamb\u00e9 haur\u00e0 de portar un escrit on es demani i autoritzi al personal del centre educatiu que la administri al fill\/a.<\/span><\/span><\/p>\n<p class=\"western\"><span style=\"color: #444444;\"><span style=\"font-size: large;\">Si \u00a0un\u00a0 nen\/a\u00a0 t\u00e9 \u00a0<\/span><\/span><span style=\"color: #444444;\"><span style=\"font-size: large;\"><b>al\u00b7l\u00e8rgia o algun problema de salut\u00a0<\/b><\/span><\/span><span style=\"color: #444444;\"><span style=\"font-size: large;\">ho \u00a0ha \u00a0de comunicar al tutor\/a i a la secret\u00e0ria del centre, per tal d\u2019incloure- ho a la seva fitxa personal. Tamb\u00e9 s\u2019haur\u00e0 de portar per escrit la pauta d\u2019administraci\u00f3 del medicament i el protocol a seguir en cas de que fora necessari.<\/span><\/span><\/p>\n<p class=\"western\"><span style=\"color: #444444;\"><span style=\"font-size: large;\">Quan un alumne\u00a0<\/span><\/span><span style=\"color: #444444;\"><span style=\"font-size: large;\"><b>es trobi malament s\u2019avisar\u00e0 a la fam\u00edlia.<\/b><\/span><\/span><\/p>\n<p class=\"western\" align=\"justify\"><span style=\"color: #444444;\"><span style=\"font-size: large;\">En cas de\u00a0<\/span><\/span><span style=\"color: #444444;\"><span style=\"font-size: large;\"><b>malaltia infecciosa<\/b><\/span><\/span><span style=\"color: #444444;\"><span style=\"font-size: large;\">, l\u2019alumne\/a no podr\u00e0 assistir al centre fins que es recuperi.<\/span><\/span><\/p>\n<p class=\"western\" align=\"justify\"><span style=\"color: #444444;\"><span style=\"font-size: large;\">Us\u00a0 recomanem\u00a0 que\u00a0 no\u00a0 porteu\u00a0 els\u00a0 alumnes\u00a0 en\u00a0 cas\u00a0 de\u00a0 malaltia:\u00a0 febre,\u00a0 v\u00f2mits,\u00a0<\/span><\/span><span style=\"color: #444444;\"><span style=\"font-size: large;\">descomposici\u00f3, varicel\u00b7la, gastroenteritis, <\/span><\/span><span style=\"color: #444444;\"><span style=\"font-size: large;\"><b>covid-19<\/b><\/span><\/span><span style=\"color: #444444;\"><span style=\"font-size: large;\">, malalties v\u00edriques, polls\u2026 <\/span><\/span><\/p>\n<p class=\"western\" align=\"justify\"><span style=\"color: #444444;\"><span style=\"font-size: large;\">\u00c9s important <strong>que aviseu a l\u2019escola<\/strong> pels canals de comunicaci\u00f3 (PLA DE COMUNICACI\u00d3). Els pares i mares sou responsables de l\u2019estat de salut dels vostres infants.<\/span><\/span><\/p>\n<p class=\"western\" align=\"justify\"><span style=\"color: #444444;\"><span style=\"font-size: large;\">En cas\u00a0<\/span><\/span><span style=\"color: #444444;\"><span style=\"font-size: large;\"><b>d\u2019exist\u00e8ncia de par\u00e0sits\u00a0<\/b><\/span><\/span><span style=\"color: #444444;\"><span style=\"font-size: large;\">(polls) l\u2019alumne no podr\u00e0 assistir a l\u2019escola per evitar el contagi i caldr\u00e0 que se li faci el tractament corresponent. Si a algun alumne\/a se li detecta algun par\u00e0sit,\u00a0<\/span><\/span><span style=\"color: #444444;\"><span style=\"font-size: large;\"><b>s\u2019avisar\u00e0 a la fam\u00edlia per a que el vinguin a buscar.<\/b><\/span><\/span><\/p>\n<p class=\"western\" align=\"justify\"><span style=\"color: #444444;\"><span style=\"font-size: large;\">Quan la <\/span><\/span><span style=\"color: #444444;\"><span style=\"font-size: large;\"><b>no realitzaci\u00f3 de les classes d\u2019educaci\u00f3 f\u00edsica, o de les activitats de la Piscina\u00a0<\/b><\/span><\/span><span style=\"color: #444444;\"><span style=\"font-size: large;\">per part d\u2019un alumne, vinguin motivades per malalties, caldr\u00e0 una justificaci\u00f3 documental per part del metge corresponent.<\/span><\/span><\/p>\n<p class=\"western\" align=\"justify\"><span style=\"color: #444444;\"><span style=\"font-size: large;\">Cal que alumnat vingui <\/span><\/span><span style=\"color: #444444;\"><span style=\"font-size: large;\"><b> esmorzat abans d\u2019anar a l\u2019escola.\u00a0<\/b><\/span><\/span><span style=\"color: #444444;\"><span style=\"font-size: large;\">Una bona alimentaci\u00f3 abans de posar-se a treballar afavoreix m\u00e9s el rendiment en les activitats que es duen a terme.<\/span><\/span><\/p>\n<p class=\"western\" align=\"justify\"><span style=\"color: #444444;\"><span style=\"font-size: large;\">Per\u00a0<\/span><\/span><span style=\"color: #444444;\"><span style=\"font-size: large;\"><b>esmorzar a l\u2019escola,\u00a0<\/b><\/span><\/span><span style=\"color: #444444;\"><span style=\"font-size: large;\">recomanem portar entrep\u00e0, fruita (pels m\u00e9s petits pelada i trossejada) o iogurts. Cal evitar portar dol\u00e7os industrials i llaminadures, i sucs envasats.<\/span><\/span><\/p>\n<p class=\"western\" align=\"justify\"><span style=\"color: #444444;\"><span style=\"font-size: large;\"><b>Per evitar la utilitzaci\u00f3 de paper d\u2019alumini, \u00e9s convenient portar l\u2019esmorzar dins d\u2019una carmanyola o embolcall reutilitzable.<\/b><\/span><\/span><\/p>\n<p class=\"western\" align=\"justify\"><span style=\"color: #444444;\"><span style=\"font-size: large;\">Dins del<\/span><\/span><span style=\"color: #444444;\"><span style=\"font-size: large;\"><b>\u00a0\u201cpla de consum de fruita\u201d,\u00a0<\/b><\/span><\/span><span style=\"color: #444444;\"><span style=\"font-size: large;\">els alumnes participaran un curs m\u00e9s dins d\u2019aquest pla,\u00a0<\/span><\/span><span style=\"color: #444444;\"><span style=\"font-size: large;\"><b>i els dimecres<\/b><\/span><\/span><span style=\"color: #444444;\"><span style=\"font-size: large;\">, es recomana esmorzar\u00a0<\/span><\/span><span style=\"color: #444444;\"><span style=\"font-size: large;\"><b>fruita a l\u2019escola<\/b><\/span><\/span><span style=\"color: #444444;\"><span style=\"font-size: large;\">, per tal d\u2019incentivar el consum de fruites i verdures a casa i a l\u2019escola.<\/span><\/span><\/p>\n<p class=\"western\"><span style=\"color: #e36c0a;\"><span style=\"font-size: large;\"><b>Sortides educatives.<\/b><\/span><\/span><\/p>\n<p class=\"western\"><span style=\"color: #444444;\"><span style=\"font-size: large;\">Us recordem, que durant les sortides, es recomana als nostres alumnes portin roba c\u00f2mode , no dur motxilles amb rodetes i evitar portar carmanyoles, ja que ocupen molt d\u2019espai. Pels m\u00e9s petits s&#8217;aconsella roba de recanvi.<\/span><\/span><\/p>\n<p class=\"western\"><span style=\"color: #e36c0a;\"><span style=\"font-size: large;\"><b>Consell per a les fam\u00edlies.<\/b><\/span><\/span><\/p>\n<p class=\"western\"><span style=\"color: #002060;\"><span style=\"font-size: large;\"><b>Educaci\u00f3 PRIM\u00c0RIA<\/b><\/span><\/span><\/p>\n<p class=\"western\"><span style=\"color: #444444;\"><span style=\"font-size: large;\">Cal venir a l\u2019escola amb roba c\u00f2moda i pr\u00e0ctica.<\/span><\/span><\/p>\n<p>Portarem un cal\u00e7at c\u00f2mode per canviar-nos ( normativa sortida de la comissi\u00f3 dels infants 2024_25).<\/p>\n<p class=\"western\" align=\"justify\"><span style=\"color: #444444;\"><span style=\"font-size: large;\">La\u00a0<\/span><\/span><span style=\"color: #444444;\"><span style=\"font-size: large;\"><b>roba ha d\u2019estar marcada amb el nom i cognom<\/b><\/span><\/span><span style=\"color: #444444;\"><span style=\"font-size: large;\">, i amb veta o cinta per penjar-la a fi efecte de no perdre\u2019s.<\/span><\/span><\/p>\n<p class=\"western\" align=\"justify\"><span style=\"color: #444444;\"><span style=\"font-size: large;\">L\u2019alumnat de prim\u00e0ria haur\u00e0 de portar una\u00a0<\/span><\/span><span style=\"color: #444444;\"><span style=\"font-size: large;\"><b>bata o samarreta vella\u00a0<\/b><\/span><\/span><span style=\"color: #444444;\"><span style=\"font-size: large;\">per realitzar les\u00a0<\/span><\/span><span style=\"color: #444444;\"><span style=\"font-size: large;\"><b>activitats pl\u00e0stiques.<\/b><\/span><\/span><\/p>\n<p class=\"western\" align=\"justify\"><span style=\"color: #444444;\"><span style=\"font-size: large;\"><b>Educaci\u00f3 f\u00edsica:\u00a0<\/b><\/span><\/span><span style=\"color: #444444;\"><span style=\"font-size: large;\">Els alumnes d\u2019Educaci\u00f3 Prim\u00e0ria hauran de portar roba i cal\u00e7at esportiu per poder realitzar les classes. Tamb\u00e9 hauran de portar un necesser amb els estris de neteja personal, tovallola i una samarreta de recanvi, per tal de fomentar h\u00e0bits d\u2019higiene. Els alumnes de cicle superior han de portar estris per la dutxa i recanvi de roba per despr\u00e9s de la dutxa.<\/span><\/span><\/p>\n<p class=\"western\" align=\"justify\"><span style=\"color: #444444;\">\u201c<span style=\"font-size: large;\"><b>Projecte Piscina&#8221;<\/b><\/span><\/span><span style=\"color: #444444;\"><span style=\"font-size: large;\"> Els alumnes han de dur casquet de bany (preferentment de silicona) per la piscina , banyador, xancletes, ulleres i tovallola. Camiseta escola AfA<\/span><\/span><\/p>\n<p class=\"western\" align=\"justify\"><span style=\"color: #444444;\"><span style=\"font-size: large;\"> <strong>&#8220;El Projecte Esport Blau&#8221;<\/strong>, que es realitza a cicle superior cada dos anys, dins el programa del PCEE, portaran escarpins, tovallola, banyador, crema solar i gorra. Camiseta AfA escola<\/span><\/span><\/p>\n<p class=\"western\"><span style=\"color: #7030a0;\"><span style=\"font-size: large;\"><b>Educaci\u00f3 INFANTIL<\/b><\/span><\/span><\/p>\n<p class=\"western\"><span style=\"color: #444444;\"><span style=\"font-size: large;\">Roba di\u00e0ria: c\u00f2moda,\u00a0 f\u00e0cil\u00a0 de\u00a0 posar\u00a0 i\u00a0 treure\u00a0 (evitar\u00a0 cremalleres,\u00a0 botons,\u00a0 cordons,\u00a0 cinturons, tirants,\u2026 per tal de facilitar la seva autonomia).<\/span><\/span><\/p>\n<p class=\"western\"><span style=\"color: #444444;\"><span style=\"font-size: large;\">La\u00a0<\/span><\/span><span style=\"color: #444444;\"><span style=\"font-size: large;\"><b>roba ha d\u2019estar marcada amb el nom i cognom<\/b><\/span><\/span><span style=\"color: #444444;\"><span style=\"font-size: large;\">, i amb veta o cinta per penjar-la a fi efecte de no perdre\u2019s.<\/span><\/span><\/p>\n<p class=\"western\"><span style=\"color: #444444;\"><span style=\"font-size: large;\">L\u2019alumnat d\u2019infantil, haur\u00e0 de portar una\u00a0<\/span><\/span><span style=\"color: #444444;\"><span style=\"font-size: large;\"><b>bata<\/b><\/span><\/span><span style=\"color: #444444;\"><span style=\"font-size: large;\">\u00a0per realitzar les\u00a0<\/span><\/span><span style=\"color: #444444;\"><span style=\"font-size: large;\"><b>activitats pl\u00e0stiques. Un cal\u00e7at c\u00f2mode tipus crocs o sabatilles.<\/b><\/span><\/span><\/p>\n<p class=\"western\"><span style=\"color: #444444;\"><span style=\"font-size: large;\"><b>Psicomotricitat:\u00a0<\/b><\/span><\/span><span style=\"color: #444444;\"><span style=\"font-size: large;\"> els\/les alumnes hauran d\u2019anar amb roba esportiva, mitjons i sabates esportives amb velcro. Recordeu, que per la realitzaci\u00f3 d\u2019aquesta activitat, els alumnes portaran a l\u2019escola uns mitjons ( es recomana, que siguin antilliscants). Tamb\u00e9 es recomana portar la camiseta de l&#8217;AFA de l&#8217;Escola.<\/span><\/span><\/p>\n<p class=\"western\"><span style=\"color: #e36c0a;\"><span style=\"font-size: large;\"><b>Activitats educatives complement\u00e0ries.<\/b><\/span><\/span><\/p>\n<p class=\"western\"><span style=\"color: #444444;\"><span style=\"font-size: large;\">Al llarg del curs i tenint com a objectiu complementar i ampliar els \u00e0mbits educatius i de conviv\u00e8ncia dels\/les alumnes, l\u2019Escola programa una s\u00e8rie d\u2019activitats fora del recinte escolar.<\/span><\/span><\/p>\n<p class=\"western\"><span style=\"color: #444444;\"><span style=\"font-size: large;\">Mitjan\u00e7ant aquestes activitats es pret\u00e9n que els infants convisquin i aprenguin h\u00e0bits de conviv\u00e8ncia i treball i coneguin altres indrets i realitats del nostre entorn natural, cultural i hist\u00f2ric<\/span><\/span><\/p>\n<p class=\"western\"><span style=\"color: #444444;\"><span style=\"font-size: large;\">Totes aquestes sortides tenen uns objectius i es programen a comen\u00e7aments de curs, essent aprovades pel Consell Escolar dins la Programaci\u00f3 Anual del Centre.<\/span><\/span><\/p>\n<p class=\"western\"><span style=\"color: #444444;\"><span style=\"font-size: large;\">Per tot aix\u00f2 es demana que les fam\u00edlies facilitin la participaci\u00f3 dels seus fills i filles en aquestes activitats: visites al museu, obres de teatre, visites culturals i de l\u2019entorn, col\u00f2nies (a Prim\u00e0ria). <\/span><\/span><\/p>\n<p class=\"western\"><span style=\"color: #444444;\"><span style=\"font-size: large;\">Com acord del Consell Escolar a les sortides i a EF els alumnes portaran la camiseta de l&#8217;AFA de l&#8217;Escola.<\/span><\/span><\/p>\n<p><a href=\"https:\/\/agora.xtec.cat\/ceip-valdelors-vandellos\/wp-content\/uploads\/usu1532\/2024\/09\/IMG_20231218_121031-scaled-e1727083323392.jpg\"><img loading=\"lazy\" decoding=\"async\" class=\"wp-image-11690 aligncenter\" src=\"https:\/\/agora.xtec.cat\/ceip-valdelors-vandellos\/wp-content\/uploads\/usu1532\/2024\/09\/IMG_20231218_121031-scaled-e1727083323392-1024x618.jpg\" alt=\"\" width=\"292\" height=\"176\" srcset=\"https:\/\/agora.xtec.cat\/ceip-valdelors-vandellos\/wp-content\/uploads\/usu1532\/2024\/09\/IMG_20231218_121031-scaled-e1727083323392-1024x618.jpg 1024w, https:\/\/agora.xtec.cat\/ceip-valdelors-vandellos\/wp-content\/uploads\/usu1532\/2024\/09\/IMG_20231218_121031-scaled-e1727083323392-300x181.jpg 300w, https:\/\/agora.xtec.cat\/ceip-valdelors-vandellos\/wp-content\/uploads\/usu1532\/2024\/09\/IMG_20231218_121031-scaled-e1727083323392-768x463.jpg 768w, https:\/\/agora.xtec.cat\/ceip-valdelors-vandellos\/wp-content\/uploads\/usu1532\/2024\/09\/IMG_20231218_121031-scaled-e1727083323392-1536x926.jpg 1536w, https:\/\/agora.xtec.cat\/ceip-valdelors-vandellos\/wp-content\/uploads\/usu1532\/2024\/09\/IMG_20231218_121031-scaled-e1727083323392-2048x1235.jpg 2048w\" sizes=\"auto, (max-width: 292px) 100vw, 292px\" \/><\/a><\/p>\n<p><span style=\"color: #444444;\"><span style=\"font-size: large;\"><b>SEP. Suport educatiu al centre.<\/b><\/span><\/span><\/p>\n<p class=\"western\" align=\"justify\"><span style=\"color: #444444;\"><span style=\"font-size: large;\">SEP es planteja com un recurs per millorar la resposta a les necessitats individuals d\u2019aprenentatge dels alumnes i reduir a la meitat el frac\u00e0s escolar per aconseguir que cap nen o nena es quedi enrere, i per augmentar l\u2019\u00e8xit educatiu de tots.<\/span><\/span><\/p>\n<p class=\"western\"><span style=\"color: #444444;\"><span style=\"font-size: large;\">L\u2019horari ser\u00e0\u00a0 dins l&#8217;horari lectiu la comunitat dels mitjans i\u00a0 grans.<\/span><\/span><\/p>\n<ul>\n<li>\n<p class=\"western\" align=\"justify\"><span style=\"color: #444444;\"><span style=\"font-size: large;\"><b style=\"color: #444444; font-size: large;\">SUPORT \u00c0MBITS APRENENTATGE: <\/b>Millora del <span style=\"color: #444444; font-size: large;\"><b>proc\u00e9s<\/b><\/span><b style=\"color: #444444; font-size: large;\"> de <\/b><span style=\"color: #444444; font-size: large;\"><b>lectoescriptura<\/b><\/span><b style=\"color: #444444; font-size: large;\"> a la comunitat del mitjans.<\/b><\/span><\/span><span style=\"color: #444444;\"><span style=\"font-size: large;\"> Millora eines i estrat\u00e8gies de treball en equip, recerca informaci\u00f3, treball en entorns virtuals d\u2019aprenentatge.<\/span><\/span><\/p>\n<\/li>\n<li><strong>SUPORT EDUCATIU<\/strong> : <strong>Treballar t\u00e8cniques\u00a0 i eines d&#8217;estudi<\/strong> per millorar la seva autonomia davant l&#8217;aprenentatge.<\/li>\n<\/ul>\n<p class=\"western\"><span style=\"color: #444444;\"><span style=\"font-size: large;\"><b>AFA &#8221; Vall de Llorers&#8221; (Associaci\u00f3 de Mares i Pares)<\/b><\/span><\/span><\/p>\n<p class=\"western\" align=\"justify\"><span style=\"color: #444444;\"><span style=\"font-size: large;\">L\u2019AFA \u00e9s\u00a0 l\u2019associaci\u00f3\u00a0 sense\u00a0 afany\u00a0 de\u00a0 lucre\u00a0 que\u00a0 agrupa\u00a0 mares\u00a0 i\u00a0 pares\u00a0 d\u2019alumnes\u00a0 de\u00a0 l\u2019escola.\u00a0 En col\u00b7laboraci\u00f3 amb els diversos sectors de la comunitat educativa, el seu objectiu principal \u00e9s treballar per a la millora del centre i de l\u2019educaci\u00f3. El treball amb les fam\u00edlies i tota la comunitat educativa \u00e9s imprescindible per poder desenvolupar el nostre model de centre. \u00c9s molt important formar part de l\u2019AFA per poder:<\/span><\/span><\/p>\n<ul>\n<li>\n<p class=\"western\"><span style=\"color: #444444;\"><span style=\"font-size: large;\">Participa de forma oberta i activa en la vida del centre.<\/span><\/span><\/p>\n<\/li>\n<li>\n<p class=\"western\"><span style=\"color: #444444;\"><span style=\"font-size: large;\">Aportar i de col\u00b7laborar amb l\u2019equip directiu i l\u2019equip docent.<\/span><\/span><\/p>\n<\/li>\n<li>\n<p class=\"western\"><span style=\"color: #444444;\"><span style=\"font-size: large;\">Fomentar el treball en xarxa amb altres agents educatius.<\/span><\/span><\/p>\n<\/li>\n<li>\n<p class=\"western\"><span style=\"color: #444444;\"><span style=\"font-size: large;\">Ajudar a aconseguir recursos i eines que ajudin a la millora.<\/span><\/span><\/p>\n<\/li>\n<li>\n<p class=\"western\"><span style=\"color: #444444;\"><span style=\"font-size: large;\">Promociona i organitza activitats extraescolar, dona suport al PCEE, en la secci\u00f3 esportiva escolar.<\/span><\/span><\/p>\n<\/li>\n<\/ul>\n<p class=\"western\" align=\"center\"><span style=\"color: #444444;\"><span style=\"font-size: large;\"><i>Si voleu posar-vos en contacte amb ells\/elles podeu trobar-los al correu\u00a0<\/i><\/span><\/span><a href=\"mailto:ampavalldellorers@gmail.com\"><span style=\"color: #2795b6;\"><span style=\"font-size: large;\"><i><u>afavalldellorers@gmail.com<\/u><\/i><\/span><\/span><\/a><\/p>\n<p align=\"center\">\n","protected":false},"excerpt":{"rendered":"<p>PODEU CONSULTAT TOTA LA NORMATIVA A LA NORMATIVA .<br \/>\nAprovat per Consell Escola octubre &#8217;22 actualitzat setembre 24<br \/>\n<a href=\"https:\/\/agora.xtec.cat\/ceip-valdelors-vandellos\/wp-content\/uploads\/usu1532\/2024\/09\/NOFC-Actualitzacio-setembre-2024.pdf\">NOFC Actualitzaci\u00f3 setembre 2024<\/a><br \/>\nEntrades i sortides.<br \/>\nLes portes del centre s\u2019obriran, a les\u00a09:00 del mat\u00ed. Es realitzar\u00e0 entrades esgraonades per diversos accessos, l&#8217;entrada \u00e9s fa amb la m\u00fasica&hellip;  <a href=\"https:\/\/agora.xtec.cat\/ceip-valdelors-vandellos\/lescola\/pla-dacollida\/\" title=\"Read Normes de funcionament i recomanacions\">Llegeix m\u00e9s\u00bb<\/a><\/p>\n","protected":false},"author":1,"featured_media":0,"parent":22,"menu_order":6,"comment_status":"closed","ping_status":"closed","template":"page-templates\/side-menu.php","meta":{"_bbp_topic_count":0,"_bbp_reply_count":0,"_bbp_total_topic_count":0,"_bbp_total_reply_count":0,"_bbp_voice_count":0,"_bbp_anonymous_reply_count":0,"_bbp_topic_count_hidden":0,"_bbp_reply_count_hidden":0,"_bbp_forum_subforum_count":0,"footnotes":""},"class_list":["post-561","page","type-page","status-publish","hentry"],"post_mailing_queue_ids":[],"_links":{"self":[{"href":"https:\/\/agora.xtec.cat\/ceip-valdelors-vandellos\/wp-json\/wp\/v2\/pages\/561","targetHints":{"allow":["GET"]}}],"collection":[{"href":"https:\/\/agora.xtec.cat\/ceip-valdelors-vandellos\/wp-json\/wp\/v2\/pages"}],"about":[{"href":"https:\/\/agora.xtec.cat\/ceip-valdelors-vandellos\/wp-json\/wp\/v2\/types\/page"}],"author":[{"embeddable":true,"href":"https:\/\/agora.xtec.cat\/ceip-valdelors-vandellos\/wp-json\/wp\/v2\/users\/1"}],"replies":[{"embeddable":true,"href":"https:\/\/agora.xtec.cat\/ceip-valdelors-vandellos\/wp-json\/wp\/v2\/comments?post=561"}],"version-history":[{"count":6,"href":"https:\/\/agora.xtec.cat\/ceip-valdelors-vandellos\/wp-json\/wp\/v2\/pages\/561\/revisions"}],"predecessor-version":[{"id":13499,"href":"https:\/\/agora.xtec.cat\/ceip-valdelors-vandellos\/wp-json\/wp\/v2\/pages\/561\/revisions\/13499"}],"up":[{"embeddable":true,"href":"https:\/\/agora.xtec.cat\/ceip-valdelors-vandellos\/wp-json\/wp\/v2\/pages\/22"}],"wp:attachment":[{"href":"https:\/\/agora.xtec.cat\/ceip-valdelors-vandellos\/wp-json\/wp\/v2\/media?parent=561"}],"curies":[{"name":"wp","href":"https:\/\/api.w.org\/{rel}","templated":true}]}}