{"id":5234,"date":"2022-01-09T16:56:12","date_gmt":"2022-01-09T15:56:12","guid":{"rendered":"https:\/\/agora.xtec.cat\/ceip-valdelors-vandellos\/?page_id=5234"},"modified":"2025-09-09T11:23:19","modified_gmt":"2025-09-09T09:23:19","slug":"composicio","status":"publish","type":"page","link":"https:\/\/agora.xtec.cat\/ceip-valdelors-vandellos\/consell-escolar\/composicio\/","title":{"rendered":"Composici\u00f3 del Consell Escolar"},"content":{"rendered":"<p><span style=\"font-weight: 400;\">El passat 29 de novembre de 2023, es va constituir el nou consell escolar de l\u2019Escola Valdelors, actualitzat a partir del proc\u00e9s electoral ( segons la normativa del departament)<\/span><\/p>\n<p><strong>Queda constitu\u00eft pels seg\u00fcents representants:\u00a0<\/strong><\/p>\n<p><span style=\"font-weight: 400;\"><span style=\"color: #003366;\"><strong>Directora:<\/strong>\u00a0<\/span> <\/span><span style=\"font-weight: 400;\">Imma Torres Torres<\/span><\/p>\n<p><span style=\"color: #003366;\"><strong>Cap d\u2019estudis\/secret\u00e0ria:<\/strong><\/span> <span style=\"font-weight: 400;\">\u00a0<\/span><span style=\"font-weight: 400;\">Alba Arroyo Cura<\/span><\/p>\n<p><span style=\"font-weight: 400;\"><span style=\"color: #003366;\"><strong>Representant de l\u2019Ajuntament:<\/strong><\/span>\u00a0 Yolanda Marqu\u00e8s Callis (representada per Alexis Castillo).<\/span><\/p>\n<p><strong><span style=\"color: #003366;\">Representant de l\u2019AFA:<\/span><\/strong>\u00a0 Alba Garcia Saladi\u00e9<\/p>\n<p><span style=\"font-weight: 400;\"><span style=\"color: #003366;\"><strong>Representant de pares i mares:\u00a0<\/strong><\/span> Anna Castellv\u00ed Vidal<\/span><\/p>\n<p><span style=\"font-weight: 400;\"><span style=\"color: #003366;\"><strong>Representant de pares i mares:\u00a0<\/strong><\/span> Jaume Reche\u00a0 Barcel\u00f3\u00a0<\/span><\/p>\n<p><span style=\"font-weight: 400;\"><span style=\"color: #003366;\"><strong>Representant de pares i mares:<\/strong><\/span>\u00a0 Susana Climent Escriv\u00e0<\/span><\/p>\n<p><span style=\"color: #003366;\"><strong>Representant del professorat: \u00a0<\/strong><\/span><span style=\"font-weight: 400;\">Estela Castell\u00f3 Fuliola<\/span><\/p>\n<p><span style=\"font-weight: 400;\"><span style=\"color: #003366;\"><strong>Representant del professorat:<\/strong><\/span>\u00a0 pendent d&#8217;assignaci\u00f3 ( proc\u00e9s d&#8217;elecci\u00f3 )<\/span><\/p>\n<p><span style=\"font-weight: 400;\"><span style=\"color: #003366;\"><strong>Representant del professorat:<\/strong><\/span>\u00a0 Laia Espallargas Buqueras<\/span><\/p>\n<p><span style=\"color: #003366;\"><strong>Representant del professorat:<\/strong><\/span> \u00a0<span style=\"font-weight: 400;\">Josep M. Pla Gil<\/span><\/p>\n","protected":false},"excerpt":{"rendered":"<p>El passat 29 de novembre de 2023, es va constituir el nou consell escolar de l\u2019Escola Valdelors, actualitzat a partir del proc\u00e9s electoral ( segons la normativa del departament)<br \/>\nQueda constitu\u00eft pels seg\u00fcents representants:\u00a0<br \/>\nDirectora:\u00a0 Imma Torres Torres<br \/>\nCap d\u2019estudis\/secret\u00e0ria: \u00a0Alba Arroyo Cura<br \/>\nRepresentant de l\u2019Ajuntament:\u00a0 Yolanda Marqu\u00e8s Callis&hellip;  <a href=\"https:\/\/agora.xtec.cat\/ceip-valdelors-vandellos\/consell-escolar\/composicio\/\" title=\"Read Composici\u00f3 del Consell Escolar\">Llegeix m\u00e9s\u00bb<\/a><\/p>\n","protected":false},"author":6,"featured_media":0,"parent":4608,"menu_order":0,"comment_status":"closed","ping_status":"closed","template":"page-templates\/side-menu.php","meta":{"_bbp_topic_count":0,"_bbp_reply_count":0,"_bbp_total_topic_count":0,"_bbp_total_reply_count":0,"_bbp_voice_count":0,"_bbp_anonymous_reply_count":0,"_bbp_topic_count_hidden":0,"_bbp_reply_count_hidden":0,"_bbp_forum_subforum_count":0,"footnotes":""},"class_list":["post-5234","page","type-page","status-publish","hentry"],"post_mailing_queue_ids":[],"_links":{"self":[{"href":"https:\/\/agora.xtec.cat\/ceip-valdelors-vandellos\/wp-json\/wp\/v2\/pages\/5234","targetHints":{"allow":["GET"]}}],"collection":[{"href":"https:\/\/agora.xtec.cat\/ceip-valdelors-vandellos\/wp-json\/wp\/v2\/pages"}],"about":[{"href":"https:\/\/agora.xtec.cat\/ceip-valdelors-vandellos\/wp-json\/wp\/v2\/types\/page"}],"author":[{"embeddable":true,"href":"https:\/\/agora.xtec.cat\/ceip-valdelors-vandellos\/wp-json\/wp\/v2\/users\/6"}],"replies":[{"embeddable":true,"href":"https:\/\/agora.xtec.cat\/ceip-valdelors-vandellos\/wp-json\/wp\/v2\/comments?post=5234"}],"version-history":[{"count":6,"href":"https:\/\/agora.xtec.cat\/ceip-valdelors-vandellos\/wp-json\/wp\/v2\/pages\/5234\/revisions"}],"predecessor-version":[{"id":13432,"href":"https:\/\/agora.xtec.cat\/ceip-valdelors-vandellos\/wp-json\/wp\/v2\/pages\/5234\/revisions\/13432"}],"up":[{"embeddable":true,"href":"https:\/\/agora.xtec.cat\/ceip-valdelors-vandellos\/wp-json\/wp\/v2\/pages\/4608"}],"wp:attachment":[{"href":"https:\/\/agora.xtec.cat\/ceip-valdelors-vandellos\/wp-json\/wp\/v2\/media?parent=5234"}],"curies":[{"name":"wp","href":"https:\/\/api.w.org\/{rel}","templated":true}]}}