{"id":26,"date":"2014-09-18T12:24:32","date_gmt":"2014-09-18T11:24:32","guid":{"rendered":"http:\/\/agora.xtec.cat\/ceip-valdelors-vandellos\/?page_id=26"},"modified":"2023-12-03T23:36:58","modified_gmt":"2023-12-03T22:36:58","slug":"historia","status":"publish","type":"page","link":"https:\/\/agora.xtec.cat\/ceip-valdelors-vandellos\/lescola\/historia\/","title":{"rendered":"Hist\u00f2ria"},"content":{"rendered":"<p>L\u2019Escola Valdelors \u00e9s una escola\u00a0 del Departament d&#8217;Educaci\u00f3 de la Generalitat de Catalunya. L&#8217;edifici principal va ser inaugurat l\u2018any 1942. El segon edifici, l\u2019any 1954.<\/p>\n<p>\u00c9s un centre incomplert de cinc unitats. Actualment forma part del projecte de comunitats d&#8217;aprenentatge. Durant m\u00e9s de 12 cursos va formar part\u00a0 de la ZER Vandell\u00f2s-Pratdip.<\/p>\n<p>Aquesta realitat ha influenciat i ha marcat la l\u00ednia pedag\u00f2gica del nostre centre, basada en un aprenentatge individualitzat i actiu, respectant els diferents ritmes de treball dels alumnes.<\/p>\n<p><strong>Quina educaci\u00f3 volem pels infants de l\u2019Escola Valdelors?.<\/strong><br \/>\nTenint en compte les l\u00ednies d\u2019actuaci\u00f3 del Departament d\u2019Educaci\u00f3, desenvolupem\u00a0 un model d\u2019escola que permet potenciar les compet\u00e8ncies de tot l&#8217;alumnat de forma universal. Una educaci\u00f3 que ensenya a pensar i fer petits ciutadans plens de valors socials.<\/p>\n<p>Una educaci\u00f3 significativa, amb una comunicaci\u00f3 constant que prepari els infants per viure en un m\u00f3n canviant i flexible.<\/p>\n<blockquote><p>Potenciem un alumnat que sigui a<strong>ut\u00f2nom, reflexiu, creatiu, responsable i treballador.<\/strong><br \/>\n<strong>Aut\u00f2nom;<\/strong> que permeti autoregular-se per a la vida i aprendre a partir de les emocions.<br \/>\n<strong>Reflexiu;<\/strong> per tenir un pensament cr\u00edtic i anal\u00edtic.<br \/>\n<strong>Creatiu;<\/strong> per esdevenir un model \u00fanic amb identitat pr\u00f2pia.<br \/>\n<strong>Responsable i treballado<\/strong>r; que assumeixi les responsabilitats i l\u2019esfor\u00e7 corresponents a la seva edat.<\/p>\n<p><a href=\"https:\/\/agora.xtec.cat\/ceip-valdelors-vandellos\/wp-content\/uploads\/usu1532\/2023\/09\/19.jpg\"><img loading=\"lazy\" decoding=\"async\" class=\"wp-image-8702 aligncenter\" src=\"https:\/\/agora.xtec.cat\/ceip-valdelors-vandellos\/wp-content\/uploads\/usu1532\/2023\/09\/19-1024x1024.jpg\" alt=\"\" width=\"621\" height=\"621\" srcset=\"https:\/\/agora.xtec.cat\/ceip-valdelors-vandellos\/wp-content\/uploads\/usu1532\/2023\/09\/19-1024x1024.jpg 1024w, https:\/\/agora.xtec.cat\/ceip-valdelors-vandellos\/wp-content\/uploads\/usu1532\/2023\/09\/19-300x300.jpg 300w, https:\/\/agora.xtec.cat\/ceip-valdelors-vandellos\/wp-content\/uploads\/usu1532\/2023\/09\/19-150x150.jpg 150w, https:\/\/agora.xtec.cat\/ceip-valdelors-vandellos\/wp-content\/uploads\/usu1532\/2023\/09\/19-768x768.jpg 768w, https:\/\/agora.xtec.cat\/ceip-valdelors-vandellos\/wp-content\/uploads\/usu1532\/2023\/09\/19.jpg 1080w\" sizes=\"auto, (max-width: 621px) 100vw, 621px\" \/><\/a><\/p><\/blockquote>\n<p>&nbsp;<\/p>\n<p>&nbsp;<\/p>\n","protected":false},"excerpt":{"rendered":"<p>L\u2019Escola Valdelors \u00e9s una escola\u00a0 del Departament d&#8217;Educaci\u00f3 de la Generalitat de Catalunya. L&#8217;edifici principal va ser inaugurat l\u2018any 1942. El segon edifici, l\u2019any 1954.<br \/>\n\u00c9s un centre incomplert de cinc unitats. Actualment forma part del projecte de comunitats d&#8217;aprenentatge. Durant m\u00e9s de 12 cursos va&hellip;  <a href=\"https:\/\/agora.xtec.cat\/ceip-valdelors-vandellos\/lescola\/historia\/\" title=\"Read Hist\u00f2ria\">Llegeix m\u00e9s\u00bb<\/a><\/p>\n","protected":false},"author":1,"featured_media":0,"parent":22,"menu_order":2,"comment_status":"closed","ping_status":"closed","template":"page-templates\/side-menu.php","meta":{"_bbp_topic_count":0,"_bbp_reply_count":0,"_bbp_total_topic_count":0,"_bbp_total_reply_count":0,"_bbp_voice_count":0,"_bbp_anonymous_reply_count":0,"_bbp_topic_count_hidden":0,"_bbp_reply_count_hidden":0,"_bbp_forum_subforum_count":0,"footnotes":""},"class_list":["post-26","page","type-page","status-publish","hentry"],"post_mailing_queue_ids":[],"_links":{"self":[{"href":"https:\/\/agora.xtec.cat\/ceip-valdelors-vandellos\/wp-json\/wp\/v2\/pages\/26","targetHints":{"allow":["GET"]}}],"collection":[{"href":"https:\/\/agora.xtec.cat\/ceip-valdelors-vandellos\/wp-json\/wp\/v2\/pages"}],"about":[{"href":"https:\/\/agora.xtec.cat\/ceip-valdelors-vandellos\/wp-json\/wp\/v2\/types\/page"}],"author":[{"embeddable":true,"href":"https:\/\/agora.xtec.cat\/ceip-valdelors-vandellos\/wp-json\/wp\/v2\/users\/1"}],"replies":[{"embeddable":true,"href":"https:\/\/agora.xtec.cat\/ceip-valdelors-vandellos\/wp-json\/wp\/v2\/comments?post=26"}],"version-history":[{"count":6,"href":"https:\/\/agora.xtec.cat\/ceip-valdelors-vandellos\/wp-json\/wp\/v2\/pages\/26\/revisions"}],"predecessor-version":[{"id":9673,"href":"https:\/\/agora.xtec.cat\/ceip-valdelors-vandellos\/wp-json\/wp\/v2\/pages\/26\/revisions\/9673"}],"up":[{"embeddable":true,"href":"https:\/\/agora.xtec.cat\/ceip-valdelors-vandellos\/wp-json\/wp\/v2\/pages\/22"}],"wp:attachment":[{"href":"https:\/\/agora.xtec.cat\/ceip-valdelors-vandellos\/wp-json\/wp\/v2\/media?parent=26"}],"curies":[{"name":"wp","href":"https:\/\/api.w.org\/{rel}","templated":true}]}}