{"id":24,"date":"2014-09-18T12:23:15","date_gmt":"2014-09-18T11:23:15","guid":{"rendered":"http:\/\/agora.xtec.cat\/ceip-valdelors-vandellos\/?page_id=24"},"modified":"2025-09-29T20:08:11","modified_gmt":"2025-09-29T18:08:11","slug":"on-som","status":"publish","type":"page","link":"https:\/\/agora.xtec.cat\/ceip-valdelors-vandellos\/lescola\/on-som\/","title":{"rendered":"Presentaci\u00f3 COMUNITAT EDUCATIVA"},"content":{"rendered":"<h5 style=\"text-align: justify;\"><span style=\"color: #000000;\"><span style=\"color: #000000;\">L&#8217;Escola Valdelors \u00e9s un centre p\u00fablic, una escolar rural c\u00edclica.<\/span><\/span><\/h5>\n<h5 style=\"text-align: justify;\"><span style=\"color: #000000;\"><span style=\"color: #000000;\"> \u00c9s un centre participatiu <\/span><span style=\"font-size: medium;\">i actiu que fomenta i\u00a0<\/span><span style=\"color: #000000;\">potencia la interrelaci\u00f3 entre tota\u00a0la comunitat educativa. <\/span><\/span><\/h5>\n<h5 style=\"text-align: justify;\"><span style=\"color: #000000;\"><span style=\"color: #000000;\">Forma part de les escoles de COMUNITAT EDUCATIVA, projecte d&#8217;innovaci\u00f3 del Departament d&#8217;Educaci\u00f3.<\/span><\/span><\/h5>\n<h5><\/h5>\n<h5 style=\"text-align: justify;\">Un centre que fonamenta el treball en xarxa i fomenta la participaci\u00f3 dels diferents patrimonis culturals, esportius, socials i naturals del municipi. Fomentant una col\u00b7laboraci\u00f3 amb tot el teixit associatiu que caracteritza el poble\u00a0 de Vandell\u00f2s.<\/h5>\n<p><span style=\"font-size: medium; color: #000000;\">L&#8217;escola Valdelors es troba a Vandell\u00f2s, poble rural, situat a la Vall de Lors, envoltat de muntanyes.<\/span><\/p>\n<h6 style=\"text-align: center;\"><span style=\"font-size: medium; color: #000000;\">Ens podeu trobar a:<\/span><\/h6>\n<h6 style=\"text-align: center;\"><span style=\"font-size: medium;\"><strong>Carrer escoles n\u00fam. 16<\/strong><\/span><br \/>\n<span style=\"font-size: medium;\"><strong>43891 Vandell\u00f2s<\/strong><\/span><br \/>\n<span style=\"font-size: medium;\"><strong>977.824.014- <\/strong><\/span><strong>634.777.228 <\/strong><\/h6>\n<p style=\"text-align: center;\">(<em>podeu contactar via WhatsApp<\/em>)<\/p>\n<blockquote>\n<p style=\"text-align: center;\"><strong>Email<\/strong>: <a href=\"mailto:e3004700@xtec.cat\"><span style=\"font-size: medium;\"><strong>e3004700@xtec.cat<\/strong><\/span><\/a><\/p>\n<\/blockquote>\n<h2><\/h2>\n<h1 style=\"text-align: center;\"><span style=\"text-decoration: underline; color: #ff6600;\"><strong>COMUNITAT EDUCATIVA<\/strong><\/span><\/h1>\n<p style=\"text-align: center;\"><a href=\"https:\/\/agora.xtec.cat\/ceip-valdelors-vandellos\/wp-content\/uploads\/usu1532\/2023\/06\/LOGO-ESCOLA-VALDELORS-2.jpg\"><img loading=\"lazy\" decoding=\"async\" class=\"wp-image-8336 aligncenter\" src=\"https:\/\/agora.xtec.cat\/ceip-valdelors-vandellos\/wp-content\/uploads\/usu1532\/2023\/06\/LOGO-ESCOLA-VALDELORS-2-1024x256.jpg\" alt=\"\" width=\"543\" height=\"136\" srcset=\"https:\/\/agora.xtec.cat\/ceip-valdelors-vandellos\/wp-content\/uploads\/usu1532\/2023\/06\/LOGO-ESCOLA-VALDELORS-2-1024x256.jpg 1024w, https:\/\/agora.xtec.cat\/ceip-valdelors-vandellos\/wp-content\/uploads\/usu1532\/2023\/06\/LOGO-ESCOLA-VALDELORS-2-300x75.jpg 300w, https:\/\/agora.xtec.cat\/ceip-valdelors-vandellos\/wp-content\/uploads\/usu1532\/2023\/06\/LOGO-ESCOLA-VALDELORS-2-768x192.jpg 768w, https:\/\/agora.xtec.cat\/ceip-valdelors-vandellos\/wp-content\/uploads\/usu1532\/2023\/06\/LOGO-ESCOLA-VALDELORS-2-196x49.jpg 196w, https:\/\/agora.xtec.cat\/ceip-valdelors-vandellos\/wp-content\/uploads\/usu1532\/2023\/06\/LOGO-ESCOLA-VALDELORS-2.jpg 1181w\" sizes=\"auto, (max-width: 543px) 100vw, 543px\" \/><\/a><\/p>\n<p style=\"text-align: center;\"><a href=\"https:\/\/agora.xtec.cat\/ceip-valdelors-vandellos\/wp-content\/uploads\/usu1532\/2024\/09\/equip-directiu.png\"><img loading=\"lazy\" decoding=\"async\" class=\"wp-image-11615 aligncenter\" src=\"https:\/\/agora.xtec.cat\/ceip-valdelors-vandellos\/wp-content\/uploads\/usu1532\/2024\/09\/equip-directiu.png\" alt=\"\" width=\"512\" height=\"398\" srcset=\"https:\/\/agora.xtec.cat\/ceip-valdelors-vandellos\/wp-content\/uploads\/usu1532\/2024\/09\/equip-directiu.png 787w, https:\/\/agora.xtec.cat\/ceip-valdelors-vandellos\/wp-content\/uploads\/usu1532\/2024\/09\/equip-directiu-300x233.png 300w, https:\/\/agora.xtec.cat\/ceip-valdelors-vandellos\/wp-content\/uploads\/usu1532\/2024\/09\/equip-directiu-768x596.png 768w\" sizes=\"auto, (max-width: 512px) 100vw, 512px\" \/><\/a><\/p>\n<p><a href=\"https:\/\/agora.xtec.cat\/ceip-valdelors-vandellos\/wp-content\/uploads\/usu1532\/2025\/09\/EQUIP-DIRECTIU.png\"><img loading=\"lazy\" decoding=\"async\" class=\"wp-image-13484 aligncenter\" src=\"https:\/\/agora.xtec.cat\/ceip-valdelors-vandellos\/wp-content\/uploads\/usu1532\/2025\/09\/EQUIP-DIRECTIU.png\" alt=\"\" width=\"528\" height=\"323\" srcset=\"https:\/\/agora.xtec.cat\/ceip-valdelors-vandellos\/wp-content\/uploads\/usu1532\/2025\/09\/EQUIP-DIRECTIU.png 1077w, https:\/\/agora.xtec.cat\/ceip-valdelors-vandellos\/wp-content\/uploads\/usu1532\/2025\/09\/EQUIP-DIRECTIU-300x183.png 300w, https:\/\/agora.xtec.cat\/ceip-valdelors-vandellos\/wp-content\/uploads\/usu1532\/2025\/09\/EQUIP-DIRECTIU-1024x626.png 1024w, https:\/\/agora.xtec.cat\/ceip-valdelors-vandellos\/wp-content\/uploads\/usu1532\/2025\/09\/EQUIP-DIRECTIU-768x469.png 768w\" sizes=\"auto, (max-width: 528px) 100vw, 528px\" \/><\/a><a href=\"https:\/\/agora.xtec.cat\/ceip-valdelors-vandellos\/wp-content\/uploads\/usu1532\/2025\/09\/17.png\"><img loading=\"lazy\" decoding=\"async\" class=\"wp-image-13474 aligncenter\" src=\"https:\/\/agora.xtec.cat\/ceip-valdelors-vandellos\/wp-content\/uploads\/usu1532\/2025\/09\/17.png\" alt=\"\" width=\"895\" height=\"895\" srcset=\"https:\/\/agora.xtec.cat\/ceip-valdelors-vandellos\/wp-content\/uploads\/usu1532\/2025\/09\/17.png 1080w, https:\/\/agora.xtec.cat\/ceip-valdelors-vandellos\/wp-content\/uploads\/usu1532\/2025\/09\/17-300x300.png 300w, https:\/\/agora.xtec.cat\/ceip-valdelors-vandellos\/wp-content\/uploads\/usu1532\/2025\/09\/17-1024x1024.png 1024w, https:\/\/agora.xtec.cat\/ceip-valdelors-vandellos\/wp-content\/uploads\/usu1532\/2025\/09\/17-150x150.png 150w, https:\/\/agora.xtec.cat\/ceip-valdelors-vandellos\/wp-content\/uploads\/usu1532\/2025\/09\/17-768x768.png 768w\" sizes=\"auto, (max-width: 895px) 100vw, 895px\" \/><\/a> <a href=\"https:\/\/agora.xtec.cat\/ceip-valdelors-vandellos\/wp-content\/uploads\/usu1532\/2025\/09\/18.png\"><img loading=\"lazy\" decoding=\"async\" class=\"size-full wp-image-13475 aligncenter\" src=\"https:\/\/agora.xtec.cat\/ceip-valdelors-vandellos\/wp-content\/uploads\/usu1532\/2025\/09\/18.png\" alt=\"\" width=\"1080\" height=\"1080\" srcset=\"https:\/\/agora.xtec.cat\/ceip-valdelors-vandellos\/wp-content\/uploads\/usu1532\/2025\/09\/18.png 1080w, https:\/\/agora.xtec.cat\/ceip-valdelors-vandellos\/wp-content\/uploads\/usu1532\/2025\/09\/18-300x300.png 300w, https:\/\/agora.xtec.cat\/ceip-valdelors-vandellos\/wp-content\/uploads\/usu1532\/2025\/09\/18-1024x1024.png 1024w, https:\/\/agora.xtec.cat\/ceip-valdelors-vandellos\/wp-content\/uploads\/usu1532\/2025\/09\/18-150x150.png 150w, https:\/\/agora.xtec.cat\/ceip-valdelors-vandellos\/wp-content\/uploads\/usu1532\/2025\/09\/18-768x768.png 768w\" sizes=\"auto, (max-width: 1080px) 100vw, 1080px\" \/><\/a> <a href=\"https:\/\/agora.xtec.cat\/ceip-valdelors-vandellos\/wp-content\/uploads\/usu1532\/2025\/09\/19.png\"><img loading=\"lazy\" decoding=\"async\" class=\"size-full wp-image-13476 aligncenter\" src=\"https:\/\/agora.xtec.cat\/ceip-valdelors-vandellos\/wp-content\/uploads\/usu1532\/2025\/09\/19.png\" alt=\"\" width=\"1080\" height=\"1080\" srcset=\"https:\/\/agora.xtec.cat\/ceip-valdelors-vandellos\/wp-content\/uploads\/usu1532\/2025\/09\/19.png 1080w, https:\/\/agora.xtec.cat\/ceip-valdelors-vandellos\/wp-content\/uploads\/usu1532\/2025\/09\/19-300x300.png 300w, https:\/\/agora.xtec.cat\/ceip-valdelors-vandellos\/wp-content\/uploads\/usu1532\/2025\/09\/19-1024x1024.png 1024w, https:\/\/agora.xtec.cat\/ceip-valdelors-vandellos\/wp-content\/uploads\/usu1532\/2025\/09\/19-150x150.png 150w, https:\/\/agora.xtec.cat\/ceip-valdelors-vandellos\/wp-content\/uploads\/usu1532\/2025\/09\/19-768x768.png 768w\" sizes=\"auto, (max-width: 1080px) 100vw, 1080px\" \/><\/a><\/p>\n","protected":false},"excerpt":{"rendered":"<p>L&#8217;Escola Valdelors \u00e9s un centre p\u00fablic, una escolar rural c\u00edclica.<br \/>\n \u00c9s un centre participatiu i actiu que fomenta i\u00a0potencia la interrelaci\u00f3 entre tota\u00a0la comunitat educativa.<br \/>\nForma part de les escoles de COMUNITAT EDUCATIVA, projecte d&#8217;innovaci\u00f3 del Departament d&#8217;Educaci\u00f3.<\/p>\n<p>Un centre que fonamenta el treball en xarxa&hellip;  <a href=\"https:\/\/agora.xtec.cat\/ceip-valdelors-vandellos\/lescola\/on-som\/\" title=\"Read Presentaci\u00f3 COMUNITAT EDUCATIVA\">Llegeix m\u00e9s\u00bb<\/a><\/p>\n","protected":false},"author":1,"featured_media":0,"parent":22,"menu_order":1,"comment_status":"closed","ping_status":"closed","template":"page-templates\/side-menu.php","meta":{"_bbp_topic_count":0,"_bbp_reply_count":0,"_bbp_total_topic_count":0,"_bbp_total_reply_count":0,"_bbp_voice_count":0,"_bbp_anonymous_reply_count":0,"_bbp_topic_count_hidden":0,"_bbp_reply_count_hidden":0,"_bbp_forum_subforum_count":0,"footnotes":""},"class_list":["post-24","page","type-page","status-publish","hentry"],"post_mailing_queue_ids":[],"_links":{"self":[{"href":"https:\/\/agora.xtec.cat\/ceip-valdelors-vandellos\/wp-json\/wp\/v2\/pages\/24","targetHints":{"allow":["GET"]}}],"collection":[{"href":"https:\/\/agora.xtec.cat\/ceip-valdelors-vandellos\/wp-json\/wp\/v2\/pages"}],"about":[{"href":"https:\/\/agora.xtec.cat\/ceip-valdelors-vandellos\/wp-json\/wp\/v2\/types\/page"}],"author":[{"embeddable":true,"href":"https:\/\/agora.xtec.cat\/ceip-valdelors-vandellos\/wp-json\/wp\/v2\/users\/1"}],"replies":[{"embeddable":true,"href":"https:\/\/agora.xtec.cat\/ceip-valdelors-vandellos\/wp-json\/wp\/v2\/comments?post=24"}],"version-history":[{"count":6,"href":"https:\/\/agora.xtec.cat\/ceip-valdelors-vandellos\/wp-json\/wp\/v2\/pages\/24\/revisions"}],"predecessor-version":[{"id":13485,"href":"https:\/\/agora.xtec.cat\/ceip-valdelors-vandellos\/wp-json\/wp\/v2\/pages\/24\/revisions\/13485"}],"up":[{"embeddable":true,"href":"https:\/\/agora.xtec.cat\/ceip-valdelors-vandellos\/wp-json\/wp\/v2\/pages\/22"}],"wp:attachment":[{"href":"https:\/\/agora.xtec.cat\/ceip-valdelors-vandellos\/wp-json\/wp\/v2\/media?parent=24"}],"curies":[{"name":"wp","href":"https:\/\/api.w.org\/{rel}","templated":true}]}}