{"id":77,"date":"2014-09-18T14:05:08","date_gmt":"2014-09-18T14:05:08","guid":{"rendered":"http:\/\/agora.xtec.cat\/ceip-vaixell-burriac-vilassar\/?page_id=77"},"modified":"2023-11-22T11:49:42","modified_gmt":"2023-11-22T10:49:42","slug":"acollida","status":"publish","type":"page","link":"https:\/\/agora.xtec.cat\/ceip-vaixell-burriac-vilassar\/serveis\/acollida\/","title":{"rendered":"Acollida"},"content":{"rendered":"<p>&nbsp;<\/p>\n<p><strong>Acollida dels nens i nenes al mat\u00ed:<\/strong><\/p>\n<p>L&#8217;AFA de l&#8217;escola ofereix un servei d&#8217;acollida al mat\u00ed per l&#8217;alumnat que necessiti fer-ne \u00fas, en la franja hor\u00e0ria de 7:45 h a 8:45 h.<\/p>\n<p>&nbsp;<\/p>\n<p><strong>Servei de perman\u00e8ncies a la tarda:<\/strong><\/p>\n<p>L&#8217;AFA de l&#8217;escola ofereix un servei de perman\u00e8ncies a la tarda, despr\u00e9s de sortir de l&#8217;aula fins a les 18 h.<\/p>\n<p>&nbsp;<\/p>\n<p><strong><span style=\"color: #ff0000;\">Per a m\u00e9s informaci\u00f3 o consultes:\u00a0<\/span><\/strong><\/p>\n<h5 style=\"text-align: center;\">Ang\u00e8lica: 615140442 \/\u00a0angelica@naifarlleure.es<\/h5>\n<h5 style=\"text-align: center;\"><\/h5>\n","protected":false},"excerpt":{"rendered":"<p>&nbsp;<br \/>\nAcollida dels nens i nenes al mat\u00ed:<br \/>\nL&#8217;AFA de l&#8217;escola ofereix un servei d&#8217;acollida al mat\u00ed per l&#8217;alumnat que necessiti fer-ne \u00fas, en la franja hor\u00e0ria de 7:45 h a 8:45 h.<br \/>\n&nbsp;<br \/>\nServei de perman\u00e8ncies a la tarda:<br \/>\nL&#8217;AFA de l&#8217;escola ofereix un servei de perman\u00e8ncies a la&hellip;  <a href=\"https:\/\/agora.xtec.cat\/ceip-vaixell-burriac-vilassar\/serveis\/acollida\/\" title=\"Read Acollida\">Llegeix m\u00e9s\u00bb<\/a><\/p>\n","protected":false},"author":2,"featured_media":0,"parent":66,"menu_order":20,"comment_status":"closed","ping_status":"closed","template":"page-templates\/side-menu.php","meta":{"_bbp_topic_count":0,"_bbp_reply_count":0,"_bbp_total_topic_count":0,"_bbp_total_reply_count":0,"_bbp_voice_count":0,"_bbp_anonymous_reply_count":0,"_bbp_topic_count_hidden":0,"_bbp_reply_count_hidden":0,"_bbp_forum_subforum_count":0,"footnotes":""},"class_list":["post-77","page","type-page","status-publish","hentry"],"post_mailing_queue_ids":[],"_links":{"self":[{"href":"https:\/\/agora.xtec.cat\/ceip-vaixell-burriac-vilassar\/wp-json\/wp\/v2\/pages\/77","targetHints":{"allow":["GET"]}}],"collection":[{"href":"https:\/\/agora.xtec.cat\/ceip-vaixell-burriac-vilassar\/wp-json\/wp\/v2\/pages"}],"about":[{"href":"https:\/\/agora.xtec.cat\/ceip-vaixell-burriac-vilassar\/wp-json\/wp\/v2\/types\/page"}],"author":[{"embeddable":true,"href":"https:\/\/agora.xtec.cat\/ceip-vaixell-burriac-vilassar\/wp-json\/wp\/v2\/users\/2"}],"replies":[{"embeddable":true,"href":"https:\/\/agora.xtec.cat\/ceip-vaixell-burriac-vilassar\/wp-json\/wp\/v2\/comments?post=77"}],"version-history":[{"count":5,"href":"https:\/\/agora.xtec.cat\/ceip-vaixell-burriac-vilassar\/wp-json\/wp\/v2\/pages\/77\/revisions"}],"predecessor-version":[{"id":12776,"href":"https:\/\/agora.xtec.cat\/ceip-vaixell-burriac-vilassar\/wp-json\/wp\/v2\/pages\/77\/revisions\/12776"}],"up":[{"embeddable":true,"href":"https:\/\/agora.xtec.cat\/ceip-vaixell-burriac-vilassar\/wp-json\/wp\/v2\/pages\/66"}],"wp:attachment":[{"href":"https:\/\/agora.xtec.cat\/ceip-vaixell-burriac-vilassar\/wp-json\/wp\/v2\/media?parent=77"}],"curies":[{"name":"wp","href":"https:\/\/api.w.org\/{rel}","templated":true}]}}