{"id":73,"date":"2014-09-18T14:01:51","date_gmt":"2014-09-18T14:01:51","guid":{"rendered":"http:\/\/agora.xtec.cat\/ceip-vaixell-burriac-vilassar\/?page_id=73"},"modified":"2024-09-06T12:34:40","modified_gmt":"2024-09-06T10:34:40","slug":"menjador-escolar","status":"publish","type":"page","link":"https:\/\/agora.xtec.cat\/ceip-vaixell-burriac-vilassar\/serveis\/menjador-escolar\/","title":{"rendered":"Menjador escolar"},"content":{"rendered":"<p>NORMATIVA MENJADOR<br \/>\n<iframe loading=\"lazy\" src=\"https:\/\/drive.google.com\/file\/d\/1_jIpaoAX6Kj9htseQqE1-zgVsPyPDVPB\/preview\" width=\"640\" height=\"480\"><\/iframe><br \/>\nLa programaci\u00f3 mensual dels men\u00fas es presenta a les fam\u00edlies al web de l&#8217;escola.<\/p>\n<p>El menjador \u00e9s un servei complementari de l&#8217;escola que s&#8217;ofereix a tots aquells alumnes que, de forma volunt\u00e0ria, ho sol.licitin les seves fam\u00edlies.<\/p>\n<p>La finalitat principal d&#8217;aquest servei \u00e9s satisfer una necessitat b\u00e0sica dins d&#8217;un clima acollidor i positiu, tenint cura dels h\u00e0bits alimentaris dels nens i nenes.<\/p>\n<p><strong>TEL\u00c8FON DE CONTACTE<\/strong> de la <strong>Coordinadora del Menjador, N\u00faria Hurtado:<\/strong><\/p>\n<p><strong>638 285 436<\/strong><\/p>\n<p><strong>93 759 10 00<\/strong><\/p>\n<p>El servei de cuina i menjador est\u00e0 a c\u00e0rrec de l&#8217;empresa Ecomenja. Elaborem els men\u00fas amb un 70% de producte ecol\u00f2gic certificat, amb productes de petits productors de proximitat (la majoria de les verdures, hortalisses i llegums, per exemple, s\u00f3n del Maresme i del Vall\u00e8s), seguint la temporada de cada producte. El peix que mengen els nens i nenes \u00e9s peix fresc de les llotges catalanes (el llu\u00e7 procedeix de Gal\u00edcia).<\/p>\n<p>Durant el dinar els nens i nenes estan acompanyats per l&#8217;equip professional de monitors del menjador del centre, que s&#8217;encarreguen de vetllar pel bon funcionament d&#8217;aquest. Despr\u00e9s de dinar els nens i nenes fan activitats d&#8217;esbarjo al pati de l&#8217;escola (si el temps ho permet).<\/p>\n<p>Els nens i nenes m\u00e9s petis de l&#8217;escola, I3, dormen la migdiada a la seva aula, afavorint aix\u00ed la tranquil\u00b7litat i el descans del migdia. L&#8217;encarregada del menjador; N\u00faria, ja us demanar\u00e0 que porteu els llen\u00e7ols amb les mides correctes.<\/p>\n<h6>Algunes preguntes sobre el menjador:<\/h6>\n<h6>Qu\u00e8 vol dir que els productes s\u00f3n ecol\u00f2gics?<\/h6>\n<p>Els productes ecol\u00f2gics es caracteritzen per estar exempts de productes qu\u00edmics de s\u00edntesi (plaguicides, herbicides, hormones i antibi\u00f2tics (en el cas dels animals). A m\u00e9s, es respecta el benestar animal (tenen acc\u00e9s a pastures, un espai gener\u00f3s per a cr\u00e9ixer, i es respecta el seu car\u00e0cter social). Per tant, els productes ecol\u00f2gics s\u00f3n m\u00e9s saludables per l&#8217;alimentaci\u00f3 (especialment per als infants).<\/p>\n<h6>Ecol\u00f2gic vol dir vegetari\u00e0?<\/h6>\n<p>El men\u00fa ecol\u00f2gic no vol dir que sigui vegetari\u00e0. Els men\u00fas que cuinem a l&#8217;escola inclouen la carn (vedella, ou, porc, pollastre i conill) aix\u00ed com el peix. Els men\u00fas que cuinem s\u00f3n equilibrats i nutritius i inclouen una bona varietat de productes de totes les fam\u00edlies d&#8217;aliments (verdures, hortalisses, llegums, cereals, carns, peixos, l\u00e0ctics, fruita, oli d&#8217;oliva extraverge, farines, esp\u00e8cies, etc&#8230;)<\/p>\n<h6>Objectius<\/h6>\n<p>1- Proporcionar als alumnes les eines necess\u00e0ries perqu\u00e8 n&#8217;aprenguin el respecte pel menjar i l&#8217;alimentaci\u00f3 equilibrada.<\/p>\n<p>2-Ajudar a aconseguir uns bons h\u00e0bits alimentaris, fermentar les relacions socials de participaci\u00f3, respecte, conviv\u00e8ncia i col\u00b7laboraci\u00f3 activa en l&#8217;organitzaci\u00f3 del menjador.<\/p>\n<p>3-Aprofitament did\u00e0ctic, social i, fins i tot personal, del temps de lleure.<\/p>\n<h6>Al\u00b7l\u00e8rgies, intoler\u00e0ncies i malalties<\/h6>\n<p>El menjador \u00e9s un servei de l&#8217;escola on els\/les alumnes menjaran tot tipus d&#8217;alimentaci\u00f3 saludable i diversa (fruites, verdures, llegums, l\u00e0ctics, etc&#8230;)<\/p>\n<p>Nom\u00e9s es faran men\u00fas especials per a aquells alumnes amb al\u00b7l\u00e8rgies i intoler\u00e0ncies que hagin presentat l&#8217;informe M\u00e8dic Oficial, actualitzat a cada curs (amb les indicacions pertinents). Mai un escrit familiar.<\/p>\n<h6>Administraci\u00f3 de medicaments en horari escolar del menjador<\/h6>\n<p>El personal de menjador no est\u00e0 autoritzat a administrar medicaments als alumnes. Si es don\u00e9s el cas que fos molt important l&#8217;administraci\u00f3 de medicaments, la fam\u00edlia ha de portar l&#8217;informe m\u00e8dic on consti el nom del nen\/a, el medicament a administrar, la dosi exacta i l&#8217;horari en qu\u00e8 se li ha de donar. A m\u00e9s, haureu d&#8217;emplenar l&#8217;autoritzaci\u00f3 que trobareu penjada al web de l&#8217;escola.<\/p>\n<h6>Comissi\u00f3 del Menjador<\/h6>\n<p>El servei de menjador de l&#8217;escola es gestiona a trav\u00e9s de la Comissi\u00f3 de Menjador, en la que hi ha representades les fam\u00edlies, l&#8217;escola i Ecomenja. Si hi teniu algun dubte, comentari o suggeriment us podeu adre\u00e7ar a la Comissi\u00f3 de Menjador en l&#8217;horari d&#8217;atenci\u00f3 a les fam\u00edlies.<\/p>\n<h6>Altres informacions sobre el preu del servei de menjador<\/h6>\n<h6>Quota fixe<\/h6>\n<p>Quota que serveix per als nens i nenes que es queden un m\u00ednim de tres dies a la setmana i fins a cinc dies de la setmana a dinar a l&#8217;escola. L&#8217;import corresponent \u00e9s de 7,15\u202f\u20ac.<\/p>\n<p>Per a les sortides d&#8217;excursi\u00f3, els alumnes que tinguin quota fixe s&#8217;enduran el p\u00edcnic amb el dinar. La fam\u00edlia que no ho vulgui haur\u00e0 d&#8217;avisar amb una setmana d&#8217;antelaci\u00f3 a la data de l&#8217;excursi\u00f3, per tal de no preparar-lo i se li retornar\u00e0 l&#8217;import corresponent al menjar.<\/p>\n<h6>Quota espor\u00e0dic<\/h6>\n<p>Quota que serveix als nens i nenes que es queden de manera puntual a dinar a l&#8217;escola. Cal comprar el tiquet del menjador a la N\u00faria, la coordinadora del menjador, a primera hora del mat\u00ed. L&#8217;import \u00e9s de 7,84\u20ac.<\/p>\n<p>Per a les sortides i excursions, les fam\u00edlies que vulguin p\u00edcnic, hauran d&#8217;avisar amb dos dies d&#8217;antelaci\u00f3 per a poder-los preparar.<\/p>\n<h6>Quina ser\u00e0 la quota que pagar\u00e9 cada mes si el meu fill\/a \u00e9s fix?<\/h6>\n<p>Dependr\u00e0 dels dies que tingui cada mes. A Ecomenja cobrem els dies de menjador depenent cada mes en funci\u00f3 dels dies lectius. A l&#8217;Escola Vaixell Burriac, el servei de menjador sempre s&#8217;ha cobrat per avan\u00e7at.<\/p>\n<h6>Si el meu fill\/a est\u00e0 malalt i no ve a l&#8217;escola, qu\u00e8 haig de fer amb el menjador?<\/h6>\n<p>Cal que aviseu a la N\u00faria abans de les 9:30h, trucant al tel\u00e8fon: <strong>638 285 436 <\/strong>o b\u00e9 enviant un WhatsApp amb el nom, cognom i curs del nen\/a, perqu\u00e8 no preparin el dinar del vostre fill\/a. En aquest cas, en el seg\u00fcent rebut del menjador us descomptarem el cost del producte, que s\u00f3n 2&#8217;20\u20ac. El cost de les cuineres i monitors\/es de menjador no us el podem retornar, ja que tots ells treballen igual.<\/p>\n<p>Als nens\/es que tenen beca de menjador no se&#8217;ls retorna els 2&#8217;20\u20ac de producte, doncs les entitats que adjudiquen els ajuts, no ens paguen res pel dia que el nen\/a no assisteix al menjador.<\/p>\n<p>L&#8217;horari en que us podeu posar en contacte amb la coordinadora del menjador per altres temes ser\u00e0 de dilluns a divendres de 9:30 a 10h.<\/p>\n<h6>Cobrament dels rebuts a les fam\u00edlies<\/h6>\n<p>El cobrament dels rebuts del servei de menjador a les fam\u00edlies es far\u00e0 mitjan\u00e7ant domiciliaci\u00f3 banc\u00e0ria entre els dies 1 i 5 de cada mes. El seu import anir\u00e0 en funci\u00f3 dels dies reals del servei d&#8217;aquell mes. El servei es cobrar\u00e0 per avan\u00e7at i qualsevol incid\u00e8ncia en el rebut, es regularitzar\u00e0 el mes seg\u00fcent.<\/p>\n<p>El cobrament de rebuts retornats inclour\u00e0 la quota de menjador m\u00e9s les despeses de devoluci\u00f3 banc\u00e0ries.<\/p>\n<p>&nbsp;<\/p>\n<p><strong>HORARI DEL MENJADOR<\/strong>: de 12,30\u202fh del migdia fins a les 15h. El menjar se serveix en <strong>dos torns:<\/strong><\/p>\n<p><strong>-Primer torn:<\/strong> a les 12,40h per als nens de Ed. Infantil i Cicle Inicial<\/p>\n<p><strong>-Segon torn:<\/strong> a les 13,45h per a Cicle Mitj\u00e0 i Cicle Superior.<\/p>\n<p>&#8211; En cas de necessitat, quan un alumne ha de marxar a casa durant l&#8217;horari de menjador, els nens i nenes nom\u00e9s podran sortir de l&#8217;escola acompanyats d&#8217;un adult. El servei de menjador no es far\u00e0 responsable dels alumnes en l&#8217;horari que faltin del centre. En el moment de la reincorporaci\u00f3 a l&#8217;escola, l&#8217;alumne haur\u00e0 de presentar-se immediatament al seu monitor-a. Els alumnes no podran entrar sols a les aules.<\/p>\n<p>&nbsp;<\/p>\n<p>&nbsp;<\/p>\n<p>&nbsp;<\/p>\n<p>&nbsp;<\/p>\n<p>&nbsp;<\/p>\n<p>&nbsp;<\/p>\n<p>&nbsp;<\/p>\n","protected":false},"excerpt":{"rendered":"<p>NORMATIVA MENJADOR<\/p>\n<p>La programaci\u00f3 mensual dels men\u00fas es presenta a les fam\u00edlies al web de l&#8217;escola.<br \/>\nEl menjador \u00e9s un servei complementari de l&#8217;escola que s&#8217;ofereix a tots aquells alumnes que, de forma volunt\u00e0ria, ho sol.licitin les seves fam\u00edlies.<br \/>\nLa finalitat principal d&#8217;aquest servei \u00e9s satisfer una necessitat&hellip;  <a href=\"https:\/\/agora.xtec.cat\/ceip-vaixell-burriac-vilassar\/serveis\/menjador-escolar\/\" title=\"Read Menjador escolar\">Llegeix m\u00e9s\u00bb<\/a><\/p>\n","protected":false},"author":2,"featured_media":0,"parent":66,"menu_order":30,"comment_status":"closed","ping_status":"closed","template":"page-templates\/side-menu.php","meta":{"_bbp_topic_count":0,"_bbp_reply_count":0,"_bbp_total_topic_count":0,"_bbp_total_reply_count":0,"_bbp_voice_count":0,"_bbp_anonymous_reply_count":0,"_bbp_topic_count_hidden":0,"_bbp_reply_count_hidden":0,"_bbp_forum_subforum_count":0,"footnotes":""},"class_list":["post-73","page","type-page","status-publish","hentry"],"post_mailing_queue_ids":[],"_links":{"self":[{"href":"https:\/\/agora.xtec.cat\/ceip-vaixell-burriac-vilassar\/wp-json\/wp\/v2\/pages\/73","targetHints":{"allow":["GET"]}}],"collection":[{"href":"https:\/\/agora.xtec.cat\/ceip-vaixell-burriac-vilassar\/wp-json\/wp\/v2\/pages"}],"about":[{"href":"https:\/\/agora.xtec.cat\/ceip-vaixell-burriac-vilassar\/wp-json\/wp\/v2\/types\/page"}],"author":[{"embeddable":true,"href":"https:\/\/agora.xtec.cat\/ceip-vaixell-burriac-vilassar\/wp-json\/wp\/v2\/users\/2"}],"replies":[{"embeddable":true,"href":"https:\/\/agora.xtec.cat\/ceip-vaixell-burriac-vilassar\/wp-json\/wp\/v2\/comments?post=73"}],"version-history":[{"count":7,"href":"https:\/\/agora.xtec.cat\/ceip-vaixell-burriac-vilassar\/wp-json\/wp\/v2\/pages\/73\/revisions"}],"predecessor-version":[{"id":13536,"href":"https:\/\/agora.xtec.cat\/ceip-vaixell-burriac-vilassar\/wp-json\/wp\/v2\/pages\/73\/revisions\/13536"}],"up":[{"embeddable":true,"href":"https:\/\/agora.xtec.cat\/ceip-vaixell-burriac-vilassar\/wp-json\/wp\/v2\/pages\/66"}],"wp:attachment":[{"href":"https:\/\/agora.xtec.cat\/ceip-vaixell-burriac-vilassar\/wp-json\/wp\/v2\/media?parent=73"}],"curies":[{"name":"wp","href":"https:\/\/api.w.org\/{rel}","templated":true}]}}