{"id":36,"date":"2014-09-18T12:33:11","date_gmt":"2014-09-18T12:33:11","guid":{"rendered":"http:\/\/agora.xtec.cat\/ceip-vaixell-burriac-vilassar\/?page_id=36"},"modified":"2025-06-23T10:18:51","modified_gmt":"2025-06-23T08:18:51","slug":"material-escolar","status":"publish","type":"page","link":"https:\/\/agora.xtec.cat\/ceip-vaixell-burriac-vilassar\/lescola\/material-escolar\/","title":{"rendered":"Material escolar"},"content":{"rendered":"<h4><\/h4>\n<h4><\/h4>\n<h4><\/h4>\n<h4><\/h4>\n<h4><\/h4>\n<h4><\/h4>\n<h4><\/h4>\n<h4>Llibres i reciclatge:<\/h4>\n<p>El reciclatge de llibres \u00e9s un sistema que organitza l\u2019adquisici\u00f3 i socialitzaci\u00f3 dels llibres de text en els cursos superiors, apostant per la conservaci\u00f3, la reutilitzaci\u00f3 i el comprom\u00eds de les fam\u00edlies a fer un bon \u00fas dels llibres i tornar-los al centre quan acabi el curs escolar.<\/p>\n<p><strong>Objectius: <\/strong><\/p>\n<p>\u2013 Disminuir de manera considerable la despesa de les fam\u00edlies en llibres de text.<br \/>\n\u2013 Adquirir un sentit m\u00e9s solidari, racional i ecol\u00f2gic per part del l&#8217;alumnat.<\/p>\n<p><strong>Quins cursos reciclen?<\/strong><\/p>\n<p>El reciclatge es dur a terme als llibres de 3er a 6\u00e8, degut a que 1er i 2on fan servir llibres on es realitzen les activitats.<\/p>\n<p><strong>Quins llibres reciclem? <\/strong><\/p>\n<p>S\u00b4intenten reciclar tots els llibres de consulta: Catal\u00e0, Castell\u00e0, Angl\u00e8s, Medi natural i Medi social i els llibres de lectura. Els llibres que NO es reciclen s\u00f3n els complementaris d&#8217;aquestes mat\u00e8ries, \u00e9s a dir, els d\u2019activitats, l\u2019agenda, llibre de matem\u00e0tiques, etc.<\/p>\n<p>Trobareu la informaci\u00f3 del funcionament del servei i quotes al <a href=\"https:\/\/ampavaixellburriacblog.wordpress.com\/menjador\/\" target=\"_blank\" rel=\"noopener noreferrer\">web de L&#8217;AMPA de l&#8217;escola.<\/a><\/p>\n<h4>Material Socialitzat:<\/h4>\n<p>A la nostra escola fem servir material socialitzat de manera que, pagant una quota \u00fanica a l&#8217;inici del curs, els nens i nenes tenen al seu abast els materials necessaris per a desenvolupar els seus aprenentatges.<\/p>\n<p>Trobareu la informaci\u00f3 del funcionament del servei i quotes al <a href=\"https:\/\/ampavaixellburriacblog.wordpress.com\/menjador\/\" target=\"_blank\" rel=\"noopener noreferrer\">web de L&#8217;AMPA de l&#8217;escola.<\/a><\/p>\n<h4><strong>ALTRES MATERIALS QUE CAL PORTAR:<\/strong><\/h4>\n<h5><\/h5>\n<h4>Educaci\u00f3 Infantil<\/h4>\n<table style=\"width: 43.2924%; height: 810px;\">\n<tbody>\n<tr style=\"height: 33px;\">\n<td style=\"width: 74.8735%; height: 33px;\" width=\"439\">TIPUS DE ROBA<\/td>\n<td style=\"width: 7.9258%; height: 33px;\" width=\"47\">I3<\/td>\n<td style=\"width: 7.9258%; height: 33px;\" width=\"47\">I4<\/td>\n<td style=\"width: 7.08263%; height: 33px;\" width=\"42\">I5<\/td>\n<\/tr>\n<tr style=\"height: 336px;\">\n<td style=\"width: 74.8735%; height: 336px;\" width=\"439\">Muda sencera<\/p>\n<p>Consta de:<\/p>\n<p>-calces o cal\u00e7otets<\/p>\n<p>-mitjons<\/p>\n<p>-pantal\u00f3<\/p>\n<p>-samarreta<\/p>\n<p>-sabates de velcro velles (opcional)<\/p>\n<p>Tot amb una bossa de roba amb el nom<\/td>\n<td style=\"width: 7.9258%; height: 336px;\" width=\"47\">X<\/td>\n<td style=\"width: 7.9258%; height: 336px;\" width=\"47\">X<\/td>\n<td style=\"width: 7.08263%; height: 336px;\" width=\"42\">X<\/td>\n<\/tr>\n<tr style=\"height: 33px;\">\n<td style=\"width: 74.8735%; height: 33px;\" width=\"439\">Tovalloletes humides<\/td>\n<td style=\"width: 7.9258%; height: 33px;\" width=\"47\">X<\/td>\n<td style=\"width: 7.9258%; height: 33px;\" width=\"47\">X<\/td>\n<td style=\"width: 7.08263%; height: 33px;\" width=\"42\">X<\/td>\n<\/tr>\n<tr style=\"height: 33px;\">\n<td style=\"width: 74.8735%; height: 33px;\">Bossa de roba per ficar l&#8217;esmorzar i el tovall\u00f3 (recomanable)<\/td>\n<td style=\"width: 7.9258%; height: 33px;\">X<\/td>\n<td style=\"width: 7.9258%; height: 33px;\"><\/td>\n<td style=\"width: 7.08263%; height: 33px;\"><\/td>\n<\/tr>\n<tr style=\"height: 49px;\">\n<td style=\"width: 74.8735%; height: 49px;\" width=\"439\">Un necesser amb una pinta i una ampolleta de col\u00f2nia<br \/>\n<strong>(pels nens i nenes que es queden a dinar)<\/strong><\/td>\n<td style=\"width: 7.9258%; height: 49px;\" width=\"47\">X<\/td>\n<td style=\"width: 7.9258%; height: 49px;\" width=\"47\"><\/td>\n<td style=\"width: 7.08263%; height: 49px;\" width=\"42\"><\/td>\n<\/tr>\n<tr style=\"height: 49px;\">\n<td style=\"width: 74.8735%; height: 49px;\" width=\"439\">Un llen\u00e7ol de sota de dormir\u00a0 mida bressol<br \/>\n<strong>(pels nens i nenes que es queden a dinar)<\/strong><\/td>\n<td style=\"width: 7.9258%; height: 49px;\" width=\"47\">X<\/td>\n<td style=\"width: 7.9258%; height: 49px;\" width=\"47\"><\/td>\n<td style=\"width: 7.08263%; height: 49px;\" width=\"42\"><\/td>\n<\/tr>\n<tr style=\"height: 33px;\">\n<td style=\"width: 74.8735%; height: 33px;\" width=\"439\">1 Bata per menjador<\/td>\n<td style=\"width: 7.9258%; height: 33px;\" width=\"47\">X<\/td>\n<td style=\"width: 7.9258%; height: 33px;\" width=\"47\"><\/td>\n<td style=\"width: 7.08263%; height: 33px;\" width=\"42\"><\/td>\n<\/tr>\n<tr style=\"height: 33px;\">\n<td style=\"width: 74.8735%; height: 33px;\" width=\"439\">1 Bata per a pl\u00e0stica amb beta per penjar i nom visible<\/td>\n<td style=\"width: 7.9258%; height: 33px;\" width=\"47\">X<\/td>\n<td style=\"width: 7.9258%; height: 33px;\" width=\"47\">X<\/td>\n<td style=\"width: 7.08263%; height: 33px;\" width=\"42\">X<\/td>\n<\/tr>\n<tr style=\"height: 33px;\">\n<td style=\"width: 74.8735%; height: 33px;\" width=\"439\">1 Ampolla d\u2019aigua reutilitzable<\/td>\n<td style=\"width: 7.9258%; height: 33px;\" width=\"47\">X<\/td>\n<td style=\"width: 7.9258%; height: 33px;\" width=\"47\">X<\/td>\n<td style=\"width: 7.08263%; height: 33px;\" width=\"42\">X<\/td>\n<\/tr>\n<tr style=\"height: 33px;\">\n<td style=\"width: 74.8735%; height: 33px;\" width=\"439\">1 Capsa gran de mocadors de paper<\/td>\n<td style=\"width: 7.9258%; height: 33px;\" width=\"47\">X<\/td>\n<td style=\"width: 7.9258%; height: 33px;\" width=\"47\">X<\/td>\n<td style=\"width: 7.08263%; height: 33px;\" width=\"42\">X<\/td>\n<\/tr>\n<tr style=\"height: 49px;\">\n<td style=\"width: 74.8735%; height: 49px;\" width=\"439\">Sabatilles de psicomotricitat amb velcro dins d\u2019una bossa de roba (es queden a l\u2019escola)<\/td>\n<td style=\"width: 7.9258%; height: 49px;\" width=\"47\">X<\/td>\n<td style=\"width: 7.9258%; height: 49px;\" width=\"47\">X<\/td>\n<td style=\"width: 7.08263%; height: 49px;\" width=\"42\">X<\/td>\n<\/tr>\n<\/tbody>\n<\/table>\n<p>BATES: Cada fam\u00edlia triareu el model de bata que m\u00e9s us agradi, sempre i quan <strong>porti botons<\/strong> <strong>que es cordin al davant, <\/strong>que aquests siguin grans i que els punys siguin amb goma per poder arremangar-se b\u00e9. <strong>No es poden portar bates amb goma al coll.<\/strong><\/p>\n<p>Al final de cada estaci\u00f3 us donarem la muda de recanvi per tal que la canvieu.<\/p>\n<p>La <strong>roba<\/strong> per venir a l\u2019escola ha de ser <strong>c\u00f2moda<\/strong> (no portar petos, ni cremalleres, ni cinturons, ni el\u00e0stics), recomanable vambes amb velcro.Tot ha d\u2019anar <strong>marcat amb el nom <\/strong>(fins i tot el cal\u00e7at esportiu i la roba interior) i tots els abrics, jerseis i bates han de dur una <strong>beta<\/strong> per poder-los penjar.<\/p>\n<div data-canvas-width=\"39.99998243814761\"><\/div>\n<h4 style=\"text-align: left;\" data-canvas-width=\"39.99998243814761\">Cicle Inicial (1r i 2n )<\/h4>\n<ul>\n<li style=\"font-weight: 400;\" aria-level=\"1\"><span style=\"font-weight: 400;\">Capsa de mocadors (tissues).<\/span><\/li>\n<li style=\"font-weight: 400;\" aria-level=\"1\"><span style=\"font-weight: 400;\">Auriculars.<\/span><\/li>\n<li style=\"font-weight: 400;\" aria-level=\"1\"><span style=\"font-weight: 400;\">Bata per pl\u00e0stica.<\/span><\/li>\n<li style=\"font-weight: 400;\" aria-level=\"1\"><span style=\"font-weight: 400;\">Cantimplora.<\/span><\/li>\n<\/ul>\n<p><strong>Educaci\u00f3 F\u00edsica al Cicle Inicial (1r i 2n )<\/strong><\/p>\n<p>Roba c\u00f2moda i esportiva<b>.<\/b><span style=\"font-weight: 400;\"> Les sabates que portin aquell dia millor que siguin amb velcro o f\u00e0cils de posar i treure.<\/span><\/p>\n<p><span style=\"font-weight: 400;\">En una<strong> bossa petita<\/strong> (aquesta bossa de roba de recanvi se l\u2019emportaran a casa quan acabin cada sessi\u00f3).<\/span><\/p>\n<p><b>&#8211;<\/b>Una samarreta de recanvi.<\/p>\n<p>-Una tovallola petita.<\/p>\n<p><b>Per quan vaig a la piscina:<\/b><span style=\"font-weight: 400;\"><br \/>\n<\/span><\/p>\n<p>&#8211; banyador<\/p>\n<p>&#8211; xancles<\/p>\n<p>&#8211; tovallola<\/p>\n<p>&#8211; casquet de bany<\/p>\n<p>&#8211; roba interior<\/p>\n<p>&#8211; ulleres de piscina (opcional)<\/p>\n<p>-necesser<\/p>\n<p><span style=\"font-weight: 400;\">Recomanem\u00a0 que els hi poseu a la motxilla <\/span><b>una bossa de pl\u00e0stic<\/b><span style=\"font-weight: 400;\"> per posar tot el que est\u00e0 mullat.\u00a0<\/span><\/p>\n<p>(TOT MARCAT AMB EL NOM)<\/p>\n<h4 style=\"text-align: left;\">Cicle Mitj\u00e0 (3r i 4t )<\/h4>\n<p>&#8211; Rotlle de paper de cuina .<\/p>\n<p>&#8211; Auriculars<\/p>\n<p>&#8211; Ampolla (reciclable) d&#8217;aigua<\/p>\n<p>&#8211; Cal portar un estoig <strong>petit (<\/strong>el material per escriure el dona l&#8217;escola)<\/p>\n<p>-Ratol\u00ed per ordinador(opcional)<\/p>\n<p>-Samarreta vella o bata per pl\u00e0stic(opcional)<\/p>\n<p><strong>Educaci\u00f3 F\u00edsica al Cicle Mitj\u00e0 (3r i 4t Curs)<\/strong><\/p>\n<p>&#8211; Roba c\u00f2moda i esportiva i cal\u00e7at adequat per fer esport<\/p>\n<p>-3r i 4t: una bosseta de roba per posar a dintre una tovallola petita i una samarreta neta de recanvi<\/p>\n<p>(TOT MARCAT AMB EL NOM)<\/p>\n<h4 style=\"text-align: left;\">Cicle Superior ( 5\u00e8 i 6\u00e8 )<\/h4>\n<p>&#8211; Rotlle de paper de cuina.<\/p>\n<p>&#8211; Auriculars<\/p>\n<p>&#8211; Ampolla (reciclable) d&#8217;aigua<\/p>\n<p>&#8211; Estoig ( el material per escriure el dona l\u2019escola)<\/p>\n<p>&#8211; Comp\u00e0s<\/p>\n<p><strong>Educaci\u00f3 F\u00edsica al Cicle Superior (5\u00e8 i 6\u00e8 )<\/strong><\/p>\n<p>&#8211; Roba c\u00f2moda i esportiva i cal\u00e7at adequat per fer esport<\/p>\n<p>&#8211; Bossa amb estris d&#8217;endre\u00e7a personal: xancletes, tovallola de dutxa, sab\u00f3, desodorant (no amb esprai) i roba de recanvi.<br \/>\n(TOT MARCAT AMB EL NOM)<\/p>\n<p>&nbsp;<\/p>\n","protected":false},"excerpt":{"rendered":"<p>Llibres i reciclatge:<br \/>\nEl reciclatge de llibres \u00e9s un sistema que organitza l\u2019adquisici\u00f3 i socialitzaci\u00f3 dels llibres de text en els cursos superiors, apostant per la conservaci\u00f3, la reutilitzaci\u00f3 i el comprom\u00eds de les fam\u00edlies a fer un bon \u00fas dels llibres i tornar-los al centre&hellip;  <a href=\"https:\/\/agora.xtec.cat\/ceip-vaixell-burriac-vilassar\/lescola\/material-escolar\/\" title=\"Read Material escolar\">Llegeix m\u00e9s\u00bb<\/a><\/p>\n","protected":false},"author":2,"featured_media":0,"parent":22,"menu_order":70,"comment_status":"closed","ping_status":"closed","template":"page-templates\/side-menu.php","meta":{"_bbp_topic_count":0,"_bbp_reply_count":0,"_bbp_total_topic_count":0,"_bbp_total_reply_count":0,"_bbp_voice_count":0,"_bbp_anonymous_reply_count":0,"_bbp_topic_count_hidden":0,"_bbp_reply_count_hidden":0,"_bbp_forum_subforum_count":0,"footnotes":""},"class_list":["post-36","page","type-page","status-publish","hentry"],"post_mailing_queue_ids":[],"_links":{"self":[{"href":"https:\/\/agora.xtec.cat\/ceip-vaixell-burriac-vilassar\/wp-json\/wp\/v2\/pages\/36","targetHints":{"allow":["GET"]}}],"collection":[{"href":"https:\/\/agora.xtec.cat\/ceip-vaixell-burriac-vilassar\/wp-json\/wp\/v2\/pages"}],"about":[{"href":"https:\/\/agora.xtec.cat\/ceip-vaixell-burriac-vilassar\/wp-json\/wp\/v2\/types\/page"}],"author":[{"embeddable":true,"href":"https:\/\/agora.xtec.cat\/ceip-vaixell-burriac-vilassar\/wp-json\/wp\/v2\/users\/2"}],"replies":[{"embeddable":true,"href":"https:\/\/agora.xtec.cat\/ceip-vaixell-burriac-vilassar\/wp-json\/wp\/v2\/comments?post=36"}],"version-history":[{"count":8,"href":"https:\/\/agora.xtec.cat\/ceip-vaixell-burriac-vilassar\/wp-json\/wp\/v2\/pages\/36\/revisions"}],"predecessor-version":[{"id":14115,"href":"https:\/\/agora.xtec.cat\/ceip-vaixell-burriac-vilassar\/wp-json\/wp\/v2\/pages\/36\/revisions\/14115"}],"up":[{"embeddable":true,"href":"https:\/\/agora.xtec.cat\/ceip-vaixell-burriac-vilassar\/wp-json\/wp\/v2\/pages\/22"}],"wp:attachment":[{"href":"https:\/\/agora.xtec.cat\/ceip-vaixell-burriac-vilassar\/wp-json\/wp\/v2\/media?parent=36"}],"curies":[{"name":"wp","href":"https:\/\/api.w.org\/{rel}","templated":true}]}}