{"id":32,"date":"2014-09-18T12:31:33","date_gmt":"2014-09-18T12:31:33","guid":{"rendered":"http:\/\/agora.xtec.cat\/ceip-vaixell-burriac-vilassar\/?page_id=32"},"modified":"2025-08-05T10:43:48","modified_gmt":"2025-08-05T08:43:48","slug":"calendari-del-curs","status":"publish","type":"page","link":"https:\/\/agora.xtec.cat\/ceip-vaixell-burriac-vilassar\/lescola\/calendari-del-curs\/","title":{"rendered":"Calendari escolar"},"content":{"rendered":"<h4>Inici del curs 2025-26:<\/h4>\n<p>8 de setembre de 2025<\/p>\n<p>9\u202fh-16.30\u202fh. Horari lectiu.<\/p>\n<p>12.30\u202fh-15\u202fh.\u00a0 Menjador\/casa.<\/p>\n<h4>Vacances:<\/h4>\n<p>Nadal: Del 20 de desembre de 2025 al 7 de gener de 2026 (ambd\u00f3s inclosos).<\/p>\n<p>Setmana Santa: Del 30 de mar\u00e7 al 6 d\u2019abril de 2026 (ambd\u00f3s inclosos).<\/p>\n<p>Final de les classes: 19 de juny de 2026.<\/p>\n<h4>Dies festius, de lliure disposici\u00f3 i festes locals:<\/h4>\n<p>11 de setembre de 2025<\/p>\n<p>10 d\u2019octubre de 2025<\/p>\n<p>17 de novembre de 2025<\/p>\n<p>8 de desembre de 2025<\/p>\n<p>16 de febrer de 2026<\/p>\n<p>13 de mar\u00e7 de 2026<\/p>\n<p>30 d&#8217;abril i 1 de maig de 2026<\/p>\n<p>25 de maig de 2026<\/p>\n<p>25 de juny de 2026<\/p>\n<h4>Jornada compactada (9\u202fh a 13\u202fh):<\/h4>\n<p>El dia 19 de desembre de 2025 i del 8 al 19 de juny de 2026 (ambd\u00f3s inclosos).<\/p>\n<h4>Horari lectiu del centre<\/h4>\n<p>L\u2019horari lectiu de tots els alumnes de l\u2019escola ser\u00e0 de 9 h a 12:30 h i de 15 h a 16:30 h.<\/p>\n<p><strong>IMPORTANT:<\/strong><\/p>\n<p>Per a l&#8217;alumnat que inicia l\u2019escolaritzaci\u00f3 a I3 s\u2019organitza un breu per\u00edode d\u2019adaptaci\u00f3 que suposa una certa modificaci\u00f3 dels horaris dels primers dies de classe, i que es fa saber a les fam\u00edlies en les reunions pr\u00e8vies corresponents.<\/p>\n<h4><\/h4>\n<h4>Podeu consultar el calendari per imprimir:<a href=\"https:\/\/drive.google.com\/file\/d\/1XMKCw_3iRtwoGE5cnGzR9pH7C-ejb0au\/view?usp=sharing\" target=\"_blank\" rel=\"noopener\"> Calendari escolar 2025-26<\/a><\/h4>\n<p>&nbsp;<\/p>\n","protected":false},"excerpt":{"rendered":"<p>Inici del curs 2025-26:<br \/>\n8 de setembre de 2025<br \/>\n9\u202fh-16.30\u202fh. Horari lectiu.<br \/>\n12.30\u202fh-15\u202fh.\u00a0 Menjador\/casa.<br \/>\nVacances:<br \/>\nNadal: Del 20 de desembre de 2025 al 7 de gener de 2026 (ambd\u00f3s inclosos).<br \/>\nSetmana Santa: Del 30 de mar\u00e7 al 6 d\u2019abril de 2026 (ambd\u00f3s inclosos).<br \/>\nFinal de les classes: 19 de juny de 2026.<br \/>\nDies&hellip;  <a href=\"https:\/\/agora.xtec.cat\/ceip-vaixell-burriac-vilassar\/lescola\/calendari-del-curs\/\" title=\"Read Calendari escolar\">Llegeix m\u00e9s\u00bb<\/a><\/p>\n","protected":false},"author":2,"featured_media":0,"parent":22,"menu_order":50,"comment_status":"closed","ping_status":"closed","template":"page-templates\/side-menu.php","meta":{"_bbp_topic_count":0,"_bbp_reply_count":0,"_bbp_total_topic_count":0,"_bbp_total_reply_count":0,"_bbp_voice_count":0,"_bbp_anonymous_reply_count":0,"_bbp_topic_count_hidden":0,"_bbp_reply_count_hidden":0,"_bbp_forum_subforum_count":0,"footnotes":""},"class_list":["post-32","page","type-page","status-publish","hentry"],"post_mailing_queue_ids":[],"_links":{"self":[{"href":"https:\/\/agora.xtec.cat\/ceip-vaixell-burriac-vilassar\/wp-json\/wp\/v2\/pages\/32","targetHints":{"allow":["GET"]}}],"collection":[{"href":"https:\/\/agora.xtec.cat\/ceip-vaixell-burriac-vilassar\/wp-json\/wp\/v2\/pages"}],"about":[{"href":"https:\/\/agora.xtec.cat\/ceip-vaixell-burriac-vilassar\/wp-json\/wp\/v2\/types\/page"}],"author":[{"embeddable":true,"href":"https:\/\/agora.xtec.cat\/ceip-vaixell-burriac-vilassar\/wp-json\/wp\/v2\/users\/2"}],"replies":[{"embeddable":true,"href":"https:\/\/agora.xtec.cat\/ceip-vaixell-burriac-vilassar\/wp-json\/wp\/v2\/comments?post=32"}],"version-history":[{"count":7,"href":"https:\/\/agora.xtec.cat\/ceip-vaixell-burriac-vilassar\/wp-json\/wp\/v2\/pages\/32\/revisions"}],"predecessor-version":[{"id":14158,"href":"https:\/\/agora.xtec.cat\/ceip-vaixell-burriac-vilassar\/wp-json\/wp\/v2\/pages\/32\/revisions\/14158"}],"up":[{"embeddable":true,"href":"https:\/\/agora.xtec.cat\/ceip-vaixell-burriac-vilassar\/wp-json\/wp\/v2\/pages\/22"}],"wp:attachment":[{"href":"https:\/\/agora.xtec.cat\/ceip-vaixell-burriac-vilassar\/wp-json\/wp\/v2\/media?parent=32"}],"curies":[{"name":"wp","href":"https:\/\/api.w.org\/{rel}","templated":true}]}}