{"id":30,"date":"2014-09-18T12:30:23","date_gmt":"2014-09-18T12:30:23","guid":{"rendered":"http:\/\/agora.xtec.cat\/ceip-vaixell-burriac-vilassar\/?page_id=30"},"modified":"2019-02-25T12:55:27","modified_gmt":"2019-02-25T11:55:27","slug":"instal%c2%b7lacions","status":"publish","type":"page","link":"https:\/\/agora.xtec.cat\/ceip-vaixell-burriac-vilassar\/lescola\/instal%c2%b7lacions\/","title":{"rendered":"Instal\u00b7lacions"},"content":{"rendered":"<p>&nbsp;<\/p>\n<p><strong>Podeu veure fotografies de les instal.lacions de l&#8217;escola clicant<\/strong> <a href=\"https:\/\/photos.app.goo.gl\/HmecSVin253gi7t19\" target=\"_blank\" rel=\"noopener\">l&#8217;enlla\u00e7<\/a><\/p>\n<p><strong>V\u00eddeo de les instal.lacions de l&#8217;escola:<\/strong><\/p>\n<p><iframe loading=\"lazy\" title=\"Instal.lacions Escola Vaixell Burriac\" width=\"500\" height=\"281\" src=\"https:\/\/www.youtube.com\/embed\/o20EtVmcHv4?feature=oembed\" frameborder=\"0\" allow=\"accelerometer; autoplay; clipboard-write; encrypted-media; gyroscope; picture-in-picture; web-share\" referrerpolicy=\"strict-origin-when-cross-origin\" allowfullscreen><\/iframe><\/p>\n<h5>L&#8217;escola consta de dos edificis:<\/h5>\n<h5><strong>Edifici d&#8217;Educaci\u00f3 Infantil:<\/strong><\/h5>\n<p>-Amb dues aules de P3 i dues de P4.<\/p>\n<p>Totes les aules tenen instal.lades PDI (Pissarra Digital Interactiva) amb projector, sistema d&#8217;altaveus de so i ordinador.<\/p>\n<p>-Ampli espai per a fer Racons, tant a les aules com al vest\u00edbul, amb tablets al servei dels alumnes.<\/p>\n<p>-Una tutoria.<\/p>\n<p>-Dues zones d&#8217;esbajo adaptades per l&#8217;edat dels nostres alumnes amb sorral, material de pati, tobogans i casetes de joc<strong>.<\/strong><\/p>\n<h5><strong>Edifici de Prim\u00e0ria:<\/strong><\/h5>\n<p>-Amb dues aules de P5 i dotze aules de Prim\u00e0ria.<\/p>\n<p>Totes les aules tenen instal.lades PDI (Pissarra Digital Interactiva) amb projector, sistema d&#8217;altaveus de so i ordinador.<\/p>\n<p>-Dues aules d&#8217;Educaci\u00f3 Especial.<\/p>\n<p>-Biblioteca.<\/p>\n<p>-Dues aules d&#8217;Inform\u00e0tica equipades amb projector, pissarra, ordinadors de taula i port\u00e0tils i auriculars d&#8217;\u00fas individual per a cada alumne.<\/p>\n<p>-Chromebooks al servei dels alumnes per a potenciar el treball cooperatiu i de recerca.<\/p>\n<p>-Gimn\u00e0s amb dos vestidors.<\/p>\n<p>-Aula d&#8217;Angl\u00e8s de Prim\u00e0ria amb projector, pissarra, sistema de so i Chromebooks al servei dels alumnes.<\/p>\n<p>-Aula de Racons d&#8217;Angl\u00e8s d&#8217;Educaci\u00f3 Infantil amb pissarra, projector, sistema de so i ordinadors port\u00e0tils al servei dels alumnes.<\/p>\n<p>-Aula de M\u00fasica amb projector, pantalla, sistema de so i ordinador.<\/p>\n<p>-Cuina i menjador escolar amb projector, pantalla, sistema de so i ordinador.<\/p>\n<p>-Sala d&#8217;Actes.<\/p>\n<p>-Ascensor.<\/p>\n<p>-Dues zones d&#8217;esbajo per a Prim\u00e0ria: Una pista \u00e0mplia i un pati tranquil.<\/p>\n<h5><strong>-Despatxos i tutories:<\/strong><\/h5>\n<p>-Despatx de Direcci\u00f3.<\/p>\n<p>-Secretaria.<\/p>\n<p>-Sala de Mestres.<\/p>\n<p>-Dues tutories<\/p>\n<p>-Consergeria<\/p>\n<p>&nbsp;<\/p>\n<p>&nbsp;<\/p>\n","protected":false},"excerpt":{"rendered":"<p>&nbsp;<br \/>\nPodeu veure fotografies de les instal.lacions de l&#8217;escola clicant <a href=\"https:\/\/photos.app.goo.gl\/HmecSVin253gi7t19\" target=\"_blank\" rel=\"noopener\">l&#8217;enlla\u00e7<\/a><br \/>\nV\u00eddeo de les instal.lacions de l&#8217;escola:<\/p>\n<p>L&#8217;escola consta de dos edificis:<br \/>\nEdifici d&#8217;Educaci\u00f3 Infantil:<br \/>\n-Amb dues aules de P3 i dues de P4.<br \/>\nTotes les aules tenen instal.lades PDI (Pissarra Digital Interactiva) amb projector, sistema d&#8217;altaveus de&hellip;  <a href=\"https:\/\/agora.xtec.cat\/ceip-vaixell-burriac-vilassar\/lescola\/instal%c2%b7lacions\/\" title=\"Read Instal\u00b7lacions\">Llegeix m\u00e9s\u00bb<\/a><\/p>\n","protected":false},"author":2,"featured_media":0,"parent":22,"menu_order":40,"comment_status":"closed","ping_status":"closed","template":"page-templates\/side-menu.php","meta":{"_bbp_topic_count":0,"_bbp_reply_count":0,"_bbp_total_topic_count":0,"_bbp_total_reply_count":0,"_bbp_voice_count":0,"_bbp_anonymous_reply_count":0,"_bbp_topic_count_hidden":0,"_bbp_reply_count_hidden":0,"_bbp_forum_subforum_count":0,"footnotes":""},"class_list":["post-30","page","type-page","status-publish","hentry"],"post_mailing_queue_ids":[],"_links":{"self":[{"href":"https:\/\/agora.xtec.cat\/ceip-vaixell-burriac-vilassar\/wp-json\/wp\/v2\/pages\/30","targetHints":{"allow":["GET"]}}],"collection":[{"href":"https:\/\/agora.xtec.cat\/ceip-vaixell-burriac-vilassar\/wp-json\/wp\/v2\/pages"}],"about":[{"href":"https:\/\/agora.xtec.cat\/ceip-vaixell-burriac-vilassar\/wp-json\/wp\/v2\/types\/page"}],"author":[{"embeddable":true,"href":"https:\/\/agora.xtec.cat\/ceip-vaixell-burriac-vilassar\/wp-json\/wp\/v2\/users\/2"}],"replies":[{"embeddable":true,"href":"https:\/\/agora.xtec.cat\/ceip-vaixell-burriac-vilassar\/wp-json\/wp\/v2\/comments?post=30"}],"version-history":[{"count":3,"href":"https:\/\/agora.xtec.cat\/ceip-vaixell-burriac-vilassar\/wp-json\/wp\/v2\/pages\/30\/revisions"}],"predecessor-version":[{"id":6633,"href":"https:\/\/agora.xtec.cat\/ceip-vaixell-burriac-vilassar\/wp-json\/wp\/v2\/pages\/30\/revisions\/6633"}],"up":[{"embeddable":true,"href":"https:\/\/agora.xtec.cat\/ceip-vaixell-burriac-vilassar\/wp-json\/wp\/v2\/pages\/22"}],"wp:attachment":[{"href":"https:\/\/agora.xtec.cat\/ceip-vaixell-burriac-vilassar\/wp-json\/wp\/v2\/media?parent=30"}],"curies":[{"name":"wp","href":"https:\/\/api.w.org\/{rel}","templated":true}]}}