{"id":292,"date":"2015-05-14T22:46:54","date_gmt":"2015-05-14T21:46:54","guid":{"rendered":"http:\/\/agora.xtec.cat\/ceip-vaixell-burriac-vilassar\/?page_id=292"},"modified":"2026-02-13T16:21:15","modified_gmt":"2026-02-13T15:21:15","slug":"matriculacio-2","status":"publish","type":"page","link":"https:\/\/agora.xtec.cat\/ceip-vaixell-burriac-vilassar\/secretaria\/matriculacio-2\/","title":{"rendered":"Matr\u00edcula"},"content":{"rendered":"<section class=\"padding-xs padding-sm padding-md colorSectionOdd\">\n<article class=\"container fullcontainer-xs\">\n<div class=\"row\">\n<div>\n<div id=\"center_4R\">\n<div id=\"llista_5a1b3df3-5a45-11eb-a3c0-005056924a59_5a1b3df4-5a45-11eb-a3c0-005056924a59\" class=\"fpca_llista_enllacIcones formatter_body\">\n<div class=\"wrapper_llista_enllacIcones\">\n<h2 class=\"header2 pd-15 pd-30\">A l&#8217;hora de formalitzar la matr\u00edcula<\/h2>\n<ul>\n<li>Podeu consultar la informaci\u00f3 al <a href=\"https:\/\/preinscripcio.gencat.cat\/ca\/inici\/\" target=\"_blank\" rel=\"noopener noreferrer\">web del Departament<\/a>\n<div class=\"col icon-col\">\n<div class=\"icon\"><\/div>\n<\/div>\n<div class=\"col content-col\">\n<h3><\/h3>\n<h3>Matr\u00edcula<\/h3>\n<div class=\"bloc-mobil\">\n<div class=\"descripcio\">\n<p style=\"text-align: justify;\">Un cop s&#8217;ha publicat la llista final d&#8217;alumnes admesos en cada centre, comen\u00e7a el per\u00edode de matriculaci\u00f3 dels preinscrits amb pla\u00e7a assignada.<\/p>\n<\/div>\n<\/div>\n<\/div>\n<\/li>\n<\/ul>\n<\/div>\n<\/div>\n<\/div>\n<\/div>\n<\/div>\n<\/article>\n<\/section>\n<p style=\"text-align: justify;\">Per matricular-se cal presentar:<\/p>\n<ol>\n<li style=\"text-align: justify;\">Una fotoc\u00f2pia del <strong>carnet de vacunacions<\/strong> on constin les dosis de vacunes rebudes i les dates corresponents.<br \/>\n&#8211; Si no es t\u00e9 carnet de vacunacions cal presentar un certificat m\u00e8dic oficial o el carnet de salut amb les dosis de vacuna rebudes I les dates corresponents.<br \/>\n&#8211; Si el nen o la nena no han estat vacunats per indicaci\u00f3 m\u00e8dica o per altres circumst\u00e0ncies, cal presentar un certificat m\u00e8dic oficial justificatiu.<\/li>\n<li style=\"text-align: justify;\"><strong>DNI<\/strong><\/li>\n<li style=\"text-align: justify;\"><strong>Targeta Sanit\u00e0ria<\/strong> o equivalent (MUFACE).<\/li>\n<li style=\"text-align: justify;\">\u00a0<strong>2 fotografies de carnet<\/strong> actuals del nen\/a.<\/li>\n<\/ol>\n","protected":false},"excerpt":{"rendered":"<p>A l&#8217;hora de formalitzar la matr\u00edcula<\/p>\n<ul>\n<li>Podeu consultar la informaci\u00f3 al <a href=\"https:\/\/preinscripcio.gencat.cat\/ca\/inici\/\" target=\"_blank\" rel=\"noopener noreferrer\">web del Departament<\/a>\n<p>Matr\u00edcula<\/p>\n<p>Un cop s&#8217;ha publicat la llista final d&#8217;alumnes admesos en cada centre, comen\u00e7a el per\u00edode de matriculaci\u00f3 dels preinscrits amb pla\u00e7a assignada.<\/p>\n<\/li>\n<\/ul>\n<p>Per matricular-se cal presentar:<\/p>\n<ol>\n<li style=\"text-align: justify;\">Una fotoc\u00f2pia del&hellip;  <a href=\"https:\/\/agora.xtec.cat\/ceip-vaixell-burriac-vilassar\/secretaria\/matriculacio-2\/\" title=\"Read Matr\u00edcula\">Llegeix m\u00e9s\u00bb<\/a><br \/>\n","protected":false},"author":1,"featured_media":0,"parent":198,"menu_order":30,"comment_status":"closed","ping_status":"closed","template":"page-templates\/side-menu.php","meta":{"_bbp_topic_count":0,"_bbp_reply_count":0,"_bbp_total_topic_count":0,"_bbp_total_reply_count":0,"_bbp_voice_count":0,"_bbp_anonymous_reply_count":0,"_bbp_topic_count_hidden":0,"_bbp_reply_count_hidden":0,"_bbp_forum_subforum_count":0,"footnotes":""},"class_list":["post-292","page","type-page","status-publish","hentry"],"post_mailing_queue_ids":[],"_links":{"self":[{"href":"https:\/\/agora.xtec.cat\/ceip-vaixell-burriac-vilassar\/wp-json\/wp\/v2\/pages\/292","targetHints":{"allow":["GET"]}}],"collection":[{"href":"https:\/\/agora.xtec.cat\/ceip-vaixell-burriac-vilassar\/wp-json\/wp\/v2\/pages"}],"about":[{"href":"https:\/\/agora.xtec.cat\/ceip-vaixell-burriac-vilassar\/wp-json\/wp\/v2\/types\/page"}],"author":[{"embeddable":true,"href":"https:\/\/agora.xtec.cat\/ceip-vaixell-burriac-vilassar\/wp-json\/wp\/v2\/users\/1"}],"replies":[{"embeddable":true,"href":"https:\/\/agora.xtec.cat\/ceip-vaixell-burriac-vilassar\/wp-json\/wp\/v2\/comments?post=292"}],"version-history":[{"count":8,"href":"https:\/\/agora.xtec.cat\/ceip-vaixell-burriac-vilassar\/wp-json\/wp\/v2\/pages\/292\/revisions"}],"predecessor-version":[{"id":14356,"href":"https:\/\/agora.xtec.cat\/ceip-vaixell-burriac-vilassar\/wp-json\/wp\/v2\/pages\/292\/revisions\/14356"}],"up":[{"embeddable":true,"href":"https:\/\/agora.xtec.cat\/ceip-vaixell-burriac-vilassar\/wp-json\/wp\/v2\/pages\/198"}],"wp:attachment":[{"href":"https:\/\/agora.xtec.cat\/ceip-vaixell-burriac-vilassar\/wp-json\/wp\/v2\/media?parent=292"}],"curies":[{"name":"wp","href":"https:\/\/api.w.org\/{rel}","templated":true}]}}