{"id":289,"date":"2015-05-14T22:45:38","date_gmt":"2015-05-14T21:45:38","guid":{"rendered":"http:\/\/agora.xtec.cat\/ceip-vaixell-burriac-vilassar\/?page_id=289"},"modified":"2026-03-23T15:40:54","modified_gmt":"2026-03-23T14:40:54","slug":"preinscripcions-2","status":"publish","type":"page","link":"https:\/\/agora.xtec.cat\/ceip-vaixell-burriac-vilassar\/secretaria\/preinscripcions-2\/","title":{"rendered":"Preinscripcions"},"content":{"rendered":"<h3 style=\"text-align: left;\"><strong>INFORMACI\u00d3 PREINSCRIPCI\u00d3 del curs 2026-2027:<\/strong><\/h3>\n<p style=\"text-align: left;\">-Per a informar-vos sobre la preinscripci\u00f3 i matr\u00edcula per al curs 2026-27 consulteu: <a href=\"https:\/\/preinscripcio.gencat.cat\/ca\/inici\/\" target=\"_blank\" rel=\"noopener noreferrer\">Web del Departament <\/a>.<\/p>\n<p style=\"text-align: left;\">-Tamb\u00e9 podeu trobar informaci\u00f3 al <a href=\"https:\/\/www.vilassardemar.cat\/temes\/educacio-i-formacio\/preinscripcio-escolar\" target=\"_blank\" rel=\"noopener\">web de L&#8217;Ajuntament de Vilassar de Mar<\/a><\/p>\n<h3><b>CALENDARI PER AL SEGON CICLE D&#8217;EDUCACI\u00d3 INFANTIL I EDUCACI\u00d3 PRIM\u00c0RIA:<\/b><\/h3>\n<ul>\n<li>\n<h4><b>Per\u00edode de preinscripci\u00f3 del 4 al 18 de mar\u00e7 de 2026<br \/>\n<\/b><\/h4>\n<\/li>\n<\/ul>\n<p>La preinscripci\u00f3 es fa online a trav\u00e9s de la <a href=\"https:\/\/preinscripcio.gencat.cat\/ca\/inici\/\" target=\"_blank\" rel=\"noopener\">web del Departament<\/a>. Si teniu alguna dificultat, truqueu al centre.<\/p>\n<p><strong>CODI DE L&#8217;ESCOLA VAIXELL BURRIAC<\/strong> per a omplir el formulari de preinscripci\u00f3: <strong>08041696<\/strong><\/p>\n","protected":false},"excerpt":{"rendered":"<p>INFORMACI\u00d3 PREINSCRIPCI\u00d3 del curs 2026-2027:<br \/>\n-Per a informar-vos sobre la preinscripci\u00f3 i matr\u00edcula per al curs 2026-27 consulteu: <a href=\"https:\/\/preinscripcio.gencat.cat\/ca\/inici\/\" target=\"_blank\" rel=\"noopener noreferrer\">Web del Departament <\/a>.<br \/>\n-Tamb\u00e9 podeu trobar informaci\u00f3 al <a href=\"https:\/\/www.vilassardemar.cat\/temes\/educacio-i-formacio\/preinscripcio-escolar\" target=\"_blank\" rel=\"noopener\">web de L&#8217;Ajuntament de Vilassar de Mar<\/a><br \/>\nCALENDARI PER AL SEGON CICLE D&#8217;EDUCACI\u00d3 INFANTIL&hellip;  <a href=\"https:\/\/agora.xtec.cat\/ceip-vaixell-burriac-vilassar\/secretaria\/preinscripcions-2\/\" title=\"Read Preinscripcions\">Llegeix m\u00e9s\u00bb<\/a><\/p>\n","protected":false},"author":1,"featured_media":0,"parent":198,"menu_order":20,"comment_status":"closed","ping_status":"closed","template":"page-templates\/side-menu.php","meta":{"_bbp_topic_count":0,"_bbp_reply_count":0,"_bbp_total_topic_count":0,"_bbp_total_reply_count":0,"_bbp_voice_count":0,"_bbp_anonymous_reply_count":0,"_bbp_topic_count_hidden":0,"_bbp_reply_count_hidden":0,"_bbp_forum_subforum_count":0,"footnotes":""},"class_list":["post-289","page","type-page","status-publish","hentry"],"post_mailing_queue_ids":[],"_links":{"self":[{"href":"https:\/\/agora.xtec.cat\/ceip-vaixell-burriac-vilassar\/wp-json\/wp\/v2\/pages\/289","targetHints":{"allow":["GET"]}}],"collection":[{"href":"https:\/\/agora.xtec.cat\/ceip-vaixell-burriac-vilassar\/wp-json\/wp\/v2\/pages"}],"about":[{"href":"https:\/\/agora.xtec.cat\/ceip-vaixell-burriac-vilassar\/wp-json\/wp\/v2\/types\/page"}],"author":[{"embeddable":true,"href":"https:\/\/agora.xtec.cat\/ceip-vaixell-burriac-vilassar\/wp-json\/wp\/v2\/users\/1"}],"replies":[{"embeddable":true,"href":"https:\/\/agora.xtec.cat\/ceip-vaixell-burriac-vilassar\/wp-json\/wp\/v2\/comments?post=289"}],"version-history":[{"count":7,"href":"https:\/\/agora.xtec.cat\/ceip-vaixell-burriac-vilassar\/wp-json\/wp\/v2\/pages\/289\/revisions"}],"predecessor-version":[{"id":14414,"href":"https:\/\/agora.xtec.cat\/ceip-vaixell-burriac-vilassar\/wp-json\/wp\/v2\/pages\/289\/revisions\/14414"}],"up":[{"embeddable":true,"href":"https:\/\/agora.xtec.cat\/ceip-vaixell-burriac-vilassar\/wp-json\/wp\/v2\/pages\/198"}],"wp:attachment":[{"href":"https:\/\/agora.xtec.cat\/ceip-vaixell-burriac-vilassar\/wp-json\/wp\/v2\/media?parent=289"}],"curies":[{"name":"wp","href":"https:\/\/api.w.org\/{rel}","templated":true}]}}