{"id":220,"date":"2015-05-13T21:46:41","date_gmt":"2015-05-13T20:46:41","guid":{"rendered":"http:\/\/agora.xtec.cat\/ceip-vaixell-burriac-vilassar\/?page_id=220"},"modified":"2015-05-19T21:31:59","modified_gmt":"2015-05-19T20:31:59","slug":"especialitats","status":"publish","type":"page","link":"https:\/\/agora.xtec.cat\/ceip-vaixell-burriac-vilassar\/especialitats\/","title":{"rendered":"Especialitats"},"content":{"rendered":"<p><strong>BENVINGUTS i BENVINGUDES<\/strong><\/p>\n<p>Podeu visitar els blogs d&#8217;Educaci\u00f3 F\u00edsica, Llengua Anglesa i M\u00fasica.<\/p>\n","protected":false},"excerpt":{"rendered":"<p>BENVINGUTS i BENVINGUDES<br \/>\nPodeu visitar els blogs d&#8217;Educaci\u00f3 F\u00edsica, Llengua Anglesa i M\u00fasica.<\/p>\n","protected":false},"author":1,"featured_media":0,"parent":0,"menu_order":0,"comment_status":"closed","ping_status":"closed","template":"page-templates\/side-menu.php","meta":{"_bbp_topic_count":0,"_bbp_reply_count":0,"_bbp_total_topic_count":0,"_bbp_total_reply_count":0,"_bbp_voice_count":0,"_bbp_anonymous_reply_count":0,"_bbp_topic_count_hidden":0,"_bbp_reply_count_hidden":0,"_bbp_forum_subforum_count":0,"footnotes":""},"class_list":["post-220","page","type-page","status-publish","hentry"],"post_mailing_queue_ids":[],"_links":{"self":[{"href":"https:\/\/agora.xtec.cat\/ceip-vaixell-burriac-vilassar\/wp-json\/wp\/v2\/pages\/220","targetHints":{"allow":["GET"]}}],"collection":[{"href":"https:\/\/agora.xtec.cat\/ceip-vaixell-burriac-vilassar\/wp-json\/wp\/v2\/pages"}],"about":[{"href":"https:\/\/agora.xtec.cat\/ceip-vaixell-burriac-vilassar\/wp-json\/wp\/v2\/types\/page"}],"author":[{"embeddable":true,"href":"https:\/\/agora.xtec.cat\/ceip-vaixell-burriac-vilassar\/wp-json\/wp\/v2\/users\/1"}],"replies":[{"embeddable":true,"href":"https:\/\/agora.xtec.cat\/ceip-vaixell-burriac-vilassar\/wp-json\/wp\/v2\/comments?post=220"}],"version-history":[{"count":3,"href":"https:\/\/agora.xtec.cat\/ceip-vaixell-burriac-vilassar\/wp-json\/wp\/v2\/pages\/220\/revisions"}],"predecessor-version":[{"id":455,"href":"https:\/\/agora.xtec.cat\/ceip-vaixell-burriac-vilassar\/wp-json\/wp\/v2\/pages\/220\/revisions\/455"}],"wp:attachment":[{"href":"https:\/\/agora.xtec.cat\/ceip-vaixell-burriac-vilassar\/wp-json\/wp\/v2\/media?parent=220"}],"curies":[{"name":"wp","href":"https:\/\/api.w.org\/{rel}","templated":true}]}}