{"id":22,"date":"2014-09-18T12:19:57","date_gmt":"2014-09-18T12:19:57","guid":{"rendered":"http:\/\/agora.xtec.cat\/ceip-vaixell-burriac-vilassar\/?page_id=22"},"modified":"2020-10-11T12:19:40","modified_gmt":"2020-10-11T10:19:40","slug":"lescola","status":"publish","type":"page","link":"https:\/\/agora.xtec.cat\/ceip-vaixell-burriac-vilassar\/lescola\/","title":{"rendered":"L&#8217;escola"},"content":{"rendered":"<p>Us recomanem que visiteu les diferents p\u00e0gines informatives del Centre.<\/p>\n<h4><strong>Trets d\u2019Identitat:<\/strong><\/h4>\n<p style=\"text-align: justify;\">L\u2019Escola pret\u00e9n el desenvolupament integral dels alumnes a partir de potenciar les seves capacitats cognitives, afectives, socials i psicomotrius per tal que, d\u2019una manera progressiva, puguin interactuar en l\u2019entorn de forma responsable i modificar-lo si \u00e9s necessari.<\/p>\n<p style=\"text-align: justify;\">La nostra Escola vol caracteritzar-se per ser:<\/p>\n<p style=\"text-align: justify;\"><strong>Democr\u00e0tica.<\/strong><\/p>\n<p style=\"text-align: justify;\">La gesti\u00f3 de l\u2019Escola es fa a trav\u00e9s dels \u00f2rgans de govern elegits democr\u00e0ticament els quals representen els diferents sectors de la comunitat educativa.<\/p>\n<p><strong>Plural.<\/strong><\/p>\n<p style=\"text-align: justify;\">L\u2019Escola respecta aquelles creences i corrents de pensament que no contradiuen el marc de la normativa vigent de l\u2019administraci\u00f3 estatal i\/o auton\u00f2mica ni els drets humans universals..<\/p>\n<p style=\"text-align: justify;\"><strong>Participativa.<\/strong><\/p>\n<p style=\"text-align: justify;\">Som una escola oberta, sensible a les inquietuds de l\u2019entorn; disposada sempre a emprendre i\/o col\u00b7laborar en iniciatives en favor d\u2019una societat m\u00e9s ecol\u00f2gica, justa i solid\u00e0ria.<\/p>\n<p style=\"text-align: justify;\"><strong>Educadora per la Pau i la Conviv\u00e8ncia.<\/strong><\/p>\n<p style=\"text-align: justify;\">La nostra escola es declara en contra de la viol\u00e8ncia tant f\u00edsica com verbal. Fomentem el di\u00e0leg en considerar-lo fonamental per a la resoluci\u00f3 de conflictes individuals i col\u00b7lectius, tant en l\u2019\u00e0mbit privat com en el p\u00fablic. Ens posicionem al costat dels moviments socials que procuren la pau.<\/p>\n<p style=\"text-align: justify;\"><strong>Aconfessional.<\/strong><\/p>\n<p style=\"text-align: justify;\">La nostra escola \u00e9s aconfessional i respecta les creences religioses de tots els membres que componen la comunitat educativa sempre i quan llurs manifestacions no tinguin per objecte l\u2019adoctrinament o siguin motiu de conflicte per a la conviv\u00e8ncia.<\/p>\n<p style=\"text-align: justify;\"><strong>Catalana.<\/strong><\/p>\n<p style=\"text-align: justify;\">Som una escola catalana i la llengua vehicular entre tots els membres de la comunitat \u00e9s el catal\u00e0.<\/p>\n<p style=\"text-align: justify;\">Celebrem les festes populars catalanes que marquen la vida quotidiana de la societat que ens envolta.<\/p>\n<p style=\"text-align: justify;\"><strong>Sana i Saludable.<\/strong><\/p>\n<p style=\"text-align: justify;\">L\u2019Escola es caracteritza per esdevenir un entorn que afavoreixi la salut i garanteix el desenvolupament f\u00edsic, ps\u00edquic, afectiu i social dels nens i les nenes.<\/p>\n<p style=\"text-align: justify;\"><strong>Respectuosa amb el medi ambient.<\/strong><\/p>\n<p style=\"text-align: justify;\">Ens proposem aconseguir respecte per a l\u2019entorn m\u00e9s immediat (classe, escola, casa, municipi) i per a l\u2019entorn ambiental. Col\u00b7laborem en promoure la conservaci\u00f3 del medi ambient.<\/p>\n<p style=\"text-align: justify;\"><strong>Educadora en valors.<\/strong><\/p>\n<p style=\"text-align: justify;\">Vetllem per a que els nens i les nenes desenvolupin tots els valors i les seves capacitats. Potenciem la seva autonomia i responsabilitat amb esperit d\u2019esfor\u00e7 perqu\u00e8 esdevinguin persones solid\u00e0ries, respectuoses i compromeses en la diversitat.<\/p>\n<p style=\"text-align: justify;\">\n","protected":false},"excerpt":{"rendered":"<p>Us recomanem que visiteu les diferents p\u00e0gines informatives del Centre.<br \/>\nTrets d\u2019Identitat:<br \/>\nL\u2019Escola pret\u00e9n el desenvolupament integral dels alumnes a partir de potenciar les seves capacitats cognitives, afectives, socials i psicomotrius per tal que, d\u2019una manera progressiva, puguin interactuar en l\u2019entorn de forma responsable i modificar-lo si&hellip;  <a href=\"https:\/\/agora.xtec.cat\/ceip-vaixell-burriac-vilassar\/lescola\/\" title=\"Read L&#8217;escola\">Llegeix m\u00e9s\u00bb<\/a><\/p>\n","protected":false},"author":2,"featured_media":0,"parent":0,"menu_order":0,"comment_status":"closed","ping_status":"closed","template":"page-templates\/side-menu.php","meta":{"_bbp_topic_count":0,"_bbp_reply_count":0,"_bbp_total_topic_count":0,"_bbp_total_reply_count":0,"_bbp_voice_count":0,"_bbp_anonymous_reply_count":0,"_bbp_topic_count_hidden":0,"_bbp_reply_count_hidden":0,"_bbp_forum_subforum_count":0,"footnotes":""},"class_list":["post-22","page","type-page","status-publish","hentry"],"post_mailing_queue_ids":[],"_links":{"self":[{"href":"https:\/\/agora.xtec.cat\/ceip-vaixell-burriac-vilassar\/wp-json\/wp\/v2\/pages\/22","targetHints":{"allow":["GET"]}}],"collection":[{"href":"https:\/\/agora.xtec.cat\/ceip-vaixell-burriac-vilassar\/wp-json\/wp\/v2\/pages"}],"about":[{"href":"https:\/\/agora.xtec.cat\/ceip-vaixell-burriac-vilassar\/wp-json\/wp\/v2\/types\/page"}],"author":[{"embeddable":true,"href":"https:\/\/agora.xtec.cat\/ceip-vaixell-burriac-vilassar\/wp-json\/wp\/v2\/users\/2"}],"replies":[{"embeddable":true,"href":"https:\/\/agora.xtec.cat\/ceip-vaixell-burriac-vilassar\/wp-json\/wp\/v2\/comments?post=22"}],"version-history":[{"count":4,"href":"https:\/\/agora.xtec.cat\/ceip-vaixell-burriac-vilassar\/wp-json\/wp\/v2\/pages\/22\/revisions"}],"predecessor-version":[{"id":8999,"href":"https:\/\/agora.xtec.cat\/ceip-vaixell-burriac-vilassar\/wp-json\/wp\/v2\/pages\/22\/revisions\/8999"}],"wp:attachment":[{"href":"https:\/\/agora.xtec.cat\/ceip-vaixell-burriac-vilassar\/wp-json\/wp\/v2\/media?parent=22"}],"curies":[{"name":"wp","href":"https:\/\/api.w.org\/{rel}","templated":true}]}}